{"id":117955,"date":"2026-03-27T12:18:09","date_gmt":"2026-03-27T11:18:09","guid":{"rendered":"https:\/\/www.esmuc.cat\/escuela\/sobre-lesmuc\/qualitat\/encuestas-de-satisfaccion\/"},"modified":"2026-03-30T08:45:04","modified_gmt":"2026-03-30T06:45:04","slug":"encuestas-de-satisfaccion","status":"publish","type":"page","link":"https:\/\/www.esmuc.cat\/es\/escuela\/sobre-lesmuc\/qualitat\/encuestas-de-satisfaccion\/","title":{"rendered":"Encuestas de satisfacci\u00f3n"},"content":{"rendered":"\n<div class=\"wp-block-columns is-layout-flex wp-container-core-columns-is-layout-9d6595d7 wp-block-columns-is-layout-flex\">\n<div class=\"wp-block-column esmuc__Menu_Masters is-layout-flow wp-block-column-is-layout-flow\" style=\"flex-basis:33.33%\">\n\n<\/div>\n\n\n\n<div class=\"wp-block-column is-layout-flow wp-block-column-is-layout-flow\" style=\"flex-basis:66.66%\"><div class=\"breadcrumbs align  wp-block-bcn-breadcrumb-trail has-text-color has-background\" vocab=\"https:\/\/schema.org\/\" typeof=\"BreadcrumbList\">\n\t<span><\/span>\n\t<span property=\"itemListElement\" typeof=\"ListItem\"><a property=\"item\" typeof=\"WebPage\" title=\"Ir a ESMUC.\" href=\"https:\/\/www.esmuc.cat\/es\/\" class=\"home\" ><span property=\"name\">ESMUC<\/span><\/a><meta property=\"position\" content=\"1\"><\/span> &gt; <span property=\"itemListElement\" typeof=\"ListItem\"><a property=\"item\" typeof=\"WebPage\" title=\"Ir a Escuela.\" href=\"https:\/\/www.esmuc.cat\/es\/escuela\/\" class=\"post post-page\" ><span property=\"name\">Escuela<\/span><\/a><meta property=\"position\" content=\"2\"><\/span> &gt; <span property=\"itemListElement\" typeof=\"ListItem\"><a property=\"item\" typeof=\"WebPage\" title=\"Ir a Sobre la ESMUC.\" href=\"https:\/\/www.esmuc.cat\/es\/escuela\/sobre-lesmuc\/\" class=\"post post-page\" ><span property=\"name\">Sobre la ESMUC<\/span><\/a><meta property=\"position\" content=\"3\"><\/span> &gt; <span property=\"itemListElement\" typeof=\"ListItem\"><a property=\"item\" typeof=\"WebPage\" title=\"Ir a Calidad.\" href=\"https:\/\/www.esmuc.cat\/es\/escuela\/sobre-lesmuc\/qualitat\/\" class=\"post post-page\" ><span property=\"name\">Calidad<\/span><\/a><meta property=\"position\" content=\"4\"><\/span> &gt; <span property=\"itemListElement\" typeof=\"ListItem\"><span property=\"name\" class=\"post post-page current-item\">Encuestas de satisfacci\u00f3n<\/span><meta property=\"url\" content=\"https:\/\/www.esmuc.cat\/es\/escuela\/sobre-lesmuc\/qualitat\/encuestas-de-satisfaccion\/\"><meta property=\"position\" content=\"5\"><\/span><\/div>\n\n\n\n<h1 class=\"wp-block-heading\">Encuestas de satisfacci\u00f3n<\/h1>\n\n\n\n<div style=\"height:30px\" aria-hidden=\"true\" class=\"wp-block-spacer\"><\/div>\n\n\n\n<p>Las encuestas de satisfacci\u00f3n son una herramienta fundamental que permite a la ESMUC conocer e identificar los intereses, necesidades, expectativas, opiniones y percepciones de los diferentes colectivos que forman parte del centro. A partir de esta informaci\u00f3n, la Escuela impulsa mejoras en sus actividades para garantizar una adecuada gesti\u00f3n de la formaci\u00f3n y los servicios que ofrece.<\/p>\n\n\n\n<div id=\"section-g-cki7k71\" class=\"wp-block-gutentor-e2 section-g-cki7k71 gutentor-element gutentor-element-button gutentor-btn-custom-desktop\"><span class=\"gutentor-button-wrap\"><a class=\"gutentor-button gutentor-block-button gutentor-icon-hide\" href=\"https:\/\/www.esmuc.cat\/es\/escuela\/sobre-lesmuc\/qualitat\/encuestas-de-satisfaccion\/encuestas-de-satisfaccion-alumnado\/\"><i class=\"gutentor-button-icon fas fa-book\"><\/i><span>Alumnado<\/span><\/a><\/span><\/div>\n\n\n\n<div id=\"section-g-ai1ci7g\" class=\"wp-block-gutentor-e2 section-g-ai1ci7g gutentor-element gutentor-element-button gutentor-btn-custom-desktop\"><span class=\"gutentor-button-wrap\"><a class=\"gutentor-button gutentor-block-button gutentor-icon-hide\" href=\"https:\/\/www.esmuc.cat\/escola\/sobre-lesmuc\/qualitat\/enquestes-de-satisfaccio\/professorat\/\"><i class=\"gutentor-button-icon fas fa-book\"><\/i><span>Profesorado<\/span><\/a><\/span><\/div>\n\n\n\n<div id=\"section-g-k8w1kew\" class=\"wp-block-gutentor-e2 section-g-k8w1kew gutentor-element gutentor-element-button gutentor-btn-custom-desktop\"><span class=\"gutentor-button-wrap\"><a class=\"gutentor-button gutentor-block-button gutentor-icon-hide\" href=\"https:\/\/www.esmuc.cat\/escola\/sobre-lesmuc\/qualitat\/enquestes-de-satisfaccio\/pas-i-psd\/\"><i class=\"gutentor-button-icon fas fa-book\"><\/i><span>PAS y PSD<\/span><\/a><\/span><\/div>\n<\/div>\n<\/div>\n","protected":false},"excerpt":{"rendered":"<p>Encuestas de satisfacci\u00f3n Las encuestas de satisfacci\u00f3n son una herramienta fundamental que permite a la ESMUC conocer e identificar los intereses, necesidades, expectativas, opiniones y percepciones de los diferentes colectivos que forman parte del centro. A partir de esta informaci\u00f3n, la Escuela impulsa mejoras en sus actividades para garantizar una adecuada gesti\u00f3n de la formaci\u00f3n [&hellip;]<\/p>\n","protected":false},"author":53,"featured_media":0,"parent":47388,"menu_order":0,"comment_status":"closed","ping_status":"closed","template":"","meta":{"_acf_changed":false,"_themeisle_gutenberg_block_has_review":false,"footnotes":""},"categories":[923],"tags":[1606],"class_list":["post-117955","page","type-page","status-publish","hentry","category-sobre-lesmuc-es","tag-avaluacio-de-qualitat-es"],"acf":[],"publishpress_future_action":{"enabled":false,"date":"2026-04-26 22:28:43","action":"change-status","newStatus":"draft","terms":[],"taxonomy":"category","extraData":[]},"publishpress_future_workflow_manual_trigger":{"enabledWorkflows":[]},"_links":{"self":[{"href":"https:\/\/www.esmuc.cat\/es\/wp-json\/wp\/v2\/pages\/117955","targetHints":{"allow":["GET"]}}],"collection":[{"href":"https:\/\/www.esmuc.cat\/es\/wp-json\/wp\/v2\/pages"}],"about":[{"href":"https:\/\/www.esmuc.cat\/es\/wp-json\/wp\/v2\/types\/page"}],"author":[{"embeddable":true,"href":"https:\/\/www.esmuc.cat\/es\/wp-json\/wp\/v2\/users\/53"}],"replies":[{"embeddable":true,"href":"https:\/\/www.esmuc.cat\/es\/wp-json\/wp\/v2\/comments?post=117955"}],"version-history":[{"count":3,"href":"https:\/\/www.esmuc.cat\/es\/wp-json\/wp\/v2\/pages\/117955\/revisions"}],"predecessor-version":[{"id":118003,"href":"https:\/\/www.esmuc.cat\/es\/wp-json\/wp\/v2\/pages\/117955\/revisions\/118003"}],"up":[{"embeddable":true,"href":"https:\/\/www.esmuc.cat\/es\/wp-json\/wp\/v2\/pages\/47388"}],"wp:attachment":[{"href":"https:\/\/www.esmuc.cat\/es\/wp-json\/wp\/v2\/media?parent=117955"}],"wp:term":[{"taxonomy":"category","embeddable":true,"href":"https:\/\/www.esmuc.cat\/es\/wp-json\/wp\/v2\/categories?post=117955"},{"taxonomy":"post_tag","embeddable":true,"href":"https:\/\/www.esmuc.cat\/es\/wp-json\/wp\/v2\/tags?post=117955"}],"curies":[{"name":"wp","href":"https:\/\/api.w.org\/{rel}","templated":true}]}}