{"id":115645,"date":"2026-01-19T10:05:54","date_gmt":"2026-01-19T09:05:54","guid":{"rendered":"https:\/\/www.esmuc.cat\/investigacion\/planes-de-investigacion\/"},"modified":"2026-01-19T10:05:55","modified_gmt":"2026-01-19T09:05:55","slug":"planes-de-investigacion","status":"publish","type":"page","link":"https:\/\/www.esmuc.cat\/es\/investigacion\/planes-de-investigacion\/","title":{"rendered":"Planes de investigacion"},"content":{"rendered":"\n<div class=\"wp-block-columns is-layout-flex wp-container-core-columns-is-layout-9d6595d7 wp-block-columns-is-layout-flex\">\n<div class=\"wp-block-column esmuc__Menu_Masters is-layout-flow wp-block-column-is-layout-flow\" style=\"flex-basis:33.33%\">\n\n<\/div>\n\n\n\n<div class=\"wp-block-column is-layout-flow wp-block-column-is-layout-flow\" style=\"flex-basis:66.66%\"><div class=\"breadcrumbs align  wp-block-bcn-breadcrumb-trail has-text-color has-background\" vocab=\"https:\/\/schema.org\/\" typeof=\"BreadcrumbList\">\n\t<span><\/span>\n\t<span property=\"itemListElement\" typeof=\"ListItem\"><a property=\"item\" typeof=\"WebPage\" title=\"Ir a ESMUC.\" href=\"https:\/\/www.esmuc.cat\/es\/\" class=\"home\" ><span property=\"name\">ESMUC<\/span><\/a><meta property=\"position\" content=\"1\"><\/span> &gt; <span property=\"itemListElement\" typeof=\"ListItem\"><a property=\"item\" typeof=\"WebPage\" title=\"Ir a Investigaci\u00f3n.\" href=\"https:\/\/www.esmuc.cat\/es\/investigacion\/\" class=\"post post-page\" ><span property=\"name\">Investigaci\u00f3n<\/span><\/a><meta property=\"position\" content=\"2\"><\/span> &gt; <span property=\"itemListElement\" typeof=\"ListItem\"><span property=\"name\" class=\"post post-page current-item\">Planes de investigacion<\/span><meta property=\"url\" content=\"https:\/\/www.esmuc.cat\/es\/investigacion\/planes-de-investigacion\/\"><meta property=\"position\" content=\"3\"><\/span><\/div>\n\n\n\n<div style=\"height:30px\" aria-hidden=\"true\" class=\"wp-block-spacer\"><\/div>\n\n\n\n<h2 class=\"wp-block-heading\" id=\"publicacions-esmuc\">Planes de investigaci\u00f3n<\/h2>\n\n\n\n<div style=\"height:30px\" aria-hidden=\"true\" class=\"wp-block-spacer\"><\/div>\n\n\n\n<p>Los planes de investigaci\u00f3n de la Escola Superior de M\u00fasica de Catalunya organizan un conjunto de acciones concretas a realizar durante un curso. Se estructuran en ejes estrat\u00e9gicos alineados con el plan de actuaci\u00f3n del centro y encaminados a conseguir unos objetivos espec\u00edficos.  <\/p>\n\n\n\n<p>Los aprueba el Comit\u00e9 de direcci\u00f3n a partir de la propuesta elaborada por la Comisi\u00f3n de investigaci\u00f3n, previamente validada por el Consejo interdepartamental.<\/p>\n\n\n\n<hr class=\"wp-block-separator has-alpha-channel-opacity\"\/>\n\n\n\n<div id=\"section-g-4iksqj9\" class=\"wp-block-gutentor-e2 section-g-4iksqj9 gutentor-element gutentor-element-button\"><span class=\"gutentor-button-wrap\"><a class=\"gutentor-button gutentor-block-button gutentor-icon-hide\" href=\"https:\/\/repositori.educacio.gencat.cat\/handle\/20.500.12694\/7502#page=1\"><i class=\"gutentor-button-icon fas fa-book\"><\/i><span>Plan de investigaci\u00f3n 2025<\/span><\/a><\/span><\/div>\n<\/div>\n<\/div>\n","protected":false},"excerpt":{"rendered":"<p>Planes de investigaci\u00f3n Los planes de investigaci\u00f3n de la Escola Superior de M\u00fasica de Catalunya organizan un conjunto de acciones concretas a realizar durante un curso. Se estructuran en ejes estrat\u00e9gicos alineados con el plan de actuaci\u00f3n del centro y encaminados a conseguir unos objetivos espec\u00edficos. Los aprueba el Comit\u00e9 de direcci\u00f3n a partir de [&hellip;]<\/p>\n","protected":false},"author":53,"featured_media":112377,"parent":37813,"menu_order":0,"comment_status":"closed","ping_status":"closed","template":"","meta":{"_acf_changed":false,"_themeisle_gutenberg_block_has_review":false,"footnotes":""},"categories":[1279],"tags":[1278],"class_list":["post-115645","page","type-page","status-publish","has-post-thumbnail","hentry","category-recerca-es","tag-recerca-es"],"acf":[],"publishpress_future_action":{"enabled":false,"date":"2026-04-18 12:14:57","action":"change-status","newStatus":"draft","terms":[],"taxonomy":"category","extraData":[]},"publishpress_future_workflow_manual_trigger":{"enabledWorkflows":[]},"_links":{"self":[{"href":"https:\/\/www.esmuc.cat\/es\/wp-json\/wp\/v2\/pages\/115645","targetHints":{"allow":["GET"]}}],"collection":[{"href":"https:\/\/www.esmuc.cat\/es\/wp-json\/wp\/v2\/pages"}],"about":[{"href":"https:\/\/www.esmuc.cat\/es\/wp-json\/wp\/v2\/types\/page"}],"author":[{"embeddable":true,"href":"https:\/\/www.esmuc.cat\/es\/wp-json\/wp\/v2\/users\/53"}],"replies":[{"embeddable":true,"href":"https:\/\/www.esmuc.cat\/es\/wp-json\/wp\/v2\/comments?post=115645"}],"version-history":[{"count":1,"href":"https:\/\/www.esmuc.cat\/es\/wp-json\/wp\/v2\/pages\/115645\/revisions"}],"predecessor-version":[{"id":115646,"href":"https:\/\/www.esmuc.cat\/es\/wp-json\/wp\/v2\/pages\/115645\/revisions\/115646"}],"up":[{"embeddable":true,"href":"https:\/\/www.esmuc.cat\/es\/wp-json\/wp\/v2\/pages\/37813"}],"wp:featuredmedia":[{"embeddable":true,"href":"https:\/\/www.esmuc.cat\/es\/wp-json\/wp\/v2\/media\/112377"}],"wp:attachment":[{"href":"https:\/\/www.esmuc.cat\/es\/wp-json\/wp\/v2\/media?parent=115645"}],"wp:term":[{"taxonomy":"category","embeddable":true,"href":"https:\/\/www.esmuc.cat\/es\/wp-json\/wp\/v2\/categories?post=115645"},{"taxonomy":"post_tag","embeddable":true,"href":"https:\/\/www.esmuc.cat\/es\/wp-json\/wp\/v2\/tags?post=115645"}],"curies":[{"name":"wp","href":"https:\/\/api.w.org\/{rel}","templated":true}]}}