{"id":115638,"date":"2026-01-19T09:42:13","date_gmt":"2026-01-19T08:42:13","guid":{"rendered":"https:\/\/www.esmuc.cat\/investigacion\/comision-de-investigacion\/"},"modified":"2026-01-19T09:42:14","modified_gmt":"2026-01-19T08:42:14","slug":"comision-de-investigacion","status":"publish","type":"page","link":"https:\/\/www.esmuc.cat\/es\/investigacion\/comision-de-investigacion\/","title":{"rendered":"Comisi\u00f3n de investigaci\u00f3n"},"content":{"rendered":"\n<div class=\"wp-block-columns is-layout-flex wp-container-core-columns-is-layout-9d6595d7 wp-block-columns-is-layout-flex\">\n<div class=\"wp-block-column esmuc__Menu_Masters is-layout-flow wp-block-column-is-layout-flow\" style=\"flex-basis:33.33%\">\n\n<\/div>\n\n\n\n<div class=\"wp-block-column is-layout-flow wp-block-column-is-layout-flow\" style=\"flex-basis:66.66%\"><div class=\"breadcrumbs align  wp-block-bcn-breadcrumb-trail has-text-color has-background\" vocab=\"https:\/\/schema.org\/\" typeof=\"BreadcrumbList\">\n\t<span><\/span>\n\t<span property=\"itemListElement\" typeof=\"ListItem\"><a property=\"item\" typeof=\"WebPage\" title=\"Ir a ESMUC.\" href=\"https:\/\/www.esmuc.cat\/es\/\" class=\"home\" ><span property=\"name\">ESMUC<\/span><\/a><meta property=\"position\" content=\"1\"><\/span> &gt; <span property=\"itemListElement\" typeof=\"ListItem\"><a property=\"item\" typeof=\"WebPage\" title=\"Ir a Investigaci\u00f3n.\" href=\"https:\/\/www.esmuc.cat\/es\/investigacion\/\" class=\"post post-page\" ><span property=\"name\">Investigaci\u00f3n<\/span><\/a><meta property=\"position\" content=\"2\"><\/span> &gt; <span property=\"itemListElement\" typeof=\"ListItem\"><span property=\"name\" class=\"post post-page current-item\">Comisi\u00f3n de investigaci\u00f3n<\/span><meta property=\"url\" content=\"https:\/\/www.esmuc.cat\/es\/investigacion\/comision-de-investigacion\/\"><meta property=\"position\" content=\"3\"><\/span><\/div>\n\n\n\n<div style=\"height:30px\" aria-hidden=\"true\" class=\"wp-block-spacer\"><\/div>\n\n\n\n<h2 class=\"wp-block-heading\" id=\"publicacions-esmuc\">Comisi\u00f3n de investigaci\u00f3n<\/h2>\n\n\n\n<div style=\"height:30px\" aria-hidden=\"true\" class=\"wp-block-spacer\"><\/div>\n\n\n\n<p>La Escuela Superior de M\u00fasica de Catalu\u00f1a promueve planes de investigaci\u00f3n y participa en proyectos de investigaci\u00f3n vinculados a las \u00e1reas de conocimiento y especializaci\u00f3n musicales que le son propias: la interpretaci\u00f3n, la creaci\u00f3n, la teor\u00eda, la historia, la educaci\u00f3n, la cultura, la tecnolog\u00eda y la gesti\u00f3n musical.<\/p>\n\n\n\n<p>Desde su fundaci\u00f3n, la Esmuc ha incorporado de manera progresiva la investigaci\u00f3n dentro de sus actividades formativas y art\u00edsticas. Con los a\u00f1os, el profesorado ha participado en varios grupos y proyectos de investigaci\u00f3n, en colaboraci\u00f3n con universidades y otros centros de investigaci\u00f3n. El 2 de marzo de 2021, el Patronato de la Fundaci\u00f3n para la Escola Superior de M\u00fasica de Catalunya aprob\u00f3 una modificaci\u00f3n de los estatutos que incluye la investigaci\u00f3n se en las finalidades del centro, integrada definitivamente en las ense\u00f1anzas musicales superiores, tanto de grado como de posgrado.  <\/p>\n\n\n\n<p>En abril de 2026 el Comit\u00e9 de direcci\u00f3n cre\u00f3 la Comisi\u00f3n de investigaci\u00f3n para reforzar la cultura de investigaci\u00f3n entre el profesorado y en la trayectoria acad\u00e8mica del alumnado de grado y m\u00e0ster, y con el objetivo de dar visibilidad a la investigaci\u00f3n realizada en la escuela, tanto de alumnado y profesorado como de la misma actividad promovida por los departamentos y el centro. Tiene car\u00e1cter permanente y se re\u00fane quincenalmente. La preside el responsable de Investigaci\u00f3n, Calidad e Innovaci\u00f3n.  <\/p>\n\n\n\n<section id=\"g-d8yqfq9\" class=\"wp-block-gutentor-m3 section-g-d8yqfq9 gutentor-module gutentor-container-cover\"><div class=\"grid-container\">\n<h4 class=\"wp-block-heading\">Funciones<\/h4>\n\n\n\n<div id=\"section-g-4ysyydw\" class=\"wp-block-gutentor-e7 section-g-4ysyydw gutentor-element gutentor-element-list\"><ul class=\"grid-row gutentor-grid-item-wrap list-indicator-icon\"><li class=\"gutentor-list-item grid-lg-12 grid-md-12 grid-12\"><span class=\"gutentor-single-item gutentor-single-item-0\"><span class=\"gutentor-list-item-wrap g-s-list-wrap\"><span class=\"gutentor-single-list-item-icon\"><i class=\"list-item-icon fas fa-angle-right\"><\/i><\/span><span class=\"gutentor-list-item\"><p class=\"gutentor-single-item-title\">Elaborar el plan estrat\u00e9gico de investigaci\u00f3n, incluyendo la formaci\u00f3n de investigaci\u00f3n<\/p><\/span><\/span><\/span><\/li><li class=\"gutentor-list-item grid-lg-12 grid-md-12 grid-12\"><span class=\"gutentor-single-item gutentor-single-item-1\"><span class=\"gutentor-list-item-wrap g-s-list-wrap\"><span class=\"gutentor-single-list-item-icon\"><i class=\"list-item-icon fas fa-angle-right\"><\/i><\/span><span class=\"gutentor-list-item\"><p class=\"gutentor-single-item-title\">Proponer la asignaci\u00f3n del suporte a la investigaci\u00f3n.<\/p><\/span><\/span><\/span><\/li><li class=\"gutentor-list-item grid-lg-12 grid-md-12 grid-12\"><span class=\"gutentor-single-item gutentor-single-item-2\"><span class=\"gutentor-list-item-wrap g-s-list-wrap\"><span class=\"gutentor-single-list-item-icon\"><i class=\"list-item-icon fas fa-angle-right\"><\/i><\/span><span class=\"gutentor-list-item\"><p class=\"gutentor-single-item-title\">Evaluar la actividad investigadora.<\/p><\/span><\/span><\/span><\/li><li class=\"gutentor-list-item grid-lg-12 grid-md-12 grid-12\"><span class=\"gutentor-single-item gutentor-single-item-3\"><span class=\"gutentor-list-item-wrap g-s-list-wrap\"><span class=\"gutentor-single-list-item-icon\"><i class=\"list-item-icon fas fa-angle-right\"><\/i><\/span><span class=\"gutentor-list-item\"><p class=\"gutentor-single-item-title\">Actuar como comit\u00e9 de \u00e9tica de las labores de investigaci\u00f3n.<\/p><\/span><\/span><\/span><\/li><\/ul><\/div>\n<\/div><\/section>\n\n\n\n<section id=\"g-2smy422\" class=\"wp-block-gutentor-m3 section-g-2smy422 gutentor-module gutentor-container-cover\"><div class=\"grid-container\">\n<h4 class=\"wp-block-heading\">Miembros<\/h4>\n\n\n\n<div id=\"section-g-7qc8a13\" class=\"wp-block-gutentor-e7 section-g-7qc8a13 gutentor-element gutentor-element-list\"><ul class=\"grid-row gutentor-grid-item-wrap list-indicator-icon\"><li class=\"gutentor-list-item grid-lg-12 grid-md-12 grid-12\"><span class=\"gutentor-single-item gutentor-single-item-0\"><span class=\"gutentor-list-item-wrap g-s-list-wrap\"><span class=\"gutentor-single-list-item-icon\"><i class=\"list-item-icon fas fa-user\"><\/i><\/span><span class=\"gutentor-list-item\"><p class=\"gutentor-single-item-title\">Marta Almajano, profesora del departamento de m\u00fasica antigua <\/p><\/span><\/span><\/span><\/li><li class=\"gutentor-list-item grid-lg-12 grid-md-12 grid-12\"><span class=\"gutentor-single-item gutentor-single-item-1\"><span class=\"gutentor-list-item-wrap g-s-list-wrap\"><span class=\"gutentor-single-list-item-icon\"><i class=\"list-item-icon fas fa-user\"><\/i><\/span><span class=\"gutentor-list-item\"><p class=\"gutentor-single-item-title\">Rolf B\u00e4cker, profesor del departamento de estudios culturales y musicales <\/p><\/span><\/span><\/span><\/li><li class=\"gutentor-list-item grid-lg-12 grid-md-12 grid-12\"><span class=\"gutentor-single-item gutentor-single-item-2\"><span class=\"gutentor-list-item-wrap g-s-list-wrap\"><span class=\"gutentor-single-list-item-icon\"><i class=\"list-item-icon fas fa-user\"><\/i><\/span><span class=\"gutentor-list-item\"><p class=\"gutentor-single-item-title\">Perfecto Herrera, profesor del departamento de tecnolog\u00eda de la m\u00fasica <\/p><\/span><\/span><\/span><\/li><li class=\"gutentor-list-item grid-lg-12 grid-md-12 grid-12\"><span class=\"gutentor-single-item gutentor-single-item-3\"><span class=\"gutentor-list-item-wrap g-s-list-wrap\"><span class=\"gutentor-single-list-item-icon\"><i class=\"list-item-icon fas fa-user\"><\/i><\/span><span class=\"gutentor-list-item\"><p class=\"gutentor-single-item-title\">Caterina Plana, profesora del departamento de jazz, flamenco, m\u00fasica moderna y tradicional <\/p><\/span><\/span><\/span><\/li><li class=\"gutentor-list-item grid-lg-12 grid-md-12 grid-12\"><span class=\"gutentor-single-item gutentor-single-item-4\"><span class=\"gutentor-list-item-wrap g-s-list-wrap\"><span class=\"gutentor-single-list-item-icon\"><i class=\"list-item-icon fas fa-user\"><\/i><\/span><span class=\"gutentor-list-item\"><p class=\"gutentor-single-item-title\">Montserrat Torras, profesora del departamento de creaci\u00f3n y teor\u00eda musical <\/p><\/span><\/span><\/span><\/li><\/ul><\/div>\n<\/div><\/section>\n<\/div>\n<\/div>\n","protected":false},"excerpt":{"rendered":"<p>Comisi\u00f3n de investigaci\u00f3n La Escuela Superior de M\u00fasica de Catalu\u00f1a promueve planes de investigaci\u00f3n y participa en proyectos de investigaci\u00f3n vinculados a las \u00e1reas de conocimiento y especializaci\u00f3n musicales que le son propias: la interpretaci\u00f3n, la creaci\u00f3n, la teor\u00eda, la historia, la educaci\u00f3n, la cultura, la tecnolog\u00eda y la gesti\u00f3n musical. Desde su fundaci\u00f3n, la [&hellip;]<\/p>\n","protected":false},"author":53,"featured_media":112377,"parent":37813,"menu_order":0,"comment_status":"closed","ping_status":"closed","template":"","meta":{"_acf_changed":false,"_themeisle_gutenberg_block_has_review":false,"footnotes":""},"categories":[1279],"tags":[1278],"class_list":["post-115638","page","type-page","status-publish","has-post-thumbnail","hentry","category-recerca-es","tag-recerca-es"],"acf":[],"publishpress_future_action":{"enabled":false,"date":"2026-04-17 14:23:07","action":"change-status","newStatus":"draft","terms":[],"taxonomy":"category","extraData":[]},"publishpress_future_workflow_manual_trigger":{"enabledWorkflows":[]},"_links":{"self":[{"href":"https:\/\/www.esmuc.cat\/es\/wp-json\/wp\/v2\/pages\/115638","targetHints":{"allow":["GET"]}}],"collection":[{"href":"https:\/\/www.esmuc.cat\/es\/wp-json\/wp\/v2\/pages"}],"about":[{"href":"https:\/\/www.esmuc.cat\/es\/wp-json\/wp\/v2\/types\/page"}],"author":[{"embeddable":true,"href":"https:\/\/www.esmuc.cat\/es\/wp-json\/wp\/v2\/users\/53"}],"replies":[{"embeddable":true,"href":"https:\/\/www.esmuc.cat\/es\/wp-json\/wp\/v2\/comments?post=115638"}],"version-history":[{"count":1,"href":"https:\/\/www.esmuc.cat\/es\/wp-json\/wp\/v2\/pages\/115638\/revisions"}],"predecessor-version":[{"id":115639,"href":"https:\/\/www.esmuc.cat\/es\/wp-json\/wp\/v2\/pages\/115638\/revisions\/115639"}],"up":[{"embeddable":true,"href":"https:\/\/www.esmuc.cat\/es\/wp-json\/wp\/v2\/pages\/37813"}],"wp:featuredmedia":[{"embeddable":true,"href":"https:\/\/www.esmuc.cat\/es\/wp-json\/wp\/v2\/media\/112377"}],"wp:attachment":[{"href":"https:\/\/www.esmuc.cat\/es\/wp-json\/wp\/v2\/media?parent=115638"}],"wp:term":[{"taxonomy":"category","embeddable":true,"href":"https:\/\/www.esmuc.cat\/es\/wp-json\/wp\/v2\/categories?post=115638"},{"taxonomy":"post_tag","embeddable":true,"href":"https:\/\/www.esmuc.cat\/es\/wp-json\/wp\/v2\/tags?post=115638"}],"curies":[{"name":"wp","href":"https:\/\/api.w.org\/{rel}","templated":true}]}}