{"id":112378,"date":"2025-09-30T14:38:04","date_gmt":"2025-09-30T12:38:04","guid":{"rendered":"https:\/\/www.esmuc.cat\/investigacion\/congresos\/"},"modified":"2025-10-01T17:22:41","modified_gmt":"2025-10-01T15:22:41","slug":"congresos","status":"publish","type":"page","link":"https:\/\/www.esmuc.cat\/es\/investigacion\/congresos\/","title":{"rendered":"Congresos"},"content":{"rendered":"\n<div class=\"wp-block-columns is-layout-flex wp-container-core-columns-is-layout-9d6595d7 wp-block-columns-is-layout-flex\">\n<div class=\"wp-block-column esmuc__Menu_Masters is-layout-flow wp-block-column-is-layout-flow\" style=\"flex-basis:33.33%\">\n\n<\/div>\n\n\n\n<div class=\"wp-block-column is-layout-flow wp-block-column-is-layout-flow\" style=\"flex-basis:66.66%\"><div class=\"breadcrumbs align  wp-block-bcn-breadcrumb-trail has-text-color has-background\" vocab=\"https:\/\/schema.org\/\" typeof=\"BreadcrumbList\">\n\t<span><\/span>\n\t<span property=\"itemListElement\" typeof=\"ListItem\"><a property=\"item\" typeof=\"WebPage\" title=\"Ir a ESMUC.\" href=\"https:\/\/www.esmuc.cat\/es\/\" class=\"home\" ><span property=\"name\">ESMUC<\/span><\/a><meta property=\"position\" content=\"1\"><\/span> &gt; <span property=\"itemListElement\" typeof=\"ListItem\"><a property=\"item\" typeof=\"WebPage\" title=\"Ir a Investigaci\u00f3n.\" href=\"https:\/\/www.esmuc.cat\/es\/investigacion\/\" class=\"post post-page\" ><span property=\"name\">Investigaci\u00f3n<\/span><\/a><meta property=\"position\" content=\"2\"><\/span> &gt; <span property=\"itemListElement\" typeof=\"ListItem\"><span property=\"name\" class=\"post post-page current-item\">Congresos<\/span><meta property=\"url\" content=\"https:\/\/www.esmuc.cat\/es\/investigacion\/congresos\/\"><meta property=\"position\" content=\"3\"><\/span><\/div>\n\n\n\n<div style=\"height:30px\" aria-hidden=\"true\" class=\"wp-block-spacer\"><\/div>\n\n\n\n<h2 class=\"wp-block-heading\" id=\"publicacions-esmuc\">Congresos<\/h2>\n\n\n\n<div style=\"height:30px\" aria-hidden=\"true\" class=\"wp-block-spacer\"><\/div>\n\n\n\n<p>En el marco de las ense\u00f1anzas art\u00edsticas superiores, los congresos se convierten en una herramienta clave para enriquecer el aprendizaje acad\u00e9mico, para fomentar el pensamiento cr\u00edtico y para impulsar la transferencia de conocimiento. Estos encuentros de investigaci\u00f3n especializados ofrecen espacios de presentaci\u00f3n y debate acad\u00e9mico a la comunidad educativa y facilitan que el alumnado entre en contacto directo con las \u00faltimas investigaciones, tendencias y experiencias de disciplinas y \u00e1reas de conocimiento diversas. La implicaci\u00f3n en congresos promueve tambi\u00e9n una actitud activa y comprometida con el desarrollo art\u00edstico e intelectual de los distintos profesionales de la m\u00fasica y contribuye significativamente a la construcci\u00f3n de una identidad art\u00edstica y formativa propia.  <\/p>\n\n\n\n<hr class=\"wp-block-separator has-alpha-channel-opacity\" \/>\n\n\n\n<h3 class=\"wp-block-heading\">Congresos de Investigaci\u00f3n<\/h3>\n\n\n\n<section id=\"g-dgsu2oz\" class=\"wp-block-gutentor-m3 section-g-dgsu2oz gutentor-module gutentor-container-cover\"><div class=\"grid-container\"><\/div><\/section>\n\n\n\n<section id=\"gm75e6985\" class=\"wp-block-gutentor-m3 section-gm75e6985 gutentor-module gutentor-container-cover has-color-bg has-custom-bg\"><div class=\"grid-container\">\n<div class=\"wp-block-columns is-layout-flex wp-container-core-columns-is-layout-9d6595d7 wp-block-columns-is-layout-flex\">\n<div class=\"wp-block-column is-layout-flow wp-block-column-is-layout-flow\">\n<figure class=\"wp-block-image size-large\"><img decoding=\"async\" width=\"978\" height=\"1024\" src=\"https:\/\/www.esmuc.cat\/wp-content\/uploads\/2025\/09\/EUROMAC-1-978x1024.png\" alt=\"Euromac 1\" class=\"wp-image-112371\" srcset=\"https:\/\/www.esmuc.cat\/wp-content\/uploads\/2025\/09\/EUROMAC-1-978x1024.png 978w, https:\/\/www.esmuc.cat\/wp-content\/uploads\/2025\/09\/EUROMAC-1-287x300.png 287w, https:\/\/www.esmuc.cat\/wp-content\/uploads\/2025\/09\/EUROMAC-1-768x804.png 768w, https:\/\/www.esmuc.cat\/wp-content\/uploads\/2025\/09\/EUROMAC-1-1468x1536.png 1468w, https:\/\/www.esmuc.cat\/wp-content\/uploads\/2025\/09\/EUROMAC-1.png 1673w\" sizes=\"(max-width: 978px) 100vw, 978px\" \/><\/figure>\n<\/div>\n\n\n\n<div class=\"wp-block-column is-layout-flow wp-block-column-is-layout-flow\">\n<h3 class=\"wp-block-heading\">11 Congreso EuroMAC<\/h3>\n\n\n\n<div id=\"section-g-lwxxfkj\" class=\"wp-block-gutentor-e7 section-g-lwxxfkj gutentor-element gutentor-element-list\"><ul class=\"grid-row gutentor-grid-item-wrap list-indicator-icon\"><li class=\"gutentor-list-item grid-lg-12 grid-md-12 grid-12\"><span class=\"gutentor-single-item gutentor-single-item-0\"><span class=\"gutentor-list-item-wrap g-s-list-wrap\"><span class=\"gutentor-single-list-item-icon\"><i class=\"list-item-icon fas fa-map-marker\"><\/i><\/span><span class=\"gutentor-list-item\"><p class=\"gutentor-single-item-title\">ESMUC<\/p><\/span><\/span><\/span><\/li><li class=\"gutentor-list-item grid-lg-12 grid-md-12 grid-12\"><span class=\"gutentor-single-item gutentor-single-item-1\"><span class=\"gutentor-list-item-wrap g-s-list-wrap g-s-list-i-icon\"><span class=\"gutentor-single-list-item-icon\"><i class=\"list-item-icon fas fa-calendar-alt\"><\/i><\/span><span class=\"gutentor-list-item\"><p class=\"gutentor-single-item-title\">7-10 de septiembre 2026<\/p><\/span><\/span><\/span><\/li><\/ul><\/div>\n\n\n\n<p>El 11 Congreso EUROMAC cuenta con el apoyo de todos los miembros de T&amp;AM, una red europea en expansi\u00f3n dedicada a la teor\u00eda y el an\u00e1lisis musical, y ha llegado a la Pen\u00ednsula Ib\u00e9rica por obra de las tres sociedades cient\u00edficas que comparten esta \u00e1rea geogr\u00e1fica. <\/p>\n\n\n\n<div id=\"section-g1c477a\" class=\"wp-block-gutentor-e2 section-g1c477a gutentor-element gutentor-element-button\"><span class=\"gutentor-button-wrap\"><a class=\"gutentor-button gutentor-block-button gutentor-icon-hide\" href=\"https:\/\/www.esmuc.cat\/es\/investigacion\/congresos\/congreso-euromac-11\/\"><i class=\"gutentor-button-icon fas fa-book\"><\/i><span>Congreso EuroMAC<\/span><\/a><\/span><\/div>\n<\/div>\n<\/div>\n<\/div><\/section>\n\n\n\n<section id=\"g-xlp01lp\" class=\"wp-block-gutentor-m3 section-g-xlp01lp gutentor-module gutentor-container-cover has-color-bg has-custom-bg\"><div class=\"grid-container\">\n<div class=\"wp-block-columns is-layout-flex wp-container-core-columns-is-layout-9d6595d7 wp-block-columns-is-layout-flex\">\n<div class=\"wp-block-column is-layout-flow wp-block-column-is-layout-flow\">\n<h3 class=\"wp-block-heading\">Congreso SIBE 2025 Barcelona<\/h3>\n\n\n\n<div id=\"section-g-lwxxfkj\" class=\"wp-block-gutentor-e7 section-g-lwxxfkj gutentor-element gutentor-element-list\"><ul class=\"grid-row gutentor-grid-item-wrap list-indicator-icon\"><li class=\"gutentor-list-item grid-lg-12 grid-md-12 grid-12\"><span class=\"gutentor-single-item gutentor-single-item-0\"><span class=\"gutentor-list-item-wrap g-s-list-wrap\"><span class=\"gutentor-single-list-item-icon\"><i class=\"list-item-icon fas fa-map-marker\"><\/i><\/span><span class=\"gutentor-list-item\"><p class=\"gutentor-single-item-title\">ESMUC<\/p><\/span><\/span><\/span><\/li><li class=\"gutentor-list-item grid-lg-12 grid-md-12 grid-12\"><span class=\"gutentor-single-item gutentor-single-item-1\"><span class=\"gutentor-list-item-wrap g-s-list-wrap g-s-list-i-icon\"><span class=\"gutentor-single-list-item-icon\"><i class=\"list-item-icon fas fa-calendar-alt\"><\/i><\/span><span class=\"gutentor-list-item\"><p class=\"gutentor-single-item-title\">6-9 de noviembre 2025<\/p><\/span><\/span><\/span><\/li><\/ul><\/div>\n\n\n\n<p>El Congreso SIBE 2025 quiere promover la reflexi\u00f3n cr\u00edtica y la producci\u00f3n de conocimiento en torno al papel de la etnomusicolog\u00eda en contextos de conflicto social, sin obviar otros temas de inter\u00e9s para la disciplina. <\/p>\n\n\n\n<div id=\"section-g-ge3z1az\" class=\"wp-block-gutentor-e2 section-g-ge3z1az gutentor-element gutentor-element-button\"><span class=\"gutentor-button-wrap\"><a class=\"gutentor-button gutentor-block-button gutentor-icon-hide\" href=\"https:\/\/www.esmuc.cat\/es\/investigacion\/congresos\/congreso-sibe-2025\/\"><i class=\"gutentor-button-icon fas fa-book\"><\/i><span>Congreso SIBE 2025<\/span><\/a><\/span><\/div>\n<\/div>\n\n\n\n<div class=\"wp-block-column is-layout-flow wp-block-column-is-layout-flow\">\n<figure class=\"wp-block-image size-full\"><img decoding=\"async\" width=\"408\" height=\"408\" src=\"https:\/\/www.esmuc.cat\/wp-content\/uploads\/2025\/09\/Cartell-Congres-SIBE.jpg\" alt=\"Cartel Congreso Sibe\" class=\"wp-image-112120\" srcset=\"https:\/\/www.esmuc.cat\/wp-content\/uploads\/2025\/09\/Cartell-Congres-SIBE.jpg 408w, https:\/\/www.esmuc.cat\/wp-content\/uploads\/2025\/09\/Cartell-Congres-SIBE-300x300.jpg 300w, https:\/\/www.esmuc.cat\/wp-content\/uploads\/2025\/09\/Cartell-Congres-SIBE-150x150.jpg 150w\" sizes=\"(max-width: 408px) 100vw, 408px\" \/><\/figure>\n<\/div>\n<\/div>\n<\/div><\/section>\n<\/div>\n<\/div>\n","protected":false},"excerpt":{"rendered":"<p>Congresos En el marco de las ense\u00f1anzas art\u00edsticas superiores, los congresos se convierten en una herramienta clave para enriquecer el aprendizaje acad\u00e9mico, para fomentar el pensamiento cr\u00edtico y para impulsar la transferencia de conocimiento. Estos encuentros de investigaci\u00f3n especializados ofrecen espacios de presentaci\u00f3n y debate acad\u00e9mico a la comunidad educativa y facilitan que el alumnado [&hellip;]<\/p>\n","protected":false},"author":4,"featured_media":112377,"parent":37813,"menu_order":0,"comment_status":"closed","ping_status":"closed","template":"","meta":{"_acf_changed":false,"_themeisle_gutenberg_block_has_review":false,"footnotes":""},"categories":[1279],"tags":[1278],"class_list":["post-112378","page","type-page","status-publish","has-post-thumbnail","hentry","category-recerca-es","tag-recerca-es"],"acf":[],"publishpress_future_action":{"enabled":false,"date":"2026-04-16 12:21:38","action":"change-status","newStatus":"draft","terms":[],"taxonomy":"category","extraData":[]},"publishpress_future_workflow_manual_trigger":{"enabledWorkflows":[]},"_links":{"self":[{"href":"https:\/\/www.esmuc.cat\/es\/wp-json\/wp\/v2\/pages\/112378","targetHints":{"allow":["GET"]}}],"collection":[{"href":"https:\/\/www.esmuc.cat\/es\/wp-json\/wp\/v2\/pages"}],"about":[{"href":"https:\/\/www.esmuc.cat\/es\/wp-json\/wp\/v2\/types\/page"}],"author":[{"embeddable":true,"href":"https:\/\/www.esmuc.cat\/es\/wp-json\/wp\/v2\/users\/4"}],"replies":[{"embeddable":true,"href":"https:\/\/www.esmuc.cat\/es\/wp-json\/wp\/v2\/comments?post=112378"}],"version-history":[{"count":4,"href":"https:\/\/www.esmuc.cat\/es\/wp-json\/wp\/v2\/pages\/112378\/revisions"}],"predecessor-version":[{"id":112504,"href":"https:\/\/www.esmuc.cat\/es\/wp-json\/wp\/v2\/pages\/112378\/revisions\/112504"}],"up":[{"embeddable":true,"href":"https:\/\/www.esmuc.cat\/es\/wp-json\/wp\/v2\/pages\/37813"}],"wp:featuredmedia":[{"embeddable":true,"href":"https:\/\/www.esmuc.cat\/es\/wp-json\/wp\/v2\/media\/112377"}],"wp:attachment":[{"href":"https:\/\/www.esmuc.cat\/es\/wp-json\/wp\/v2\/media?parent=112378"}],"wp:term":[{"taxonomy":"category","embeddable":true,"href":"https:\/\/www.esmuc.cat\/es\/wp-json\/wp\/v2\/categories?post=112378"},{"taxonomy":"post_tag","embeddable":true,"href":"https:\/\/www.esmuc.cat\/es\/wp-json\/wp\/v2\/tags?post=112378"}],"curies":[{"name":"wp","href":"https:\/\/api.w.org\/{rel}","templated":true}]}}