{"id":112354,"date":"2025-09-30T12:23:58","date_gmt":"2025-09-30T10:23:58","guid":{"rendered":"https:\/\/www.esmuc.cat\/congreso-sibe-2025\/"},"modified":"2025-09-30T14:38:05","modified_gmt":"2025-09-30T12:38:05","slug":"congreso-sibe-2025","status":"publish","type":"page","link":"https:\/\/www.esmuc.cat\/es\/investigacion\/congresos\/congreso-sibe-2025\/","title":{"rendered":"Congreso SIBE 2025"},"content":{"rendered":"\n<div class=\"wp-block-columns is-layout-flex wp-container-core-columns-is-layout-9d6595d7 wp-block-columns-is-layout-flex\">\n<div class=\"wp-block-column esmuc__Menu_Masters is-layout-flow wp-block-column-is-layout-flow\" style=\"flex-basis:33.33%\">\n\n<\/div>\n\n\n\n<div class=\"wp-block-column is-layout-flow wp-block-column-is-layout-flow\" style=\"flex-basis:66.66%\"><div class=\"breadcrumbs align  wp-block-bcn-breadcrumb-trail has-text-color has-background\" vocab=\"https:\/\/schema.org\/\" typeof=\"BreadcrumbList\">\n\t<span><\/span>\n\t<span property=\"itemListElement\" typeof=\"ListItem\"><a property=\"item\" typeof=\"WebPage\" title=\"Ir a ESMUC.\" href=\"https:\/\/www.esmuc.cat\/es\/\" class=\"home\" ><span property=\"name\">ESMUC<\/span><\/a><meta property=\"position\" content=\"1\"><\/span> &gt; <span property=\"itemListElement\" typeof=\"ListItem\"><a property=\"item\" typeof=\"WebPage\" title=\"Ir a Investigaci\u00f3n.\" href=\"https:\/\/www.esmuc.cat\/es\/investigacion\/\" class=\"post post-page\" ><span property=\"name\">Investigaci\u00f3n<\/span><\/a><meta property=\"position\" content=\"2\"><\/span> &gt; <span property=\"itemListElement\" typeof=\"ListItem\"><a property=\"item\" typeof=\"WebPage\" title=\"Ir a Congresos.\" href=\"https:\/\/www.esmuc.cat\/es\/investigacion\/congresos\/\" class=\"post post-page\" ><span property=\"name\">Congresos<\/span><\/a><meta property=\"position\" content=\"3\"><\/span> &gt; <span property=\"itemListElement\" typeof=\"ListItem\"><span property=\"name\" class=\"post post-page current-item\">Congreso SIBE 2025<\/span><meta property=\"url\" content=\"https:\/\/www.esmuc.cat\/es\/investigacion\/congresos\/congreso-sibe-2025\/\"><meta property=\"position\" content=\"4\"><\/span><\/div>\n\n\n\n<div style=\"height:30px\" aria-hidden=\"true\" class=\"wp-block-spacer\"><\/div>\n\n\n\n<h2 class=\"wp-block-heading\" id=\"publicacions-esmuc\">Congreso SIBE 2025 Barcelona<\/h2>\n\n\n\n<div style=\"height:30px\" aria-hidden=\"true\" class=\"wp-block-spacer\"><\/div>\n\n\n\n<h3 class=\"wp-block-heading\">M\u00fasica y conflicto social: paradigmas, enfoques y retos de la etnomusicolog\u00eda contempor\u00e1nea<\/h3>\n\n\n\n<hr class=\"wp-block-separator has-alpha-channel-opacity\"\/>\n\n\n\n<p>La m\u00fasica, como elemento de gran potencial simb\u00f3lico, forma parte de escenarios de conflicto social en los que se llevan a cabo disputas de poder y hegemon\u00eda. Se convierte, en ocasiones, en una poderosa arma al servicio de los estamentos dominantes y, en otras, en estandarte de la resistencia de formas culturales alternativas y disidentes. <\/p>\n\n\n\n<p>El Congreso SIBE 2025 quiere promover la reflexi\u00f3n cr\u00edtica y la producci\u00f3n de conocimiento en torno al papel de la etnomusicolog\u00eda en dichos contextos, sin obviar otros temas de inter\u00e9s para la disciplina. <\/p>\n\n\n<figure class=\"wp-block-post-featured-image\"><img decoding=\"async\" width=\"578\" height=\"325\" src=\"https:\/\/www.esmuc.cat\/wp-content\/uploads\/2025\/09\/SIBE-ES.jpg\" class=\"attachment-post-thumbnail size-post-thumbnail wp-post-image\" alt=\"Sibe Es\" style=\"object-fit:cover;\" srcset=\"https:\/\/www.esmuc.cat\/wp-content\/uploads\/2025\/09\/SIBE-ES.jpg 578w, https:\/\/www.esmuc.cat\/wp-content\/uploads\/2025\/09\/SIBE-ES-300x169.jpg 300w\" sizes=\"(max-width: 578px) 100vw, 578px\" title=\"Sibe Es\" \/><\/figure>\n\n\n<div id=\"section-g-id1cnid\" class=\"wp-block-gutentor-e2 section-g-id1cnid gutentor-element gutentor-element-button\"><span class=\"gutentor-button-wrap\"><a class=\"gutentor-button gutentor-block-button gutentor-icon-before\" href=\"https:\/\/sibe2025.sciencesconf.org\/\" target=\"_blank\" rel=\" noopener noreferrer\"><i class=\"gutentor-button-icon fas fa-arrow-right\"><\/i><span>Accede a la p\u00e1gina del congreso<\/span><\/a><\/span><\/div>\n<\/div>\n<\/div>\n","protected":false},"excerpt":{"rendered":"<p>Congreso SIBE 2025 Barcelona M\u00fasica y conflicto social: paradigmas, enfoques y retos de la etnomusicolog\u00eda contempor\u00e1nea La m\u00fasica, como elemento de gran potencial simb\u00f3lico, forma parte de escenarios de conflicto social en los que se llevan a cabo disputas de poder y hegemon\u00eda. Se convierte, en ocasiones, en una poderosa arma al servicio de los [&hellip;]<\/p>\n","protected":false},"author":4,"featured_media":112359,"parent":112378,"menu_order":0,"comment_status":"closed","ping_status":"closed","template":"","meta":{"_acf_changed":false,"_themeisle_gutenberg_block_has_review":false,"footnotes":""},"categories":[1],"tags":[1278],"class_list":["post-112354","page","type-page","status-publish","has-post-thumbnail","hentry","category-sense-categoria","tag-recerca-es"],"acf":[],"publishpress_future_action":{"enabled":false,"date":"2026-04-16 12:43:24","action":"change-status","newStatus":"draft","terms":[],"taxonomy":"category","extraData":[]},"publishpress_future_workflow_manual_trigger":{"enabledWorkflows":[]},"_links":{"self":[{"href":"https:\/\/www.esmuc.cat\/es\/wp-json\/wp\/v2\/pages\/112354","targetHints":{"allow":["GET"]}}],"collection":[{"href":"https:\/\/www.esmuc.cat\/es\/wp-json\/wp\/v2\/pages"}],"about":[{"href":"https:\/\/www.esmuc.cat\/es\/wp-json\/wp\/v2\/types\/page"}],"author":[{"embeddable":true,"href":"https:\/\/www.esmuc.cat\/es\/wp-json\/wp\/v2\/users\/4"}],"replies":[{"embeddable":true,"href":"https:\/\/www.esmuc.cat\/es\/wp-json\/wp\/v2\/comments?post=112354"}],"version-history":[{"count":2,"href":"https:\/\/www.esmuc.cat\/es\/wp-json\/wp\/v2\/pages\/112354\/revisions"}],"predecessor-version":[{"id":112363,"href":"https:\/\/www.esmuc.cat\/es\/wp-json\/wp\/v2\/pages\/112354\/revisions\/112363"}],"up":[{"embeddable":true,"href":"https:\/\/www.esmuc.cat\/es\/wp-json\/wp\/v2\/pages\/112378"}],"wp:featuredmedia":[{"embeddable":true,"href":"https:\/\/www.esmuc.cat\/es\/wp-json\/wp\/v2\/media\/112359"}],"wp:attachment":[{"href":"https:\/\/www.esmuc.cat\/es\/wp-json\/wp\/v2\/media?parent=112354"}],"wp:term":[{"taxonomy":"category","embeddable":true,"href":"https:\/\/www.esmuc.cat\/es\/wp-json\/wp\/v2\/categories?post=112354"},{"taxonomy":"post_tag","embeddable":true,"href":"https:\/\/www.esmuc.cat\/es\/wp-json\/wp\/v2\/tags?post=112354"}],"curies":[{"name":"wp","href":"https:\/\/api.w.org\/{rel}","templated":true}]}}