{"id":111483,"date":"2025-03-07T11:52:49","date_gmt":"2025-03-07T10:52:49","guid":{"rendered":"https:\/\/www.esmuc.cat\/escuela\/portal-de-transparencia\/igualtat\/noticies\/"},"modified":"2025-08-25T12:33:12","modified_gmt":"2025-08-25T10:33:12","slug":"noticies","status":"publish","type":"page","link":"https:\/\/www.esmuc.cat\/es\/escuela\/portal-de-transparencia\/equidad-diversidad-e-inclusion\/noticies\/","title":{"rendered":"Noticias"},"content":{"rendered":"\n<div class=\"wp-block-columns is-layout-flex wp-container-core-columns-is-layout-9d6595d7 wp-block-columns-is-layout-flex\">\n<div class=\"wp-block-column esmuc__Menu_Masters is-layout-flow wp-block-column-is-layout-flow\" style=\"flex-basis:33.33%\">\n\n\n\n\n<p><\/p>\n<\/div>\n\n\n\n<div class=\"wp-block-column is-layout-flow wp-block-column-is-layout-flow\" style=\"flex-basis:66.66%\"><div class=\"breadcrumbs align  wp-block-bcn-breadcrumb-trail has-text-color has-background\" vocab=\"https:\/\/schema.org\/\" typeof=\"BreadcrumbList\">\n\t<span><\/span>\n\t<span property=\"itemListElement\" typeof=\"ListItem\"><a property=\"item\" typeof=\"WebPage\" title=\"Ir a ESMUC.\" href=\"https:\/\/www.esmuc.cat\/es\/\" class=\"home\" ><span property=\"name\">ESMUC<\/span><\/a><meta property=\"position\" content=\"1\"><\/span> &gt; <span property=\"itemListElement\" typeof=\"ListItem\"><a property=\"item\" typeof=\"WebPage\" title=\"Ir a Escuela.\" href=\"https:\/\/www.esmuc.cat\/es\/escuela\/\" class=\"post post-page\" ><span property=\"name\">Escuela<\/span><\/a><meta property=\"position\" content=\"2\"><\/span> &gt; <span property=\"itemListElement\" typeof=\"ListItem\"><a property=\"item\" typeof=\"WebPage\" title=\"Ir a Portal de transparencia.\" href=\"https:\/\/www.esmuc.cat\/es\/escuela\/portal-de-transparencia\/\" class=\"post post-page\" ><span property=\"name\">Portal de transparencia<\/span><\/a><meta property=\"position\" content=\"3\"><\/span> &gt; <span property=\"itemListElement\" typeof=\"ListItem\"><a property=\"item\" typeof=\"WebPage\" title=\"Ir a Equidad, Diversidad e Inclusi\u00f3n.\" href=\"https:\/\/www.esmuc.cat\/es\/escuela\/portal-de-transparencia\/equidad-diversidad-e-inclusion\/\" class=\"post post-page\" ><span property=\"name\">Equidad, Diversidad e Inclusi\u00f3n<\/span><\/a><meta property=\"position\" content=\"4\"><\/span> &gt; <span property=\"itemListElement\" typeof=\"ListItem\"><span property=\"name\" class=\"post post-page current-item\">Noticias<\/span><meta property=\"url\" content=\"https:\/\/www.esmuc.cat\/es\/escuela\/portal-de-transparencia\/equidad-diversidad-e-inclusion\/noticies\/\"><meta property=\"position\" content=\"5\"><\/span><\/div>\n\n\n\n<h1 class=\"wp-block-heading\">Noticias<\/h1>\n\n\n\n<div style=\"height:10px\" aria-hidden=\"true\" class=\"wp-block-spacer\"><\/div>\n\n\n\n<section id=\"g-65ssddr\" class=\"wp-block-gutentor-m3 section-g-65ssddr gutentor-module gutentor-container-cover\"><div class=\"grid-container\">\n<p><\/p>\n\n\n\n<div class=\"wp-block-columns is-layout-flex wp-container-core-columns-is-layout-9d6595d7 wp-block-columns-is-layout-flex\">\n<div class=\"wp-block-column is-vertically-aligned-center is-layout-flow wp-block-column-is-layout-flow\" style=\"flex-basis:33.33%\">\n<div id=\"section-g-uleolhm\" class=\"wp-block-gutentor-e6 section-g-uleolhm gutentor-element gutentor-element-image text-align-center-desktop\"><div class=\"gutentor-element-image-box\"><a class=\"gutentor-element-image-link\" href=\"https:\/\/www.esmuc.cat\/dimarts-toca-esmuc-dones-compositores-del-barroc\/\" target=\"_blank\" rel=\" noopener noreferrer\"><div class=\"gutentor-image-thumb\"><img decoding=\"async\" class=\"normal-image\" src=\"https:\/\/www.esmuc.cat\/wp-content\/uploads\/2025\/02\/Musica-del-barroc-1-1-rotated.jpg\" alt=\"M\u00fasica del Barroc. De MIH83.\" \/><\/div><\/a><\/div><\/div>\n<\/div>\n\n\n\n<div class=\"wp-block-column is-layout-flow wp-block-column-is-layout-flow\" style=\"flex-basis:66.66%\">\n<p><a href=\"https:\/\/www.esmuc.cat\/dimarts-toca-esmuc-dones-compositores-del-barroc\/\"><strong>Dimarts Toca ESMUC: dones compositores del barroc<\/strong><br><\/a>La proposta de Dimarts Toca ESMUC del 4 demar\u00e7 se centra en la m\u00fasica de le dones compositores del barroc dins la setmana del 8 de mar\u00e7.<\/p>\n<\/div>\n<\/div>\n\n\n\n<div class=\"wp-block-columns is-layout-flex wp-container-core-columns-is-layout-9d6595d7 wp-block-columns-is-layout-flex\">\n<div class=\"wp-block-column is-vertically-aligned-center is-layout-flow wp-block-column-is-layout-flow\" style=\"flex-basis:33.33%\">\n<div id=\"section-g-pm3pesm\" class=\"wp-block-gutentor-e6 section-g-pm3pesm gutentor-element gutentor-element-image text-align-center-desktop\"><div class=\"gutentor-element-image-box\"><a class=\"gutentor-element-image-link\" href=\"https:\/\/www.esmuc.cat\/lesmuc-imparteix-la-primera-assignatura-especifica-sobre-musica-i-genere\/\" target=\"_blank\" rel=\" noopener noreferrer\"><div class=\"gutentor-image-thumb\"><img decoding=\"async\" class=\"normal-image\" src=\"https:\/\/www.esmuc.cat\/wp-content\/uploads\/2025\/01\/Assignatura-Musica-i-Genere.png\" alt=\"Assignatura M\u00fasica I G\u00e8nere\" \/><\/div><\/a><\/div><\/div>\n<\/div>\n\n\n\n<div class=\"wp-block-column is-layout-flow wp-block-column-is-layout-flow\" style=\"flex-basis:66.66%\">\n<p><a href=\"https:\/\/www.esmuc.cat\/lesmuc-imparteix-la-primera-assignatura-especifica-sobre-musica-i-genere\/\"><strong>L&#8217;ESMUC imparteix la primera assignatura sobre m\u00fasica i g\u00e8nere<\/strong><br><\/a>L&#8217;assignatura, coordinada pel departament d&#8217;Estudis Culturals i Musicals, forma part del M\u00e0ster oficial de Recerca musical que impartir\u00e0 l\u2019etnomusic\u00f2loga S\u00edlvia Mart\u00ednez.<\/p>\n<\/div>\n<\/div>\n\n\n\n<div class=\"wp-block-columns is-layout-flex wp-container-core-columns-is-layout-9d6595d7 wp-block-columns-is-layout-flex\">\n<div class=\"wp-block-column is-vertically-aligned-center is-layout-flow wp-block-column-is-layout-flow\" style=\"flex-basis:33.33%\">\n<div id=\"section-g-cdvivrc\" class=\"wp-block-gutentor-e6 section-g-cdvivrc gutentor-element gutentor-element-image text-align-center-desktop\"><div class=\"gutentor-element-image-box\"><a class=\"gutentor-element-image-link\" href=\"https:\/\/www.esmuc.cat\/es\/gender-sounds-iv-contra-natura\/\" target=\"_blank\" rel=\" noopener noreferrer\"><div class=\"gutentor-image-thumb\"><img decoding=\"async\" class=\"normal-image\" src=\"https:\/\/www.esmuc.cat\/wp-content\/uploads\/2024\/12\/GS25-logo-imatges-LA._004.jpeg\" alt=\" Gs25 Logo Imatges L'a. 004\" \/><\/div><\/a><\/div><\/div>\n<\/div>\n\n\n\n<div class=\"wp-block-column is-layout-flow wp-block-column-is-layout-flow\" style=\"flex-basis:66.66%\">\n<p><a href=\"https:\/\/www.esmuc.cat\/es\/gender-sounds-iv-contra-natura\/\"><strong>Gender Sounds IV: (Contra) Natura<\/strong><br><\/a>La 4ta edici\u00f3 de Gender Sounds, subtitulada \u00ab(Contra) Natura\u00bb, tindr\u00e0 lloc a l&#8217;ESMUC els dies 3 i 4 d&#8217;abril del 2025 amb pon\u00e8ncies, performances, una taula rodona, un concert multifocal i una sessi\u00f3 d&#8217;audiovisuals.&nbsp;<\/p>\n<\/div>\n<\/div>\n\n\n\n<div class=\"wp-block-columns is-layout-flex wp-container-core-columns-is-layout-9d6595d7 wp-block-columns-is-layout-flex\">\n<div class=\"wp-block-column is-vertically-aligned-center is-layout-flow wp-block-column-is-layout-flow\" style=\"flex-basis:33.33%\">\n<div id=\"section-g-sq1332k\" class=\"wp-block-gutentor-e6 section-g-sq1332k gutentor-element gutentor-element-image text-align-center-desktop\"><div class=\"gutentor-element-image-box\"><a class=\"gutentor-element-image-link\" href=\"https:\/\/www.esmuc.cat\/es\/la-biblioteca-crai-reconocida-con-la-distincion-sello-ccb-2023\/\" target=\"_blank\" rel=\" noopener noreferrer\"><div class=\"gutentor-image-thumb\"><img decoding=\"async\" class=\"normal-image\" src=\"https:\/\/www.esmuc.cat\/wp-content\/uploads\/2025\/02\/Sello-CCB_imatge-wordpress-edited.webp\" alt=\"Sello Ccb Imatge WordPress Edited\" \/><\/div><\/a><\/div><\/div>\n<\/div>\n\n\n\n<div class=\"wp-block-column is-layout-flow wp-block-column-is-layout-flow\" style=\"flex-basis:66.66%\">\n<p><a href=\"https:\/\/www.esmuc.cat\/es\/la-biblioteca-crai-reconocida-con-la-distincion-sello-ccb-2023\/\"><strong>El projecte de la Biblioteca-CRAI de l\u2019ESMUC&nbsp;<em>Lo que no se ve no existe<\/em>&nbsp;finalista a la VII Convocat\u00f2ria de 2023 de la Distinci\u00f3n Sello<\/strong><br><\/a>La Biblioteca-CRAI de l&#8217;ESMUC ha quedat finalista a la VII Convocatoria de la Distinci\u00f3n Sello del Consejo de Cooperaci\u00f3n Bibliotecaria.<\/p>\n<\/div>\n<\/div>\n<\/div><\/section>\n\n\n\n<div style=\"height:10px\" aria-hidden=\"true\" class=\"wp-block-spacer\"><\/div>\n\n\n\n<h4 class=\"wp-block-heading\"><\/h4>\n<\/div>\n<\/div>\n","protected":false},"excerpt":{"rendered":"<p>Noticias<\/p>\n","protected":false},"author":49,"featured_media":0,"parent":35030,"menu_order":0,"comment_status":"closed","ping_status":"closed","template":"","meta":{"_acf_changed":false,"_themeisle_gutenberg_block_has_review":false,"footnotes":""},"categories":[1098],"tags":[1282,1566,1283],"class_list":["post-111483","page","type-page","status-publish","hentry","category-portal-de-la-transparencia","tag-assetjament-es","tag-genere-es","tag-igualtat-es"],"acf":[],"publishpress_future_action":{"enabled":false,"date":"2026-04-27 20:20:42","action":"change-status","newStatus":"draft","terms":[],"taxonomy":"category","extraData":[]},"publishpress_future_workflow_manual_trigger":{"enabledWorkflows":[]},"_links":{"self":[{"href":"https:\/\/www.esmuc.cat\/es\/wp-json\/wp\/v2\/pages\/111483","targetHints":{"allow":["GET"]}}],"collection":[{"href":"https:\/\/www.esmuc.cat\/es\/wp-json\/wp\/v2\/pages"}],"about":[{"href":"https:\/\/www.esmuc.cat\/es\/wp-json\/wp\/v2\/types\/page"}],"author":[{"embeddable":true,"href":"https:\/\/www.esmuc.cat\/es\/wp-json\/wp\/v2\/users\/49"}],"replies":[{"embeddable":true,"href":"https:\/\/www.esmuc.cat\/es\/wp-json\/wp\/v2\/comments?post=111483"}],"version-history":[{"count":3,"href":"https:\/\/www.esmuc.cat\/es\/wp-json\/wp\/v2\/pages\/111483\/revisions"}],"predecessor-version":[{"id":111524,"href":"https:\/\/www.esmuc.cat\/es\/wp-json\/wp\/v2\/pages\/111483\/revisions\/111524"}],"up":[{"embeddable":true,"href":"https:\/\/www.esmuc.cat\/es\/wp-json\/wp\/v2\/pages\/35030"}],"wp:attachment":[{"href":"https:\/\/www.esmuc.cat\/es\/wp-json\/wp\/v2\/media?parent=111483"}],"wp:term":[{"taxonomy":"category","embeddable":true,"href":"https:\/\/www.esmuc.cat\/es\/wp-json\/wp\/v2\/categories?post=111483"},{"taxonomy":"post_tag","embeddable":true,"href":"https:\/\/www.esmuc.cat\/es\/wp-json\/wp\/v2\/tags?post=111483"}],"curies":[{"name":"wp","href":"https:\/\/api.w.org\/{rel}","templated":true}]}}