{"id":111474,"date":"2025-03-07T11:52:56","date_gmt":"2025-03-07T10:52:56","guid":{"rendered":"https:\/\/www.esmuc.cat\/escuela\/portal-de-transparencia\/igualtat\/recursos-contra-la-violencia\/"},"modified":"2025-11-05T16:05:43","modified_gmt":"2025-11-05T15:05:43","slug":"recursos-contra-la-violencia","status":"publish","type":"page","link":"https:\/\/www.esmuc.cat\/es\/escuela\/portal-de-transparencia\/equidad-diversidad-e-inclusion\/recursos-contra-la-violencia\/","title":{"rendered":"Recursos contra la violencia"},"content":{"rendered":"\n<div class=\"wp-block-columns is-layout-flex wp-container-core-columns-is-layout-9d6595d7 wp-block-columns-is-layout-flex\">\n<div class=\"wp-block-column esmuc__Menu_Masters is-layout-flow wp-block-column-is-layout-flow\" style=\"flex-basis:33.33%\">\n\n\n\n\n<p><\/p>\n<\/div>\n\n\n\n<div class=\"wp-block-column is-layout-flow wp-block-column-is-layout-flow\" style=\"flex-basis:66.66%\"><div class=\"breadcrumbs align  wp-block-bcn-breadcrumb-trail has-text-color has-background\" vocab=\"https:\/\/schema.org\/\" typeof=\"BreadcrumbList\">\n\t<span><\/span>\n\t<span property=\"itemListElement\" typeof=\"ListItem\"><a property=\"item\" typeof=\"WebPage\" title=\"Ir a ESMUC.\" href=\"https:\/\/www.esmuc.cat\/es\/\" class=\"home\" ><span property=\"name\">ESMUC<\/span><\/a><meta property=\"position\" content=\"1\"><\/span> &gt; <span property=\"itemListElement\" typeof=\"ListItem\"><a property=\"item\" typeof=\"WebPage\" title=\"Ir a Escuela.\" href=\"https:\/\/www.esmuc.cat\/es\/escuela\/\" class=\"post post-page\" ><span property=\"name\">Escuela<\/span><\/a><meta property=\"position\" content=\"2\"><\/span> &gt; <span property=\"itemListElement\" typeof=\"ListItem\"><a property=\"item\" typeof=\"WebPage\" title=\"Ir a Portal de transparencia.\" href=\"https:\/\/www.esmuc.cat\/es\/escuela\/portal-de-transparencia\/\" class=\"post post-page\" ><span property=\"name\">Portal de transparencia<\/span><\/a><meta property=\"position\" content=\"3\"><\/span> &gt; <span property=\"itemListElement\" typeof=\"ListItem\"><a property=\"item\" typeof=\"WebPage\" title=\"Ir a Equidad, Diversidad e Inclusi\u00f3n.\" href=\"https:\/\/www.esmuc.cat\/es\/escuela\/portal-de-transparencia\/equidad-diversidad-e-inclusion\/\" class=\"post post-page\" ><span property=\"name\">Equidad, Diversidad e Inclusi\u00f3n<\/span><\/a><meta property=\"position\" content=\"4\"><\/span> &gt; <span property=\"itemListElement\" typeof=\"ListItem\"><span property=\"name\" class=\"post post-page current-item\">Recursos contra la violencia<\/span><meta property=\"url\" content=\"https:\/\/www.esmuc.cat\/es\/escuela\/portal-de-transparencia\/equidad-diversidad-e-inclusion\/recursos-contra-la-violencia\/\"><meta property=\"position\" content=\"5\"><\/span><\/div>\n\n\n\n<h1 class=\"wp-block-heading\">Recursos para el bienestar y contra la violencia y la discriminaci\u00f3n<\/h1>\n\n\n\n<div style=\"height:10px\" aria-hidden=\"true\" class=\"wp-block-spacer\"><\/div>\n\n\n\n<section id=\"g-80mpm46\" class=\"wp-block-gutentor-m3 section-g-80mpm46 gutentor-module gutentor-container-cover\"><div class=\"grid-container\">\n<div class=\"wp-block-columns is-layout-flex wp-container-core-columns-is-layout-9d6595d7 wp-block-columns-is-layout-flex\">\n<div class=\"wp-block-column is-layout-flow wp-block-column-is-layout-flow\">\n<div id=\"section-g-v74xn7b\" class=\"wp-block-gutentor-e6 section-g-v74xn7b gutentor-element gutentor-element-image\"><div class=\"gutentor-element-image-box\"><a class=\"gutentor-element-image-link\" href=\"https:\/\/www.joves.barcelona\/ca\/estarb\" target=\"_blank\" rel=\" noopener noreferrer\"><div class=\"gutentor-image-thumb\"><img decoding=\"async\" class=\"normal-image\" src=\"https:\/\/www.esmuc.cat\/wp-content\/uploads\/2025\/11\/ESTARB.png\" alt=\"Estarb\" \/><\/div><\/a><\/div><\/div>\n\n\n\n<p><a href=\"https:\/\/www.joves.barcelona\/ca\/estarb\"><strong>EstarB<\/strong><\/a><\/p>\n\n\n\n<p>L\u2019EstarB es un servicio gratuito que ofrece apoyo psicol\u00f3gico y emocional para j\u00f3venes de 12 a 25 a\u00f1os.<\/p>\n\n\n\n<p>Tambi\u00e9n ofrece apoyo y recursos a familias con hijos e hijas adolescentes, de 12 a 20 a\u00f1os, y a profesionales que trabajan con adolescentes y j\u00f3venes.<\/p>\n<\/div>\n\n\n\n<div class=\"wp-block-column is-layout-flow wp-block-column-is-layout-flow\">\n<div id=\"section-g-69ywavv\" class=\"wp-block-gutentor-e6 section-g-69ywavv gutentor-element gutentor-element-image\"><div class=\"gutentor-element-image-box\"><a class=\"gutentor-element-image-link\" href=\"https:\/\/ajuntament.barcelona.cat\/lgtbi\/ca\/serveis\/centre-lgtbi-de-barcelona \" target=\"_blank\" rel=\" noopener noreferrer\"><div class=\"gutentor-image-thumb\"><img decoding=\"async\" class=\"normal-image\" src=\"https:\/\/www.esmuc.cat\/wp-content\/uploads\/2025\/02\/12.jpg\" alt=\"12\" \/><\/div><\/a><\/div><\/div>\n\n\n\n<p><a href=\"https:\/\/ajuntament.barcelona.cat\/lgtbi\/ca\/serveis\/centre-lgtbi-de-barcelona\"><strong>Centro LGTBI Barcelona<\/strong><\/a><\/p>\n\n\n\n<p>El Centro ofrece un amplio cat\u00e1logo de servicios de atenci\u00f3n directa dirigidos a las personas LGTBI, tanto a nivel personal como grupal y familiar.<\/p>\n\n\n\n<p><\/p>\n<\/div>\n\n\n\n<div class=\"wp-block-column is-layout-flow wp-block-column-is-layout-flow\">\n<div id=\"section-g-1lji14l\" class=\"wp-block-gutentor-e6 section-g-1lji14l gutentor-element gutentor-element-image\"><div class=\"gutentor-element-image-box\"><a class=\"gutentor-element-image-link\" href=\"https:\/\/ajuntament.barcelona.cat\/dones\/ca\/bcn-antimasclista\/plural-centre-de-masculinitats \" target=\"_blank\" rel=\" noopener noreferrer\"><div class=\"gutentor-image-thumb\"><img decoding=\"async\" class=\"normal-image\" src=\"https:\/\/www.esmuc.cat\/wp-content\/uploads\/2025\/02\/11.jpg\" alt=\"11\" \/><\/div><\/a><\/div><\/div>\n\n\n\n<p class=\"has-text-align-left\"><a href=\"https:\/\/ajuntament.barcelona.cat\/dones\/ca\/bcn-antimasclista\/plural-centre-de-masculinitats\"><strong>Centro de masculinidades Plural<\/strong><\/a><\/p>\n\n\n\n<p class=\"has-text-align-left\">Equipamiento municipal destinado a fomentar una perspectiva plural, positiva y diversa de las masculinidades.<\/p>\n<\/div>\n\n\n\n<div class=\"wp-block-column is-layout-flow wp-block-column-is-layout-flow\">\n<div id=\"section-g-lxxvfl8\" class=\"wp-block-gutentor-e6 section-g-lxxvfl8 gutentor-element gutentor-element-image\"><div class=\"gutentor-element-image-box\"><a class=\"gutentor-element-image-link\" href=\"https:\/\/ajuntament.barcelona.cat\/dones\/ca\/informacio-i-atencio\/a-les-dones\/punts-informacio-i-atencio-a-les-dones-piad\" target=\"_blank\" rel=\" noopener noreferrer\"><div class=\"gutentor-image-thumb\"><img decoding=\"async\" class=\"normal-image\" src=\"https:\/\/www.esmuc.cat\/wp-content\/uploads\/2025\/11\/AJT-BARCELONA.png\" alt=\"Ajt Barcelona\" \/><\/div><\/a><\/div><\/div>\n\n\n\n<p><a href=\"https:\/\/ajuntament.barcelona.cat\/dones\/ca\/bcn-antimasclista\/serveis-atencio-vers-la-violencia-masclista\"><strong>Otros servicios de atenci\u00f3n a la violencia machista<\/strong><\/a><\/p>\n\n\n\n<p>Servicios y recursos para prevenir, detectar, atender y erradicar las situaciones de violencia machista.<\/p>\n\n\n\n<p class=\"has-text-align-left\"><\/p>\n<\/div>\n\n\n\n<div class=\"wp-block-column is-layout-flow wp-block-column-is-layout-flow\">\n<div id=\"section-g-37bzn21\" class=\"wp-block-gutentor-e6 section-g-37bzn21 gutentor-element gutentor-element-image\"><div class=\"gutentor-element-image-box\"><a class=\"gutentor-element-image-link\" href=\"https:\/\/dones.gencat.cat\/ca\/ambits\/violencia_masclista\/recursos_atencio\/telefon_900\/ \" target=\"_blank\" rel=\" noopener noreferrer\"><div class=\"gutentor-image-thumb\"><img decoding=\"async\" class=\"normal-image\" src=\"https:\/\/www.esmuc.cat\/wp-content\/uploads\/2025\/02\/13.jpg\" alt=\"13\" \/><\/div><\/a><\/div><\/div>\n\n\n\n<p><a href=\"https:\/\/dones.gencat.cat\/ca\/ambits\/violencia_masclista\/recursos_atencio\/telefon_900\/\" target=\"_blank\" rel=\"noreferrer noopener\"><strong>Tel\u00e9fono de atenci\u00f3n contra la violencia machista<\/strong><\/a><\/p>\n\n\n\n<p>Te informan sobre los servicios existentes en toda Catalu\u00f1a y te asesoran sobre los pasos a seguir ante una situaci\u00f3n de violencia machista.<\/p>\n<\/div>\n<\/div>\n\n\n\n<div class=\"wp-block-columns is-layout-flex wp-container-core-columns-is-layout-9d6595d7 wp-block-columns-is-layout-flex\">\n<div class=\"wp-block-column is-layout-flow wp-block-column-is-layout-flow\"><\/div>\n\n\n\n<div class=\"wp-block-column is-layout-flow wp-block-column-is-layout-flow\"><\/div>\n<\/div>\n<\/div><\/section>\n\n\n\n<div style=\"height:10px\" aria-hidden=\"true\" class=\"wp-block-spacer\"><\/div>\n\n\n\n<h4 class=\"wp-block-heading\"><\/h4>\n<\/div>\n<\/div>\n","protected":false},"excerpt":{"rendered":"<p>Recursos para el bienestar y contra la violencia y la discriminaci\u00f3n<\/p>\n","protected":false},"author":49,"featured_media":0,"parent":35030,"menu_order":0,"comment_status":"closed","ping_status":"closed","template":"","meta":{"_acf_changed":false,"_themeisle_gutenberg_block_has_review":false,"footnotes":""},"categories":[1098],"tags":[1282,1566,1283],"class_list":["post-111474","page","type-page","status-publish","hentry","category-portal-de-la-transparencia","tag-assetjament-es","tag-genere-es","tag-igualtat-es"],"acf":[],"publishpress_future_action":{"enabled":false,"date":"2026-04-27 19:09:31","action":"change-status","newStatus":"draft","terms":[],"taxonomy":"category","extraData":[]},"publishpress_future_workflow_manual_trigger":{"enabledWorkflows":[]},"_links":{"self":[{"href":"https:\/\/www.esmuc.cat\/es\/wp-json\/wp\/v2\/pages\/111474","targetHints":{"allow":["GET"]}}],"collection":[{"href":"https:\/\/www.esmuc.cat\/es\/wp-json\/wp\/v2\/pages"}],"about":[{"href":"https:\/\/www.esmuc.cat\/es\/wp-json\/wp\/v2\/types\/page"}],"author":[{"embeddable":true,"href":"https:\/\/www.esmuc.cat\/es\/wp-json\/wp\/v2\/users\/49"}],"replies":[{"embeddable":true,"href":"https:\/\/www.esmuc.cat\/es\/wp-json\/wp\/v2\/comments?post=111474"}],"version-history":[{"count":6,"href":"https:\/\/www.esmuc.cat\/es\/wp-json\/wp\/v2\/pages\/111474\/revisions"}],"predecessor-version":[{"id":113673,"href":"https:\/\/www.esmuc.cat\/es\/wp-json\/wp\/v2\/pages\/111474\/revisions\/113673"}],"up":[{"embeddable":true,"href":"https:\/\/www.esmuc.cat\/es\/wp-json\/wp\/v2\/pages\/35030"}],"wp:attachment":[{"href":"https:\/\/www.esmuc.cat\/es\/wp-json\/wp\/v2\/media?parent=111474"}],"wp:term":[{"taxonomy":"category","embeddable":true,"href":"https:\/\/www.esmuc.cat\/es\/wp-json\/wp\/v2\/categories?post=111474"},{"taxonomy":"post_tag","embeddable":true,"href":"https:\/\/www.esmuc.cat\/es\/wp-json\/wp\/v2\/tags?post=111474"}],"curies":[{"name":"wp","href":"https:\/\/api.w.org\/{rel}","templated":true}]}}