{"id":111361,"date":"2022-03-31T14:46:02","date_gmt":"2022-03-31T12:46:02","guid":{"rendered":"https:\/\/www.esmuc.cat\/escuela\/comunicacion-e-imagen\/premsa\/"},"modified":"2025-08-25T09:53:07","modified_gmt":"2025-08-25T07:53:07","slug":"premsa","status":"publish","type":"page","link":"https:\/\/www.esmuc.cat\/es\/escuela\/comunicacion-e-imagen\/premsa\/","title":{"rendered":"Prensa"},"content":{"rendered":"\n<div class=\"wp-block-columns is-layout-flex wp-container-core-columns-is-layout-9d6595d7 wp-block-columns-is-layout-flex\">\n<div class=\"wp-block-column esmuc__Menu_Masters is-layout-flow wp-block-column-is-layout-flow\" style=\"flex-basis:33.33%\">\n\n<\/div>\n\n\n\n<div class=\"wp-block-column is-layout-flow wp-block-column-is-layout-flow\" style=\"flex-basis:66.66%\"><div class=\"breadcrumbs align  wp-block-bcn-breadcrumb-trail has-text-color has-background\" vocab=\"https:\/\/schema.org\/\" typeof=\"BreadcrumbList\">\n\t<span><\/span>\n\t<span property=\"itemListElement\" typeof=\"ListItem\"><a property=\"item\" typeof=\"WebPage\" title=\"Ir a ESMUC.\" href=\"https:\/\/www.esmuc.cat\/es\/\" class=\"home\" ><span property=\"name\">ESMUC<\/span><\/a><meta property=\"position\" content=\"1\"><\/span> &gt; <span property=\"itemListElement\" typeof=\"ListItem\"><a property=\"item\" typeof=\"WebPage\" title=\"Ir a Escuela.\" href=\"https:\/\/www.esmuc.cat\/es\/escuela\/\" class=\"post post-page\" ><span property=\"name\">Escuela<\/span><\/a><meta property=\"position\" content=\"2\"><\/span> &gt; <span property=\"itemListElement\" typeof=\"ListItem\"><a property=\"item\" typeof=\"WebPage\" title=\"Ir a Comunicaci\u00f3n e imagen.\" href=\"https:\/\/www.esmuc.cat\/es\/escuela\/comunicacion-e-imagen\/\" class=\"post post-page\" ><span property=\"name\">Comunicaci\u00f3n e imagen<\/span><\/a><meta property=\"position\" content=\"3\"><\/span> &gt; <span property=\"itemListElement\" typeof=\"ListItem\"><span property=\"name\" class=\"post post-page current-item\">Prensa<\/span><meta property=\"url\" content=\"https:\/\/www.esmuc.cat\/es\/escuela\/comunicacion-e-imagen\/premsa\/\"><meta property=\"position\" content=\"4\"><\/span><\/div>\n\n\n\n<h1 class=\"wp-block-heading\">Prensa<\/h1>\n\n\n\n<div style=\"height:20px\" aria-hidden=\"true\" class=\"wp-block-spacer\"><\/div>\n\n\n\n<figure class=\"wp-block-image size-large\"><img decoding=\"async\" width=\"1024\" height=\"576\" src=\"https:\/\/www.esmuc.cat\/wp-content\/uploads\/2024\/02\/ESMUC-Congres-AEC-2023-1024x576.jpg\" alt=\"Esmuc Congres Aec 2023\" class=\"wp-image-91176\" srcset=\"https:\/\/www.esmuc.cat\/wp-content\/uploads\/2024\/02\/ESMUC-Congres-AEC-2023-1024x576.jpg 1024w, https:\/\/www.esmuc.cat\/wp-content\/uploads\/2024\/02\/ESMUC-Congres-AEC-2023-300x169.jpg 300w, https:\/\/www.esmuc.cat\/wp-content\/uploads\/2024\/02\/ESMUC-Congres-AEC-2023-768x432.jpg 768w, https:\/\/www.esmuc.cat\/wp-content\/uploads\/2024\/02\/ESMUC-Congres-AEC-2023.jpg 1080w\" sizes=\"(max-width: 1024px) 100vw, 1024px\" \/><\/figure>\n\n\n\n<section id=\"section-037a3b91-2a48-4039-aa6e-044c25d4847e\" class=\"wp-block-gutentor-notification gutentor-section gutentor-notification\"><div class=\"grid-container\"><div class=\"gutentor-grid-item-wrap gutentor-notification-wrap gutentor-notification-information\"><div class=\"gutentor-single-item\"><div class=\"gutentor-single-item-content\"><h5 class=\"gutentor-single-item-title\"><strong>Contacto<\/strong><\/h5><p class=\"gutentor-single-item-desc\"><strong><a href=\"mailto:comunicacio@esmuc.cat\" target=\"_blank\" rel=\"noreferrer noopener\"><em>comunicacio@esmuc.cat<\/em><\/a><\/strong><\/p><\/div><\/div><\/div><\/div><\/section>\n\n\n\n<div style=\"height:10px\" aria-hidden=\"true\" class=\"wp-block-spacer\"><\/div>\n\n\n\n<hr class=\"wp-block-separator has-css-opacity\"\/>\n\n\n\n<h4 class=\"wp-block-heading\">Notas de prensa<\/h4>\n\n\n\n<div style=\"height:29px\" aria-hidden=\"true\" class=\"wp-block-spacer\"><\/div>\n\n\n\n<div class=\"wp-block-file\"><a id=\"wp-block-file--media-414d44de-735a-478f-9e11-591a91649b74\" href=\"https:\/\/www.esmuc.cat\/wp-content\/uploads\/2025\/07\/2015-07-15_NP-BASS_Cloenda.pdf\">2025 &#8211; 07 &#8211; 15 &#8211; Cloenda del Barcelona Arts Summer School<\/a><\/div>\n\n\n\n<div class=\"wp-block-file\"><a id=\"wp-block-file--media-72307dd4-b041-498f-98dd-7f4b2594a274\" href=\"https:\/\/www.esmuc.cat\/wp-content\/uploads\/2025\/06\/250616_NdP.-Barcelona-estrena-BASS-una-escola-artistica-destiu-per-a-estudiants-de-tot-el-mon.pdf\">2025 &#8211; 06 &#8211; 16 &#8211; Barcelona estrena BASS, una escola art\u00edstica d\u2019estiu per a estudiants de tot el m\u00f3n.<\/a><\/div>\n\n\n\n<div class=\"wp-block-file\"><a id=\"wp-block-file--media-0ed7d3aa-8c34-4564-8ee9-cd51ea2d7491\" href=\"https:\/\/www.esmuc.cat\/wp-content\/uploads\/2025\/07\/250527_NP_El-pianista-Arcadi-Volodos-visita-lESMUC-per-oferir-una-classe-magistral.pdf\">2025 &#8211; 05 &#8211; 27 &#8211; El pianista Arcadi Volodos visita l&#8217;ESMUC per oferir una classe magistral.<\/a><\/div>\n\n\n\n<div class=\"wp-block-file\"><a id=\"wp-block-file--media-f64467ab-395f-4df8-a6b1-193c0c7d6197\" href=\"https:\/\/www.esmuc.cat\/wp-content\/uploads\/2025\/06\/250604_NP-Grans-Conjunts-estiu-2025.pdf\">2025 &#8211; 06- 04 &#8211; Grans Conjunts, cita ineludible amb l&#8217;energia juvenil de l&#8217;ESMUC<\/a><\/div>\n\n\n\n<div class=\"wp-block-file\"><a id=\"wp-block-file--media-e2a71ab1-d170-4511-a288-efefcc0ae5ac\" href=\"https:\/\/www.esmuc.cat\/wp-content\/uploads\/2025\/06\/250428_NP-Premi-Joan-Guinjoan.pdf\">2025 &#8211; 04 &#8211; 28 &#8211; \u00c1itor V\u00e1zquez Torres guanya el XXIII Premi Joan Guinjoan per a Joves Compositors.<\/a><\/div>\n\n\n\n<p><a href=\"https:\/\/www.esmuc.cat\/wp-content\/uploads\/2025\/04\/NOTA-DE-PREMSA-BARCELONA-NEGRA.odt\">2025 &#8211; 04 &#8211; 02 &#8211; Jornada i concert &#8216;La Barcelona negra. Hist\u00f2ries de m\u00fasica i racialitzaci\u00f3&#8217;<\/a><\/p>\n\n\n\n<div class=\"wp-block-file\"><a id=\"wp-block-file--media-553264e9-a7ec-4f39-9861-a95bcd42490f\" href=\"https:\/\/www.esmuc.cat\/wp-content\/uploads\/2025\/01\/NP-Musethica-febrer-2025.pdf\">2025 &#8211; 01 &#8211; 28 &#8211; Noves sessions de Musethica dirigides per Jos\u00e9 Vicente Castell\u00f3<\/a><\/div>\n\n\n\n<div class=\"wp-block-file\"><a id=\"wp-block-file--media-824605e4-2c25-4c30-9518-608a2b219d5d\" href=\"https:\/\/www.esmuc.cat\/wp-content\/uploads\/2025\/01\/250110_NP-Grans-Conjunts-2025.pdf\">2025 &#8211; 01 &#8211; 10 &#8211; Grans Conjunts, hivern c\u00e0lid amb la m\u00fasica de l&#8217;ESMUC<\/a><\/div>\n\n\n\n<div class=\"wp-block-file\"><a id=\"wp-block-file--media-22836852-8edf-47c6-9475-06103c82a76c\" href=\"https:\/\/www.esmuc.cat\/wp-content\/uploads\/2024\/12\/241202_NP_Neix-el-projecte-Supercapacitats-amb-dos-concerts-oberts.pdf\">2024 -12-02 &#8211; Neix el projecte Supercapacitats amb dos concerts oberts<\/a><\/div>\n\n\n\n<div class=\"wp-block-file\"><a id=\"wp-block-file--media-531bf5e7-edea-4a28-9f72-114ebba68ffe\" href=\"https:\/\/www.esmuc.cat\/wp-content\/uploads\/2024\/11\/241106_NP-Camerata-Granados_DEF.pdf\">2024-11-06 &#8211; L&#8217;ESMUC i la Camerata Granados signen un conveni per facilitar l\u2019acc\u00e9s de joves int\u00e8rprets a produccions professionals<\/a><\/div>\n\n\n\n<div class=\"wp-block-file\"><a id=\"wp-block-file--media-9f43e115-7bc4-4b05-a01e-637596f0585e\" href=\"https:\/\/www.esmuc.cat\/wp-content\/uploads\/2024\/10\/241010_NP_ESMUC_Projecte-1000-Concerts.pdf\">2024-10-10 &#8211; L&#8217;ESMUC impulsa el projecte europeu 1000+ Concerts que vol transformar l&#8217;educaci\u00f3 musical superior a trav\u00e9s de la inclusi\u00f3 social.<\/a><\/div>\n\n\n\n<div class=\"wp-block-file\"><a id=\"wp-block-file--media-1cd93a39-0561-4d60-b6d9-de66d1ee944f\" href=\"https:\/\/www.esmuc.cat\/wp-content\/uploads\/2024\/09\/240802_NP_Beca-Rosalia-Flamenco-1.pdf\">2024-08-02 &#8211; Nova Beca de Cante Flamenco a l&#8217;ESMUC impulsada per ROSAL\u00cdA.<\/a><\/div>\n\n\n\n<div class=\"wp-block-file\"><a id=\"wp-block-file--media-c88c10fd-57fc-4e28-875d-c62ce5a3a123\" href=\"https:\/\/www.esmuc.cat\/wp-content\/uploads\/2024\/03\/240321_NP_Guanyador-XII-Premi-Joan-Guinjoan-2024_David-Antunez-CAT.pdf\">2024-03-21 &#8211; David Ant\u00fanez guanya el XII Premi Internacional Joan Guinjoan per a Joves Compositors 2024.<\/a><\/div>\n\n\n\n<div class=\"wp-block-file\"><a id=\"wp-block-file--media-1ff3ad4e-1b27-4931-b0d9-30b65450a142\" href=\"https:\/\/www.esmuc.cat\/wp-content\/uploads\/2024\/02\/240220_NP-8-de-marc-Collectiu-Feminista-Fort-Pienc-ESMUC.pdf\">2024-02-20 &#8211; El Col\u00b7lectiu Feminista de l&#8217;ESMUC celebrar\u00e0 el 8 de mar\u00e7 a Fort Pienc amb m\u00e9s de 100 m\u00fasiques sobre l&#8217;escenari.<\/a><\/div>\n\n\n\n<div class=\"wp-block-file\"><a id=\"wp-block-file--media-4187fa6e-ced4-4f6e-9522-5ac527179613\" href=\"https:\/\/www.esmuc.cat\/wp-content\/uploads\/2024\/01\/NdP-GC-Orquestra-Simfonica-interpreta-8a-Simfonia-de-Bruckner.pdf\">2024-01-19 &#8211; Grans Conjunts: L&#8217;Orquestra Simf\u00f2nica intrepreta la &#8216;8a Simfonia&#8217; de Bruckner.<\/a><\/div>\n\n\n\n<div class=\"wp-block-file\"><a id=\"wp-block-file--media-a6ed6499-a51e-4a3a-ab79-7df248a52c93\" href=\"https:\/\/www.esmuc.cat\/wp-content\/uploads\/2023\/12\/231211_NP_Conveni-Hospital-Can-ruti-germans-trias-musicoterapia.pdf\">2023-12-11 &#8211; L&#8217;Hospital Germans Trias i l&#8217;ESMUC porten la musicoter\u00e0pia a la pr\u00e0ctica cl\u00ednica.<\/a><\/div>\n\n\n\n<div class=\"wp-block-file\"><a id=\"wp-block-file--media-c8eefca2-ce5c-4e65-adf4-af60a402a217\" href=\"https:\/\/www.esmuc.cat\/wp-content\/uploads\/2023\/11\/231121_NP-Linda-May-i-Gigi-Johnson-1.pdf\">2023-11-21 &#8211; Linda May Han Oh i Gigi Johnson (Music Futures Barcelona) a l&#8217;ESMUC<\/a><\/div>\n\n\n\n<div class=\"wp-block-file\"><a id=\"wp-block-file--media-d445a1ac-5af6-444d-94da-e235abecd2a8\" href=\"https:\/\/www.esmuc.cat\/wp-content\/uploads\/2023\/11\/231117_NP-Contrabaix-360.pdf\">2023-11-17 &#8211; Presentaci\u00f3 projecte Contrabaix 360.<\/a><\/div>\n\n\n\n<div class=\"wp-block-file\"><a id=\"wp-block-file--media-1c28a14a-08e3-43a9-8156-cd49e5115d28\" href=\"https:\/\/www.esmuc.cat\/wp-content\/uploads\/2023\/11\/231110_NP_IN.TUNE_Una-nova-collaboracio-europea-en-musica-i-arts_AEC.pdf\">2023-11-10 &#8211; IN.TUNE Una nova col\u00b7laboracioeuropea en musica i arts<\/a><\/div>\n\n\n\n<div class=\"wp-block-file\"><a id=\"wp-block-file--media-300f0ba4-d7b0-4765-8331-a3c130f85336\" href=\"https:\/\/www.esmuc.cat\/wp-content\/uploads\/2023\/10\/231019_NP-Convocatoria-Premi-Joan-Guinjoan.pdf\">2023-10-19 &#8211; Convocat\u00f2ria del XXII Premi Internacional Joan Guinjoan per a joves compositors<\/a><\/div>\n\n\n\n<div class=\"wp-block-file\"><a id=\"wp-block-file--media-c72fa83c-2a01-4fd6-bcf9-10756efdf101\" href=\"https:\/\/www.esmuc.cat\/wp-content\/uploads\/2023\/10\/231011_NP_Musethica-Octubre-2023.pdf\">2023-10-11 &#8211; Quarta edici\u00f3 del projecte Musethica a l\u2019ESMUC<\/a><\/div>\n\n\n\n<div class=\"wp-block-file\"><a id=\"wp-block-file--media-b3fd5ebd-7824-41a8-9450-be3aa3773781\" href=\"https:\/\/www.esmuc.cat\/wp-content\/uploads\/2023\/07\/230707_NP_IN.TUNE-primera-alianca-duniversitats-europea.pdf\">2023-07-10 &#8211; Aprovada la primera alian\u00e7a d&#8217;universitats europea dedicada a l&#8217;\u00e0rea de m\u00fasica i art: IN.TUNE<\/a><\/div>\n\n\n\n<div class=\"wp-block-file\"><a id=\"wp-block-file--media-910c29c3-0970-47ba-956a-0dd88ec00435\" href=\"https:\/\/www.esmuc.cat\/wp-content\/uploads\/2023\/05\/230530_NP-XXI_Premi-Joan-Guinjoan_Franco-Calabria.pdf\">2023-05-30 &#8211; El compositor argent\u00ed Franco Calabria, guanyador del XXI Premi<br>Internacional Joan Guinjoan per a Joves Compositors amb l&#8217;obra &#8216;Terrario&#8217; <\/a><\/div>\n\n\n\n<div class=\"wp-block-file\"><a id=\"wp-block-file--media-f0772e89-37d3-4d7f-b6a3-39c23a9f8152\" href=\"https:\/\/www.esmuc.cat\/wp-content\/uploads\/2023\/05\/250518_NP_Grans-Conjunts-primavera-2023.pdf\">2023-05-18 &#8211; L&#8217;ESMUC expandeix la seva m\u00e0gia amb els Grans Conjunts<\/a><\/div>\n\n\n\n<div class=\"wp-block-file\"><a id=\"wp-block-file--media-4d2e7c23-18a9-4a0b-91e4-3b13892d4311\" href=\"https:\/\/www.esmuc.cat\/wp-content\/uploads\/2023\/04\/NdP-Bottega-dOpera-2023-Isacco-de-Marianne-von-Martines.pdf\">2023-04-14 &#8211; &#8216;Bottega-d&#8217;Opera&#8217; 2023 &#8211; Isacco, de Marianne von Martines<\/a><\/div>\n\n\n\n<div class=\"wp-block-file\"><a id=\"wp-block-file--media-345cf6a8-c13c-49d9-a4f3-2e5ed2ca5cf0\" href=\"https:\/\/www.esmuc.cat\/wp-content\/uploads\/2023\/04\/230412_NdP_Sala-Victoria-de-los-Angeles-y-Primavera-LIFE23.pdf\">2023-04-12 &#8211; Nova Sala Victoria de los \u00c1ngeles i presentaci\u00f3 Festival LIFE Victoria 2023<\/a><\/div>\n\n\n\n<div class=\"wp-block-file\"><a id=\"wp-block-file--media-ef272ea4-0c3d-41fb-b753-2fdbc9f0b647\" href=\"https:\/\/www.esmuc.cat\/wp-content\/uploads\/2022\/11\/NP-Grans-Conjunts-ESMUC-22-23-1r-Q.pdf\">2022-11-29 &#8211; Torna l&#8217;emoci\u00f3 dels Grans Conjunts de l&#8217;ESMUC<\/a><\/div>\n\n\n\n<div class=\"wp-block-file\"><a id=\"wp-block-file--media-b23a275d-29a1-4bad-94eb-42859fb6632e\" href=\"https:\/\/www.esmuc.cat\/wp-content\/uploads\/2022\/11\/221114_NP-Projecte-Som-constructores-ACP-Taller-de-Musics.pdf\">2022-11-14 &#8211; Projecte Som constructores ACP Taller de M\u00fasics ESMUC<\/a><\/div>\n\n\n\n<div class=\"wp-block-file\"><a id=\"wp-block-file--media-b2bba5e2-63db-48c7-a2d7-85608c907d2d\" href=\"https:\/\/www.esmuc.cat\/wp-content\/uploads\/2022\/10\/221026_NP_VII-Jornades-Arts-i-Salut.pdf\">2022-10-26 &#8211; VII edici\u00f3 de les Jornades Arts i Salut &#8211; M\u00fasica i Neurologia<\/a><\/div>\n\n\n\n<div class=\"wp-block-file\"><a id=\"wp-block-file--media-2bd89fc5-7fd9-4ca2-aa3a-f80266bb6d0e\" href=\"https:\/\/www.esmuc.cat\/wp-content\/uploads\/2022\/09\/220908_NP-Segona-edicio-Musethica_cat.pdf\">2022-09-08 &#8211; Segona edici\u00f3 de Musethica per mostrar l&#8217;excel\u00b7l\u00e8ncia<br>musical i el comprom\u00eds social<\/a><\/div>\n\n\n\n<div class=\"wp-block-file\"><a id=\"wp-block-file--media-b04d04b2-da8d-4e8d-81d1-08a7eaeed59d\" href=\"https:\/\/www.esmuc.cat\/wp-content\/uploads\/2022\/07\/2022-07-13-La-Fundacio-Grupo-SIFU-i-lESMUC-collaboraran-en-la-integracio-de-persones-amb-discapacitat.pdf\">2022-07-13 &#8211; La Fundaci\u00f3 Grupo SIFU i l&#8217;ESMUC col\u00b7laboraran en la integraci\u00f3 de persones amb discapacitat a trav\u00e9s de la m\u00fasica<\/a><\/div>\n\n\n\n<div class=\"wp-block-file\"><a id=\"wp-block-file--media-d9502db5-401e-49c0-ab10-0815d6e1d601\" href=\"https:\/\/www.esmuc.cat\/wp-content\/uploads\/2022\/06\/220608_NP_Barcelona-Fiddle-Congress.pdf\" target=\"_blank\" rel=\"noreferrer noopener\">2022-06-08 &#8211; Barcelona Fiddle Congress IV edici\u00f3<\/a><\/div>\n\n\n\n<div class=\"wp-block-file\"><a id=\"wp-block-file--media-8ba1b53a-abd4-495f-88fe-3971cadd4219\" href=\"https:\/\/www.esmuc.cat\/wp-content\/uploads\/2022\/06\/220616_NP-Concert-fi-de-grau-i-lliurament-Premi-Joan-Guinjoan.pdf\" target=\"_blank\" rel=\"noreferrer noopener\">2022-06-16 &#8211; Concert fi de Grau i lliurament Premi Joan Guinjoan<\/a><\/div>\n\n\n\n<div class=\"wp-block-file\"><a id=\"wp-block-file--media-f75db2a0-0c1c-4e60-9d59-bfdbf53025fc\" href=\"https:\/\/www.esmuc.cat\/wp-content\/uploads\/2022\/06\/NP-Grans-conjunts-esmuc-juny-2022.pdf\" target=\"_blank\" rel=\"noreferrer noopener\">2022-05-31 &#8211; Grans Conjunts ESMUC amb Luc\u00eda Fumero i Marc Tim\u00f3n<\/a><\/div>\n\n\n\n<div id=\"section-ga61941\" class=\"wp-block-gutentor-e0 section-ga61941 gutentor-element gutentor-element-advanced-text\"><div class=\"gutentor-text-wrap\"><p class=\"gutentor-text\"><a href=\"https:\/\/esmuc-my.sharepoint.com\/:b:\/g\/personal\/aalvarez_esmuc_cat\/EZTXpGy54zlGuC-6nIz-HwMBvlvaMpplmB-BrQDByNZf2Q?e=oRtphw\" target=\"_blank\" rel=\"noreferrer noopener\">2022-05-10 &#8211; Dossier premsa &#8211; La Bottega d&#8217;opera Il filosofo di Campagna<\/a><\/p><\/div><\/div>\n\n\n\n<div class=\"wp-block-file\"><a id=\"wp-block-file--media-962c5e7a-753e-4b7d-b2da-f732549017bf\" href=\"https:\/\/www.esmuc.cat\/wp-content\/uploads\/2022\/05\/NP-Bottega-Opera-2022-1-1.pdf\" target=\"_blank\" rel=\"noreferrer noopener\">2022-05-10 &#8211; L&#8217;ESMUC presenta la Bottega d&#8217;opera 2022 &#8211; Il filosofo di campagna<\/a><\/div>\n\n\n\n<div class=\"wp-block-file\"><a id=\"wp-block-file--media-87d8a01a-8dd5-461d-aef9-6f18ca104156\" href=\"https:\/\/www.esmuc.cat\/wp-content\/uploads\/2022\/05\/2022-05-03_NP_Guanyador-Premi-Joan_Anibal-Vidal-Guinjoan.pdf\" target=\"_blank\" rel=\"noreferrer noopener\">2022-05-03 &#8211; Guanyador del Premi Joan Guinjoan (Anibal Vidal)<\/a><\/div>\n\n\n\n<div class=\"wp-block-file\"><a id=\"wp-block-file--media-d30bf5e1-25c3-45ab-9f93-66b0784025bf\" href=\"https:\/\/www.esmuc.cat\/wp-content\/uploads\/2022\/04\/2022-04-06_NP_Proves-acces-ESMUC-2022.pdf\" target=\"_blank\" rel=\"noreferrer noopener\">2022-04-06 &#8211; Inscripci\u00f3 oberta a les proves d&#8217;acc\u00e9s de l\u2019ESMUC (2022)<\/a><\/div>\n\n\n\n<div class=\"wp-block-file\"><a id=\"wp-block-file--media-34f938e1-6943-40f5-ad5a-8cda1864c144\" href=\"https:\/\/www.esmuc.cat\/wp-content\/uploads\/2022\/04\/2022-04-01_NP_Oferta-de-masters-de-lESMUC.pdf\" target=\"_blank\" rel=\"noreferrer noopener\">2022-04-01 &#8211; L&#8217;ESMUC presenta una oferta de 14 m\u00e0sters i 1 postgrau per al pr\u00f2xim curs 2022-2023<\/a><\/div>\n\n\n\n<div class=\"wp-block-file\"><a id=\"wp-block-file--media-99e6e6b4-4c70-43df-8aa6-638e90e5e759\" href=\"https:\/\/www.esmuc.cat\/wp-content\/uploads\/2022\/04\/2202-03-15_NP_Una-ma-de-contes_Club-Super-3.pdf\" target=\"_blank\" rel=\"noreferrer noopener\">2202-03-15 &#8211; <em>Estrena al canal Super3 i presentaci\u00f3 a l\u2019ESMUC dels cap\u00edtols d\u201cUna m\u00e0 de contes\u201d<\/em><\/a><\/div>\n\n\n\n<div class=\"wp-block-file\"><a id=\"wp-block-file--media-3e7ba8a5-3d31-4ba1-93e5-3319efba517b\" href=\"https:\/\/www.esmuc.cat\/wp-content\/uploads\/2022\/04\/2022-03-03_NP_8-de-marc-ESMUC.pdf\" target=\"_blank\" rel=\"noreferrer noopener\">2022-03-03 &#8211; Celebraci\u00f3 del Dia de la Dona a l&#8217;ESMUC (8 de mar\u00e7)<\/a><\/div>\n\n\n\n<div class=\"wp-block-file\"><a id=\"wp-block-file--media-8a5334b7-2b15-40e1-9ceb-a3d059f2e0c1\" href=\"https:\/\/www.esmuc.cat\/wp-content\/uploads\/2022\/04\/2022-02-14_NP_IV-Trobada-Fiddle.pdf\" target=\"_blank\" rel=\"noreferrer noopener\">2022-02-14 &#8211; La IV Trobada Fiddle reuneix 400 estudiants de corda fregada de 28 escoles de m\u00fasica de Catalunya<\/a><\/div>\n\n\n\n<div class=\"wp-block-file\"><a id=\"wp-block-file--media-d49b5a9c-4398-400b-8ae7-a5c2085b2c7f\" href=\"https:\/\/www.esmuc.cat\/wp-content\/uploads\/2022\/04\/2022_02_09_NP_Trobada-Fiddle-ESMUC-ACEM.pdf\" target=\"_blank\" rel=\"noreferrer noopener\">2022_02_09 &#8211; La IV Trobada Fiddle reunir\u00e0 al MNAC 500 estudiants de corda fregada de 28 escoles de m\u00fasica de Catalunya<\/a><\/div>\n\n\n\n<div class=\"wp-block-file\"><a id=\"wp-block-file--media-0e6dd173-609f-47b8-b749-53fd973136c4\" href=\"https:\/\/www.esmuc.cat\/wp-content\/uploads\/2022\/04\/2022-02-02_NP_Cicle-Museu-Mares-febrer-juny-2022-1.pdf\" target=\"_blank\" rel=\"noreferrer noopener\">2022-02-02 &#8211; ARRENCA EL VII CICLE DE CONCERTS MUSICANT EL MUSEU FREDERIC MAR\u00c8S AMB UNA IMPORTANT PRES\u00c8NCIA DE GRADUATS DE L&#8217;ESMUC<\/a><\/div>\n\n\n\n<div class=\"wp-block-file\"><a id=\"wp-block-file--media-989468f9-7f2f-474b-bca2-04bcba6965f8\" href=\"https:\/\/www.esmuc.cat\/wp-content\/uploads\/2022\/04\/2022-01-25_NP_Gran-Conjunt-Simfonic_20-anys-ESMUC.pdf\" target=\"_blank\" rel=\"noreferrer noopener\">2022-01-25 &#8211; EL GRAN CONJUNT DE LA BANDA DE L&#8217;ESMUC CLOU LA PROGRAMACI\u00d3 ESPECIAL DELS 20 ANYS ESMUC<\/a><\/div>\n\n\n\n<div class=\"wp-block-file\"><a id=\"wp-block-file--media-435565b3-b413-4827-afdc-2e5362d0fce4\" href=\"https:\/\/www.esmuc.cat\/wp-content\/uploads\/2022\/04\/2022-01-20_NP_ESMUC-20-anys_Grans-Conjunts.pdf\" target=\"_blank\" rel=\"noreferrer noopener\">2022-01-20 &#8211; N\u00daRIA SEMPRE: \u00abL&#8217;ESMUC vol ser un centre que vol escoltar el que necessita el sector cultural i educatiu de la m\u00fasica\u00bb<\/a><\/div>\n\n\n\n<div class=\"wp-block-file\"><a id=\"wp-block-file--media-3d0518d3-aa3e-49d6-a0b5-b9a0db03d15c\" href=\"https:\/\/www.esmuc.cat\/wp-content\/uploads\/2022\/04\/2022-01-19_Dossier-Premsa-20-anys-ESMUC.pdf\" target=\"_blank\" rel=\"noreferrer noopener\">2022-01-19 &#8211; ESMUC, 20 anys de Grans Conjunts <\/a><\/div>\n\n\n\n<div class=\"wp-block-file\"><a id=\"wp-block-file--media-d8850df3-18c2-46a2-bd92-85509a21f9f7\" href=\"https:\/\/www.esmuc.cat\/wp-content\/uploads\/2022\/04\/2022-01-10_NP_Estrena-Cendrillon-Teatre-de-Saaria-ESMUC.pdf\" target=\"_blank\" rel=\"noreferrer noopener\">2022-01-10 &#8211; La Bottega d\u2019opera de l\u2019ESMUC commemora el bicentenari del naixement de Pauline Viardot<\/a><\/div>\n\n\n\n<div style=\"height:10px\" aria-hidden=\"true\" class=\"wp-block-spacer\"><\/div>\n\n\n\n<hr class=\"wp-block-separator has-css-opacity\"\/>\n\n\n\n<h4 class=\"wp-block-heading has-text-align-center\"><a href=\"https:\/\/www.esmuc.cat\/es\/actividades\/noticies-blog\/\">Veure totes les not\u00edcies | Ver todas las noticias | See all the news<\/a><\/h4>\n<\/div>\n<\/div>\n\n\n\n<p><\/p>\n","protected":false},"excerpt":{"rendered":"<p>Prensa Notas de prensa 2025 &#8211; 04 &#8211; 02 &#8211; Jornada i concert &#8216;La Barcelona negra. Hist\u00f2ries de m\u00fasica i racialitzaci\u00f3&#8217; Veure totes les not\u00edcies | Ver todas las noticias | See all the news<\/p>\n","protected":false},"author":4,"featured_media":0,"parent":50528,"menu_order":0,"comment_status":"closed","ping_status":"closed","template":"","meta":{"_acf_changed":false,"_themeisle_gutenberg_block_has_review":false,"footnotes":""},"categories":[1076],"tags":[1865],"class_list":["post-111361","page","type-page","status-publish","hentry","category-comunicacion","tag-comunicacio-es"],"acf":[],"publishpress_future_action":{"enabled":false,"date":"2026-04-23 01:02:52","action":"change-status","newStatus":"draft","terms":[],"taxonomy":"category","extraData":[]},"publishpress_future_workflow_manual_trigger":{"enabledWorkflows":[]},"_links":{"self":[{"href":"https:\/\/www.esmuc.cat\/es\/wp-json\/wp\/v2\/pages\/111361","targetHints":{"allow":["GET"]}}],"collection":[{"href":"https:\/\/www.esmuc.cat\/es\/wp-json\/wp\/v2\/pages"}],"about":[{"href":"https:\/\/www.esmuc.cat\/es\/wp-json\/wp\/v2\/types\/page"}],"author":[{"embeddable":true,"href":"https:\/\/www.esmuc.cat\/es\/wp-json\/wp\/v2\/users\/4"}],"replies":[{"embeddable":true,"href":"https:\/\/www.esmuc.cat\/es\/wp-json\/wp\/v2\/comments?post=111361"}],"version-history":[{"count":3,"href":"https:\/\/www.esmuc.cat\/es\/wp-json\/wp\/v2\/pages\/111361\/revisions"}],"predecessor-version":[{"id":111371,"href":"https:\/\/www.esmuc.cat\/es\/wp-json\/wp\/v2\/pages\/111361\/revisions\/111371"}],"up":[{"embeddable":true,"href":"https:\/\/www.esmuc.cat\/es\/wp-json\/wp\/v2\/pages\/50528"}],"wp:attachment":[{"href":"https:\/\/www.esmuc.cat\/es\/wp-json\/wp\/v2\/media?parent=111361"}],"wp:term":[{"taxonomy":"category","embeddable":true,"href":"https:\/\/www.esmuc.cat\/es\/wp-json\/wp\/v2\/categories?post=111361"},{"taxonomy":"post_tag","embeddable":true,"href":"https:\/\/www.esmuc.cat\/es\/wp-json\/wp\/v2\/tags?post=111361"}],"curies":[{"name":"wp","href":"https:\/\/api.w.org\/{rel}","templated":true}]}}