{"id":111188,"date":"2024-11-28T13:49:54","date_gmt":"2024-11-28T12:49:54","guid":{"rendered":"https:\/\/www.esmuc.cat\/escuela\/sobre-lesmuc\/departaments\/gestio-de-la-musica\/"},"modified":"2025-08-06T13:26:37","modified_gmt":"2025-08-06T11:26:37","slug":"gestio-de-la-musica","status":"publish","type":"page","link":"https:\/\/www.esmuc.cat\/es\/escuela\/sobre-lesmuc\/departaments\/gestio-de-la-musica\/","title":{"rendered":"Gesti\u00f3n de la M\u00fasica"},"content":{"rendered":"\n<div class=\"wp-block-columns is-layout-flex wp-container-core-columns-is-layout-9d6595d7 wp-block-columns-is-layout-flex\">\n<div class=\"wp-block-column esmuc__Menu_Masters is-layout-flow wp-block-column-is-layout-flow\" style=\"flex-basis:33.33%\">\n\n<\/div>\n\n\n\n<div class=\"wp-block-column is-layout-flow wp-block-column-is-layout-flow\" style=\"flex-basis:66.66%\"><div class=\"breadcrumbs align  wp-block-bcn-breadcrumb-trail has-text-color has-background\" vocab=\"https:\/\/schema.org\/\" typeof=\"BreadcrumbList\">\n\t<span><\/span>\n\t<span property=\"itemListElement\" typeof=\"ListItem\"><a property=\"item\" typeof=\"WebPage\" title=\"Ir a ESMUC.\" href=\"https:\/\/www.esmuc.cat\/es\/\" class=\"home\" ><span property=\"name\">ESMUC<\/span><\/a><meta property=\"position\" content=\"1\"><\/span> &gt; <span property=\"itemListElement\" typeof=\"ListItem\"><a property=\"item\" typeof=\"WebPage\" title=\"Ir a Escuela.\" href=\"https:\/\/www.esmuc.cat\/es\/escuela\/\" class=\"post post-page\" ><span property=\"name\">Escuela<\/span><\/a><meta property=\"position\" content=\"2\"><\/span> &gt; <span property=\"itemListElement\" typeof=\"ListItem\"><a property=\"item\" typeof=\"WebPage\" title=\"Ir a Sobre la ESMUC.\" href=\"https:\/\/www.esmuc.cat\/es\/escuela\/sobre-lesmuc\/\" class=\"post post-page\" ><span property=\"name\">Sobre la ESMUC<\/span><\/a><meta property=\"position\" content=\"3\"><\/span> &gt; <span property=\"itemListElement\" typeof=\"ListItem\"><a property=\"item\" typeof=\"WebPage\" title=\"Ir a Departamentos.\" href=\"https:\/\/www.esmuc.cat\/es\/escuela\/sobre-lesmuc\/departaments\/\" class=\"post post-page\" ><span property=\"name\">Departamentos<\/span><\/a><meta property=\"position\" content=\"4\"><\/span> &gt; <span property=\"itemListElement\" typeof=\"ListItem\"><span property=\"name\" class=\"post post-page current-item\">Gesti\u00f3n de la M\u00fasica<\/span><meta property=\"url\" content=\"https:\/\/www.esmuc.cat\/es\/escuela\/sobre-lesmuc\/departaments\/gestio-de-la-musica\/\"><meta property=\"position\" content=\"5\"><\/span><\/div>\n\n\n\n<h1 class=\"wp-block-heading\">Gesti\u00f3n de la M\u00fasica<\/h1>\n\n\n\n<div style=\"height:10px\" aria-hidden=\"true\" class=\"wp-block-spacer\"><\/div>\n\n\n<figure class=\"wp-block-post-featured-image\"><img decoding=\"async\" width=\"4724\" height=\"3149\" src=\"https:\/\/www.esmuc.cat\/wp-content\/uploads\/2024\/11\/DSC_1284-1.jpg\" class=\"attachment-post-thumbnail size-post-thumbnail wp-post-image\" alt=\"DSC_1284 (1)\" style=\"object-fit:cover;\" srcset=\"https:\/\/www.esmuc.cat\/wp-content\/uploads\/2024\/11\/DSC_1284-1.jpg 4724w, https:\/\/www.esmuc.cat\/wp-content\/uploads\/2024\/11\/DSC_1284-1-300x200.jpg 300w, https:\/\/www.esmuc.cat\/wp-content\/uploads\/2024\/11\/DSC_1284-1-1024x683.jpg 1024w, https:\/\/www.esmuc.cat\/wp-content\/uploads\/2024\/11\/DSC_1284-1-768x512.jpg 768w, https:\/\/www.esmuc.cat\/wp-content\/uploads\/2024\/11\/DSC_1284-1-1536x1024.jpg 1536w, https:\/\/www.esmuc.cat\/wp-content\/uploads\/2024\/11\/DSC_1284-1-2048x1365.jpg 2048w\" sizes=\"(max-width: 4724px) 100vw, 4724px\" title=\"DSC_1284 (1)\" \/><\/figure>\n\n\n<div style=\"height:10px\" aria-hidden=\"true\" class=\"wp-block-spacer\"><\/div>\n\n\n\n<div id=\"section-ge5b24e\" class=\"wp-block-gutentor-e7 section-ge5b24e gutentor-element gutentor-element-list\"><ul class=\"grid-row gutentor-grid-item-wrap list-indicator-icon\"><li class=\"gutentor-list-item grid-lg-12 grid-md-12 grid-12\"><span class=\"gutentor-single-item gutentor-single-item-0\"><span class=\"gutentor-list-item-wrap g-s-list-wrap\"><span class=\"gutentor-single-list-item-icon\"><i class=\"list-item-icon fas fa-envelope\"><\/i><\/span><span class=\"gutentor-list-item\"><p class=\"gutentor-single-item-title\">Contacto: <em>deptec.gestio@esmuc.cat<\/em><\/p><\/span><\/span><\/span><\/li><\/ul><\/div>\n\n\n\n<div id=\"section-g84ffb7\" class=\"wp-block-gutentor-e7 section-g84ffb7 gutentor-element gutentor-element-list\"><ul class=\"grid-row gutentor-grid-item-wrap list-indicator-icon\"><li class=\"gutentor-list-item grid-lg-12 grid-md-12 grid-12\"><span class=\"gutentor-single-item gutentor-single-item-0\"><span class=\"gutentor-list-item-wrap g-s-list-wrap\"><span class=\"gutentor-single-list-item-icon\"><i class=\"list-item-icon fas fa-user\"><\/i><\/span><span class=\"gutentor-list-item\"><p class=\"gutentor-single-item-title\"><strong>Jefe de departamento<\/strong>: <a href=\"https:\/\/www.esmuc.cat\/es\/professorat\/joan-fargas\/\" target=\"_blank\" rel=\"noreferrer noopener\">Joan Fargas<\/a><br><em>jfargas@esmuc.cat<\/em><\/p><\/span><\/span><\/span><\/li><li class=\"gutentor-list-item grid-lg-12 grid-md-12 grid-12\"><span class=\"gutentor-single-item gutentor-single-item-1\"><span class=\"gutentor-list-item-wrap g-s-list-wrap\"><span class=\"gutentor-single-list-item-icon\"><i class=\"list-item-icon fas fa-user\"><\/i><\/span><span class=\"gutentor-list-item\"><p class=\"gutentor-single-item-title\"><strong>Gesti\u00f3n<\/strong>: Sonia Hunault<br><em>shunault@esmuc.cat<\/em><\/p><\/span><\/span><\/span><\/li><\/ul><\/div>\n\n\n\n<div style=\"height:10px\" aria-hidden=\"true\" class=\"wp-block-spacer\"><\/div>\n\n\n\n<section id=\"98a94a\" class=\"section-98a94a gutentor-module gutentor-module-accordion\"><div class=\"grid-container\">\n<div id=\"fdb9fc\" class=\"wp-block-gutentor-m6-item section-fdb9fc gutentor-module gutentor-module-accordion-item\"><div class=\"gutentor-module-accordion-panel g-a-panel-98a94a\"><div class=\"gm-ah-98a94a gutentor-module-accordion-item-heading gutentor-module-icon-position-right\"><span class=\"gutentor-module-accordion-panel-handler\" role=\"button\"><span class=\"gutentor-module-accordion-panel-handler-label\">Qu\u00e9 m\u00e1steres promueve este departamento?<\/span><span class=\"gutentor-module-accordion-icon\"><i class=\"gm-aio-98a94a gutentor-module-accordion-icon-open fas fa-plus\"><\/i><i class=\"gm-aic-98a94a gutentor-module-accordion-icon-close fas fa-minus\"><\/i><\/span><\/span><\/div><div class=\"gm-ab-98a94a gutentor-module-accordion-body\">\n<div id=\"section-g-cnzt3nu\" class=\"wp-block-gutentor-e0 section-g-cnzt3nu gutentor-element gutentor-element-advanced-text\"><div class=\"gutentor-text-wrap\"><p class=\"gutentor-text\"><a href=\"https:\/\/www.esmuc.cat\/es\/estudios\/masters-i-postgraus\/master-propi-de-management-i-produccio-musical\/\">M\u00e1ster de management y producci\u00f3n musical\u00a0<\/a><br><a href=\"https:\/\/www.esmuc.cat\/es\/estudios\/masters-i-postgraus\/master-propi-de-direccio-i-gestio-de-centres-educatius-artistics\/\">M\u00e1ster de direcci\u00f3n y gesti\u00f3n de centros educativos art\u00edsticos\u00a0<\/a><\/p><\/div><\/div>\n<\/div><\/div><\/div>\n<\/div><\/section>\n<\/div>\n<\/div>\n","protected":false},"excerpt":{"rendered":"<p>Gesti\u00f3n de la M\u00fasica<\/p>\n","protected":false},"author":49,"featured_media":101828,"parent":33555,"menu_order":0,"comment_status":"closed","ping_status":"closed","template":"","meta":{"_acf_changed":false,"_themeisle_gutenberg_block_has_review":false,"footnotes":""},"categories":[1250],"tags":[1628,1171,1268,1174,1270],"class_list":["post-111188","page","type-page","status-publish","has-post-thumbnail","hentry","category-departament-de-tecnologies-i-gestio-de-la-musica-es","tag-departamentos","tag-estudis-es","tag-produccio-es","tag-sonologia-es","tag-tecnologies-i-gestio-de-la-musica-es"],"acf":[],"publishpress_future_action":{"enabled":false,"date":"2026-04-10 20:44:36","action":"change-status","newStatus":"draft","terms":[],"taxonomy":"category","extraData":[]},"publishpress_future_workflow_manual_trigger":{"enabledWorkflows":[]},"_links":{"self":[{"href":"https:\/\/www.esmuc.cat\/es\/wp-json\/wp\/v2\/pages\/111188","targetHints":{"allow":["GET"]}}],"collection":[{"href":"https:\/\/www.esmuc.cat\/es\/wp-json\/wp\/v2\/pages"}],"about":[{"href":"https:\/\/www.esmuc.cat\/es\/wp-json\/wp\/v2\/types\/page"}],"author":[{"embeddable":true,"href":"https:\/\/www.esmuc.cat\/es\/wp-json\/wp\/v2\/users\/49"}],"replies":[{"embeddable":true,"href":"https:\/\/www.esmuc.cat\/es\/wp-json\/wp\/v2\/comments?post=111188"}],"version-history":[{"count":6,"href":"https:\/\/www.esmuc.cat\/es\/wp-json\/wp\/v2\/pages\/111188\/revisions"}],"predecessor-version":[{"id":111221,"href":"https:\/\/www.esmuc.cat\/es\/wp-json\/wp\/v2\/pages\/111188\/revisions\/111221"}],"up":[{"embeddable":true,"href":"https:\/\/www.esmuc.cat\/es\/wp-json\/wp\/v2\/pages\/33555"}],"wp:featuredmedia":[{"embeddable":true,"href":"https:\/\/www.esmuc.cat\/es\/wp-json\/wp\/v2\/media\/101828"}],"wp:attachment":[{"href":"https:\/\/www.esmuc.cat\/es\/wp-json\/wp\/v2\/media?parent=111188"}],"wp:term":[{"taxonomy":"category","embeddable":true,"href":"https:\/\/www.esmuc.cat\/es\/wp-json\/wp\/v2\/categories?post=111188"},{"taxonomy":"post_tag","embeddable":true,"href":"https:\/\/www.esmuc.cat\/es\/wp-json\/wp\/v2\/tags?post=111188"}],"curies":[{"name":"wp","href":"https:\/\/api.w.org\/{rel}","templated":true}]}}