{"id":107979,"date":"2025-05-26T16:00:44","date_gmt":"2025-05-26T14:00:44","guid":{"rendered":"https:\/\/www.esmuc.cat\/repositorio-institucional-de-la-esmuc\/"},"modified":"2025-05-26T16:00:45","modified_gmt":"2025-05-26T14:00:45","slug":"repositorio-institucional-de-la-esmuc","status":"publish","type":"page","link":"https:\/\/www.esmuc.cat\/es\/repositorio-institucional-de-la-esmuc\/","title":{"rendered":"Repositorio institucional de la ESMUC"},"content":{"rendered":"\n<h2 class=\"wp-block-heading\"><strong>Repositorio institucional de la ESMUC<\/strong><\/h2>\n\n<div style=\"height:31px\" aria-hidden=\"true\" class=\"wp-block-spacer\"><\/div>\n\n<p>El <a rel=\"noreferrer noopener\" target=\"_blank\" href=\"https:\/\/repositori.educacio.gencat.cat\/handle\/20.500.12694\/5754\">repositorio institucional de la ESMUC<\/a> es una herramienta corporativa gestionada por la Biblioteca-CRAI, cuya misi\u00f3n es recopilar, preservar, difundir y garantizar el acceso abierto y permanente a la producci\u00f3n documental generada por la ESMUC a lo largo de su trayectoria.<\/p>\n\n<p>Este repositorio forma parte del <a rel=\"noreferrer noopener\" target=\"_blank\" href=\"https:\/\/repositori.educacio.gencat.cat\/\">Repositorio del Departamento de Educaci\u00f3n y Formaci\u00f3n Profesional (RDE)<\/a>, y se integra dentro de la estrategia institucional para la gesti\u00f3n y difusi\u00f3n del conocimiento. De este modo, se facilita la visibilidad y el impacto de la investigaci\u00f3n, la docencia y la creaci\u00f3n art\u00edstica desarrolladas en la ESMUC, tanto en la comunidad educativa como en la sociedad en general. <\/p>\n\n<div style=\"height:24px\" aria-hidden=\"true\" class=\"wp-block-spacer\"><\/div>\n\n<p><strong>\u00bfQu\u00e9 se puede encontrar?<\/strong><\/p>\n\n<p>El repositorio institucional de la ESMUC incluye una gran variedad de documentos y materiales, tales como:<\/p>\n\n<div id=\"wp-block-themeisle-blocks-icon-list-5c8adbfc\" class=\"wp-block-themeisle-blocks-icon-list\">\n<div id=\"wp-block-themeisle-blocks-icon-list-item-cf87ea82\" class=\"wp-block-themeisle-blocks-icon-list-item\"><i class=\"fas fa-check wp-block-themeisle-blocks-icon-list-item-icon\"><\/i><p class=\"wp-block-themeisle-blocks-icon-list-item-content\">Memorias anuales y planes de actuaci\u00f3n<\/p><\/div>\n\n\n\n<div id=\"wp-block-themeisle-blocks-icon-list-item-5cb928e7\" class=\"wp-block-themeisle-blocks-icon-list-item\"><i class=\"fas fa-check wp-block-themeisle-blocks-icon-list-item-icon\"><\/i><p class=\"wp-block-themeisle-blocks-icon-list-item-content\">Art\u00edculos y publicaciones cient\u00edficas<\/p><\/div>\n\n\n\n<div id=\"wp-block-themeisle-blocks-icon-list-item-b535113b\" class=\"wp-block-themeisle-blocks-icon-list-item\"><i class=\"fas fa-check wp-block-themeisle-blocks-icon-list-item-icon\"><\/i><p class=\"wp-block-themeisle-blocks-icon-list-item-content\">Trabajos de Fin de Grado (TFG) y Trabajos de Fin de M\u00e1ster (TFM)<\/p><\/div>\n\n\n\n<div id=\"wp-block-themeisle-blocks-icon-list-item-3f8e50dd\" class=\"wp-block-themeisle-blocks-icon-list-item\"><i class=\"fas fa-check wp-block-themeisle-blocks-icon-list-item-icon\"><\/i><p class=\"wp-block-themeisle-blocks-icon-list-item-content\">Materiales de difusi\u00f3n y divulgaci\u00f3n de la Escuela<\/p><\/div>\n\n\n\n<div id=\"wp-block-themeisle-blocks-icon-list-item-172bbfbc\" class=\"wp-block-themeisle-blocks-icon-list-item\"><i class=\"fas fa-check wp-block-themeisle-blocks-icon-list-item-icon\"><\/i><p class=\"wp-block-themeisle-blocks-icon-list-item-content\">Documentaci\u00f3n institucional hist\u00f3rica y actual<\/p><\/div>\n<\/div>\n\n<p>A medida que el proyecto avanza, el repositorio se ampl\u00eda continuamente con nuevas aportaciones, con el objetivo de convertirse en un referente para la consulta y preservaci\u00f3n del patrimonio documental de la ESMUC.<\/p>\n\n<div style=\"height:17px\" aria-hidden=\"true\" class=\"wp-block-spacer\"><\/div>\n\n<p><strong>Compromiso con el acceso abierto<\/strong><\/p>\n\n<p>La ESMUC apuesta por la transparencia, la transferencia de conocimiento y el acceso libre a la informaci\u00f3n. Por ello, el repositorio institucional garantiza que todos los documentos est\u00e9n disponibles en acceso abierto, de acuerdo con la legislaci\u00f3n vigente y respetando los derechos de autor. <\/p>\n\n<div style=\"height:21px\" aria-hidden=\"true\" class=\"wp-block-spacer\"><\/div>\n\n<figure class=\"wp-block-image size-full\"><img decoding=\"async\" width=\"516\" height=\"250\" src=\"https:\/\/www.esmuc.cat\/wp-content\/uploads\/2025\/05\/R-4.png\" alt=\"R\" class=\"wp-image-107818\" srcset=\"https:\/\/www.esmuc.cat\/wp-content\/uploads\/2025\/05\/R-4.png 516w, https:\/\/www.esmuc.cat\/wp-content\/uploads\/2025\/05\/R-4-300x145.png 300w\" sizes=\"(max-width: 516px) 100vw, 516px\" \/><\/figure>\n\n<div style=\"height:30px\" aria-hidden=\"true\" class=\"wp-block-spacer\"><\/div>\n\n<section id=\"gmd6d9ba1\" class=\"wp-block-gutentor-m3 section-gmd6d9ba1 gutentor-module gutentor-container-cover has-color-bg has-custom-bg\"><div class=\"grid-container\">\n<p><strong>Acceso y consultas<\/strong><\/p>\n\n\n\n<p>Todos los materiales del repositorio est\u00e1n disponibles en l\u00ednea y se pueden consultar libremente a trav\u00e9s del portal institucional. Para m\u00e1s informaci\u00f3n o para solicitar la incorporaci\u00f3n de nuevos documentos, pod\u00e9is <a href=\"https:\/\/www.esmuc.cat\/es\/servicios\/biblioteca-crai\/contacte-biblioteca\/\" target=\"_blank\" rel=\"noreferrer noopener\">contactar con la Biblioteca-CRAI de la ESMUC<\/a>. <\/p>\n<\/div><\/section>\n\n<p><\/p>\n","protected":false},"excerpt":{"rendered":"<p>Repositorio institucional de la ESMUC El repositorio institucional de la ESMUC es una herramienta corporativa gestionada por la Biblioteca-CRAI, cuya misi\u00f3n es recopilar, preservar, difundir y garantizar el acceso abierto y permanente a la producci\u00f3n documental generada por la ESMUC a lo largo de su trayectoria. Este repositorio forma parte del Repositorio del Departamento de [&hellip;]<\/p>\n","protected":false},"author":40,"featured_media":0,"parent":0,"menu_order":0,"comment_status":"closed","ping_status":"closed","template":"","meta":{"_acf_changed":false,"_themeisle_gutenberg_block_has_review":false,"footnotes":""},"categories":[],"tags":[1347,1335],"class_list":["post-107979","page","type-page","status-publish","hentry","tag-fons-bibliografics-es","tag-preguntes-frequents-biblioteca-crai-es"],"acf":[],"publishpress_future_action":{"enabled":false,"date":"2026-05-04 09:00:42","action":"change-status","newStatus":"draft","terms":[],"taxonomy":"category","extraData":[]},"publishpress_future_workflow_manual_trigger":{"enabledWorkflows":[]},"_links":{"self":[{"href":"https:\/\/www.esmuc.cat\/es\/wp-json\/wp\/v2\/pages\/107979","targetHints":{"allow":["GET"]}}],"collection":[{"href":"https:\/\/www.esmuc.cat\/es\/wp-json\/wp\/v2\/pages"}],"about":[{"href":"https:\/\/www.esmuc.cat\/es\/wp-json\/wp\/v2\/types\/page"}],"author":[{"embeddable":true,"href":"https:\/\/www.esmuc.cat\/es\/wp-json\/wp\/v2\/users\/40"}],"replies":[{"embeddable":true,"href":"https:\/\/www.esmuc.cat\/es\/wp-json\/wp\/v2\/comments?post=107979"}],"version-history":[{"count":2,"href":"https:\/\/www.esmuc.cat\/es\/wp-json\/wp\/v2\/pages\/107979\/revisions"}],"predecessor-version":[{"id":108219,"href":"https:\/\/www.esmuc.cat\/es\/wp-json\/wp\/v2\/pages\/107979\/revisions\/108219"}],"wp:attachment":[{"href":"https:\/\/www.esmuc.cat\/es\/wp-json\/wp\/v2\/media?parent=107979"}],"wp:term":[{"taxonomy":"category","embeddable":true,"href":"https:\/\/www.esmuc.cat\/es\/wp-json\/wp\/v2\/categories?post=107979"},{"taxonomy":"post_tag","embeddable":true,"href":"https:\/\/www.esmuc.cat\/es\/wp-json\/wp\/v2\/tags?post=107979"}],"curies":[{"name":"wp","href":"https:\/\/api.w.org\/{rel}","templated":true}]}}