{"id":107028,"date":"2025-04-29T18:37:50","date_gmt":"2025-04-29T16:37:50","guid":{"rendered":"https:\/\/www.esmuc.cat\/henle-library-instrucciones-de-instalacion-y-acceso-2\/"},"modified":"2025-09-17T12:39:28","modified_gmt":"2025-09-17T10:39:28","slug":"henle-library-instrucciones-de-instalacion-y-acceso-2","status":"publish","type":"page","link":"https:\/\/www.esmuc.cat\/es\/henle-library-instrucciones-de-instalacion-y-acceso-2\/","title":{"rendered":"Henle Library, instrucciones de instalaci\u00f3n y acceso"},"content":{"rendered":"\n<h2 class=\"wp-block-heading\">Henle Library<\/h2>\n\n\n\n<div style=\"height:44px\" aria-hidden=\"true\" class=\"wp-block-spacer\"><\/div>\n\n\n\n<p>\u00a1La Biblioteca-CRAI de la ESMUC ofrece el nuevo recurso <strong>Henle Library<\/strong>!<\/p>\n\n\n\n<p>Henle Library es una aplicaci\u00f3n que contiene el cat\u00e1logo digital completo de todas las ediciones Urtext de la editorial Henle. \u00a1M\u00e1s de 1.000 partituras disponibles! <\/p>\n\n\n\n<p><em><strong>Se puede consultar a trav\u00e9s de:<\/strong><\/em><\/p>\n\n\n\n<p>\u25cf La <strong>aplicaci\u00f3n<\/strong> para iOS y Android &gt; os permitir\u00e1 hacer anotaciones y descargar las partituras en pdf.<br>Disponible para iPads y iPhones, ordenadores Mac, tablets y m\u00f3viles Android y tambi\u00e9n Chromebooks. No est\u00e1 disponible para Windows. <br>Podr\u00e9is descargaros la aplicaci\u00f3n en el <strong><a href=\"https:\/\/apps.apple.com\/us\/app\/henle-library\/id1021283948\">App Store<\/a><\/strong> o <strong><a href=\"https:\/\/play.google.com\/store\/apps\/details?id=com.touchpress.henle&amp;hl=es&amp;pli=1\">Google Play<\/a><\/strong>. <\/p>\n\n\n\n<p>\u25cf Su <strong><a href=\"https:\/\/esmuc.idm.oclc.org\/login?url=https:\/\/webapp.henle-library.com\/en\" target=\"_blank\" rel=\"noreferrer noopener\">web<\/a><\/strong> > os permitir\u00e1 solo la visualizaci\u00f3n de las partituras.<\/p>\n\n\n\n<div style=\"height:49px\" aria-hidden=\"true\" class=\"wp-block-spacer\"><\/div>\n\n\n\n<h2 class=\"wp-block-heading\"><strong>Instrucciones de instalaci\u00f3n y acceso<\/strong> en la app<\/h2>\n\n\n\n<p><strong>NOTA:<\/strong> Se deben seguir estas indicaciones con tal de acreditar que sois miembros de la Escuela Superior de M\u00fasica de Catalu\u00f1a y poder acceder correctamente al recurso.<\/p>\n\n\n\n<p>En primer lugar se debe acceder a la web:\u202f<a href=\"https:\/\/urldefense.com\/v3\/__https:\/\/esmuc.idm.oclc.org\/login?url=https:**Ahenle-library.com*en*campus-edition*__;Ly8vLy8!!D9dNQwwGXtA!QHvO_s_IEziRn62OG7AdcmsT6yxpWDa1e8qNcz83_1FF56iS79of74XYSficKvZGgUvTQNaDCj-HZirhIfGiO3Q%24\" target=\"_blank\" rel=\"noreferrer noopener\">https:\/\/esmuc.idm.oclc.org\/login?url=https:\/\/henle-library.com\/en\/campus-edition\/<\/a><\/p>\n\n\n\n<ol start=\"1\" class=\"wp-block-list\">\n<li><\/li>\n<\/ol>\n\n\n\n<figure class=\"wp-block-image size-full is-resized\"><img decoding=\"async\" width=\"978\" height=\"576\" src=\"https:\/\/www.esmuc.cat\/wp-content\/uploads\/2025\/01\/Captura-de-pantalla_8-1-2025_154614_henle-library.com_.jpeg\" alt=\"Captura De Pantalla 8 1 2025 154614 Henle Library.com\" class=\"wp-image-103071\" style=\"width:837px;height:auto\" srcset=\"https:\/\/www.esmuc.cat\/wp-content\/uploads\/2025\/01\/Captura-de-pantalla_8-1-2025_154614_henle-library.com_.jpeg 978w, https:\/\/www.esmuc.cat\/wp-content\/uploads\/2025\/01\/Captura-de-pantalla_8-1-2025_154614_henle-library.com_-300x177.jpeg 300w, https:\/\/www.esmuc.cat\/wp-content\/uploads\/2025\/01\/Captura-de-pantalla_8-1-2025_154614_henle-library.com_-768x452.jpeg 768w\" sizes=\"(max-width: 978px) 100vw, 978px\" \/><\/figure>\n\n\n\n<div style=\"height:17px\" aria-hidden=\"true\" class=\"wp-block-spacer\"><\/div>\n\n\n\n<p>En segundo lugar ir a &#8220;<strong>Create your account<\/strong>&#8220;. <\/p>\n\n\n\n<ol start=\"2\" class=\"wp-block-list\">\n<li><\/li>\n<\/ol>\n\n\n\n<figure class=\"wp-block-image size-full is-resized\"><img decoding=\"async\" width=\"973\" height=\"594\" src=\"https:\/\/www.esmuc.cat\/wp-content\/uploads\/2025\/01\/Captura-de-pantalla_8-1-2025_154719_henle-library.com_.jpeg\" alt=\"Captura De Pantalla 8 1 2025 154719 Henle Library.com\" class=\"wp-image-103074\" style=\"width:837px\" srcset=\"https:\/\/www.esmuc.cat\/wp-content\/uploads\/2025\/01\/Captura-de-pantalla_8-1-2025_154719_henle-library.com_.jpeg 973w, https:\/\/www.esmuc.cat\/wp-content\/uploads\/2025\/01\/Captura-de-pantalla_8-1-2025_154719_henle-library.com_-300x183.jpeg 300w, https:\/\/www.esmuc.cat\/wp-content\/uploads\/2025\/01\/Captura-de-pantalla_8-1-2025_154719_henle-library.com_-768x469.jpeg 768w\" sizes=\"(max-width: 973px) 100vw, 973px\" \/><\/figure>\n\n\n\n<div style=\"height:20px\" aria-hidden=\"true\" class=\"wp-block-spacer\"><\/div>\n\n\n\n<p><strong>IMPORTANTE:<\/strong> para crear la cuenta deb\u00e9is usar el correo electr\u00f3nico de la ESMUC (<a href=\"mailto:@esmuc.cat\" target=\"_blank\" rel=\"noreferrer noopener\">@esmuc.cat<\/a> o @est.esmuc.cat). <\/p>\n\n\n\n<div style=\"height:24px\" aria-hidden=\"true\" class=\"wp-block-spacer\"><\/div>\n\n\n\n<p>A continuaci\u00f3n, se debe de descargar la app &#8220;Henle\u202fLibrary&#8221; en vuestro <strong>m\u00f3vil\/tablet<\/strong> a trav\u00e9s de <a href=\"https:\/\/play.google.com\/store\/search?q=henle+library&amp;c=apps\" target=\"_blank\" rel=\"noreferrer noopener\">Google Play<\/a> o <a href=\"https:\/\/apps.apple.com\/us\/app\/henle-library\/id1021283948\" target=\"_blank\" rel=\"noreferrer noopener\">AppStore<\/a>. <\/p>\n\n\n\n<p>Finalmente, se deber\u00e1 abrir la app e <strong>iniciar sesi\u00f3n con las credenciales usadas durante el segundo paso. <\/strong> <\/p>\n\n\n\n<p>Cada tres meses la aplicaci\u00f3n os pedir\u00e1 <strong>revalidar<\/strong> vuestra cuenta. Tan solo deb\u00e9is rellenar el correo y la contrase\u00f1a que hab\u00e9is usado para crearos vuestra cuenta. Pod\u00e9is acceder a esta funci\u00f3n a trav\u00e9s del enlace: <a href=\"https:\/\/www.henle-library.com\/en\/campus-edition\/#revalidate\" target=\"_blank\" rel=\"noreferrer noopener\">https:\/\/www.henle-library.com\/en\/campus-edition\/#revalidate<\/a> (desde cualquier localizaci\u00f3n).<\/p>\n\n\n\n<div style=\"height:27px\" aria-hidden=\"true\" class=\"wp-block-spacer\"><\/div>\n\n\n\n<figure class=\"wp-block-image size-large is-resized\"><img decoding=\"async\" width=\"1024\" height=\"906\" src=\"https:\/\/www.esmuc.cat\/wp-content\/uploads\/2025\/01\/thumbnail_Screenshot_20250108_155040_com.touchpress.henle_-1-1024x906.jpg\" alt=\"Thumbnail Screenshot 20250108 155040 Com.touchpress.henle\" class=\"wp-image-103087\" style=\"width:422px;height:auto\" srcset=\"https:\/\/www.esmuc.cat\/wp-content\/uploads\/2025\/01\/thumbnail_Screenshot_20250108_155040_com.touchpress.henle_-1-1024x906.jpg 1024w, https:\/\/www.esmuc.cat\/wp-content\/uploads\/2025\/01\/thumbnail_Screenshot_20250108_155040_com.touchpress.henle_-1-300x266.jpg 300w, https:\/\/www.esmuc.cat\/wp-content\/uploads\/2025\/01\/thumbnail_Screenshot_20250108_155040_com.touchpress.henle_-1-768x680.jpg 768w, https:\/\/www.esmuc.cat\/wp-content\/uploads\/2025\/01\/thumbnail_Screenshot_20250108_155040_com.touchpress.henle_-1.jpg 1080w\" sizes=\"(max-width: 1024px) 100vw, 1024px\" \/><\/figure>\n\n\n\n<ol start=\"5\" class=\"wp-block-list\">\n<li><\/li>\n<\/ol>\n","protected":false},"excerpt":{"rendered":"<p>Henle Library \u00a1La Biblioteca-CRAI de la ESMUC ofrece el nuevo recurso Henle Library! Henle Library es una aplicaci\u00f3n que contiene el cat\u00e1logo digital completo de todas las ediciones Urtext de la editorial Henle. \u00a1M\u00e1s de 1.000 partituras disponibles! Se puede consultar a trav\u00e9s de: \u25cf La aplicaci\u00f3n para iOS y Android &gt; os permitir\u00e1 hacer [&hellip;]<\/p>\n","protected":false},"author":40,"featured_media":0,"parent":0,"menu_order":0,"comment_status":"closed","ping_status":"closed","template":"","meta":{"_acf_changed":false,"_themeisle_gutenberg_block_has_review":false,"footnotes":""},"categories":[1316],"tags":[1540,1418,1361],"class_list":["post-107028","page","type-page","status-publish","hentry","category-biblioteca-crai-es","tag-bases-de-dades-es","tag-biblioteca-digital-es","tag-partitures-electroniques-es"],"acf":[],"publishpress_future_action":{"enabled":false,"date":"2026-04-16 14:32:26","action":"change-status","newStatus":"draft","terms":[],"taxonomy":"category","extraData":[]},"publishpress_future_workflow_manual_trigger":{"enabledWorkflows":[]},"_links":{"self":[{"href":"https:\/\/www.esmuc.cat\/es\/wp-json\/wp\/v2\/pages\/107028","targetHints":{"allow":["GET"]}}],"collection":[{"href":"https:\/\/www.esmuc.cat\/es\/wp-json\/wp\/v2\/pages"}],"about":[{"href":"https:\/\/www.esmuc.cat\/es\/wp-json\/wp\/v2\/types\/page"}],"author":[{"embeddable":true,"href":"https:\/\/www.esmuc.cat\/es\/wp-json\/wp\/v2\/users\/40"}],"replies":[{"embeddable":true,"href":"https:\/\/www.esmuc.cat\/es\/wp-json\/wp\/v2\/comments?post=107028"}],"version-history":[{"count":4,"href":"https:\/\/www.esmuc.cat\/es\/wp-json\/wp\/v2\/pages\/107028\/revisions"}],"predecessor-version":[{"id":112154,"href":"https:\/\/www.esmuc.cat\/es\/wp-json\/wp\/v2\/pages\/107028\/revisions\/112154"}],"wp:attachment":[{"href":"https:\/\/www.esmuc.cat\/es\/wp-json\/wp\/v2\/media?parent=107028"}],"wp:term":[{"taxonomy":"category","embeddable":true,"href":"https:\/\/www.esmuc.cat\/es\/wp-json\/wp\/v2\/categories?post=107028"},{"taxonomy":"post_tag","embeddable":true,"href":"https:\/\/www.esmuc.cat\/es\/wp-json\/wp\/v2\/tags?post=107028"}],"curies":[{"name":"wp","href":"https:\/\/api.w.org\/{rel}","templated":true}]}}