{"id":105664,"date":"2025-03-18T18:02:11","date_gmt":"2025-03-18T17:02:11","guid":{"rendered":"https:\/\/www.esmuc.cat\/servicios\/biblioteca-crai\/biblioteca-digital\/exposiciones-virtuales\/musica-en-mujeres\/"},"modified":"2025-03-18T18:02:12","modified_gmt":"2025-03-18T17:02:12","slug":"musica-en-mujeres","status":"publish","type":"page","link":"https:\/\/www.esmuc.cat\/es\/servicios\/biblioteca-crai\/biblioteca-digital\/exposiciones-virtuales\/musica-en-mujeres\/","title":{"rendered":"M\u00fasica en Mujeres"},"content":{"rendered":"\n<div class=\"wp-block-columns is-layout-flex wp-container-core-columns-is-layout-9d6595d7 wp-block-columns-is-layout-flex\">\n<div class=\"wp-block-column is-layout-flow wp-block-column-is-layout-flow\" style=\"flex-basis:100%\"><div class=\"breadcrumbs align  wp-block-bcn-breadcrumb-trail has-text-color has-background\" vocab=\"https:\/\/schema.org\/\" typeof=\"BreadcrumbList\">\n\t<span><\/span>\n\t<span property=\"itemListElement\" typeof=\"ListItem\"><a property=\"item\" typeof=\"WebPage\" title=\"Ir a ESMUC.\" href=\"https:\/\/www.esmuc.cat\/es\/\" class=\"home\" ><span property=\"name\">ESMUC<\/span><\/a><meta property=\"position\" content=\"1\"><\/span> &gt; <span property=\"itemListElement\" typeof=\"ListItem\"><a property=\"item\" typeof=\"WebPage\" title=\"Ir a Servicios.\" href=\"https:\/\/www.esmuc.cat\/es\/servicios\/\" class=\"post post-page\" ><span property=\"name\">Servicios<\/span><\/a><meta property=\"position\" content=\"2\"><\/span> &gt; <span property=\"itemListElement\" typeof=\"ListItem\"><a property=\"item\" typeof=\"WebPage\" title=\"Ir a Biblioteca-CRAI de la ESMUC.\" href=\"https:\/\/www.esmuc.cat\/es\/servicios\/biblioteca-crai\/\" class=\"post post-page\" ><span property=\"name\">Biblioteca-CRAI de la ESMUC<\/span><\/a><meta property=\"position\" content=\"3\"><\/span> &gt; <span property=\"itemListElement\" typeof=\"ListItem\"><a property=\"item\" typeof=\"WebPage\" title=\"Ir a Biblioteca digital.\" href=\"https:\/\/www.esmuc.cat\/es\/servicios\/biblioteca-crai\/biblioteca-digital\/\" class=\"post post-page\" ><span property=\"name\">Biblioteca digital<\/span><\/a><meta property=\"position\" content=\"4\"><\/span> &gt; <span property=\"itemListElement\" typeof=\"ListItem\"><a property=\"item\" typeof=\"WebPage\" title=\"Ir a Exposiciones virtuales.\" href=\"https:\/\/www.esmuc.cat\/es\/servicios\/biblioteca-crai\/biblioteca-digital\/exposiciones-virtuales\/\" class=\"post post-page\" ><span property=\"name\">Exposiciones virtuales<\/span><\/a><meta property=\"position\" content=\"5\"><\/span> &gt; <span property=\"itemListElement\" typeof=\"ListItem\"><span property=\"name\" class=\"post post-page current-item\">M\u00fasica en Mujeres<\/span><meta property=\"url\" content=\"https:\/\/www.esmuc.cat\/es\/servicios\/biblioteca-crai\/biblioteca-digital\/exposiciones-virtuales\/musica-en-mujeres\/\"><meta property=\"position\" content=\"6\"><\/span><\/div>\n\n\n\n<h1 class=\"wp-block-heading\">M\u00fasica en Mujeres: compositoras catalanas del siglo XXI<\/h1>\n\n\n\n<h2 class=\"wp-block-heading\">Exposiciones virtuales<\/h2>\n\n\n\n<div style=\"height:44px\" aria-hidden=\"true\" class=\"wp-block-spacer\"><\/div>\n\n\n\n<p>La exposici\u00f3n <strong><em>M\u00fasica en Mujeres<\/em><\/strong>, realizada en marzo de 2020 para ser visitada presencialmente en la Biblioteca-CRAI de la ESMUC, se transform\u00f3 en esta presentaci\u00f3n virtual dise\u00f1ada para estar viva y en constante ampliaci\u00f3n. De este modo, si dispones de datos e informaci\u00f3n sobre <strong>compositoras actuales catalanas<\/strong>, <a href=\"mailto:biblioteca@esmuc.cat\" target=\"_blank\" rel=\"noreferrer noopener nofollow\">nos lo puedes comunicar<\/a> para hacer crecer esta exposici\u00f3n. <\/p>\n\n\n\n<iframe loading=\"lazy\" src=\"https:\/\/cdn.knightlab.com\/libs\/timeline3\/latest\/embed\/index.html?source=1Uc7sPAer0lHaxInPyfoCJdc1EF4IEbl3SAnb0OMkKqE&#038;font=UnicaOne-Vollkorn&#038;lang=ca&#038;initial_zoom=2&#038;height=650\" webkitallowfullscreen=\"\" mozallowfullscreen=\"\" allowfullscreen=\"\" width=\"100%\" height=\"650\" frameborder=\"0\"><\/iframe>\n\n\n\n<p><\/p>\n\n\n\n<p><\/p>\n<\/div>\n<\/div>\n","protected":false},"excerpt":{"rendered":"<p>M\u00fasica en Mujeres: compositoras catalanas del siglo XXI Exposiciones virtuales La exposici\u00f3n M\u00fasica en Mujeres, realizada en marzo de 2020 para ser visitada presencialmente en la Biblioteca-CRAI de la ESMUC, se transform\u00f3 en esta presentaci\u00f3n virtual dise\u00f1ada para estar viva y en constante ampliaci\u00f3n. De este modo, si dispones de datos e informaci\u00f3n sobre compositoras [&hellip;]<\/p>\n","protected":false},"author":5,"featured_media":0,"parent":41013,"menu_order":2,"comment_status":"closed","ping_status":"closed","template":"","meta":{"_acf_changed":false,"_themeisle_gutenberg_block_has_review":false,"footnotes":""},"categories":[1316],"tags":[1768,1536,1553],"class_list":["post-105664","page","type-page","status-publish","hentry","category-biblioteca-crai-es","tag-compositoras-catalanas","tag-exposicio-es","tag-musica-i-dones-es"],"acf":[],"publishpress_future_action":{"enabled":false,"date":"2026-04-15 17:25:48","action":"change-status","newStatus":"draft","terms":[],"taxonomy":"category","extraData":[]},"publishpress_future_workflow_manual_trigger":{"enabledWorkflows":[]},"_links":{"self":[{"href":"https:\/\/www.esmuc.cat\/es\/wp-json\/wp\/v2\/pages\/105664","targetHints":{"allow":["GET"]}}],"collection":[{"href":"https:\/\/www.esmuc.cat\/es\/wp-json\/wp\/v2\/pages"}],"about":[{"href":"https:\/\/www.esmuc.cat\/es\/wp-json\/wp\/v2\/types\/page"}],"author":[{"embeddable":true,"href":"https:\/\/www.esmuc.cat\/es\/wp-json\/wp\/v2\/users\/5"}],"replies":[{"embeddable":true,"href":"https:\/\/www.esmuc.cat\/es\/wp-json\/wp\/v2\/comments?post=105664"}],"version-history":[{"count":1,"href":"https:\/\/www.esmuc.cat\/es\/wp-json\/wp\/v2\/pages\/105664\/revisions"}],"predecessor-version":[{"id":105665,"href":"https:\/\/www.esmuc.cat\/es\/wp-json\/wp\/v2\/pages\/105664\/revisions\/105665"}],"up":[{"embeddable":true,"href":"https:\/\/www.esmuc.cat\/es\/wp-json\/wp\/v2\/pages\/41013"}],"wp:attachment":[{"href":"https:\/\/www.esmuc.cat\/es\/wp-json\/wp\/v2\/media?parent=105664"}],"wp:term":[{"taxonomy":"category","embeddable":true,"href":"https:\/\/www.esmuc.cat\/es\/wp-json\/wp\/v2\/categories?post=105664"},{"taxonomy":"post_tag","embeddable":true,"href":"https:\/\/www.esmuc.cat\/es\/wp-json\/wp\/v2\/tags?post=105664"}],"curies":[{"name":"wp","href":"https:\/\/api.w.org\/{rel}","templated":true}]}}