{"id":105415,"date":"2025-03-12T12:07:19","date_gmt":"2025-03-12T11:07:19","guid":{"rendered":"https:\/\/www.esmuc.cat\/accessibilitat\/"},"modified":"2025-03-12T12:51:53","modified_gmt":"2025-03-12T11:51:53","slug":"accessibilitat","status":"publish","type":"page","link":"https:\/\/www.esmuc.cat\/es\/accessibilitat\/","title":{"rendered":"Accesibilidad"},"content":{"rendered":"\n<h2 class=\"wp-block-heading\">Declaraci\u00f3n de accesibilidad<\/h2>\n\n\n\n<div style=\"height:35px\" aria-hidden=\"true\" class=\"wp-block-spacer\"><\/div>\n\n\n\n<p>La ESMUC &#8211; Escola Superior de M\u00fasica de Catalunya se ha comprometido a hacer accesible su sitio web de conformidad con<\/p>\n\n\n\n<blockquote class=\"wp-block-quote is-layout-flow wp-block-quote-is-layout-flow\">\n<p>> el\u00a0<a href=\"https:\/\/urldefense.com\/v3\/__https:\/\/www.boe.es\/diario_boe\/txt.php?id=BOE-A-2018-12699__;!!D9dNQwwGXtA!UMthgj-0AZMn6tuSSF1kQCtgKfG_8dg8uKi4OG3inU9JBDQVE-HXpH_NWxQFh-ACSDNE-jSI46p4kfULWNYQn1PF1Q$\"><strong>Real Decreto 1112\/2018, de 7 de septiembre, sobre accesibilidad de los sitios web y aplicaciones para dispositivos m\u00f3viles del sector p\u00fablico<\/strong><\/a>, por el que se traspone la\u00a0<a href=\"https:\/\/urldefense.com\/v3\/__https:\/\/www.boe.es\/buscar\/doc.php?id=DOUE-L-2016-82305__;!!D9dNQwwGXtA!UMthgj-0AZMn6tuSSF1kQCtgKfG_8dg8uKi4OG3inU9JBDQVE-HXpH_NWxQFh-ACSDNE-jSI46p4kfULWNYNnNFNuw$\"><strong>Directiva (UE) 2016\/2102 del Parlamento Europeo y del Consejo, de 26 de octubre de 2016<\/strong><\/a>.<\/p>\n<\/blockquote>\n\n\n\n<p>La presente declaraci\u00f3n de accesibilidad se aplica al sitio web&nbsp;<a href=\"https:\/\/www.esmuc.cat\/\">https:\/\/www.esmuc.cat\/<\/a>, excluyendo los contenidos incrustados provenientes de otros dominios.<\/p>\n\n\n\n<div style=\"height:35px\" aria-hidden=\"true\" class=\"wp-block-spacer\"><\/div>\n\n\n\n<section id=\"g-r0lqtlg\" class=\"section-g-r0lqtlg gutentor-module gutentor-module-accordion\"><div class=\"grid-container\">\n<div id=\"g-uscl21z\" class=\"wp-block-gutentor-m6-item section-g-uscl21z gutentor-module gutentor-module-accordion-item\"><div class=\"gutentor-module-accordion-panel g-a-panel-g-r0lqtlg\"><div class=\"gm-ah-g-r0lqtlg gutentor-module-accordion-item-heading gutentor-module-icon-position-right\"><span class=\"gutentor-module-accordion-panel-handler\" role=\"button\"><span class=\"gutentor-module-accordion-panel-handler-label\">Situaci\u00f3n de cumplimiento<\/span><span class=\"gutentor-module-accordion-icon\"><i class=\"gm-aio-g-r0lqtlg gutentor-module-accordion-icon-open fas fa-plus\"><\/i><i class=\"gm-aic-g-r0lqtlg gutentor-module-accordion-icon-close fas fa-minus\"><\/i><\/span><\/span><\/div><div class=\"gm-ab-g-r0lqtlg gutentor-module-accordion-body\">\n<div id=\"section-g-qqu1311\" class=\"wp-block-gutentor-e0 section-g-qqu1311 gutentor-element gutentor-element-advanced-text\"><div class=\"gutentor-text-wrap\"><p class=\"gutentor-text\">Este sitio web es <strong>parcialmente conforme<\/strong> con el Real Decreto 1112\/2018 debido a la falta de conformidad de los aspectos que se indican a continuaci\u00f3n.<\/p><\/div><\/div>\n<\/div><\/div><\/div>\n\n\n\n<div id=\"g-6iy44r3\" class=\"wp-block-gutentor-m6-item section-g-6iy44r3 gutentor-module gutentor-module-accordion-item\"><div class=\"gutentor-module-accordion-panel g-a-panel-g-r0lqtlg\"><div class=\"gm-ah-g-r0lqtlg gutentor-module-accordion-item-heading gutentor-module-icon-position-right\"><span class=\"gutentor-module-accordion-panel-handler\" role=\"button\"><span class=\"gutentor-module-accordion-panel-handler-label\">Contenido no accesible<\/span><span class=\"gutentor-module-accordion-icon\"><i class=\"gm-aio-g-r0lqtlg gutentor-module-accordion-icon-open fas fa-plus\"><\/i><i class=\"gm-aic-g-r0lqtlg gutentor-module-accordion-icon-close fas fa-minus\"><\/i><\/span><\/span><\/div><div class=\"gm-ab-g-r0lqtlg gutentor-module-accordion-body\">\n<div id=\"section-g-81y1wqq\" class=\"wp-block-gutentor-e0 section-g-81y1wqq gutentor-element gutentor-element-advanced-text\"><div class=\"gutentor-text-wrap\"><p class=\"gutentor-text\">El contenido que se recoge a continuaci\u00f3n no es accesible por los siguientes motivos:<br><br><strong>Falta de conformidad con Real Decreto 1112\/2018<\/strong><br>&gt; Es posible que exista alg\u00fan reproductor de v\u00eddeo que no dispone de un modo de operaci\u00f3n que permita mostrar los subt\u00edtulos existentes [requisito n\u00famero 7.1.1 de la norma UNE-EN 301549:2022 Reproducci\u00f3n de subt\u00edtulos]<br><br>&gt; Puede que no se preserve la totalidad de los datos de los subt\u00edtulos al transmitir, grabar o convertir v\u00eddeo con audio sincronizado. [requisito n\u00famero 7.1.3 de la norma UNE-EN 301549:2022 Preservaci\u00f3n del subtitulado]<br><br>&gt; Alguna p\u00e1gina incorpora reproductor de v\u00eddeo que no dispone de un modo para seleccionar y reproducir audiodescripciones disponibles [requisito n\u00famero 7.2.1 de la norma UNE-EN 301549:2022 Reproducci\u00f3n de audiodescripci\u00f3n]<br><br>&gt; Algunas im\u00e1genes no est\u00e1n etiquetadas o tienen una alternativa textual gen\u00e9rica [requisito n\u00famero 9.1.1.1 de la norma UNE-EN 301549:2022 Contenido no textual].<br><br>&gt; En algunos v\u00eddeos y audios pregrabados no existen alternativas basadas en el texto [requisito n\u00famero 9.1.2.1 de la norma UNE-EN 301549:2022 Solo audio o solo v\u00eddeo].<br><br>&gt; Algunos v\u00eddeos grabados pueden no contener subt\u00edtulos [requisito n\u00famero 9.1.2.2 de la norma UNE-EN 301549:2022 Subt\u00edtulos (grabados)].<br><br>&gt; Algunos v\u00eddeos pregrabados en el sitio web no disponen de audiodescripci\u00f3n o medios alternativos [requisitos n\u00famero 9.1.2.3 y 9.1.2.5 de la norma UNE-EN 301549:2022 Audiodescripci\u00f3n o medios alternativos (grabado)].<br><br>&gt; En alguna p\u00e1gina la informaci\u00f3n, estructura y relaciones no est\u00e1n determinadas por software o no tienen alternativa como texto [requisito n\u00famero 9.1.3.1 de la UNE-EN 301549:2022 De informaci\u00f3n y relaciones].<br><br>&gt; En alguna p\u00e1gina la relaci\u00f3n de contraste en texto podr\u00eda no ser de al menos 4.5:1 [requisito n\u00famero 9.1.4.3 de la norma UNE-EN 301549:2022 Contraste m\u00ednimo].<br><br>&gt; En alguna p\u00e1gina se han podido utilizar im\u00e1genes de texto en lugar de texto para transmitir informaci\u00f3n [requisito n\u00famero 9.1.4.5 de la norma UNE-EN 301549:2022 Im\u00e1genes de texto].<br><br>&gt; En alguna p\u00e1gina el contenido puede perder funcionalidad o informaci\u00f3n al ampliar el contenido [requisito n\u00famero 9.1.4.10 de la norma UNE-EN 301549:2022 Reajuste del texto].<br><br>&gt; En alguna p\u00e1gina algunos elementos no tienen el foco del teclado [requisito n\u00famero 9.2.1.1 de la norma UNE-EN 301549:2022 Teclado].<br><br>&gt; De manera puntual alguna informaci\u00f3n en movimiento autom\u00e1tico no dispone de controles para pausar, controlar u ocultar la informaci\u00f3n [requisito n\u00famero 9.2.2.2 de la norma UNE-EN 301549:2022 Poner en pausa, detener, ocultar].<br><br>&gt; De manera puntual alg\u00fan enlace podr\u00eda no tener definido el prop\u00f3sito espec\u00edfico de manera textual [requisito n\u00famero 9.2.4.4 de la norma UNE-EN 301549:2022 Prop\u00f3sito de los enlaces].<br><br>&gt; La ubicaci\u00f3n del foco no es siempre visible cuando se navega con teclado [requisito n\u00famero 9.2.4.7 de la norma UNE-EN 301549:2022 Foco visible].<br><br>&gt; En alguna p\u00e1gina no se indica el lenguaje por defecto que se utiliza [requisito n\u00famero 9.3.1.1 de la norma UNE-EN 301549:2022 Lenguaje de la p\u00e1gina].<br><br>&gt; De manera puntual podr\u00eda existir alg\u00fan error de entrada en alg\u00fan campo\/formulario del que no se notificase al usuario la sugerencia para solucionarlo [requisito n\u00famero 9.3.3.3 de la norma UNE-EN 301549:2022 Sugerencia ante errores].<br><br>&gt; En alguna p\u00e1gina los componentes de interfaz de usuario como elementos de formulario, enlaces y componentes generados por script no siguen la estructura recomendada por las pautas de accesibilidad [requisito n\u00famero 9.4.1.2 de la norma UNE-EN 301549:2022 Nombre, funci\u00f3n, valor].<br><br>&gt; En alg\u00fan documento la informaci\u00f3n, estructura y relaciones no est\u00e1n determinadas por software o no tienen alternativa como texto [requisito n\u00famero 10.1.3.1 de la UNE-EN 301549:2022 De informaci\u00f3n y relaciones].<br><br>&gt; Alg\u00fan documento no tiene definido por programa al menos una secuencia correcta de lectura [requisito n\u00famero 10.1.3.2 de la norma UNE-EN 301549:2022 Secuencia significativa].<br><br>&gt; Puntualmente alg\u00fan documento podr\u00eda no tener identificado el t\u00edtulo de la p\u00e1gina [requisito n\u00famero 10.2.4.2 de la norma UNE-EN 301549:2022 Titulado de p\u00e1ginas].<br><br>&gt; En alg\u00fan documento la navegaci\u00f3n secuencial mediante el teclado podr\u00eda no tener un orden consistente [requisito n\u00famero 10.2.4.3 de la norma UNE-EN 301549:2022 Orden del foco].<br><br>&gt; Puede haber alg\u00fan encabezado o alg\u00fan nombre de control que no sea suficientemente descriptivo de su prop\u00f3sito [requisito n\u00famero 10.2.4.6 de la norma UNE-EN 301549:2022 Encabezados y etiquetas].<br><br>&gt; En alguna p\u00e1gina no se indica el lenguaje por defecto que se utiliza [requisito n\u00famero 10.3.1.1 de la norma UNE-EN 301549:2022 Lenguaje de la p\u00e1gina].<br><br>&gt; Hay campos de de entrada de datos con capacidad de detecci\u00f3n autom\u00e1tica de errores que no identifican d\u00f3nde o c\u00f3mo se produce dicho error [requisito n\u00famero 10.3.3.1 de la norma UNE-EN 301549:2022 Identificaci\u00f3n de errores].<br><br>&gt; En alg\u00fan documento los componentes de interfaz de usuario como elementos de formulario, enlaces y componentes generados por script no siguen la estructura recomendada por las pautas de accesibilidad [requisito n\u00famero 10.4.1.2 de la norma UNE-EN 301549:2022 Nombre, funci\u00f3n, valor].<br><br>&gt; La documentaci\u00f3n del producto puede no estar completamente en formatos accesibles [requisito n\u00famero 12.1.2 de la norma UNE-EN 301549:2022 Documentaci\u00f3n accesible].<br><br><strong>Carga desproporcionada<\/strong><br>&gt; No aplica.<br><br><strong>El contenido no entra dentro del \u00e1mbito de la legislaci\u00f3n aplicable<br><\/strong>&gt; Pueden existir archivos de ofim\u00e1tica en PDF y otros formatos publicados antes del 20 de septiembre de 2018 que no cumplan en su totalidad todos los requisitos de accesibilidad. Aunque se ha procurado que la mayor\u00eda de ellos s\u00ed lo cumplan.<br><br>&gt; Puede haber contenidos de terceros que no est\u00e9n desarrollados por la ESMUC &#8211; Escola Superior de M\u00fasica de Catalunya o que no est\u00e9n bajo su control, como por ejemplo, archivos ofim\u00e1ticos.<br><br>&gt; Pueden existir archivos pregrabados publicados antes del 20 de septiembre de 2018 que no cumplan en su totalidad todos los requisitos de accesibilidad.<\/p><\/div><\/div>\n<\/div><\/div><\/div>\n\n\n\n<div id=\"g-hst00sq\" class=\"wp-block-gutentor-m6-item section-g-hst00sq gutentor-module gutentor-module-accordion-item\"><div class=\"gutentor-module-accordion-panel g-a-panel-g-r0lqtlg\"><div class=\"gm-ah-g-r0lqtlg gutentor-module-accordion-item-heading gutentor-module-icon-position-right\"><span class=\"gutentor-module-accordion-panel-handler\" role=\"button\"><span class=\"gutentor-module-accordion-panel-handler-label\">Preparaci\u00f3n de la presente declaraci\u00f3n de accesibilidad<\/span><span class=\"gutentor-module-accordion-icon\"><i class=\"gm-aio-g-r0lqtlg gutentor-module-accordion-icon-open fas fa-plus\"><\/i><i class=\"gm-aic-g-r0lqtlg gutentor-module-accordion-icon-close fas fa-minus\"><\/i><\/span><\/span><\/div><div class=\"gm-ab-g-r0lqtlg gutentor-module-accordion-body\">\n<div id=\"section-g-lluo1qd\" class=\"wp-block-gutentor-e0 section-g-lluo1qd gutentor-element gutentor-element-advanced-text\"><div class=\"gutentor-text-wrap\"><p class=\"gutentor-text\">La presente declaraci\u00f3n fue preparada el d\u00eda 30\/10\/2023.<br><br>El m\u00e9todo empleado para preparar la declaraci\u00f3n ha sido una autoevaluaci\u00f3n llevada a cabo por\u00a0<a href=\"https:\/\/urldefense.com\/v3\/__https:\/\/www.insuit.net\/es\/__;!!D9dNQwwGXtA!UMthgj-0AZMn6tuSSF1kQCtgKfG_8dg8uKi4OG3inU9JBDQVE-HXpH_NWxQFh-ACSDNE-jSI46p4kfULWNb50srnew$\">inSuit<\/a>\u00a0el d\u00eda 10\/10\/2023.<br><br>\u00daltima revisi\u00f3n de la declaraci\u00f3n: 30\/10\/2023<\/p><\/div><\/div>\n<\/div><\/div><\/div>\n\n\n\n<div id=\"g-gf713lf\" class=\"wp-block-gutentor-m6-item section-g-gf713lf gutentor-module gutentor-module-accordion-item\"><div class=\"gutentor-module-accordion-panel g-a-panel-g-r0lqtlg\"><div class=\"gm-ah-g-r0lqtlg gutentor-module-accordion-item-heading gutentor-module-icon-position-right\"><span class=\"gutentor-module-accordion-panel-handler\" role=\"button\"><span class=\"gutentor-module-accordion-panel-handler-label\">Observaciones y datos de contacto<\/span><span class=\"gutentor-module-accordion-icon\"><i class=\"gm-aio-g-r0lqtlg gutentor-module-accordion-icon-open fas fa-plus\"><\/i><i class=\"gm-aic-g-r0lqtlg gutentor-module-accordion-icon-close fas fa-minus\"><\/i><\/span><\/span><\/div><div class=\"gm-ab-g-r0lqtlg gutentor-module-accordion-body\">\n<div id=\"section-g-bqjpohr\" class=\"wp-block-gutentor-e0 section-g-bqjpohr gutentor-element gutentor-element-advanced-text\"><div class=\"gutentor-text-wrap\"><p class=\"gutentor-text\">Puede realizar comunicaciones sobre requisitos de accesibilidad (art\u00edculo 10.2.a del RD 1112\/2018) como, por ejemplo:<br>&gt; Informar sobre cualquier posible incumplimiento por parte de este sitio web.<br>&gt; Transmitir otras dificultades de acceso al contenido.<br>&gt; Formular cualquier otra consulta o sugerencia de mejora relativa a la accesibilidad del sitio web.<br><br>Para estas comunicaciones tiene disponible estos canales de comunicaci\u00f3n:<br>&gt; <strong>Correo electr\u00f3nico<\/strong>:\u00a0<a href=\"mailto:info@esmuc.cat\">info@esmuc.cat<\/a><br>&gt; <strong>Enlace a formulario<\/strong>:\u00a0<a href=\"https:\/\/www.esmuc.cat\/escola\/contacte-i-acces\/\">https:\/\/www.esmuc.cat\/escola\/contacte-i-acces\/<\/a><br>&gt;<strong> Tel\u00e9fono<\/strong>: (+34) 93 352 30 11<br><br>Acorde al art\u00edculo 10.2.b del RD 1112\/2018, tambi\u00e9n puede presentar:<br>&gt; <strong>Una queja<\/strong> relativa al cumplimiento de los requisitos del RD 1112\/2018.<br>&gt; <strong>Una solicitud de informaci\u00f3n accesible<\/strong> relativa a:<br>&#8211; Contenidos que est\u00e1n excluidos del \u00e1mbito de aplicaci\u00f3n del RD 1112\/2018 seg\u00fan lo establecido por el art\u00edculo 3, apartado 4.<br>&#8211; Contenidos que est\u00e1n exentos del cumplimiento de los requisitos de accesibilidad por imponer una carga desproporcionada.<br><br>En la Solicitud de informaci\u00f3n accesible, se debe concretar, con toda claridad, los hechos, razones y petici\u00f3n que permitan constatar que se trata de una solicitud razonable y leg\u00edtima.<br><br>Las solicitudes de informaci\u00f3n accesible y quejas se pueden presentar a trav\u00e9s de\u00a0<a href=\"https:\/\/www.esmuc.cat\/suggeriments-i-denuncies\/\">https:\/\/www.esmuc.cat\/suggeriments-i-denuncies\/<\/a>, as\u00ed como del resto de opciones recogidas en la Ley 39\/ 2015, de 1 de octubre, del Procedimiento Administrativo Com\u00fan de las Administraciones P\u00fablicas.<br><br>Las comunicaciones, quejas y solicitudes de informaci\u00f3n accesible ser\u00e1n recibidas y tratadas por la Direcci\u00f3n General de Atenci\u00f3n Ciudadana, del Departamento de la Vicepresidencia, Econom\u00eda y Hacienda, como Unidad Responsable de Accesibilidad Web en el \u00e1mbito auton\u00f3mico.<br><\/p><\/div><\/div>\n<\/div><\/div><\/div>\n\n\n\n<div id=\"g-yri0or8\" class=\"wp-block-gutentor-m6-item section-g-yri0or8 gutentor-module gutentor-module-accordion-item\"><div class=\"gutentor-module-accordion-panel g-a-panel-g-r0lqtlg\"><div class=\"gm-ah-g-r0lqtlg gutentor-module-accordion-item-heading gutentor-module-icon-position-right\"><span class=\"gutentor-module-accordion-panel-handler\" role=\"button\"><span class=\"gutentor-module-accordion-panel-handler-label\">Procedimiento de reclamaci\u00f3n<\/span><span class=\"gutentor-module-accordion-icon\"><i class=\"gm-aio-g-r0lqtlg gutentor-module-accordion-icon-open fas fa-plus\"><\/i><i class=\"gm-aic-g-r0lqtlg gutentor-module-accordion-icon-close fas fa-minus\"><\/i><\/span><\/span><\/div><div class=\"gm-ab-g-r0lqtlg gutentor-module-accordion-body\">\n<div id=\"section-g-eq11vge\" class=\"wp-block-gutentor-e0 section-g-eq11vge gutentor-element gutentor-element-advanced-text\"><div class=\"gutentor-text-wrap\"><p class=\"gutentor-text\">Si una vez realizada una solicitud de informaci\u00f3n accesible o queja, \u00e9sta hubiera sido desestimada, no se estuviera de acuerdo con la decisi\u00f3n adoptada, o la respuesta no cumpliera los requisitos contemplados en el art\u00edculo 12.5, la persona interesada podr\u00e1 iniciar una reclamaci\u00f3n. Igualmente se podr\u00e1 iniciar una reclamaci\u00f3n en el caso de que haya transcurrido el plazo de veinte d\u00edas h\u00e1biles sin haber obtenido respuesta.<br><br>La reclamaci\u00f3n puede ser presentada trav\u00e9s de\u00a0<a href=\"https:\/\/www.esmuc.cat\/suggeriments-i-denuncies\/\">https:\/\/www.esmuc.cat\/suggeriments-i-denuncies\/<\/a>\u00a0de ESMUC &#8211; Escola Superior de M\u00fasica de Catalunya, as\u00ed como en el resto de opciones recogidas en la <strong>Ley 39\/ 2015, de 1 de octubre, del Procedimiento Administrativo Com\u00fan de las Administraciones P\u00fablicas<\/strong>.<br><br>Las reclamaciones ser\u00e1n recibidas y tratadas por la <strong>Direcci\u00f3n General de Atenci\u00f3n Ciudadana, del Departamento de la Vicepresidencia, Econom\u00eda y Hacienda<\/strong>, como <strong>Unidad Responsable de Accesibilidad Web<\/strong> en el \u00e1mbito auton\u00f3mico.<\/p><\/div><\/div>\n<\/div><\/div><\/div>\n<\/div><\/section>\n","protected":false},"excerpt":{"rendered":"<p>Declaraci\u00f3n de accesibilidad La ESMUC &#8211; Escola Superior de M\u00fasica de Catalunya se ha comprometido a hacer accesible su sitio web de conformidad con > el\u00a0Real Decreto 1112\/2018, de 7 de septiembre, sobre accesibilidad de los sitios web y aplicaciones para dispositivos m\u00f3viles del sector p\u00fablico, por el que se traspone la\u00a0Directiva (UE) 2016\/2102 del [&hellip;]<\/p>\n","protected":false},"author":49,"featured_media":0,"parent":0,"menu_order":0,"comment_status":"closed","ping_status":"closed","template":"","meta":{"_acf_changed":false,"_themeisle_gutenberg_block_has_review":false,"footnotes":""},"categories":[],"tags":[],"class_list":["post-105415","page","type-page","status-publish","hentry"],"acf":[],"publishpress_future_action":{"enabled":false,"date":"2026-04-16 05:03:59","action":"change-status","newStatus":"draft","terms":[],"taxonomy":"category","extraData":[]},"publishpress_future_workflow_manual_trigger":{"enabledWorkflows":[]},"_links":{"self":[{"href":"https:\/\/www.esmuc.cat\/es\/wp-json\/wp\/v2\/pages\/105415","targetHints":{"allow":["GET"]}}],"collection":[{"href":"https:\/\/www.esmuc.cat\/es\/wp-json\/wp\/v2\/pages"}],"about":[{"href":"https:\/\/www.esmuc.cat\/es\/wp-json\/wp\/v2\/types\/page"}],"author":[{"embeddable":true,"href":"https:\/\/www.esmuc.cat\/es\/wp-json\/wp\/v2\/users\/49"}],"replies":[{"embeddable":true,"href":"https:\/\/www.esmuc.cat\/es\/wp-json\/wp\/v2\/comments?post=105415"}],"version-history":[{"count":5,"href":"https:\/\/www.esmuc.cat\/es\/wp-json\/wp\/v2\/pages\/105415\/revisions"}],"predecessor-version":[{"id":105425,"href":"https:\/\/www.esmuc.cat\/es\/wp-json\/wp\/v2\/pages\/105415\/revisions\/105425"}],"wp:attachment":[{"href":"https:\/\/www.esmuc.cat\/es\/wp-json\/wp\/v2\/media?parent=105415"}],"wp:term":[{"taxonomy":"category","embeddable":true,"href":"https:\/\/www.esmuc.cat\/es\/wp-json\/wp\/v2\/categories?post=105415"},{"taxonomy":"post_tag","embeddable":true,"href":"https:\/\/www.esmuc.cat\/es\/wp-json\/wp\/v2\/tags?post=105415"}],"curies":[{"name":"wp","href":"https:\/\/api.w.org\/{rel}","templated":true}]}}