{"id":105295,"date":"2025-03-10T10:29:29","date_gmt":"2025-03-10T09:29:29","guid":{"rendered":"https:\/\/www.esmuc.cat\/estudios\/otra-oferta-formativa\/congresos-jornadas-y-talleres\/jornades-destudi-dels-instruments-de-la-cobla\/"},"modified":"2025-03-10T12:32:12","modified_gmt":"2025-03-10T11:32:12","slug":"jornades-destudi-dels-instruments-de-la-cobla","status":"publish","type":"page","link":"https:\/\/www.esmuc.cat\/es\/estudios\/otra-oferta-formativa\/congresos-jornadas-y-talleres\/jornades-destudi-dels-instruments-de-la-cobla\/","title":{"rendered":"Jornadas de Estudio de los Instrumentos de la Cobla (JEIC)"},"content":{"rendered":"\n<section id=\"g-s3z9n83\" class=\"wp-block-gutentor-m3 section-g-s3z9n83 gutentor-module gutentor-container-cover\"><div class=\"grid-container\">\n<figure class=\"wp-block-image size-large\"><img decoding=\"async\" width=\"1024\" height=\"681\" src=\"https:\/\/www.esmuc.cat\/wp-content\/uploads\/2025\/03\/DSC_4708-1-1024x681.jpg\" alt=\"Dsc 4708 (1)\" class=\"wp-image-105283\" srcset=\"https:\/\/www.esmuc.cat\/wp-content\/uploads\/2025\/03\/DSC_4708-1-1024x681.jpg 1024w, https:\/\/www.esmuc.cat\/wp-content\/uploads\/2025\/03\/DSC_4708-1-300x200.jpg 300w, https:\/\/www.esmuc.cat\/wp-content\/uploads\/2025\/03\/DSC_4708-1-768x511.jpg 768w, https:\/\/www.esmuc.cat\/wp-content\/uploads\/2025\/03\/DSC_4708-1-1536x1022.jpg 1536w, https:\/\/www.esmuc.cat\/wp-content\/uploads\/2025\/03\/DSC_4708-1-2048x1362.jpg 2048w\" sizes=\"(max-width: 1024px) 100vw, 1024px\" \/><\/figure>\n<\/div><\/section>\n\n\n\n<div style=\"height:50px\" aria-hidden=\"true\" class=\"wp-block-spacer\"><\/div>\n\n\n\n<section id=\"g-erwe5ev\" class=\"wp-block-gutentor-m3 section-g-erwe5ev gutentor-module gutentor-container-cover\"><div class=\"grid-container\">\n<p>La <strong>Escola Superior de M\u00fasica de Catalunya (ESMUC)<\/strong> y <strong>Som Sardana<\/strong> unen esfuerzos para organizar las <strong>Jornadas de Estudio de los Instrumentos de la Cobla<\/strong>, un espacio de encuentro para docentes, estudiantes, int\u00e9rpretes y divulgadores con el objetivo de compartir conocimientos, experiencias y desaf\u00edos en torno a estos instrumentos.<\/p>\n\n\n\n<p>Estas jornadas est\u00e1n especialmente dirigidas a <strong>Escuelas de M\u00fasica, Conservatorios y profesionales del \u00e1mbito de la pedagog\u00eda, la difusi\u00f3n, la historia y la interpretaci\u00f3n musical<\/strong>, independientemente de si est\u00e1n vinculados a una instituci\u00f3n educativa o no. Tambi\u00e9n est\u00e1n abiertas al p\u00fablico en general, con acceso para todas las edades y niveles.<\/p>\n\n\n\n<p>Aunque la tem\u00e1tica gira en torno al estudio de los instrumentos de la Cobla, el evento est\u00e1 abierto a <strong>cualquier escuela de m\u00fasica, incluso si no ofrece formaci\u00f3n en estos instrumentos, pero que tenga inter\u00e9s o curiosidad por conocerlos mejor<\/strong>.<\/p>\n\n\n\n<p>\ud83d\udccc <strong>La inscripci\u00f3n es gratuita para todos.<\/strong><\/p>\n<\/div><\/section>\n\n\n\n<div style=\"height:48px\" aria-hidden=\"true\" class=\"wp-block-spacer\"><\/div>\n\n\n\n<div class=\"wp-block-buttons is-content-justification-left is-layout-flex wp-container-core-buttons-is-layout-fdcfc74e wp-block-buttons-is-layout-flex\">\n<div class=\"wp-block-button has-custom-font-size is-style-outline has-medium-font-size is-style-outline--1\"><a class=\"wp-block-button__link has-white-color has-black-background-color has-text-color has-background has-link-color has-text-align-center wp-element-button\" href=\"https:\/\/www.esmuc.cat\/4es-jornades-destudi-dels-instruments-de-la-cobla\/\">Jornadas de Estudio de los Instrumentos de la Cobla (JEIC) 2025<\/a><\/div>\n<\/div>\n\n\n\n<div style=\"height:100px\" aria-hidden=\"true\" class=\"wp-block-spacer\"><\/div>\n\n\n\n<h3 class=\"wp-block-heading\"><strong>Ediciones anteriores<\/strong><\/h3>\n\n\n\n<div style=\"height:24px\" aria-hidden=\"true\" class=\"wp-block-spacer\"><\/div>\n\n\n\n<section id=\"g-acujueg\" class=\"section-g-acujueg gutentor-module gutentor-module-accordion\"><div class=\"grid-container\">\n<div id=\"g-r111017\" class=\"wp-block-gutentor-m6-item section-g-r111017 gutentor-module gutentor-module-accordion-item\"><div class=\"gutentor-module-accordion-panel g-a-panel-g-acujueg\"><div class=\"gm-ah-g-acujueg gutentor-module-accordion-item-heading gutentor-module-icon-position-right\"><span class=\"gutentor-module-accordion-panel-handler\" role=\"button\"><span class=\"gutentor-module-accordion-panel-handler-label\">Jornadas de Estudio de los Instrumentos de la Cobla (JEIC) 2022<\/span><span class=\"gutentor-module-accordion-icon\"><i class=\"gm-aio-g-acujueg gutentor-module-accordion-icon-open fas fa-plus\"><\/i><i class=\"gm-aic-g-acujueg gutentor-module-accordion-icon-close fas fa-minus\"><\/i><\/span><\/span><\/div><div class=\"gm-ab-g-acujueg gutentor-module-accordion-body\">\n<div id=\"section-g-llf1dut\" class=\"wp-block-gutentor-e0 section-g-llf1dut gutentor-element gutentor-element-advanced-text\"><div class=\"gutentor-text-wrap\"><p class=\"gutentor-text\"><a href=\"https:\/\/www.esmuc.cat\/es\/jornada-destudi-dels-instruments-de-la-cobla-jeic\/\">3as Jornadas de Estudio de los Instrumentos de la Cobla<\/a> (JEIC)<\/p><\/div><\/div>\n<\/div><\/div><\/div>\n<\/div><\/section>\n","protected":false},"excerpt":{"rendered":"<p>Ediciones anteriores<\/p>\n","protected":false},"author":49,"featured_media":105285,"parent":84426,"menu_order":0,"comment_status":"closed","ping_status":"closed","template":"","meta":{"_acf_changed":false,"_themeisle_gutenberg_block_has_review":false,"footnotes":""},"categories":[1249,1253,1080,1758],"tags":[1662,1274,1172],"class_list":["post-105295","page","type-page","status-publish","has-post-thumbnail","hentry","category-departament-destudis-culturals-i-musicals-es","category-departament-de-jazz-flamenco-musica-moderna-i-darrel-es","category-jornades-i-tallers-es","category-musicologia-es","tag-gender-sounds-es","tag-jornades-es","tag-musicologia-es"],"acf":[],"publishpress_future_action":{"enabled":false,"date":"2026-04-10 22:20:16","action":"change-status","newStatus":"draft","terms":[],"taxonomy":"category","extraData":[]},"publishpress_future_workflow_manual_trigger":{"enabledWorkflows":[]},"_links":{"self":[{"href":"https:\/\/www.esmuc.cat\/es\/wp-json\/wp\/v2\/pages\/105295","targetHints":{"allow":["GET"]}}],"collection":[{"href":"https:\/\/www.esmuc.cat\/es\/wp-json\/wp\/v2\/pages"}],"about":[{"href":"https:\/\/www.esmuc.cat\/es\/wp-json\/wp\/v2\/types\/page"}],"author":[{"embeddable":true,"href":"https:\/\/www.esmuc.cat\/es\/wp-json\/wp\/v2\/users\/49"}],"replies":[{"embeddable":true,"href":"https:\/\/www.esmuc.cat\/es\/wp-json\/wp\/v2\/comments?post=105295"}],"version-history":[{"count":4,"href":"https:\/\/www.esmuc.cat\/es\/wp-json\/wp\/v2\/pages\/105295\/revisions"}],"predecessor-version":[{"id":105343,"href":"https:\/\/www.esmuc.cat\/es\/wp-json\/wp\/v2\/pages\/105295\/revisions\/105343"}],"up":[{"embeddable":true,"href":"https:\/\/www.esmuc.cat\/es\/wp-json\/wp\/v2\/pages\/84426"}],"wp:featuredmedia":[{"embeddable":true,"href":"https:\/\/www.esmuc.cat\/es\/wp-json\/wp\/v2\/media\/105285"}],"wp:attachment":[{"href":"https:\/\/www.esmuc.cat\/es\/wp-json\/wp\/v2\/media?parent=105295"}],"wp:term":[{"taxonomy":"category","embeddable":true,"href":"https:\/\/www.esmuc.cat\/es\/wp-json\/wp\/v2\/categories?post=105295"},{"taxonomy":"post_tag","embeddable":true,"href":"https:\/\/www.esmuc.cat\/es\/wp-json\/wp\/v2\/tags?post=105295"}],"curies":[{"name":"wp","href":"https:\/\/api.w.org\/{rel}","templated":true}]}}