{"id":91531,"date":"2024-02-09T13:11:50","date_gmt":"2024-02-09T12:11:50","guid":{"rendered":"https:\/\/www.esmuc.cat\/pre-registration-master-musical-research\/"},"modified":"2024-02-09T13:56:37","modified_gmt":"2024-02-09T12:56:37","slug":"pre-registration-master-musical-research","status":"publish","type":"page","link":"https:\/\/www.esmuc.cat\/en\/studies\/masters-i-postgraus\/inscripcio-i-matricula\/pre-registration-for-masters\/pre-registration-master-musical-research\/","title":{"rendered":"Pre-registration Master &#8211; Music research"},"content":{"rendered":"\n<section id=\"gmc6f1593\" class=\"wp-block-gutentor-m3 section-gmc6f1593 gutentor-module gutentor-container-cover\"><div class=\"grid-container\">\n<h2 class=\"wp-block-heading\">Official Master&#8217;s Degree in Music Research<\/h2>\n\n\n\n<hr class=\"wp-block-separator has-alpha-channel-opacity is-style-wide\" \/>\n\n\n\n<div id=\"section-g7716db\" class=\"wp-block-gutentor-e1 section-g7716db gutentor-element gutentor-element-advanced-text\"><div class=\"gutentor-text-wrap\"><p class=\"gutentor-text\">Thank you for registering for the Official Master&#8217;s Degree in Music Research.<\/p><\/div><\/div>\n\n\n\n<div id=\"section-g47c0ce\" class=\"wp-block-gutentor-e1 section-g47c0ce gutentor-element gutentor-element-advanced-text\"><div class=\"gutentor-text-wrap\"><p class=\"gutentor-text\">Remember that in order to complete your registration you need to:<\/p><\/div><\/div>\n\n\n\n<div id=\"section-g5e4061\" class=\"wp-block-gutentor-e7 section-g5e4061 gutentor-element gutentor-element-list\"><ul class=\"grid-row gutentor-grid-item-wrap list-indicator-icon\"><li class=\"gutentor-list-item grid-lg-12 grid-md-12 grid-12\"><span class=\"gutentor-single-item gutentor-single-item-0\"><span class=\"gutentor-list-item-wrap g-s-list-wrap\"><span class=\"gutentor-single-list-item-icon\"><i class=\"list-item-icon fas fa-chevron-right\"><\/i><\/span><span class=\"gutentor-list-item\"><p class=\"gutentor-single-item-title\">Fer el pagament de les taxes a trav\u00e9s del codi de barres que has rebut per correu electr\u00f2nic en el moment d&#8217;inscriure&#8217;t.<\/p><\/span><\/span><\/span><\/li><li class=\"gutentor-list-item grid-lg-12 grid-md-12 grid-12\"><span class=\"gutentor-single-item gutentor-single-item-1\"><span class=\"gutentor-list-item-wrap g-s-list-wrap\"><span class=\"gutentor-single-list-item-icon\"><i class=\"list-item-icon fas fa-chevron-right\"><\/i><\/span><span class=\"gutentor-list-item\"><p class=\"gutentor-single-item-title\">Enviar la documentaci\u00f3 sol\u00b7licitada a l\u2019adre\u00e7a de correu electr\u00f2nic del m\u00e0ster en els terminis que s&#8217;indiquen a la p\u00e0gina web.<\/p><\/span><\/span><\/span><\/li><\/ul><\/div>\n\n\n\n<section id=\"gm2947c98\" class=\"wp-block-gutentor-m3 section-gm2947c98 gutentor-module gutentor-container-cover\"><div class=\"grid-container\">\n<h5 class=\"wp-block-heading\">\n          <strong>Documentation to be submitted<\/strong>\n        <\/h5>\n\n\n\n<div style=\"height:20px\" aria-hidden=\"true\" class=\"wp-block-spacer\"><\/div>\n\n\n\n<div id=\"section-g275755\" class=\"wp-block-gutentor-e7 section-g275755 gutentor-element gutentor-element-list\"><ul class=\"grid-row gutentor-grid-item-wrap list-indicator-icon\"><li class=\"gutentor-list-item grid-lg-12 grid-md-12 grid-12\"><span class=\"gutentor-single-item gutentor-single-item-0\"><span class=\"gutentor-list-item-wrap g-s-list-wrap\"><span class=\"gutentor-single-list-item-icon\"><i class=\"list-item-icon fas fa-angle-right\"><\/i><\/span><span class=\"gutentor-list-item\"><p class=\"gutentor-single-item-title\">T\u00edtol de grau superior o equivalent \/ Llicenciatura o grau en m\u00fasica, grau universitari amb grau mitj\u00e0 de m\u00fasica<\/p><\/span><\/span><\/span><\/li><li class=\"gutentor-list-item grid-lg-12 grid-md-12 grid-12\"><span class=\"gutentor-single-item gutentor-single-item-1\"><span class=\"gutentor-list-item-wrap g-s-list-wrap\"><span class=\"gutentor-single-list-item-icon\"><i class=\"list-item-icon fas fa-angle-right\"><\/i><\/span><span class=\"gutentor-list-item\"><p class=\"gutentor-single-item-title\">C\u00f2pia de l&#8217;expedient acad\u00e8mic<\/p><\/span><\/span><\/span><\/li><li class=\"gutentor-list-item grid-lg-12 grid-md-12 grid-12\"><span class=\"gutentor-single-item gutentor-single-item-2\"><span class=\"gutentor-list-item-wrap g-s-list-wrap\"><span class=\"gutentor-single-list-item-icon\"><i class=\"list-item-icon fas fa-angle-right\"><\/i><\/span><span class=\"gutentor-list-item\"><p class=\"gutentor-single-item-title\">Curriculum vitae<\/p><\/span><\/span><\/span><\/li><li class=\"gutentor-list-item grid-lg-12 grid-md-12 grid-12\"><span class=\"gutentor-single-item gutentor-single-item-3\"><span class=\"gutentor-list-item-wrap g-s-list-wrap\"><span class=\"gutentor-single-list-item-icon\"><i class=\"list-item-icon fas fa-angle-right\"><\/i><\/span><span class=\"gutentor-list-item\"><p class=\"gutentor-single-item-title\">Carta de motivaci\u00f3<\/p><\/span><\/span><\/span><\/li><li class=\"gutentor-list-item grid-lg-12 grid-md-12 grid-12\"><span class=\"gutentor-single-item gutentor-single-item-4\"><span class=\"gutentor-list-item-wrap g-s-list-wrap\"><span class=\"gutentor-single-list-item-icon\"><i class=\"list-item-icon fas fa-angle-right\"><\/i><\/span><span class=\"gutentor-list-item\"><p class=\"gutentor-single-item-title\">C\u00f2pia del DNI \/ NIE \/ Passaport<\/p><\/span><\/span><\/span><\/li><\/ul><\/div>\n<\/div><\/section>\n\n\n\n<div style=\"height:20px\" aria-hidden=\"true\" class=\"wp-block-spacer\"><\/div>\n\n\n\n<div id=\"section-g71aa1e\" class=\"wp-block-gutentor-e1 section-g71aa1e gutentor-element gutentor-element-advanced-text\"><div class=\"gutentor-text-wrap\"><p class=\"gutentor-text\"><strong>Master&#8217;s email address:<\/strong><a href=\"mailto:recercamaster@esmuc.cat\">recercamaster@esmuc.cat<\/a><\/p><\/div><\/div>\n\n\n\n<div style=\"height:30px\" aria-hidden=\"true\" class=\"wp-block-spacer\"><\/div>\n\n\n\n<p>At the end of this process you will receive an email confirming that your registration has been completed<\/p>\n\n\n\n<div style=\"height:100px\" aria-hidden=\"true\" class=\"wp-block-spacer\"><\/div>\n<\/div><\/section>\n","protected":false},"excerpt":{"rendered":"","protected":false},"author":4,"featured_media":0,"parent":91541,"menu_order":2,"comment_status":"closed","ping_status":"closed","template":"","meta":{"_acf_changed":false,"_themeisle_gutenberg_block_has_review":false,"footnotes":""},"categories":[1111],"tags":[],"class_list":["post-91531","page","type-page","status-publish","hentry","category-masters-en"],"acf":[],"publishpress_future_action":{"enabled":false,"date":"2026-04-11 17:02:44","action":"change-status","newStatus":"draft","terms":[],"taxonomy":"category","extraData":[]},"publishpress_future_workflow_manual_trigger":{"enabledWorkflows":[]},"_links":{"self":[{"href":"https:\/\/www.esmuc.cat\/en\/wp-json\/wp\/v2\/pages\/91531","targetHints":{"allow":["GET"]}}],"collection":[{"href":"https:\/\/www.esmuc.cat\/en\/wp-json\/wp\/v2\/pages"}],"about":[{"href":"https:\/\/www.esmuc.cat\/en\/wp-json\/wp\/v2\/types\/page"}],"author":[{"embeddable":true,"href":"https:\/\/www.esmuc.cat\/en\/wp-json\/wp\/v2\/users\/4"}],"replies":[{"embeddable":true,"href":"https:\/\/www.esmuc.cat\/en\/wp-json\/wp\/v2\/comments?post=91531"}],"version-history":[{"count":2,"href":"https:\/\/www.esmuc.cat\/en\/wp-json\/wp\/v2\/pages\/91531\/revisions"}],"predecessor-version":[{"id":91546,"href":"https:\/\/www.esmuc.cat\/en\/wp-json\/wp\/v2\/pages\/91531\/revisions\/91546"}],"up":[{"embeddable":true,"href":"https:\/\/www.esmuc.cat\/en\/wp-json\/wp\/v2\/pages\/91541"}],"wp:attachment":[{"href":"https:\/\/www.esmuc.cat\/en\/wp-json\/wp\/v2\/media?parent=91531"}],"wp:term":[{"taxonomy":"category","embeddable":true,"href":"https:\/\/www.esmuc.cat\/en\/wp-json\/wp\/v2\/categories?post=91531"},{"taxonomy":"post_tag","embeddable":true,"href":"https:\/\/www.esmuc.cat\/en\/wp-json\/wp\/v2\/tags?post=91531"}],"curies":[{"name":"wp","href":"https:\/\/api.w.org\/{rel}","templated":true}]}}