{"id":80291,"date":"2023-05-17T16:48:04","date_gmt":"2023-05-17T14:48:04","guid":{"rendered":"https:\/\/www.esmuc.cat\/?page_id=80291"},"modified":"2025-08-25T10:01:02","modified_gmt":"2025-08-25T08:01:02","slug":"transparency-portal","status":"publish","type":"page","link":"https:\/\/www.esmuc.cat\/en\/about-esmuc\/transparency-portal\/","title":{"rendered":"Transparency Portal"},"content":{"rendered":"\n<div class=\"wp-block-columns is-layout-flex wp-container-core-columns-is-layout-9d6595d7 wp-block-columns-is-layout-flex\">\n<div class=\"wp-block-column esmuc__Menu_Masters is-layout-flow wp-block-column-is-layout-flow\" style=\"flex-basis:33.33%\">\n\n\n\n\n<p><\/p>\n<\/div>\n\n\n\n<div class=\"wp-block-column is-layout-flow wp-block-column-is-layout-flow\" style=\"flex-basis:66.66%\"><div class=\"breadcrumbs align  wp-block-bcn-breadcrumb-trail has-text-color has-background\" vocab=\"https:\/\/schema.org\/\" typeof=\"BreadcrumbList\">\n\t<span><\/span>\n\t<span property=\"itemListElement\" typeof=\"ListItem\"><a property=\"item\" typeof=\"WebPage\" title=\"Go to ESMUC.\" href=\"https:\/\/www.esmuc.cat\/en\/\" class=\"home\" ><span property=\"name\">ESMUC<\/span><\/a><meta property=\"position\" content=\"1\"><\/span> &gt; <span property=\"itemListElement\" typeof=\"ListItem\"><a property=\"item\" typeof=\"WebPage\" title=\"Go to About ESMUC.\" href=\"https:\/\/www.esmuc.cat\/en\/about-esmuc\/\" class=\"post post-page\" ><span property=\"name\">About ESMUC<\/span><\/a><meta property=\"position\" content=\"2\"><\/span> &gt; <span property=\"itemListElement\" typeof=\"ListItem\"><span property=\"name\" class=\"post post-page current-item\">Transparency Portal<\/span><meta property=\"url\" content=\"https:\/\/www.esmuc.cat\/en\/about-esmuc\/transparency-portal\/\"><meta property=\"position\" content=\"3\"><\/span><\/div>\n\n\n\n<div style=\"height:10px\" aria-hidden=\"true\" class=\"wp-block-spacer\"><\/div>\n\n\n\n<h1 class=\"wp-block-heading\" id=\"portal-de-transparencia\">Transparency<\/h1>\n\n\n\n<div style=\"height:10px\" aria-hidden=\"true\" class=\"wp-block-spacer\"><\/div>\n\n\n\n<div id=\"section-g6d05cc\" class=\"wp-block-gutentor-e0 section-g6d05cc gutentor-element gutentor-element-advanced-text\"><div class=\"gutentor-text-wrap\"><p class=\"gutentor-text\">This section is for the Escola Superior de M\u00fasica de Catalunya (ESMUC) to provide that information and data required by&nbsp;<a href=\"http:\/\/portaldogc.gencat.cat\/utilsEADOP\/PDF\/6780\/1395384.pdf\">Law 19\/2014 of the 29<sup>th<\/sup> of December, regarding transparency, access to public information and good governanc<\/a><a href=\"http:\/\/portaldogc.gencat.cat\/utilsEADOP\/PDF\/6780\/1395384.pdf\" target=\"_blank\" rel=\"noreferrer noopener\">e<\/a>, so that anyone can know the resources available to the School and their use.<\/p><\/div><\/div>\n\n\n\n<div style=\"height:10px\" aria-hidden=\"true\" class=\"wp-block-spacer\"><\/div>\n\n\n\n<section id=\"10c53a\" class=\"section-10c53a gutentor-module gutentor-module-accordion\"><div class=\"grid-container\">\n<div id=\"0953c7\" class=\"wp-block-gutentor-m6-item section-0953c7 gutentor-module gutentor-module-accordion-item\"><div class=\"gutentor-module-accordion-panel g-a-panel-10c53a\"><div class=\"gm-ah-10c53a gutentor-module-accordion-item-heading gutentor-module-icon-position-right\"><span class=\"gutentor-module-accordion-panel-handler\" role=\"button\"><span class=\"gutentor-module-accordion-panel-handler-label\">Regulatory Framework<\/span><span class=\"gutentor-module-accordion-icon\"><i class=\"gm-aio-10c53a gutentor-module-accordion-icon-open fas fa-plus\"><\/i><i class=\"gm-aic-10c53a gutentor-module-accordion-icon-close fas fa-minus\"><\/i><\/span><\/span><\/div><div class=\"gm-ab-10c53a gutentor-module-accordion-body\">\n<div id=\"section-gcebfde\" class=\"wp-block-gutentor-e0 section-gcebfde gutentor-element gutentor-element-advanced-text\"><div class=\"gutentor-text-wrap\"><p class=\"gutentor-text\">ESMUC was created by a government agreement of the Generalitat de Catalunya on the 10<sup>th<\/sup> of October, 2000. In 2001, its management was entrusted to the Fundaci\u00f3 Escola Superior de M\u00fasica de Catalunya (DOGC 3530 of December 2001), and the school opened its doors by implementing the Higher Music Studies Plan, DECREE 63\/2001, of the 20<sup>th<\/sup> of February.<br>In the 2010-2011 academic year, the new curriculum was launched within the framework of artistic education arrangement and its insertion in the European Space for Higher Education. The Higher Degree in music is regulated by the following legislation:\u00f3:<\/p><\/div><\/div>\n\n\n\n<div id=\"section-g164934\" class=\"wp-block-gutentor-e7 section-g164934 gutentor-element gutentor-element-list\"><ul class=\"grid-row gutentor-grid-item-wrap list-indicator-icon\"><li class=\"gutentor-list-item grid-lg-12 grid-md-12 grid-12\"><span class=\"gutentor-single-item gutentor-single-item-0\"><span class=\"gutentor-list-item-wrap g-s-list-wrap\"><span class=\"gutentor-single-list-item-icon\"><i class=\"list-item-icon fas fa-angle-right\"><\/i><\/span><span class=\"gutentor-list-item\"><p class=\"gutentor-single-item-title\"><a href=\"https:\/\/www.boe.es\/buscar\/pdf\/2006\/BOE-A-2006-7899-consolidado.pdf\" target=\"_blank\" rel=\"noreferrer noopener\">Organic Law 2\/2006<\/a>, of the 3rd of May<\/p><\/span><\/span><\/span><\/li><li class=\"gutentor-list-item grid-lg-12 grid-md-12 grid-12\"><span class=\"gutentor-single-item gutentor-single-item-1\"><span class=\"gutentor-list-item-wrap g-s-list-wrap\"><span class=\"gutentor-single-list-item-icon\"><i class=\"list-item-icon fas fa-angle-right\"><\/i><\/span><span class=\"gutentor-list-item\"><p class=\"gutentor-single-item-title\"><a href=\"http:\/\/www.boe.es\/boe_catalan\/dias\/2009\/10\/27\/pdfs\/BOE-A-2009-17005-C.pdf\" target=\"_blank\" rel=\"noreferrer noopener\">Royal Decree 1614\/2009<\/a>, of the 26th of October, which establishes higher artistic education in its levels of higher degree and master&#8217;s degree.<\/p><\/span><\/span><\/span><\/li><li class=\"gutentor-list-item grid-lg-12 grid-md-12 grid-12\"><span class=\"gutentor-single-item gutentor-single-item-2\"><span class=\"gutentor-list-item-wrap g-s-list-wrap\"><span class=\"gutentor-single-list-item-icon\"><i class=\"list-item-icon fas fa-angle-right\"><\/i><\/span><span class=\"gutentor-list-item\"><p class=\"gutentor-single-item-title\"><a href=\"http:\/\/www.boe.es\/boe\/dias\/2010\/06\/05\/pdfs\/BOE-A-2010-8955.pdf\" target=\"_blank\" rel=\"noreferrer noopener\">Royal Decree 631\/2010<\/a>, of the 14th of May, which regulates the basic content of the Bachelor\u2019s Degree in music, and establishes its specialties.<\/p><\/span><\/span><\/span><\/li><\/ul><\/div>\n<\/div><\/div><\/div>\n\n\n\n<div id=\"23a45c\" class=\"wp-block-gutentor-m6-item section-23a45c gutentor-module gutentor-module-accordion-item\"><div class=\"gutentor-module-accordion-panel g-a-panel-10c53a\"><div class=\"gm-ah-10c53a gutentor-module-accordion-item-heading gutentor-module-icon-position-right\"><span class=\"gutentor-module-accordion-panel-handler\" role=\"button\"><span class=\"gutentor-module-accordion-panel-handler-label\">Catalogue of Services<\/span><span class=\"gutentor-module-accordion-icon\"><i class=\"gm-aio-10c53a gutentor-module-accordion-icon-open fas fa-plus\"><\/i><i class=\"gm-aic-10c53a gutentor-module-accordion-icon-close fas fa-minus\"><\/i><\/span><\/span><\/div><div class=\"gm-ab-10c53a gutentor-module-accordion-body\">\n<div id=\"section-g7c36f4\" class=\"wp-block-gutentor-e0 section-g7c36f4 gutentor-element gutentor-element-advanced-text\"><div class=\"gutentor-text-wrap\"><p class=\"gutentor-text\"><strong>Catalogue of Services<\/strong><br>ESMUC is a public institution regarding higher music education attached to the Department of Education of the Generalitat de Catalunya, in accordance with the current legal framework regarding requirements, curricular organization and access system.<br><br><strong>The main objectives of ESMUC are:<\/strong><br>&nbsp;<br>a) The organisation and teaching of higher music degree programmes.<br>b) The organisation and teaching of postgraduate and master&#8217;s degree programmes in regards to its areas of knowledge and specialisation.<br>c) The organisation of other courses and activities within its field of competence.<br>d) Research in the field of music and musical culture.<br>e) The development of proposals for the creation, modification or suppression of study and research plans.<br>&nbsp;<br><strong><strong>Regarding teaching:<\/strong><br>&nbsp;<br><\/strong>a) The organisation, development, and evaluation of teaching activities in its knowledge areas.<br>b) The coordination and supervision of the teaching activity of its departments, ensuring compliance with the programming and its quality.<br>c) Contribution to the improvement of the artistic and musical education system.<br>d) The promotion of ongoing training and musical awareness activities.<br>&nbsp;<br><strong><strong>Regarding administration:<\/strong><br>&nbsp;<br><\/strong>a) Responsible and efficient administration of its equipment, services, and resources.<br>b) Administrative management of the academic activity of students regarding the right to data privacy.<strong><br>&nbsp;<br><strong>Regarding the educational community:<\/strong><br>&nbsp;<br><\/strong>a) Comprehensive assistance to all students from their access to the end of their studies.<br>b) The promotion of mobility and exchange of students through cooperation programs of the European Union and other international agreements.<br>c) Collaboration in the integration of graduates in the labour market.<br>d) The promotion of permanent training and updating of teachers&#8217; knowledge.<br>e) The promotion of effective integration of teaching and research staff into the international musical scientific community.<br>f) The encouragement of free association of any of the school&#8217;s bodies.<br><br><strong>Regarding society:<\/strong><br>&nbsp;<br>a) Contribution to the dissemination of musical culture and Catalan musical creation.<br>b) Cooperation with public and private institutions, associations and foundations that concur with its objectives.<br>c) Facilitating the access to its studies and activities to anyone, regardless of their conditions, especially those belonging to the most vulnerable or disadvantaged segment.<\/p><\/div><\/div>\n<\/div><\/div><\/div>\n\n\n\n<div id=\"2d0bd3\" class=\"wp-block-gutentor-m6-item section-2d0bd3 gutentor-module gutentor-module-accordion-item\"><div class=\"gutentor-module-accordion-panel g-a-panel-10c53a\"><div class=\"gm-ah-10c53a gutentor-module-accordion-item-heading gutentor-module-icon-position-right\"><span class=\"gutentor-module-accordion-panel-handler\" role=\"button\"><span class=\"gutentor-module-accordion-panel-handler-label\">Values and Principles<\/span><span class=\"gutentor-module-accordion-icon\"><i class=\"gm-aio-10c53a gutentor-module-accordion-icon-open fas fa-plus\"><\/i><i class=\"gm-aic-10c53a gutentor-module-accordion-icon-close fas fa-minus\"><\/i><\/span><\/span><\/div><div class=\"gm-ab-10c53a gutentor-module-accordion-body\">\n<div id=\"section-gc48685\" class=\"wp-block-gutentor-e0 section-gc48685 gutentor-element gutentor-element-advanced-text\"><div class=\"gutentor-text-wrap\"><p class=\"gutentor-text\">All School programs, services and actions will take into account the following values and principles:<\/p><\/div><\/div>\n\n\n\n<div id=\"section-gede3bb\" class=\"wp-block-gutentor-e7 section-gede3bb gutentor-element gutentor-element-list\"><ul class=\"grid-row gutentor-grid-item-wrap list-indicator-icon\"><li class=\"gutentor-list-item grid-lg-12 grid-md-12 grid-12\"><span class=\"gutentor-single-item gutentor-single-item-0\"><span class=\"gutentor-list-item-wrap g-s-list-wrap\"><span class=\"gutentor-single-list-item-icon\"><i class=\"list-item-icon fas fa-angle-right\"><\/i><\/span><span class=\"gutentor-list-item\"><p class=\"gutentor-single-item-title\">Social and corporate responsibility<\/p><\/span><\/span><\/span><\/li><li class=\"gutentor-list-item grid-lg-12 grid-md-12 grid-12\"><span class=\"gutentor-single-item gutentor-single-item-1\"><span class=\"gutentor-list-item-wrap g-s-list-wrap\"><span class=\"gutentor-single-list-item-icon\"><i class=\"list-item-icon fas fa-angle-right\"><\/i><\/span><span class=\"gutentor-list-item\"><p class=\"gutentor-single-item-title\"><a href=\"https:\/\/www.esmuc.cat\/?page_id=101387\">Gender equality<\/a><\/p><\/span><\/span><\/span><\/li><li class=\"gutentor-list-item grid-lg-12 grid-md-12 grid-12\"><span class=\"gutentor-single-item gutentor-single-item-2\"><span class=\"gutentor-list-item-wrap g-s-list-wrap\"><span class=\"gutentor-single-list-item-icon\"><i class=\"list-item-icon fas fa-angle-right\"><\/i><\/span><span class=\"gutentor-list-item\"><p class=\"gutentor-single-item-title\">Equal access<\/p><\/span><\/span><\/span><\/li><li class=\"gutentor-list-item grid-lg-12 grid-md-12 grid-12\"><span class=\"gutentor-single-item gutentor-single-item-3\"><span class=\"gutentor-list-item-wrap g-s-list-wrap\"><span class=\"gutentor-single-list-item-icon\"><i class=\"list-item-icon fas fa-angle-right\"><\/i><\/span><span class=\"gutentor-list-item\"><p class=\"gutentor-single-item-title\">The active search for the professional insertion of the alumni<\/p><\/span><\/span><\/span><\/li><li class=\"gutentor-list-item grid-lg-12 grid-md-12 grid-12\"><span class=\"gutentor-single-item gutentor-single-item-4\"><span class=\"gutentor-list-item-wrap g-s-list-wrap\"><span class=\"gutentor-single-list-item-icon\"><i class=\"list-item-icon fas fa-angle-right\"><\/i><\/span><span class=\"gutentor-list-item\"><p class=\"gutentor-single-item-title\">Transparency in management<\/p><\/span><\/span><\/span><\/li><li class=\"gutentor-list-item grid-lg-12 grid-md-12 grid-12\"><span class=\"gutentor-single-item gutentor-single-item-5\"><span class=\"gutentor-list-item-wrap g-s-list-wrap\"><span class=\"gutentor-single-list-item-icon\"><i class=\"list-item-icon fas fa-angle-right\"><\/i><\/span><span class=\"gutentor-list-item\"><p class=\"gutentor-single-item-title\">Support for the artistic and musical education system<\/p><\/span><\/span><\/span><\/li><li class=\"gutentor-list-item grid-lg-12 grid-md-12 grid-12\"><span class=\"gutentor-single-item gutentor-single-item-6\"><span class=\"gutentor-list-item-wrap g-s-list-wrap\"><span class=\"gutentor-single-list-item-icon\"><i class=\"list-item-icon fas fa-angle-right\"><\/i><\/span><span class=\"gutentor-list-item\"><p class=\"gutentor-single-item-title\">Responsible consumption and sustainability<\/p><\/span><\/span><\/span><\/li><li class=\"gutentor-list-item grid-lg-12 grid-md-12 grid-12\"><span class=\"gutentor-single-item gutentor-single-item-7\"><span class=\"gutentor-list-item-wrap g-s-list-wrap\"><span class=\"gutentor-single-list-item-icon\"><i class=\"list-item-icon fas fa-angle-right\"><\/i><\/span><span class=\"gutentor-list-item\"><p class=\"gutentor-single-item-title\">Assessment as a driving force for continuous improvement<\/p><\/span><\/span><\/span><\/li><\/ul><\/div>\n<\/div><\/div><\/div>\n\n\n\n<div id=\"ac81a0\" class=\"wp-block-gutentor-m6-item section-ac81a0 gutentor-module gutentor-module-accordion-item\"><div class=\"gutentor-module-accordion-panel g-a-panel-10c53a\"><div class=\"gm-ah-10c53a gutentor-module-accordion-item-heading gutentor-module-icon-position-right\"><span class=\"gutentor-module-accordion-panel-handler\" role=\"button\"><span class=\"gutentor-module-accordion-panel-handler-label\">Organitzsation<\/span><span class=\"gutentor-module-accordion-icon\"><i class=\"gm-aio-10c53a gutentor-module-accordion-icon-open fas fa-plus\"><\/i><i class=\"gm-aic-10c53a gutentor-module-accordion-icon-close fas fa-minus\"><\/i><\/span><\/span><\/div><div class=\"gm-ab-10c53a gutentor-module-accordion-body\">\n<div id=\"section-gbcae24\" class=\"wp-block-gutentor-e0 section-gbcae24 gutentor-element gutentor-element-advanced-text\"><div class=\"gutentor-text-wrap\"><p class=\"gutentor-text\">ESMUC is governed by the following bodies: the Foundation, general collegiate bodies, and other specific collegiate bodies.<br>For more information on the governing and participatory bodies, the organisational structure and the staff of ESMUC, you can access the <a href=\"https:\/\/www.esmuc.cat\/en\/about-esmuc\/organisation\/\">Organitsation<\/a> section.<\/p><\/div><\/div>\n<\/div><\/div><\/div>\n\n\n\n<div id=\"661517\" class=\"wp-block-gutentor-m6-item section-661517 gutentor-module gutentor-module-accordion-item\"><div class=\"gutentor-module-accordion-panel g-a-panel-10c53a\"><div class=\"gm-ah-10c53a gutentor-module-accordion-item-heading gutentor-module-icon-position-right\"><span class=\"gutentor-module-accordion-panel-handler\" role=\"button\"><span class=\"gutentor-module-accordion-panel-handler-label\">Ethical Code of the Foundation<\/span><span class=\"gutentor-module-accordion-icon\"><i class=\"gm-aio-10c53a gutentor-module-accordion-icon-open fas fa-plus\"><\/i><i class=\"gm-aic-10c53a gutentor-module-accordion-icon-close fas fa-minus\"><\/i><\/span><\/span><\/div><div class=\"gm-ab-10c53a gutentor-module-accordion-body\">\n<div id=\"section-g324d8c\" class=\"wp-block-gutentor-e0 section-g324d8c gutentor-element gutentor-element-advanced-text\"><div class=\"gutentor-text-wrap\"><p class=\"gutentor-text\">The ESMUC Code of Ethics aims to prescribe the required behaviour of those linked in any way to the Foundation beyond mandatory legal provisions, the Statutes, the Regulations, or the current collective bargaining agreement.<\/p><\/div><\/div>\n\n\n\n<div id=\"section-g42698a\" class=\"wp-block-gutentor-e7 section-g42698a gutentor-element gutentor-element-list\"><ul class=\"grid-row gutentor-grid-item-wrap list-indicator-icon\"><li class=\"gutentor-list-item grid-lg-12 grid-md-12 grid-12\"><span class=\"gutentor-single-item gutentor-single-item-0\"><span class=\"gutentor-list-item-wrap g-s-list-wrap\"><span class=\"gutentor-single-list-item-icon\"><i class=\"list-item-icon fas fa-arrow-right\"><\/i><\/span><span class=\"gutentor-list-item\"><p class=\"gutentor-single-item-title\"><a href=\"https:\/\/www.esmuc.cat\/wp-content\/uploads\/2022\/05\/CODI-ETIC-DE-LA-FUNDACIO-ESCOLA-SUPERIOR-DE-MUSICA-DE-CATALUNYA.pdf\" target=\"_blank\" rel=\"noreferrer noopener\">Codi \u00c8tic de la Fundaci\u00f3 Escola Superior de M\u00fasica de Catalunya<\/a> (.pdf)<\/p><\/span><\/span><\/span><\/li><\/ul><\/div>\n<\/div><\/div><\/div>\n<\/div><\/section>\n<\/div>\n<\/div>\n\n\n\n<p><\/p>\n","protected":false},"excerpt":{"rendered":"<p>Transparency<\/p>\n","protected":false},"author":35,"featured_media":0,"parent":46464,"menu_order":0,"comment_status":"closed","ping_status":"closed","template":"","meta":{"_acf_changed":false,"_themeisle_gutenberg_block_has_review":false,"footnotes":""},"categories":[1097],"tags":[],"class_list":["post-80291","page","type-page","status-publish","hentry","category-transparency-portal"],"acf":[],"publishpress_future_action":{"enabled":false,"date":"2026-05-01 17:30:52","action":"change-status","newStatus":"draft","terms":[],"taxonomy":"category","extraData":[]},"publishpress_future_workflow_manual_trigger":{"enabledWorkflows":[]},"_links":{"self":[{"href":"https:\/\/www.esmuc.cat\/en\/wp-json\/wp\/v2\/pages\/80291","targetHints":{"allow":["GET"]}}],"collection":[{"href":"https:\/\/www.esmuc.cat\/en\/wp-json\/wp\/v2\/pages"}],"about":[{"href":"https:\/\/www.esmuc.cat\/en\/wp-json\/wp\/v2\/types\/page"}],"author":[{"embeddable":true,"href":"https:\/\/www.esmuc.cat\/en\/wp-json\/wp\/v2\/users\/35"}],"replies":[{"embeddable":true,"href":"https:\/\/www.esmuc.cat\/en\/wp-json\/wp\/v2\/comments?post=80291"}],"version-history":[{"count":3,"href":"https:\/\/www.esmuc.cat\/en\/wp-json\/wp\/v2\/pages\/80291\/revisions"}],"predecessor-version":[{"id":111374,"href":"https:\/\/www.esmuc.cat\/en\/wp-json\/wp\/v2\/pages\/80291\/revisions\/111374"}],"up":[{"embeddable":true,"href":"https:\/\/www.esmuc.cat\/en\/wp-json\/wp\/v2\/pages\/46464"}],"wp:attachment":[{"href":"https:\/\/www.esmuc.cat\/en\/wp-json\/wp\/v2\/media?parent=80291"}],"wp:term":[{"taxonomy":"category","embeddable":true,"href":"https:\/\/www.esmuc.cat\/en\/wp-json\/wp\/v2\/categories?post=80291"},{"taxonomy":"post_tag","embeddable":true,"href":"https:\/\/www.esmuc.cat\/en\/wp-json\/wp\/v2\/tags?post=80291"}],"curies":[{"name":"wp","href":"https:\/\/api.w.org\/{rel}","templated":true}]}}