{"id":80279,"date":"2023-05-17T16:20:30","date_gmt":"2023-05-17T14:20:30","guid":{"rendered":"https:\/\/www.esmuc.cat\/?page_id=80279"},"modified":"2026-04-08T16:36:41","modified_gmt":"2026-04-08T14:36:41","slug":"wednesday-esmuc-jam","status":"publish","type":"page","link":"https:\/\/www.esmuc.cat\/en\/actividades\/concerts\/wednesday-esmuc-jam\/","title":{"rendered":"Wednesday ESMUC Jam"},"content":{"rendered":"<div class=\"breadcrumbs align  wp-block-bcn-breadcrumb-trail has-text-color has-background\" vocab=\"https:\/\/schema.org\/\" typeof=\"BreadcrumbList\">\n\t<span><\/span>\n\t<span property=\"itemListElement\" typeof=\"ListItem\"><a property=\"item\" typeof=\"WebPage\" title=\"Go to ESMUC.\" href=\"https:\/\/www.esmuc.cat\/en\/\" class=\"home\" ><span property=\"name\">ESMUC<\/span><\/a><meta property=\"position\" content=\"1\"><\/span> &gt; <span property=\"itemListElement\" typeof=\"ListItem\"><a property=\"item\" typeof=\"WebPage\" title=\"Go to Actividades.\" href=\"https:\/\/www.esmuc.cat\/en\/actividades\/\" class=\"post post-page\" ><span property=\"name\">Actividades<\/span><\/a><meta property=\"position\" content=\"2\"><\/span> &gt; <span property=\"itemListElement\" typeof=\"ListItem\"><a property=\"item\" typeof=\"WebPage\" title=\"Go to Concerts.\" href=\"https:\/\/www.esmuc.cat\/en\/actividades\/concerts\/\" class=\"post post-page\" ><span property=\"name\">Concerts<\/span><\/a><meta property=\"position\" content=\"3\"><\/span> &gt; <span property=\"itemListElement\" typeof=\"ListItem\"><span property=\"name\" class=\"post post-page current-item\">Wednesday ESMUC Jam<\/span><meta property=\"url\" content=\"https:\/\/www.esmuc.cat\/en\/actividades\/concerts\/wednesday-esmuc-jam\/\"><meta property=\"position\" content=\"4\"><\/span><\/div>\n\n\n\n<div class=\"wp-block-columns is-layout-flex wp-container-core-columns-is-layout-9d6595d7 wp-block-columns-is-layout-flex\">\n<div class=\"wp-block-column is-layout-flow wp-block-column-is-layout-flow\" style=\"flex-basis:100%\">\n<h1 class=\"wp-block-heading\" id=\"esmuc-jam\">ESMUC Jam<\/h1>\n\n\n\n<div style=\"height:30px\" aria-hidden=\"true\" class=\"wp-block-spacer\"><\/div>\n\n\n\n<div class=\"wp-block-columns is-layout-flex wp-container-core-columns-is-layout-9d6595d7 wp-block-columns-is-layout-flex\">\n<div class=\"wp-block-column is-layout-flow wp-block-column-is-layout-flow\">\n<div id=\"section-g6fe1c3\" class=\"wp-block-gutentor-e0 section-g6fe1c3 gutentor-element gutentor-element-advanced-text\"><div class=\"gutentor-text-wrap\"><p class=\"gutentor-text\">ESMUC Jam<em> <\/em>is the meeting point for musicians who want to share the spontaneity and pleasure of playing together, giving special importance to jazz <strong>improvisation<\/strong>. The cycle began in 2015 with weekly sessions and is coordinated by&nbsp;the <a href=\"https:\/\/www.esmuc.cat\/en\/about-esmuc\/departments\/jazz-flamenco-popular-and-traditional-catalan-music\/\">Departament of Jazz, Flamenco, Popular and Traditional Catalan Music<\/a>. <\/p><\/div><\/div>\n\n\n\n<section id=\"gm22b6ca5\" class=\"wp-block-gutentor-m3 section-gm22b6ca5 gutentor-module gutentor-container-cover has-color-bg has-custom-bg\"><div class=\"grid-container\">\n<div id=\"section-g54d2e0\" class=\"wp-block-gutentor-e7 section-g54d2e0 gutentor-element gutentor-element-list\"><ul class=\"grid-row gutentor-grid-item-wrap list-indicator-icon\"><li class=\"gutentor-list-item grid-lg-12 grid-md-12 grid-12\"><span class=\"gutentor-single-item gutentor-single-item-0\"><span class=\"gutentor-list-item-wrap g-s-list-wrap\"><span class=\"gutentor-single-list-item-icon\"><i class=\"list-item-icon fas fa-calendar-alt\"><\/i><\/span><span class=\"gutentor-list-item\"><p class=\"gutentor-single-item-title\">Wednesday<\/p><\/span><\/span><\/span><\/li><li class=\"gutentor-list-item grid-lg-12 grid-md-12 grid-12\"><span class=\"gutentor-single-item gutentor-single-item-1\"><span class=\"gutentor-list-item-wrap g-s-list-wrap g-s-list-i-icon\"><span class=\"gutentor-single-list-item-icon\"><i class=\"list-item-icon far fa-clock\"><\/i><\/span><span class=\"gutentor-list-item\"><p class=\"gutentor-single-item-title\">19:30 h<\/p><\/span><\/span><\/span><\/li><li class=\"gutentor-list-item grid-lg-12 grid-md-12 grid-12\"><span class=\"gutentor-single-item gutentor-single-item-2\"><span class=\"gutentor-list-item-wrap g-s-list-wrap g-s-list-i-icon\"><span class=\"gutentor-single-list-item-icon\"><i class=\"list-item-icon fas fa-map-marker-alt\"><\/i><\/span><span class=\"gutentor-list-item\"><p class=\"gutentor-single-item-title\">Bar Llanterna. Free access<\/p><\/span><\/span><\/span><\/li><\/ul><\/div>\n<\/div><\/section>\n<\/div>\n\n\n\n<div class=\"wp-block-column is-layout-flow wp-block-column-is-layout-flow\">\n<figure class=\"wp-block-image size-large is-resized\"><img decoding=\"async\" width=\"1024\" height=\"576\" src=\"https:\/\/www.esmuc.cat\/wp-content\/uploads\/2024\/10\/ESMUC-JAM-2425-2-1024x576.png\" alt=\"Esmuc Jam 2425\" class=\"wp-image-99967\" style=\"width:491px;height:auto\" srcset=\"https:\/\/www.esmuc.cat\/wp-content\/uploads\/2024\/10\/ESMUC-JAM-2425-2-1024x576.png 1024w, https:\/\/www.esmuc.cat\/wp-content\/uploads\/2024\/10\/ESMUC-JAM-2425-2-300x169.png 300w, https:\/\/www.esmuc.cat\/wp-content\/uploads\/2024\/10\/ESMUC-JAM-2425-2-768x432.png 768w, https:\/\/www.esmuc.cat\/wp-content\/uploads\/2024\/10\/ESMUC-JAM-2425-2-1536x864.png 1536w, https:\/\/www.esmuc.cat\/wp-content\/uploads\/2024\/10\/ESMUC-JAM-2425-2.png 1600w\" sizes=\"(max-width: 1024px) 100vw, 1024px\" \/><\/figure>\n<\/div>\n<\/div>\n\n\n\n<h2 class=\"wp-block-heading\" id=\"programacio-2021-2022\">Programme<\/h2>\n\n\n\n<h3 class=\"wp-block-heading\">Academic year 2025-2026<\/h3>\n\n\n\n<div style=\"height:30px\" aria-hidden=\"true\" class=\"wp-block-spacer\"><\/div>\n\n\n\n<section id=\"gm812e5a1\" class=\"wp-block-gutentor-m3 section-gm812e5a1 gutentor-module gutentor-container-cover\"><div class=\"grid-container\">\n<figure class=\"wp-block-table alignleft ticss-f88da32e\"><table><thead><tr><th>Scheduled dates                                                            <\/th><th>Starting the jam session<\/th><\/tr><\/thead><tbody><tr><td>08\/10\/2025<\/td><td>Contusion<br>Lola Pe\u00f1aranda, saxo; Diego Nogueira, bass guitar; Miquel Freixas, keyboard; and Marc Par\u00e9s, drums.<\/td><\/tr><tr><td>22\/10\/2025<\/td><td>Adam Baldych<br>Mart\u00ed Vila, violin ; Teo Gallego, piano; Miquel Pinazo, drums; Rodrigo Garc\u00eda, alto saxophone; Xavi Gin\u00e9, double bass.<\/td><\/tr><tr><td>29\/10\/2025<\/td><td>Pau Llad\u00f3 Quartet<br>Pau Llad\u00f3, alto and soprano saxophone; Miquel Rodriguez, piano; Pol Mart\u00ed, drums; Jordi Herrera, double bass.<\/td><\/tr><tr><td>26\/11\/2025<\/td><td>Marc Uroz, voice; Dani Palaci, piano; Bruno Tejedo, saxo; Manu Luque, double bass.<\/td><\/tr><tr><td>04\/02\/2026<\/td><td>1 2 3 YES<br>Vicenzo Pellegrino, piano; Sergei Maltsev, drums; Alessandro Criscuolo, bass guitar.<\/td><\/tr><tr><td>25\/02\/2026<\/td><td>Power Funky Station<br>Juan David Velasco, guitar; Daniel Corral, keyboards; Arturo Ortiz, alto saxophone; Diego Nogueira, bass guitar; Marc Par\u00e9s, drums.<\/td><\/tr><tr><td>18\/03\/2026<\/td><td>Moshpit<br>Juan David Velasco, guitar; Daniel Corral, keyboards; Arturo Ortiz, alto saxophone; Diego Nogueira, bass guitar; Sergi Campos, drums.<\/td><\/tr><tr><td>08\/04\/2026<\/td><td>Combo Master<br>Zoe Celeste, voice; Vicente Oliveira, guitar; Jack Aprat, piano; Roman Cubelos, double bass; Arturo Ram\u00edrez, drums.<\/td><\/tr><tr><td>22\/04\/2026<\/td><td>Tribute to the Cannonball Adderley Quintet<br>Marc Marcet, trumpet; Rodrigo Garc\u00eda-Bernalt, alto saxophone; Teo Gallego, piano; Tom\u00e1s A Di, double bass; Judit Puig, drums.<\/td><\/tr><tr><td>29\/04\/2026<\/td><td>Fahrenheit<br>Tom\u00e1s D\u00edaz, electric bass; Joan Biosca, alto saxophone; \u00d2scar Montoya, tenor saxophone; Teo Gallego, keyboards; Joan Soler, guitar; Juan David Velasco, guitar; Miquel Alcaina, percussion; Judit Puig, drums.&nbsp;<\/td><\/tr><tr><td>13\/05\/2026<\/td><td>Teenage Mutant Ninja Turtles<br>Jaume Rosell\u00f3 Salleras, guitar; Adam Torres, alto saxophone; Roman Cubelos, double bass; Sergei Maltsev, drums.<\/td><\/tr><\/tbody><\/table><\/figure>\n<\/div><\/section>\n<\/div>\n<\/div>\n\n\n\n<section id=\"g-tnt81l8\" class=\"section-g-tnt81l8 gutentor-module gutentor-module-accordion\"><div class=\"grid-container\">\n<div id=\"g-2y8btat\" class=\"wp-block-gutentor-m6-item section-g-2y8btat gutentor-module gutentor-module-accordion-item\"><div class=\"gutentor-module-accordion-panel g-a-panel-g-tnt81l8\"><div class=\"gm-ah-g-tnt81l8 gutentor-module-accordion-item-heading gutentor-module-icon-position-right\"><span class=\"gutentor-module-accordion-panel-handler\" role=\"button\"><span class=\"gutentor-module-accordion-panel-handler-label\">2023 &#8211; 2024<\/span><span class=\"gutentor-module-accordion-icon\"><i class=\"gm-aio-g-tnt81l8 gutentor-module-accordion-icon-open fas fa-plus\"><\/i><i class=\"gm-aic-g-tnt81l8 gutentor-module-accordion-icon-close fas fa-minus\"><\/i><\/span><\/span><\/div><div class=\"gm-ab-g-tnt81l8 gutentor-module-accordion-body\">\n<section id=\"g-mmmm3tt\" class=\"wp-block-gutentor-m3 section-g-mmmm3tt gutentor-module gutentor-container-cover\"><div class=\"grid-container\">\n<figure class=\"wp-block-table alignleft ticss-f88da32e\"><table><thead><tr><th>Scheduled dates                                                            <\/th><th>Starting the jam session<\/th><\/tr><\/thead><tbody><tr><td>11\/10\/2023<\/td><td>Combo Roy Hargrove:<br>\u00c1lvaro Garrido, alto sax; Gen\u00eds Ventura, trumpet; Miquel Freixas, piano; \u00c1lex Davies, double bass; Miquel Pinazo, drums.<\/td><\/tr><tr><td>18\/10\/2023<\/td><td>Combo teachers:<br>Irene Reig, alto sax; Lluc Casares, tenor sax; Paco Fern\u00e1ndez, trumpet; N\u00e9stor Gim\u00e9nez, piano; Jordi Herrera, double bass; Andreu Pitarch, drums.<\/td><\/tr><tr><td>25\/10\/2023<\/td><td>Combo M\u00e0ster 1:<br>Camila Arana, voice; Alex Correa, piano; L\u00eddia Garc\u00eda, double bass; Nico Su\u00e1rez, drums.<\/td><\/tr><tr><td>8\/11\/2023<\/td><td>Combo Lee Konitz:<br>Rodrigo Garc\u00eda-Bernalt, alto sax; Alex Davies, double bass; Miquel Pinazo, drums.<\/td><\/tr><tr><td>15\/11\/2023<\/td><td>Combo Marquis Hill<\/td><\/tr><tr><td>22\/11\/2023<\/td><td>Combo Thelonious Monk:<br>Bruno Tejedo, tenor sax; Amets Aznarez, trombone; Bernat Garc\u00e9s, piano; Edu Verg\u00e9s, guitar; Juan Pablo, double bass; Pol Mart\u00ed, drums.<\/td><\/tr><tr><td>7\/2\/2024<\/td><td>Joan Sanmarti, guitar; Ismael Alsina, bass; Biel Roca, piano; Gerard Pola, drums<\/td><\/tr><tr><td>14\/2\/2024<\/td><td><\/td><\/tr><tr><td>21\/2\/2024<\/td><td>Groove Police<br>Cristian Gonzalez, keyboards; Abril Saur\u00ed, drums; \u00c8ric Elias, bass<\/td><\/tr><tr><td>28\/2\/2024<\/td><td>Aina L\u00f3pez, sax; Cristo, sax; Biel Roca, piano; David Mu\u00f1oz, double bass; Eloy Ma\u00f1oguil, drums<\/td><\/tr><tr><td>13\/3\/2024<\/td><td>Anna Cera, voice; Joan Agull\u00f3, drums; Dani, keyboards; Gerard, guitar; Sandra Carvajal, voice; Bruno Tejedo, sax; Saul, trumpet; Eric El\u00edas, bass<\/td><\/tr><tr><td>17\/04\/2024<\/td><td>Roy Hargrove:<br>Francisco Fern\u00e1ndez, trumpet ; Aina L\u00f3pez, alto sax ; Mart\u00ed Cabarrocas, alto sax ; Cristopher P\u00e9rez, tenor sax ; Adri\u00e1n Miras, guitar ; Diego Nogueira, electric bass ; David Herrera, drums<\/td><\/tr><tr><td>24\/04\/2024<\/td><td>Wes Montgomery:<br>Eduard Verg\u00e9s, guitar ; Bernat Garc\u00e9s, piano ; Alex Davies, double bass ; Miquel Pinazo, drums<\/td><\/tr><\/tbody><\/table><\/figure>\n<\/div><\/section>\n<\/div><\/div><\/div>\n\n\n\n<div id=\"g-tt05ql5\" class=\"wp-block-gutentor-m6-item section-g-tt05ql5 gutentor-module gutentor-module-accordion-item\"><div class=\"gutentor-module-accordion-panel g-a-panel-g-tnt81l8\"><div class=\"gm-ah-g-tnt81l8 gutentor-module-accordion-item-heading gutentor-module-icon-position-right\"><span class=\"gutentor-module-accordion-panel-handler\" role=\"button\"><span class=\"gutentor-module-accordion-panel-handler-label\">2024 &#8211; 2025<\/span><span class=\"gutentor-module-accordion-icon\"><i class=\"gm-aio-g-tnt81l8 gutentor-module-accordion-icon-open fas fa-plus\"><\/i><i class=\"gm-aic-g-tnt81l8 gutentor-module-accordion-icon-close fas fa-minus\"><\/i><\/span><\/span><\/div><div class=\"gm-ab-g-tnt81l8 gutentor-module-accordion-body\">\n<section id=\"g-9r5unuc\" class=\"wp-block-gutentor-m3 section-g-9r5unuc gutentor-module gutentor-container-cover\"><div class=\"grid-container\">\n<figure class=\"wp-block-table alignleft ticss-f88da32e\"><table><thead><tr><th>Scheduled dates                                                            <\/th><th>Starting the jam session<\/th><\/tr><\/thead><tbody><tr><td>2\/10\/2024<\/td><td>RH Factor:<br>Paco Fern\u00e1ndez, trumpet; Aina L\u00f3pez i Mart\u00ed Cabarrocas, saxo; David Herrero, drums; Diego Nogueira, bass.<\/td><\/tr><tr><td>9\/10\/2024<\/td><td>Monk&#8217;s Tribute:<br>Roc Rodr\u00edguez, trumpet; Pau Llad\u00f3, saxo; Joan Pere Arguimbau, guitar; Miquel Rodr\u00edguez, piano; Eloi Peralta, double bass; Alberto Manrique, drums.<\/td><\/tr><tr><td>23\/10\/2024<\/td><td>Kenny Garrett:<br>David Llop, saxo; Rodrigo, piano; Jordi Herrera, double bass; Jose Carlos; drums.<\/td><\/tr><tr><td>30\/10\/2024<\/td><td>Oliver Nelson:<br>Joan Momin\u00f3, David Llop, Llu\u00eds Marcet, Bernat Garc\u00e9s, Jordi Herrera, David Herrero.<\/td><\/tr><tr><td>13\/11\/2024<\/td><td>Pat Metheny:<br>Gerard Carulla, guitar; Dani Palac\u00ed, piano; Xumari Roca, percussion; David Herrero, drums; Jordi Herrera, double bass; Julia Munn\u00e9, voice.<\/td><\/tr><tr><td>27\/11\/2024<\/td><td>NY Flamenco Reunion:<br>Joan Momin\u00f3, trumpet; \u00c1lvaro Garrido, saxo; Bernat Garc\u00e9s, piano; Juan Pablo Egusquiza, double bass; Jos\u00e9 Carlos Hern\u00e1ndez, drums.<\/td><\/tr><tr><td>19\/02\/2025<\/td><td>Javier Vivas Quartet:<br>Javier Vivas, clarinet; Biel Jorba, piano; Jordi Herrera, double bass; Arturo Hintze; drums.<\/td><\/tr><tr><td>05\/03\/2025<\/td><td>Ruben Luis Torres<br>Rub\u00e9n Luis, guitar; Noah Hassler-Forest, violin; Vincenzo Pellegrino, piano; Juan Pablo Eg\u00fasquiza, double bass; Arturo Hintze, drums.<\/td><\/tr><tr><td>26\/03\/2025<\/td><td>Rodrigo Garc\u00eda-Bernalt, alto saxo; Marc Marcet, trumpet; Llu\u00eds Marcet, tenor saxo; Marina Calleja, trombone; Andreu Bayarri, vibraphone; Jordi Herrera, double bass; Cecilia Colla\u00e7o, drums.<\/td><\/tr><tr><td>09\/04\/2025<\/td><td>Pablo Fr\u00edas quartet<\/td><\/tr><tr><td>30\/04\/2025<\/td><td>Gen\u00eds Ventura, trumpet; Lola Pe\u00f1aranda, tenor saxo; Juan Pablo Eg\u00fasquiza, double bass; Pau Mas\u00f3, drums.<\/td><\/tr><\/tbody><\/table><\/figure>\n<\/div><\/section>\n<\/div><\/div><\/div>\n<\/div><\/section>\n","protected":false},"excerpt":{"rendered":"<p>ESMUC Jam Programme Academic year 2025-2026<\/p>\n","protected":false},"author":35,"featured_media":99962,"parent":56242,"menu_order":0,"comment_status":"closed","ping_status":"closed","template":"","meta":{"_acf_changed":false,"_themeisle_gutenberg_block_has_review":false,"footnotes":""},"categories":[1094,1095],"tags":[1526,1464],"class_list":["post-80279","page","type-page","status-publish","has-post-thumbnail","hentry","category-communication","category-school","tag-concerts-en-2","tag-jazz-en"],"acf":[],"publishpress_future_action":{"enabled":false,"date":"2026-04-16 23:42:21","action":"change-status","newStatus":"draft","terms":[],"taxonomy":"category","extraData":[]},"publishpress_future_workflow_manual_trigger":{"enabledWorkflows":[]},"_links":{"self":[{"href":"https:\/\/www.esmuc.cat\/en\/wp-json\/wp\/v2\/pages\/80279","targetHints":{"allow":["GET"]}}],"collection":[{"href":"https:\/\/www.esmuc.cat\/en\/wp-json\/wp\/v2\/pages"}],"about":[{"href":"https:\/\/www.esmuc.cat\/en\/wp-json\/wp\/v2\/types\/page"}],"author":[{"embeddable":true,"href":"https:\/\/www.esmuc.cat\/en\/wp-json\/wp\/v2\/users\/35"}],"replies":[{"embeddable":true,"href":"https:\/\/www.esmuc.cat\/en\/wp-json\/wp\/v2\/comments?post=80279"}],"version-history":[{"count":31,"href":"https:\/\/www.esmuc.cat\/en\/wp-json\/wp\/v2\/pages\/80279\/revisions"}],"predecessor-version":[{"id":118227,"href":"https:\/\/www.esmuc.cat\/en\/wp-json\/wp\/v2\/pages\/80279\/revisions\/118227"}],"up":[{"embeddable":true,"href":"https:\/\/www.esmuc.cat\/en\/wp-json\/wp\/v2\/pages\/56242"}],"wp:featuredmedia":[{"embeddable":true,"href":"https:\/\/www.esmuc.cat\/en\/wp-json\/wp\/v2\/media\/99962"}],"wp:attachment":[{"href":"https:\/\/www.esmuc.cat\/en\/wp-json\/wp\/v2\/media?parent=80279"}],"wp:term":[{"taxonomy":"category","embeddable":true,"href":"https:\/\/www.esmuc.cat\/en\/wp-json\/wp\/v2\/categories?post=80279"},{"taxonomy":"post_tag","embeddable":true,"href":"https:\/\/www.esmuc.cat\/en\/wp-json\/wp\/v2\/tags?post=80279"}],"curies":[{"name":"wp","href":"https:\/\/api.w.org\/{rel}","templated":true}]}}