{"id":80272,"date":"2023-05-17T16:05:52","date_gmt":"2023-05-17T14:05:52","guid":{"rendered":"https:\/\/www.esmuc.cat\/?page_id=80272"},"modified":"2026-01-30T14:10:02","modified_gmt":"2026-01-30T13:10:02","slug":"dimarts-toca-esmuc","status":"publish","type":"page","link":"https:\/\/www.esmuc.cat\/en\/actividades\/concerts\/dimarts-toca-esmuc\/","title":{"rendered":"Dimarts Toca ESMUC"},"content":{"rendered":"<div class=\"breadcrumbs align  wp-block-bcn-breadcrumb-trail has-text-color has-background\" vocab=\"https:\/\/schema.org\/\" typeof=\"BreadcrumbList\">\n\t<span><\/span>\n\t<span property=\"itemListElement\" typeof=\"ListItem\"><a property=\"item\" typeof=\"WebPage\" title=\"Go to ESMUC.\" href=\"https:\/\/www.esmuc.cat\/en\/\" class=\"home\" ><span property=\"name\">ESMUC<\/span><\/a><meta property=\"position\" content=\"1\"><\/span> &gt; <span property=\"itemListElement\" typeof=\"ListItem\"><a property=\"item\" typeof=\"WebPage\" title=\"Go to Actividades.\" href=\"https:\/\/www.esmuc.cat\/en\/actividades\/\" class=\"post post-page\" ><span property=\"name\">Actividades<\/span><\/a><meta property=\"position\" content=\"2\"><\/span> &gt; <span property=\"itemListElement\" typeof=\"ListItem\"><a property=\"item\" typeof=\"WebPage\" title=\"Go to Concerts.\" href=\"https:\/\/www.esmuc.cat\/en\/actividades\/concerts\/\" class=\"post post-page\" ><span property=\"name\">Concerts<\/span><\/a><meta property=\"position\" content=\"3\"><\/span> &gt; <span property=\"itemListElement\" typeof=\"ListItem\"><span property=\"name\" class=\"post post-page current-item\">Dimarts Toca ESMUC<\/span><meta property=\"url\" content=\"https:\/\/www.esmuc.cat\/en\/actividades\/concerts\/dimarts-toca-esmuc\/\"><meta property=\"position\" content=\"4\"><\/span><\/div>\n\n\n\n<div class=\"wp-block-columns is-layout-flex wp-container-core-columns-is-layout-9d6595d7 wp-block-columns-is-layout-flex\">\n<div class=\"wp-block-column is-layout-flow wp-block-column-is-layout-flow\" style=\"flex-basis:100%\">\n<h1 class=\"wp-block-heading\" id=\"dimarts-toca-esmuc\">Dimarts Toca ESMUC<\/h1>\n\n\n\n<div style=\"height:22px\" aria-hidden=\"true\" class=\"wp-block-spacer\"><\/div>\n\n\n\n<div class=\"wp-block-columns is-layout-flex wp-container-core-columns-is-layout-9d6595d7 wp-block-columns-is-layout-flex\">\n<div class=\"wp-block-column is-layout-flow wp-block-column-is-layout-flow\">\n<div id=\"section-gc31a0b\" class=\"wp-block-gutentor-e0 section-gc31a0b gutentor-element gutentor-element-advanced-text\"><div class=\"gutentor-text-wrap\"><p class=\"gutentor-text\"><strong>Dimarts Toca ESMUC<\/strong>&nbsp;is a regular cycle of the Escola Superior de M\u00fasica de Catalunya that showcases the diversity of musical styles and formats that coexist within the School. The&nbsp; <a href=\"https:\/\/www.esmuc.cat\/en\/studies\/grau\/produccio-i-gestio\/\">Production and Management<\/a> students of the School collaborate in the organisation of these concerts as a practical part of their training.<\/p><\/div><\/div>\n\n\n\n<section id=\"gm9ffcfb1\" class=\"wp-block-gutentor-m3 section-gm9ffcfb1 gutentor-module gutentor-container-cover has-color-bg has-custom-bg\"><div class=\"grid-container\">\n<div id=\"section-g368028\" class=\"wp-block-gutentor-e7 section-g368028 gutentor-element gutentor-element-list\"><ul class=\"grid-row gutentor-grid-item-wrap list-indicator-icon\"><li class=\"gutentor-list-item grid-lg-12 grid-md-12 grid-12\"><span class=\"gutentor-single-item gutentor-single-item-0\"><span class=\"gutentor-list-item-wrap g-s-list-wrap\"><span class=\"gutentor-single-list-item-icon\"><i class=\"list-item-icon fas fa-calendar-alt\"><\/i><\/span><span class=\"gutentor-list-item\"><p class=\"gutentor-single-item-title\">Tuesday<\/p><\/span><\/span><\/span><\/li><li class=\"gutentor-list-item grid-lg-12 grid-md-12 grid-12\"><span class=\"gutentor-single-item gutentor-single-item-1\"><span class=\"gutentor-list-item-wrap g-s-list-wrap g-s-list-i-icon\"><span class=\"gutentor-single-list-item-icon\"><i class=\"list-item-icon far fa-clock\"><\/i><\/span><span class=\"gutentor-list-item\"><p class=\"gutentor-single-item-title\">18:15 h<\/p><\/span><\/span><\/span><\/li><li class=\"gutentor-list-item grid-lg-12 grid-md-12 grid-12\"><span class=\"gutentor-single-item gutentor-single-item-2\"><span class=\"gutentor-list-item-wrap g-s-list-wrap g-s-list-i-icon\"><span class=\"gutentor-single-list-item-icon\"><i class=\"list-item-icon fas fa-map-marker-alt\"><\/i><\/span><span class=\"gutentor-list-item\"><p class=\"gutentor-single-item-title\">Orchestra room. Free admission until seats are filled.<\/p><\/span><\/span><\/span><\/li><\/ul><\/div>\n<\/div><\/section>\n<\/div>\n\n\n\n<div class=\"wp-block-column is-layout-flow wp-block-column-is-layout-flow\">\n<figure class=\"wp-block-image size-large\"><img decoding=\"async\" width=\"1024\" height=\"576\" src=\"https:\/\/www.esmuc.cat\/wp-content\/uploads\/2023\/09\/Dimarts-toca-esmuc-16x9-1-1024x576.jpg\" alt=\"\" class=\"wp-image-85730\" srcset=\"https:\/\/www.esmuc.cat\/wp-content\/uploads\/2023\/09\/Dimarts-toca-esmuc-16x9-1-1024x576.jpg 1024w, https:\/\/www.esmuc.cat\/wp-content\/uploads\/2023\/09\/Dimarts-toca-esmuc-16x9-1-300x169.jpg 300w, https:\/\/www.esmuc.cat\/wp-content\/uploads\/2023\/09\/Dimarts-toca-esmuc-16x9-1-768x432.jpg 768w, https:\/\/www.esmuc.cat\/wp-content\/uploads\/2023\/09\/Dimarts-toca-esmuc-16x9-1.jpg 1080w\" sizes=\"(max-width: 1024px) 100vw, 1024px\" \/><\/figure>\n<\/div>\n<\/div>\n\n\n\n<h3 class=\"wp-block-heading\">Programme 2025-2026<\/h3>\n\n\n\n<h4 class=\"wp-block-heading\">2nd semester<\/h4>\n\n\n\n<section id=\"g-9t9ye1a\" class=\"wp-block-gutentor-m3 section-g-9t9ye1a gutentor-module gutentor-container-cover\"><div class=\"grid-container\">\n<figure class=\"wp-block-table ticss-f88da32e\"><table><thead><tr><th>Day<\/th><th>Concert<\/th><th>Dep.<\/th><th><\/th><\/tr><\/thead><tbody><tr><td>03\/02\/26<\/td><td>Beques Anna Riera<br>Mario\u00a0Rabanal,\u00a0violin; \u00c1lvaro Garrido, saxophone; \u00a0and\u00a0Pau\u00a0Oliver, piano.<\/td><td>JFMMA and CiC<\/td><td><a href=\"https:\/\/www.esmuc.cat\/dimarts-toca-esmuc-beques-anna-riera-2026\/\">More info<\/a><\/td><\/tr><tr><td>14\/02\/26<\/td><td>Br\u00e9tema Quartet: <em>Echoes of Romanticism<\/em><br>Ivan Carpintero, piano; Sara Le\u00f3n, viola; Nuria Pons, cello; Mario Rabanal, violin.<\/td><td>CiC<\/td><td><\/td><\/tr><tr><td>17\/02\/26<\/td><td>Composition Auditions<\/td><td>Composition<\/td><td><\/td><\/tr><tr><td>24\/02\/26<\/td><td>\u00c1ngela Zarzuela<br>\u00c1ngela Zarzuela, flamenco guitar;\u00a0Irene Zugaza, voice.<\/td><td>JFMMA<\/td><td><\/td><\/tr><tr><td>03\/03\/26<\/td><td>Chopin i Faur\u00e9<br>Jean-Fran\u00e7ois Dichamp, piano.<\/td><td>CiC<\/td><td><\/td><\/tr><tr><td>10\/03\/26<\/td><td>Women Composers<\/td><td>JFMMA<\/td><td><\/td><\/tr><tr><td>17\/03\/26<\/td><td>La Fageda d&#8217;en Jord\u00e0<br>Young Symphonic Cobla<\/td><td>JFMMA<\/td><td><\/td><\/tr><tr><td>24\/03\/26<\/td><td>Quatre Lares<br>Andrea Porras, viola; Neus L\u00f3pez Gar\u00ed, violin; Marta de Soto Paz, cello; Mar\u00eda R\u00edos Morales, violin.<\/td><td>CiC<\/td><td><\/td><\/tr><\/tbody><\/table><\/figure>\n<\/div><\/section>\n\n\n\n<div style=\"height:30px\" aria-hidden=\"true\" class=\"wp-block-spacer\"><\/div>\n\n\n\n<h4 class=\"wp-block-heading\">1st semester<\/h4>\n\n\n\n<section id=\"g-69n9ccb\" class=\"wp-block-gutentor-m3 section-g-69n9ccb gutentor-module gutentor-container-cover\"><div class=\"grid-container\">\n<figure class=\"wp-block-table ticss-f88da32e\"><table><thead><tr><th>Day<\/th><th>Concert<\/th><th>Dep.<\/th><th><\/th><\/tr><\/thead><tbody><tr><td>30\/09\/25<\/td><td>Beques Anna Riera<br>Paula Diz Parrondo, violin;&nbsp;Marcel Castella, piano; and&nbsp;Lola Pe\u00f1aranda, saxophone.<\/td><td>JFMMA and CiC<\/td><td><a href=\"https:\/\/www.esmuc.cat\/dimarts-toca-esmuc-primer-concert-beques-anna-riera-2025\/\">More info<\/a><\/td><\/tr><tr><td>14\/10\/25<\/td><td>nespres<br>Clara Mas, flauta travessera\/flauta baixa i veu;&nbsp;Marta Albiol, veu i flauta;&nbsp;Joan Soler, guitarra el\u00e8ctrica i&nbsp;Xavier Gin\u00e9, contrabaix.&nbsp;<\/td><td>JFMMA<\/td><td><a href=\"https:\/\/www.esmuc.cat\/dimarts-toca-esmuc-nespres-de-merienda-una-rebanada-con-mermelada-de-nisperos\/\">More info<\/a><\/td><\/tr><tr><td>21\/10\/25<\/td><td>Recital de guitarra Mario Pino<br>Obres d&#8217;Alb\u00e9niz, Llobet i Tedesco.<\/td><td>Alhambra Guitars agreement<\/td><td><a href=\"https:\/\/www.esmuc.cat\/dimarts-toca-esmuc-mario-pino-guitarra-classica\/\">More info<\/a><\/td><\/tr><tr><td>28\/10\/25<\/td><td>JD Group<br>Jon\u00e1s D\u00edaz, saxo alto; Cecilia Colla\u00e7o, bater\u00eda; Vincenzo Pellegrino, piano; Andreu Bayarri, vibr\u00e1fono; i Cala Quintero, bajo el\u00e9ctrico.<\/td><td>JFMMA<\/td><td><a href=\"https:\/\/www.esmuc.cat\/dimarts-toca-esmuc-jazz-amb-jd-group\/\">More info<\/a><\/td><\/tr><tr><td>11\/11\/25<\/td><td>N-240<br>Pau Llad\u00f3, saxo alt i saxo soprano;&nbsp;Miquel Rodr\u00edguez, piano;&nbsp;Pol Mart\u00ed, bateria; i&nbsp;Jordi Herrera, contrabaix.<\/td><td>JFMMA<\/td><td><a href=\"https:\/\/www.esmuc.cat\/dimarts-toca-esmuc-n-240\/\">More info<\/a><\/td><\/tr><tr><td>18\/11\/25<\/td><td>A Sound Biography of Franco Donatoni through Percussion<br>ESMUC Percussion Ensemble.<\/td><td>CiC<\/td><td><a href=\"https:\/\/www.esmuc.cat\/dimarts-toca-esmuc-ensemble-percussio-interpreta-franco-donatoni\/\" target=\"_blank\" rel=\"noreferrer noopener\">More info<\/a><\/td><\/tr><tr><td>25\/11\/25<\/td><td>Early Music<\/td><td>JFMMA<\/td><td><\/td><\/tr><\/tbody><\/table><\/figure>\n<\/div><\/section>\n<\/div>\n<\/div>\n\n\n\n<section id=\"g-w5fu0k1\" class=\"section-g-w5fu0k1 gutentor-module gutentor-module-accordion\"><div class=\"grid-container\">\n<div id=\"g-sdeng6h\" class=\"wp-block-gutentor-m6-item section-g-sdeng6h gutentor-module gutentor-module-accordion-item\"><div class=\"gutentor-module-accordion-panel g-a-panel-g-w5fu0k1\"><div class=\"gm-ah-g-w5fu0k1 gutentor-module-accordion-item-heading gutentor-module-icon-position-right\"><span class=\"gutentor-module-accordion-panel-handler\" role=\"button\"><span class=\"gutentor-module-accordion-panel-handler-label\">2024 &#8211; 2025 academic year<\/span><span class=\"gutentor-module-accordion-icon\"><i class=\"gm-aio-g-w5fu0k1 gutentor-module-accordion-icon-open fas fa-plus\"><\/i><i class=\"gm-aic-g-w5fu0k1 gutentor-module-accordion-icon-close fas fa-minus\"><\/i><\/span><\/span><\/div><div class=\"gm-ab-g-w5fu0k1 gutentor-module-accordion-body\">\n<div id=\"section-g-dkpzz6l\" class=\"wp-block-gutentor-e0 section-g-dkpzz6l gutentor-element gutentor-element-advanced-text\"><div class=\"gutentor-text-wrap\"><p class=\"gutentor-text\">1st semester<\/p><\/div><\/div>\n\n\n\n<section id=\"g-viddugr\" class=\"wp-block-gutentor-m3 section-g-viddugr gutentor-module gutentor-container-cover\"><div class=\"grid-container\">\n<figure class=\"wp-block-table ticss-f88da32e\"><table><thead><tr><th>Day<\/th><th>Concert<\/th><th>Dep.<\/th><th><\/th><\/tr><\/thead><tbody><tr><td>01\/10\/24<\/td><td>Beques Anna Riera<br>Manel Ferrer, percussi\u00f3 Alejandra Cabello and Mireia Pladevall<\/td><td>CiC<\/td><td><a href=\"https:\/\/www.esmuc.cat\/dimarts-toca-esmuc-la-musica-de-super-mario-bross-amb-press-start-project\/\">More i<\/a><a href=\"https:\/\/www.esmuc.cat\/dimarts-toca-esmuc-beques-anna-riera-2024\/\">nfo<\/a><\/td><\/tr><tr><td>08\/10\/24<\/td><td>Celobert<br>Laia Camps, Mart\u00ed Villa and Miquel Freixas<\/td><td>JFMMA<\/td><td><a href=\"https:\/\/www.esmuc.cat\/dimarts-toca-esmuc-celobert\/\">More info<\/a><\/td><\/tr><tr><td>15\/10\/24<\/td><td>Inner Visions<br>Carlos Segura, Marta Cid and Maria Saurina<\/td><td>CiC<\/td><td><a href=\"https:\/\/www.esmuc.cat\/dimarts-toca-esmuc-inner-trio\/\">More info<\/a><\/td><\/tr><tr><td>22\/10\/24<\/td><td>\u00c1lvaro Toscano<br>Obres de Vicente Asencio and Isaac Alb\u00e9niz<\/td><td>CiC<br>Alhambra Guitars agreement<\/td><td><a href=\"https:\/\/www.esmuc.cat\/dimarts-toca-esmuc-alvaro-toscano-guitarra-classica\/\">More info<\/a><\/td><\/tr><tr><td>29\/10\/24<\/td><td>Boleros<br>Bayarri &amp; Garc\u00eda-Bernalt duo: Andreu Bayarri and Rodrigo Garc\u00eda-Bernalt<\/td><td>JFMMA<\/td><td><a href=\"https:\/\/www.esmuc.cat\/dimarts-toca-esmuc-sessio-de-boleros\/\">More info<\/a><\/td><\/tr><tr><td>05\/11\/24<\/td><td>Duo Belarc<br>Marina Piedrahita and Laura Almi\u00f1ana<\/td><td>CiC<\/td><td><a href=\"https:\/\/www.esmuc.cat\/dimarts-toca-esmuc-duo-belarc\/\">More info<\/a><\/td><\/tr><tr><td>12\/11\/24<\/td><td>El Milagro Trio<br>Juan Pablo Eg\u00fasquiza, Rodrigo Lepe and Alberto Manrique<\/td><td>JFMMA<\/td><td><a href=\"https:\/\/www.esmuc.cat\/dimarts-toca-esmuc-milagro-trio\/\">More info<\/a><\/td><\/tr><tr><td>19\/11\/24<\/td><td>Aix\u00f2 \u00e9s molt greu!<br>Viviana Salisi, Iago Garcia and Alejandra Cabello<\/td><td>CiC<\/td><td>Cancelled<\/td><\/tr><tr><td>26\/11\/24<\/td><td>Alterannda<br>Anna Rodrigo and Eudald Figueres<\/td><td>JFMMA<\/td><td><a href=\"https:\/\/www.esmuc.cat\/dimarts-toca-esmuc-alterannda\/\">More info<\/a><\/td><\/tr><\/tbody><\/table><\/figure>\n<\/div><\/section>\n\n\n\n<p>2nd semester<\/p>\n\n\n\n<section id=\"g-x7707dn\" class=\"wp-block-gutentor-m3 section-g-x7707dn gutentor-module gutentor-container-cover\"><div class=\"grid-container\">\n<figure class=\"wp-block-table ticss-f88da32e\"><table><thead><tr><th>Day<\/th><th>Concert<\/th><th>Dep.<\/th><th><\/th><\/tr><\/thead><tbody><tr><td>04\/02\/25<\/td><td>Entre cuerdas y v\u00edas<br>Llu\u00eds Casta\u00f1 Fern\u00e1ndez, flamenco guitar; Jorge Mesa El Pirata, cante; Mar\u00eda Gil, flute.<\/td><td>JFMMA<\/td><td><a href=\"https:\/\/www.esmuc.cat\/dimarts-toca-esmuc-entre-cuerdas-y-vias\/\">More info<\/a><\/td><\/tr><tr><td>11\/02\/25<\/td><td>Hop bop sextet<br>Roc Rodr\u00edguez Moral, trumpet; Pau Llad\u00f3 Mart\u00ed, alto saxo; Miquel Rodr\u00edguez Llard\u00ed, piano; Joan Pere Arguimbau, guitar; Eloi Peralta, dobuel bass; Alberto Manrique, drums.<\/td><td>JFMMA<\/td><td><a href=\"https:\/\/www.esmuc.cat\/dimarts-toca-esmuc-hot-bop-sextet\/\">More info<\/a><\/td><\/tr><tr><td>18\/02\/25<\/td><td>Quartet Metamorfosi &amp; Cristina Escalpez<br>Abel Ant\u00f3n Delgado, violin; Miguel Angel Castillo, violin; Adela Beiro Guillas, viola; Sergi Garcia Cabrera, cello; Cristina Esclapez, piano.<\/td><td>CiC<\/td><td><a href=\"https:\/\/www.esmuc.cat\/dimarts-toca-esmuc-mestres-de-la-tecla\/\">More info<\/a><\/td><\/tr><tr><td>25\/02\/25<\/td><td>New compositions<br>Stephanie Macchi;&nbsp;Nacho Baeza;&nbsp;Pedro Ort\u00edz;&nbsp;Ismael Khalify.<\/td><td>CTM<\/td><td><a href=\"https:\/\/www.esmuc.cat\/dimarts-toca-esmuc-joves-creadors-musicals-2\/\">More info<\/a><\/td><\/tr><tr><td>04\/03\/25<\/td><td>Female composers<br>Students of Early Music at ESMUC.<\/td><td>Early Music<\/td><td><a href=\"https:\/\/www.esmuc.cat\/dimarts-toca-esmuc-dones-compositores-del-barroc\/\">More info<\/a><\/td><\/tr><tr><td>11\/03\/25<\/td><td>Th\u00e9dak Ensemble<br>Virginia Tato Moreno, flute; Marc Guill\u00e9n Pieres, oboe; Sergio Ferrer L\u00f3pez, clarinet; Sandra Ram\u00f3n Garcia, horn; Josep Rovira i Gordillo, bassoon.<\/td><td>CiC<\/td><td><a href=\"https:\/\/www.esmuc.cat\/dimarts-toca-esmuc-thedak-ensemble\/\">More info<\/a><\/td><\/tr><tr><td>18\/03\/25<\/td><td>Maria Pascual &amp; Edu Verg\u00e9s<\/td><td>JFMMA<\/td><td><a href=\"https:\/\/www.esmuc.cat\/dimarts-toca-esmuc-maria-pascual-edu-verges\/\">More info<\/a><\/td><\/tr><tr><td>25\/03\/25<\/td><td>Viola and piano teachers<br>Yuval Gotlibovich, viola i Kennedy Moretti, piano.<\/td><td>CiC<\/td><td><a href=\"https:\/\/www.esmuc.cat\/dimarts-toca-esmuc-yuval-gotlibovich-i-kennedy-moretti\/\" target=\"_blank\" rel=\"noreferrer noopener\">More info<\/a><\/td><\/tr><\/tbody><\/table><\/figure>\n<\/div><\/section>\n<\/div><\/div><\/div>\n\n\n\n<div id=\"g-rxk0hek\" class=\"wp-block-gutentor-m6-item section-g-rxk0hek gutentor-module gutentor-module-accordion-item\"><div class=\"gutentor-module-accordion-panel g-a-panel-g-w5fu0k1\"><div class=\"gm-ah-g-w5fu0k1 gutentor-module-accordion-item-heading gutentor-module-icon-position-right\"><span class=\"gutentor-module-accordion-panel-handler\" role=\"button\"><span class=\"gutentor-module-accordion-panel-handler-label\">2023-2024 academic year<\/span><span class=\"gutentor-module-accordion-icon\"><i class=\"gm-aio-g-w5fu0k1 gutentor-module-accordion-icon-open fas fa-plus\"><\/i><i class=\"gm-aic-g-w5fu0k1 gutentor-module-accordion-icon-close fas fa-minus\"><\/i><\/span><\/span><\/div><div class=\"gm-ab-g-w5fu0k1 gutentor-module-accordion-body\">\n<p>2nd semester<\/p>\n\n\n\n<section id=\"g-qzlzuwu\" class=\"wp-block-gutentor-m3 section-g-qzlzuwu gutentor-module gutentor-container-cover\"><div class=\"grid-container\">\n<figure class=\"wp-block-table ticss-f88da32e\"><table><thead><tr><th>Day<\/th><th>Concert<\/th><th>Dep.<\/th><th><\/th><\/tr><\/thead><tbody><tr><td>30\/01\/24<\/td><td><em>Press Start Project<\/em><br>Video game music: <br>Mario Bross, The Legend of Zelda, Wii Sports<\/td><td>JFMMA<\/td><td><a href=\"https:\/\/www.esmuc.cat\/dimarts-toca-esmuc-la-musica-de-super-mario-bross-amb-press-start-project\/\">More info<\/a><\/td><\/tr><tr><td>06\/02\/24<\/td><td>Tango Piazzola<\/td><td>CiC<\/td><td><a href=\"https:\/\/www.esmuc.cat\/dimarts-toca-esmuc-quintet-tanguedia\/\">More info<\/a><\/td><\/tr><tr><td>13\/02\/24<\/td><td><em>El mandolin\u00edstic viatge<\/em><br>Works by Kindle, Calace, Kuwahara, Comas i Granados<\/td><td>CiC<\/td><td><a href=\"https:\/\/www.esmuc.cat\/dimarts-toca-esmuc-el-mandolinistic-viatge\/\">More info<\/a><\/td><\/tr><tr><td>20\/02\/24<\/td><td>Young musical creators<\/td><td>CTM<\/td><td><\/td><\/tr><tr><td>27\/02\/24<\/td><td><em>Trio d&#8217;ocells<\/em><br>Works by J. Quantz, B. Britten, Marc Egea, Jordi Molina<\/td><td>CiC<\/td><td><\/td><\/tr><tr><td>05\/03\/24<\/td><td>Baroque Women Composers<\/td><td>MA<\/td><td><\/td><\/tr><tr><td>12\/03\/24<\/td><td>Flamenco Recital<br>Traditional repertoire<\/td><td>JFMMA<\/td><td><\/td><\/tr><tr><td>19\/03\/24<\/td><td>Works by Jaume Padr\u00f3s<\/td><td>CiC<\/td><td><\/td><\/tr><\/tbody><\/table><\/figure>\n<\/div><\/section>\n<\/div><\/div><\/div>\n<\/div><\/section>\n","protected":false},"excerpt":{"rendered":"<p>Dimarts Toca ESMUC Programme 2025-2026 2nd semester 1st semester<\/p>\n","protected":false},"author":35,"featured_media":85730,"parent":56242,"menu_order":0,"comment_status":"closed","ping_status":"closed","template":"","meta":{"_acf_changed":false,"_themeisle_gutenberg_block_has_review":false,"footnotes":""},"categories":[1094,1095],"tags":[1526],"class_list":["post-80272","page","type-page","status-publish","has-post-thumbnail","hentry","category-communication","category-school","tag-concerts-en-2"],"acf":[],"publishpress_future_action":{"enabled":false,"date":"2026-04-18 00:58:48","action":"change-status","newStatus":"draft","terms":[],"taxonomy":"category","extraData":[]},"publishpress_future_workflow_manual_trigger":{"enabledWorkflows":[]},"_links":{"self":[{"href":"https:\/\/www.esmuc.cat\/en\/wp-json\/wp\/v2\/pages\/80272","targetHints":{"allow":["GET"]}}],"collection":[{"href":"https:\/\/www.esmuc.cat\/en\/wp-json\/wp\/v2\/pages"}],"about":[{"href":"https:\/\/www.esmuc.cat\/en\/wp-json\/wp\/v2\/types\/page"}],"author":[{"embeddable":true,"href":"https:\/\/www.esmuc.cat\/en\/wp-json\/wp\/v2\/users\/35"}],"replies":[{"embeddable":true,"href":"https:\/\/www.esmuc.cat\/en\/wp-json\/wp\/v2\/comments?post=80272"}],"version-history":[{"count":51,"href":"https:\/\/www.esmuc.cat\/en\/wp-json\/wp\/v2\/pages\/80272\/revisions"}],"predecessor-version":[{"id":116177,"href":"https:\/\/www.esmuc.cat\/en\/wp-json\/wp\/v2\/pages\/80272\/revisions\/116177"}],"up":[{"embeddable":true,"href":"https:\/\/www.esmuc.cat\/en\/wp-json\/wp\/v2\/pages\/56242"}],"wp:featuredmedia":[{"embeddable":true,"href":"https:\/\/www.esmuc.cat\/en\/wp-json\/wp\/v2\/media\/85730"}],"wp:attachment":[{"href":"https:\/\/www.esmuc.cat\/en\/wp-json\/wp\/v2\/media?parent=80272"}],"wp:term":[{"taxonomy":"category","embeddable":true,"href":"https:\/\/www.esmuc.cat\/en\/wp-json\/wp\/v2\/categories?post=80272"},{"taxonomy":"post_tag","embeddable":true,"href":"https:\/\/www.esmuc.cat\/en\/wp-json\/wp\/v2\/tags?post=80272"}],"curies":[{"name":"wp","href":"https:\/\/api.w.org\/{rel}","templated":true}]}}