{"id":79238,"date":"2023-04-21T16:24:40","date_gmt":"2023-04-21T14:24:40","guid":{"rendered":"https:\/\/www.esmuc.cat\/?page_id=79238"},"modified":"2024-01-11T15:17:00","modified_gmt":"2024-01-11T14:17:00","slug":"arxius-i-fons-personals","status":"publish","type":"page","link":"https:\/\/www.esmuc.cat\/en\/arxius-i-fons-personals\/","title":{"rendered":"Arxius i fons personals"},"content":{"rendered":"\n<div class=\"wp-block-columns is-layout-flex wp-container-core-columns-is-layout-9d6595d7 wp-block-columns-is-layout-flex\">\n<div class=\"wp-block-column esmuc__Menu_Masters is-layout-flow wp-block-column-is-layout-flow\" style=\"flex-basis:33.33%\">\n\n<\/div>\n\n\n\n<div class=\"wp-block-column is-layout-flow wp-block-column-is-layout-flow\" style=\"flex-basis:66.66%\"><div class=\"breadcrumbs align  wp-block-bcn-breadcrumb-trail has-text-color has-background\" vocab=\"https:\/\/schema.org\/\" typeof=\"BreadcrumbList\">\n\t<span><\/span>\n\t<span property=\"itemListElement\" typeof=\"ListItem\"><a property=\"item\" typeof=\"WebPage\" title=\"Go to ESMUC.\" href=\"https:\/\/www.esmuc.cat\/en\/\" class=\"home\" ><span property=\"name\">ESMUC<\/span><\/a><meta property=\"position\" content=\"1\"><\/span> &gt; <span property=\"itemListElement\" typeof=\"ListItem\"><span property=\"name\" class=\"post post-page current-item\">Arxius i fons personals<\/span><meta property=\"url\" content=\"https:\/\/www.esmuc.cat\/en\/arxius-i-fons-personals\/\"><meta property=\"position\" content=\"2\"><\/span><\/div>\n\n\n\n<h1 class=\"wp-block-heading\">Archives and Personal Collections<\/h1>\n\n\n\n<div style=\"height:30px\" aria-hidden=\"true\" class=\"wp-block-spacer\"><\/div>\n\n\n\n<p>The ESMUC Library-CRAI has significantly increased its collection thanks to the generosity of individuals and entities that have contributed to it by means of donations and loans of personal collections, consisting of different types of documents.<\/p>\n\n\n\n<p>If you wish to collaborate towards the growth of the Library and have any musical-related document that you are interested in donating, you can consult the <a href=\"https:\/\/www.esmuc.cat\/es\/biblioteca-crai\/fondos-y-colecciones\/politica-de-colecciones\/\">ESMUC Library-CRAI Donation Acceptance Protocol<\/a>, and get in touch as follows:<\/p>\n\n\n\n<div id=\"section-g01e552\" class=\"wp-block-gutentor-e7 section-g01e552 gutentor-element gutentor-element-list\"><ul class=\"grid-row gutentor-grid-item-wrap list-indicator-icon\"><li class=\"gutentor-list-item grid-lg-12 grid-md-12 grid-12\"><span class=\"gutentor-single-item gutentor-single-item-0\"><span class=\"gutentor-list-item-wrap g-s-list-wrap\"><span class=\"gutentor-single-list-item-icon\"><i class=\"list-item-icon fas fa-angle-right\"><\/i><\/span><span class=\"gutentor-list-item\"><p class=\"gutentor-single-item-title\">At the Library-CRAI information desk.<\/p><\/span><\/span><\/span><\/li><li class=\"gutentor-list-item grid-lg-12 grid-md-12 grid-12\"><span class=\"gutentor-single-item gutentor-single-item-1\"><span class=\"gutentor-list-item-wrap g-s-list-wrap\"><span class=\"gutentor-single-list-item-icon\"><i class=\"list-item-icon fas fa-angle-right\"><\/i><\/span><span class=\"gutentor-list-item\"><p class=\"gutentor-single-item-title\"> Through the <a href=\"\/escola\/contacte-i-acces\/contacte\/\">web form<\/a> <\/p><\/span><\/span><\/span><\/li><li class=\"gutentor-list-item grid-lg-12 grid-md-12 grid-12\"><span class=\"gutentor-single-item gutentor-single-item-2\"><span class=\"gutentor-list-item-wrap g-s-list-wrap\"><span class=\"gutentor-single-list-item-icon\"><i class=\"list-item-icon fas fa-angle-right\"><\/i><\/span><span class=\"gutentor-list-item\"><p class=\"gutentor-single-item-title\"> By phone: calling 93.352.30.11<\/p><\/span><\/span><\/span><\/li><\/ul><\/div>\n\n\n\n<p><br>A concise inventory of the documentation being offered is required, including the main data: title, author, publisher (or label) and year of publication. If accepted, the Library may arrange for the donation\u2019s transportation.<\/p>\n\n\n\n<div style=\"height:49px\" aria-hidden=\"true\" class=\"wp-block-spacer\"><\/div>\n\n\n\n<section id=\"gm72c771d\" class=\"wp-block-gutentor-m3 section-gm72c771d gutentor-module gutentor-container-cover\"><div class=\"grid-container\">\n<section id=\"gm607f845\" class=\"wp-block-gutentor-m2 section-gm607f845 gutentor-module gutentor-dynamic-columns\"><div class=\"grid-container\"><div class=\"grid-row\">\n<div id=\"col-gm180cb8\" class=\"wp-block-gutentor-m2-col col-gm180cb8 gutentor-module gutentor-dynamic-single-column grid-lg-6 grid-md-4 grid-12\"><div id=\"section-gm180cb8\" class=\"section-gm180cb8 gutentor-single-col\">\n<div id=\"section-g45ed22\" class=\"wp-block-gutentor-e6 section-g45ed22 gutentor-element gutentor-element-image\"><div class=\"gutentor-element-image-box\"><a class=\"gutentor-element-image-link\" href=\"https:\/\/www.esmuc.cat\/serveis\/biblioteca-crai\/fons-i-colleccions-documentals-de-la-biblioteca-crai\/arxius-i-fons-personals\/familia-aguilella-salgado\/\"><div class=\"gutentor-image-thumb\"><img decoding=\"async\" class=\"normal-image\" src=\"http:\/\/www.esmuc.cat\/wp-content\/uploads\/2021\/10\/fonsarxiu.png\" alt=\"Fonsarxiu\" \/><\/div><\/a><\/div><\/div>\n\n\n\n<p class=\"has-text-align-center\">Aguilella Salgado, Fam\u00edlia<\/p>\n<\/div><\/div>\n\n\n\n<div id=\"col-gm1d6e46\" class=\"wp-block-gutentor-m2-col col-gm1d6e46 gutentor-module gutentor-dynamic-single-column grid-lg-6 grid-md-4 grid-12\"><div id=\"section-gm1d6e46\" class=\"section-gm1d6e46 gutentor-single-col\">\n<div id=\"section-gaa9e8a\" class=\"wp-block-gutentor-e6 section-gaa9e8a gutentor-element gutentor-element-image\"><div class=\"gutentor-element-image-box\"><a class=\"gutentor-element-image-link\" href=\"https:\/\/www.esmuc.cat\/serveis\/biblioteca-crai\/fons-i-colleccions-documentals-de-la-biblioteca-crai\/arxius-i-fons-personals\/josep-maria-ainaud-de-lasarte\/\"><div class=\"gutentor-image-thumb\"><img decoding=\"async\" class=\"normal-image\" src=\"http:\/\/www.esmuc.cat\/wp-content\/uploads\/2021\/10\/Josep-MAria-Ainaud-de-Lasarte.jpg\" alt=\"Josep Maria Ainaud De Lasarte\" \/><\/div><\/a><\/div><\/div>\n\n\n\n<p class=\"has-text-align-center\"> Ainaud de Lasarte, Josep Maria (Barcelona, 1925-2012) <\/p>\n<\/div><\/div>\n<\/div><\/div><\/section>\n\n\n\n<section id=\"gmf57ff9f\" class=\"wp-block-gutentor-m2 section-gmf57ff9f gutentor-module gutentor-dynamic-columns\"><div class=\"grid-container\"><div class=\"grid-row\">\n<div id=\"col-gm67a80e\" class=\"wp-block-gutentor-m2-col col-gm67a80e gutentor-module gutentor-dynamic-single-column grid-lg-6 grid-md-4 grid-12\"><div id=\"section-gm67a80e\" class=\"section-gm67a80e gutentor-single-col\">\n<div id=\"section-g567778\" class=\"wp-block-gutentor-e6 section-g567778 gutentor-element gutentor-element-image gutentor-enabled-width text-align-center-desktop\"><div class=\"gutentor-element-image-box\"><a class=\"gutentor-element-image-link\" href=\"https:\/\/www.esmuc.cat\/serveis\/biblioteca-crai\/fons-i-colleccions-documentals-de-la-biblioteca-crai\/arxius-i-fons-personals\/enric-ainaud\/\"><div class=\"gutentor-image-thumb\"><img decoding=\"async\" class=\"normal-image\" src=\"https:\/\/www.esmuc.cat\/wp-content\/uploads\/2021\/10\/Eric-ainaud.jpg\" alt=\"Eric Ainaud\" \/><\/div><\/a><\/div><\/div>\n\n\n\n<p class=\"has-text-align-center\">Ainaud, Enric (Alacant, 1875-Barcelona, 1958)<\/p>\n<\/div><\/div>\n\n\n\n<div id=\"col-gmf25575\" class=\"wp-block-gutentor-m2-col col-gmf25575 gutentor-module gutentor-dynamic-single-column grid-lg-6 grid-md-4 grid-12\"><div id=\"section-gmf25575\" class=\"section-gmf25575 gutentor-single-col\">\n<div id=\"section-gc0f9c4\" class=\"wp-block-gutentor-e6 section-gc0f9c4 gutentor-element gutentor-element-image gutentor-enabled-width\"><div class=\"gutentor-element-image-box\"><a class=\"gutentor-element-image-link\" href=\"\/serveis\/biblioteca-crai\/fons-i-colleccions-documentals-de-la-biblioteca-crai\/arxius-i-fons-personals\/jordi-alcover\/\"><div class=\"gutentor-image-thumb\"><img decoding=\"async\" class=\"normal-image\" src=\"https:\/\/www.esmuc.cat\/wp-content\/uploads\/2021\/10\/fonsarxiu.png\" alt=\"Fonsarxiu\" \/><\/div><\/a><\/div><\/div>\n\n\n\n<p class=\"has-text-align-center\">Alcover, Jordi<\/p>\n<\/div><\/div>\n<\/div><\/div><\/section>\n\n\n\n<section id=\"gm9c1246b\" class=\"wp-block-gutentor-m2 section-gm9c1246b gutentor-module gutentor-dynamic-columns\"><div class=\"grid-container\"><div class=\"grid-row\">\n<div id=\"col-gm977081\" class=\"wp-block-gutentor-m2-col col-gm977081 gutentor-module gutentor-dynamic-single-column grid-lg-6 grid-md-4 grid-12\"><div id=\"section-gm977081\" class=\"section-gm977081 gutentor-single-col\">\n<div id=\"section-g3f14f7\" class=\"wp-block-gutentor-e6 section-g3f14f7 gutentor-element gutentor-element-image gutentor-enabled-width\"><div class=\"gutentor-element-image-box\"><a class=\"gutentor-element-image-link\" href=\"\/serveis\/biblioteca-crai\/fons-i-colleccions-documentals-de-la-biblioteca-crai\/arxius-i-fons-personals\/peter-bacchus\/\"><div class=\"gutentor-image-thumb\"><img decoding=\"async\" class=\"normal-image\" src=\"https:\/\/www.esmuc.cat\/wp-content\/uploads\/2021\/10\/Peter-Bacchus.jpg\" alt=\"Peter Bacchus\" \/><\/div><\/a><\/div><\/div>\n\n\n\n<p class=\"has-text-align-center\">Bacchus, Peter (Nova Jersei, 1954-2016)<\/p>\n<\/div><\/div>\n\n\n\n<div id=\"col-gm6a7c85\" class=\"wp-block-gutentor-m2-col col-gm6a7c85 gutentor-module gutentor-dynamic-single-column grid-lg-6 grid-md-4 grid-12\"><div id=\"section-gm6a7c85\" class=\"section-gm6a7c85 gutentor-single-col\">\n<div id=\"section-g315d0f\" class=\"wp-block-gutentor-e6 section-g315d0f gutentor-element gutentor-element-image gutentor-enabled-width\"><div class=\"gutentor-element-image-box\"><a class=\"gutentor-element-image-link\" href=\"\/serveis\/biblioteca-crai\/fons-i-colleccions-documentals-de-la-biblioteca-crai\/arxius-i-fons-personals\/rafael-blanch-via\/\"><div class=\"gutentor-image-thumb\"><img decoding=\"async\" class=\"normal-image\" src=\"https:\/\/www.esmuc.cat\/wp-content\/uploads\/2021\/10\/fonsarxiu.png\" alt=\"Fonsarxiu\" \/><\/div><\/a><\/div><\/div>\n\n\n\n<p class=\"has-text-align-center\">Blanch Via, Rafael (Barcelona, 1933-)<\/p>\n<\/div><\/div>\n<\/div><\/div><\/section>\n\n\n\n<section id=\"gmb07b7f0\" class=\"wp-block-gutentor-m2 section-gmb07b7f0 gutentor-module gutentor-dynamic-columns\"><div class=\"grid-container\"><div class=\"grid-row\">\n<div id=\"col-gm1b6a64\" class=\"wp-block-gutentor-m2-col col-gm1b6a64 gutentor-module gutentor-dynamic-single-column grid-lg-6 grid-md-4 grid-12\"><div id=\"section-gm1b6a64\" class=\"section-gm1b6a64 gutentor-single-col\">\n<div id=\"section-g1448b5\" class=\"wp-block-gutentor-e6 section-g1448b5 gutentor-element gutentor-element-image gutentor-enabled-width\"><div class=\"gutentor-element-image-box\"><a class=\"gutentor-element-image-link\" href=\"\/serveis\/biblioteca-crai\/fons-i-colleccions-documentals-de-la-biblioteca-crai\/arxius-i-fons-personals\/francesc-farre\/\"><div class=\"gutentor-image-thumb\"><img decoding=\"async\" class=\"normal-image\" src=\"https:\/\/www.esmuc.cat\/wp-content\/uploads\/2021\/10\/Farre-Francesc-Barcelona-1893-1982.jpg\" alt=\"Farr\u00e9, Francesc (barcelona, 1893 1982)\" \/><\/div><\/a><\/div><\/div>\n\n\n\n<p class=\"has-text-align-center\">Farr\u00e9, Francesc (Barcelona, 1893-1982)<\/p>\n<\/div><\/div>\n\n\n\n<div id=\"col-gmb15bc1\" class=\"wp-block-gutentor-m2-col col-gmb15bc1 gutentor-module gutentor-dynamic-single-column grid-lg-6 grid-md-4 grid-12\"><div id=\"section-gmb15bc1\" class=\"section-gmb15bc1 gutentor-single-col\">\n<div id=\"section-gae95d8\" class=\"wp-block-gutentor-e6 section-gae95d8 gutentor-element gutentor-element-image\"><div class=\"gutentor-element-image-box\"><a class=\"gutentor-element-image-link\" href=\"\/serveis\/biblioteca-crai\/fons-i-colleccions-documentals-de-la-biblioteca-crai\/arxius-i-fons-personals\/nuria-i-immaculada-figueras-anmella\/\"><div class=\"gutentor-image-thumb\"><img decoding=\"async\" class=\"normal-image\" src=\"https:\/\/www.esmuc.cat\/wp-content\/uploads\/2021\/10\/fonsarxiu.png\" alt=\"Fonsarxiu\" \/><\/div><\/a><\/div><\/div>\n\n\n\n<p class=\"has-text-align-center\">Figueras Anmella, N\u00faria i Immaculada<\/p>\n<\/div><\/div>\n<\/div><\/div><\/section>\n\n\n\n<section id=\"gmed96303\" class=\"wp-block-gutentor-m2 section-gmed96303 gutentor-module gutentor-dynamic-columns\"><div class=\"grid-container\"><div class=\"grid-row\">\n<div id=\"col-gm3533cd\" class=\"wp-block-gutentor-m2-col col-gm3533cd gutentor-module gutentor-dynamic-single-column grid-lg-6 grid-md-4 grid-12\"><div id=\"section-gm3533cd\" class=\"section-gm3533cd gutentor-single-col\">\n<div id=\"section-gc3bcb8\" class=\"wp-block-gutentor-e6 section-gc3bcb8 gutentor-element gutentor-element-image gutentor-enabled-width\"><div class=\"gutentor-element-image-box\"><a class=\"gutentor-element-image-link\" href=\"\/serveis\/biblioteca-crai\/fons-i-colleccions-documentals-de-la-biblioteca-crai\/arxius-i-fons-personals\/miquel-gaspa-bertran\/\"><div class=\"gutentor-image-thumb\"><img decoding=\"async\" class=\"normal-image\" src=\"https:\/\/www.esmuc.cat\/wp-content\/uploads\/2021\/10\/trioBArkon.jpg\" alt=\"Miquel Gasp\u00e0 Bertran\" \/><\/div><\/a><\/div><\/div>\n\n\n\n<p class=\"has-text-align-center\">Gasp\u00e0 Bertran, Miquel<\/p>\n<\/div><\/div>\n\n\n\n<div id=\"col-gmcc7f40\" class=\"wp-block-gutentor-m2-col col-gmcc7f40 gutentor-module gutentor-dynamic-single-column grid-lg-6 grid-md-4 grid-12\"><div id=\"section-gmcc7f40\" class=\"section-gmcc7f40 gutentor-single-col\">\n<div id=\"section-g57dd75\" class=\"wp-block-gutentor-e6 section-g57dd75 gutentor-element gutentor-element-image gutentor-enabled-width\"><div class=\"gutentor-element-image-box\"><a class=\"gutentor-element-image-link\" href=\"\/serveis\/biblioteca-crai\/fons-i-colleccions-documentals-de-la-biblioteca-crai\/arxius-i-fons-personals\/salvador-mas-conde\/\"><div class=\"gutentor-image-thumb\"><img decoding=\"async\" class=\"normal-image\" src=\"https:\/\/www.esmuc.cat\/wp-content\/uploads\/2021\/10\/Salvador-Mas-Conde.jpg\" alt=\"Salvador Mas Conde\" \/><\/div><\/a><\/div><\/div>\n\n\n\n<p class=\"has-text-align-center\">Mas Conde, Salvador<\/p>\n<\/div><\/div>\n<\/div><\/div><\/section>\n\n\n\n<section id=\"gmb56c11b\" class=\"wp-block-gutentor-m2 section-gmb56c11b gutentor-module gutentor-dynamic-columns\"><div class=\"grid-container\"><div class=\"grid-row\">\n<div id=\"col-gm44a384\" class=\"wp-block-gutentor-m2-col col-gm44a384 gutentor-module gutentor-dynamic-single-column grid-lg-6 grid-md-4 grid-12\"><div id=\"section-gm44a384\" class=\"section-gm44a384 gutentor-single-col\">\n<div id=\"section-g68c4c7\" class=\"wp-block-gutentor-e6 section-g68c4c7 gutentor-element gutentor-element-image\"><div class=\"gutentor-element-image-box\"><a class=\"gutentor-element-image-link\" href=\"\/serveis\/biblioteca-crai\/fons-i-colleccions-documentals-de-la-biblioteca-crai\/arxius-i-fons-personals\/guillermo-michel\/\"><div class=\"gutentor-image-thumb\"><img decoding=\"async\" class=\"normal-image\" src=\"https:\/\/www.esmuc.cat\/wp-content\/uploads\/2021\/10\/fonsarxiu.png\" alt=\"Fonsarxiu\" \/><\/div><\/a><\/div><\/div>\n\n\n\n<p class=\"has-text-align-center\">Michel, Guillermo<\/p>\n<\/div><\/div>\n\n\n\n<div id=\"col-gm0504b5\" class=\"wp-block-gutentor-m2-col col-gm0504b5 gutentor-module gutentor-dynamic-single-column grid-lg-6 grid-md-4 grid-12\"><div id=\"section-gm0504b5\" class=\"section-gm0504b5 gutentor-single-col\">\n<div id=\"section-g28868a\" class=\"wp-block-gutentor-e6 section-g28868a gutentor-element gutentor-element-image\"><div class=\"gutentor-element-image-box\"><a class=\"gutentor-element-image-link\" href=\"\/serveis\/biblioteca-crai\/fons-i-colleccions-documentals-de-la-biblioteca-crai\/arxius-i-fons-personals\/jose-ortiz-de-zarate-alufre\/\"><div class=\"gutentor-image-thumb\"><img decoding=\"async\" class=\"normal-image\" src=\"https:\/\/www.esmuc.cat\/wp-content\/uploads\/2021\/10\/fonsarxiu.png\" alt=\"Fonsarxiu\" \/><\/div><\/a><\/div><\/div>\n\n\n\n<p class=\"has-text-align-center\">Ortiz de Z\u00e1rate Alufre, Jos\u00e9 (Val\u00e8ncia, 1887-Barcelona, 1959)<\/p>\n<\/div><\/div>\n<\/div><\/div><\/section>\n\n\n\n<section id=\"gm91d9b28\" class=\"wp-block-gutentor-m2 section-gm91d9b28 gutentor-module gutentor-dynamic-columns\"><div class=\"grid-container\"><div class=\"grid-row\">\n<div id=\"col-gmb880ad\" class=\"wp-block-gutentor-m2-col col-gmb880ad gutentor-module gutentor-dynamic-single-column grid-lg-6 grid-md-4 grid-12\"><div id=\"section-gmb880ad\" class=\"section-gmb880ad gutentor-single-col\">\n<div id=\"section-g3b2c6f\" class=\"wp-block-gutentor-e6 section-g3b2c6f gutentor-element gutentor-element-image gutentor-enabled-width\"><div class=\"gutentor-element-image-box\"><a class=\"gutentor-element-image-link\" href=\"\/serveis\/biblioteca-crai\/fons-i-colleccions-documentals-de-la-biblioteca-crai\/arxius-i-fons-personals\/joan-pera-talamas\/\"><div class=\"gutentor-image-thumb\"><img decoding=\"async\" class=\"normal-image\" src=\"https:\/\/www.esmuc.cat\/wp-content\/uploads\/2021\/10\/Joan-pere.jpg\" alt=\"Joan Pere\" \/><\/div><\/a><\/div><\/div>\n\n\n\n<p class=\"has-text-align-center\">Pera Talam\u00e1s, Joan (Sant Pol de Mar, 1912-2003)<\/p>\n<\/div><\/div>\n\n\n\n<div id=\"col-gm777abe\" class=\"wp-block-gutentor-m2-col col-gm777abe gutentor-module gutentor-dynamic-single-column grid-lg-6 grid-md-4 grid-12\"><div id=\"section-gm777abe\" class=\"section-gm777abe gutentor-single-col\">\n<figure class=\"wp-block-image size-large is-style-default\"><a href=\"https:\/\/www.esmuc.cat\/serveis\/biblioteca-crai\/fons-i-colleccions-documentals-de-la-biblioteca-crai\/arxius-i-fons-personals\/albert-reguant\/\"><img decoding=\"async\" width=\"1024\" height=\"498\" src=\"https:\/\/www.esmuc.cat\/wp-content\/uploads\/2022\/07\/20220721_151018-1024x498.jpg\" alt=\"Fons Reguant\" class=\"wp-image-55306\" srcset=\"https:\/\/www.esmuc.cat\/wp-content\/uploads\/2022\/07\/20220721_151018-1024x498.jpg 1024w, https:\/\/www.esmuc.cat\/wp-content\/uploads\/2022\/07\/20220721_151018-300x146.jpg 300w, https:\/\/www.esmuc.cat\/wp-content\/uploads\/2022\/07\/20220721_151018-768x373.jpg 768w, https:\/\/www.esmuc.cat\/wp-content\/uploads\/2022\/07\/20220721_151018-1536x746.jpg 1536w, https:\/\/www.esmuc.cat\/wp-content\/uploads\/2022\/07\/20220721_151018-2048x995.jpg 2048w\" sizes=\"(max-width: 1024px) 100vw, 1024px\" \/><\/a><\/figure>\n\n\n\n<p class=\"has-text-align-center\">Albert Reguant<\/p>\n<\/div><\/div>\n\n\n\n<div id=\"col-gmde0b71\" class=\"wp-block-gutentor-m2-col col-gmde0b71 gutentor-module gutentor-dynamic-single-column grid-lg-6 grid-md-4 grid-12\"><div id=\"section-gmde0b71\" class=\"section-gmde0b71 gutentor-single-col\">\n<div id=\"section-ge2469b\" class=\"wp-block-gutentor-e6 section-ge2469b gutentor-element gutentor-element-image\"><div class=\"gutentor-element-image-box\"><a class=\"gutentor-element-image-link\" href=\"https:\/\/www.esmuc.cat\/serveis\/biblioteca-crai\/fons-i-colleccions-documentals-de-la-biblioteca-crai\/arxius-i-fons-personals\/jordi-ribera-bergos\/\" target=\"_blank\" rel=\"noopener noreferrer\"><div class=\"gutentor-image-thumb\"><img decoding=\"async\" class=\"normal-image\" src=\"https:\/\/www.esmuc.cat\/wp-content\/uploads\/2022\/11\/Jordi-Ribera-Bergos_web.jpg\" \/><\/div><\/a><\/div><\/div>\n\n\n\n<p class=\"has-text-align-center\">Ribera Berg\u00f3s, Jordi (Barcelona 1961 &#8211; Sant Celoni 2021)<\/p>\n<\/div><\/div>\n\n\n\n<div id=\"col-gm6c467c\" class=\"wp-block-gutentor-m2-col col-gm6c467c gutentor-module gutentor-dynamic-single-column grid-lg-6 grid-md-4 grid-12\"><div id=\"section-gm6c467c\" class=\"section-gm6c467c gutentor-single-col\">\n<div id=\"section-gfaae95\" class=\"wp-block-gutentor-e6 section-gfaae95 gutentor-element gutentor-element-image gutentor-enabled-width\"><div class=\"gutentor-element-image-box\"><a class=\"gutentor-element-image-link\" href=\"\/serveis\/biblioteca-crai\/fons-i-colleccions-documentals-de-la-biblioteca-crai\/arxius-i-fons-personals\/victoria-dels-angels\/\"><div class=\"gutentor-image-thumb\"><img decoding=\"async\" class=\"normal-image\" src=\"https:\/\/www.esmuc.cat\/wp-content\/uploads\/2021\/10\/Victoriadelosangeles.png\" alt=\"Victoriadelosangeles\" \/><\/div><\/a><\/div><\/div>\n\n\n\n<p class=\"has-text-align-center\">Vict\u00f2ria dels \u00c0ngels (Barcelona, 1923-2005)<\/p>\n<\/div><\/div>\n<\/div><\/div><\/section>\n<\/div><\/section>\n<\/div>\n<\/div>\n\n\n","protected":false},"excerpt":{"rendered":"<p>Archives and Personal Collections The ESMUC Library-CRAI has significantly increased its collection thanks to the generosity of individuals and entities that have contributed to it by means of donations and loans of personal collections, consisting of different types of documents. If you wish to collaborate towards the growth of the Library and have any musical-related [&hellip;]<\/p>\n","protected":false},"author":35,"featured_media":0,"parent":0,"menu_order":4,"comment_status":"closed","ping_status":"closed","template":"","meta":{"_acf_changed":false,"_themeisle_gutenberg_block_has_review":false,"footnotes":""},"categories":[],"tags":[],"class_list":["post-79238","page","type-page","status-publish","hentry"],"acf":[],"publishpress_future_action":{"enabled":false,"date":"2026-05-02 12:42:42","action":"change-status","newStatus":"draft","terms":[],"taxonomy":"category","extraData":[]},"publishpress_future_workflow_manual_trigger":{"enabledWorkflows":[]},"_links":{"self":[{"href":"https:\/\/www.esmuc.cat\/en\/wp-json\/wp\/v2\/pages\/79238","targetHints":{"allow":["GET"]}}],"collection":[{"href":"https:\/\/www.esmuc.cat\/en\/wp-json\/wp\/v2\/pages"}],"about":[{"href":"https:\/\/www.esmuc.cat\/en\/wp-json\/wp\/v2\/types\/page"}],"author":[{"embeddable":true,"href":"https:\/\/www.esmuc.cat\/en\/wp-json\/wp\/v2\/users\/35"}],"replies":[{"embeddable":true,"href":"https:\/\/www.esmuc.cat\/en\/wp-json\/wp\/v2\/comments?post=79238"}],"version-history":[{"count":3,"href":"https:\/\/www.esmuc.cat\/en\/wp-json\/wp\/v2\/pages\/79238\/revisions"}],"predecessor-version":[{"id":89657,"href":"https:\/\/www.esmuc.cat\/en\/wp-json\/wp\/v2\/pages\/79238\/revisions\/89657"}],"wp:attachment":[{"href":"https:\/\/www.esmuc.cat\/en\/wp-json\/wp\/v2\/media?parent=79238"}],"wp:term":[{"taxonomy":"category","embeddable":true,"href":"https:\/\/www.esmuc.cat\/en\/wp-json\/wp\/v2\/categories?post=79238"},{"taxonomy":"post_tag","embeddable":true,"href":"https:\/\/www.esmuc.cat\/en\/wp-json\/wp\/v2\/tags?post=79238"}],"curies":[{"name":"wp","href":"https:\/\/api.w.org\/{rel}","templated":true}]}}