{"id":75762,"date":"2023-04-12T09:38:48","date_gmt":"2023-04-12T07:38:48","guid":{"rendered":"https:\/\/www.esmuc.cat\/?page_id=75762"},"modified":"2024-11-22T12:26:30","modified_gmt":"2024-11-22T11:26:30","slug":"esmuc-publications","status":"publish","type":"page","link":"https:\/\/www.esmuc.cat\/en\/esmuc-publications\/","title":{"rendered":"ESMUC Publications"},"content":{"rendered":"\n<div class=\"wp-block-columns is-layout-flex wp-container-core-columns-is-layout-9d6595d7 wp-block-columns-is-layout-flex\">\n<div class=\"wp-block-column esmuc__Menu_Masters is-layout-flow wp-block-column-is-layout-flow\" style=\"flex-basis:33.33%\">\n\n<\/div>\n\n\n\n<div class=\"wp-block-column is-layout-flow wp-block-column-is-layout-flow\" style=\"flex-basis:66.66%\"><div class=\"breadcrumbs align  wp-block-bcn-breadcrumb-trail has-text-color has-background\" vocab=\"https:\/\/schema.org\/\" typeof=\"BreadcrumbList\">\n\t<span><\/span>\n\t<span property=\"itemListElement\" typeof=\"ListItem\"><a property=\"item\" typeof=\"WebPage\" title=\"Go to ESMUC.\" href=\"https:\/\/www.esmuc.cat\/en\/\" class=\"home\" ><span property=\"name\">ESMUC<\/span><\/a><meta property=\"position\" content=\"1\"><\/span> &gt; <span property=\"itemListElement\" typeof=\"ListItem\"><span property=\"name\" class=\"post post-page current-item\">ESMUC Publications<\/span><meta property=\"url\" content=\"https:\/\/www.esmuc.cat\/en\/esmuc-publications\/\"><meta property=\"position\" content=\"2\"><\/span><\/div>\n\n\n\n<h1 class=\"wp-block-heading\" id=\"publicacions-esmuc\">ESMUC Publications<\/h1>\n\n\n\n<div style=\"height:10px\" aria-hidden=\"true\" class=\"wp-block-spacer\"><\/div>\n\n\n\n<div id=\"section-g47c2aa\" class=\"wp-block-gutentor-e0 section-g47c2aa gutentor-element gutentor-element-advanced-text\"><div class=\"gutentor-text-wrap\"><p class=\"gutentor-text\">The Escola Superior de M\u00fasica de Catalunya publishes scientific articles and collaborates in artistic research books. <\/p><\/div><\/div>\n\n\n\n<div style=\"height:10px\" aria-hidden=\"true\" class=\"wp-block-spacer\"><\/div>\n\n\n\n<section id=\"5e21db\" class=\"section-5e21db gutentor-module gutentor-module-tabs gutentor-tabs-layout-horizontal gutentor-tabs-pos-top\"><div class=\"grid-container\"><div class=\"gutentor-module-tabs-wrap gutentor-tabs-style-outline\" data-id=\"5e21db\"><div class=\"gutentor-module-tabs-nav\"><span class=\"gutentor-module-tabs-item gm-tt-5e21db gutentor-tabs-nav-active\"><span class=\"gutentor-module-tabs-title\">Journals<\/span><\/span><span class=\"gutentor-module-tabs-item gm-tt-5e21db\"><span class=\"gutentor-module-tabs-title\">Books<\/span><\/span><\/div><div class=\"gutentor-module-tabs-body\">\n<div class=\"wp-block-gutentor-m7-tab gutentor-module-tabs-content gm-tc-5e21db gutentor-tabs-content-active\">\n<section id=\"8a383c\" class=\"section-8a383c gutentor-module gutentor-module-accordion\"><div class=\"grid-container\">\n<div id=\"778cec\" class=\"wp-block-gutentor-m6-item section-778cec gutentor-module gutentor-module-accordion-item\"><div class=\"gutentor-module-accordion-panel g-a-panel-8a383c\"><div class=\"gm-ah-8a383c gutentor-module-accordion-item-heading gutentor-module-icon-position-right\"><span class=\"gutentor-module-accordion-panel-handler\" role=\"button\"><span class=\"gutentor-module-accordion-panel-handler-label\"><strong>Compilation of the ESMUC Supplements on the RMC<\/strong><\/span><span class=\"gutentor-module-accordion-icon\"><i class=\"gm-aio-8a383c gutentor-module-accordion-icon-open fas fa-plus\"><\/i><i class=\"gm-aic-8a383c gutentor-module-accordion-icon-close fas fa-minus\"><\/i><\/span><\/span><\/div><div class=\"gm-ab-8a383c gutentor-module-accordion-body\">\n<div id=\"section-gf073a6\" class=\"wp-block-gutentor-e0 section-gf073a6 gutentor-element gutentor-element-advanced-text\"><div class=\"gutentor-text-wrap\"><p class=\"gutentor-text\">Between December 2005 and June 2011, Esmuc collaborated with an eight-page color supplement within the Revista Musical Catalana.<\/p><\/div><\/div>\n\n\n\n<div id=\"section-g42aebb\" class=\"wp-block-gutentor-e0 section-g42aebb gutentor-element gutentor-element-advanced-text\"><div class=\"gutentor-text-wrap\"><p class=\"gutentor-text\"><em>Compilation of the ESMUC Supplements on the RMC 2005-2006<br>Compilation of the ESMUC Supplements on the RMC 2007<br>Compilation of the ESMUC Supplements on the RMC 2008<br>Compilation of the ESMUC Supplements on the RMC 2009<br>Compilation of the ESMUC Supplements on the RMC 2010<br>Compilation of the ESMUC Supplements on the RMC 2011<\/em><\/p><\/div><\/div>\n<\/div><\/div><\/div>\n\n\n\n<div id=\"0224f8\" class=\"wp-block-gutentor-m6-item section-0224f8 gutentor-module gutentor-module-accordion-item\"><div class=\"gutentor-module-accordion-panel g-a-panel-8a383c\"><div class=\"gm-ah-8a383c gutentor-module-accordion-item-heading gutentor-module-icon-position-right\"><span class=\"gutentor-module-accordion-panel-handler\" role=\"button\"><span class=\"gutentor-module-accordion-panel-handler-label\"><strong>ESMUC Digital<\/strong><\/span><span class=\"gutentor-module-accordion-icon\"><i class=\"gm-aio-8a383c gutentor-module-accordion-icon-open fas fa-plus\"><\/i><i class=\"gm-aic-8a383c gutentor-module-accordion-icon-close fas fa-minus\"><\/i><\/span><\/span><\/div><div class=\"gm-ab-8a383c gutentor-module-accordion-body\">\n<div id=\"section-ga154c4\" class=\"wp-block-gutentor-e0 section-ga154c4 gutentor-element gutentor-element-advanced-text\"><div class=\"gutentor-text-wrap\"><p class=\"gutentor-text\">From September 2011, and until April 2020, the School published the <a href=\"https:\/\/repositori.educacio.gencat.cat\/handle\/20.500.12694\/6752\" target=\"_blank\" rel=\"noreferrer noopener\">ESMUC digital<\/a> magazine. The magazine had an Editorial Board that decided on the various topics to address and evaluated the articles; and was made up of representatives from various areas and departments of the school.<\/p><\/div><\/div>\n<\/div><\/div><\/div>\n<\/div><\/section>\n<\/div>\n\n\n\n<div class=\"wp-block-gutentor-m7-tab gutentor-module-tabs-content gm-tc-5e21db\">\n<section id=\"e44d43\" class=\"section-e44d43 gutentor-module gutentor-module-accordion gutentor-module-accordion-enable-toggle\"><div class=\"grid-container\">\n<div id=\"7d494d\" class=\"wp-block-gutentor-m6-item section-7d494d gutentor-module gutentor-module-accordion-item\"><div class=\"gutentor-module-accordion-panel g-a-panel-e44d43\"><div class=\"gm-ah-e44d43 gutentor-module-accordion-item-heading gutentor-module-icon-position-right\"><span class=\"gutentor-module-accordion-panel-handler\" role=\"button\"><span class=\"gutentor-module-accordion-panel-handler-label\"><em>La m\u00fasica cuenta. Ret\u00f3rica, narratividad, dramaturgia, cuerpo y afectos<\/em><\/span><span class=\"gutentor-module-accordion-icon\"><i class=\"gm-aio-e44d43 gutentor-module-accordion-icon-open fas fa-plus\"><\/i><i class=\"gm-aic-e44d43 gutentor-module-accordion-icon-close fas fa-minus\"><\/i><\/span><\/span><\/div><div class=\"gm-ab-e44d43 gutentor-module-accordion-body\">\n<div id=\"section-g7feb4a\" class=\"wp-block-gutentor-e0 section-g7feb4a gutentor-element gutentor-element-advanced-text\"><div class=\"gutentor-text-wrap\"><p class=\"gutentor-text\">Project with the support of the <em>Fondo Nacional para la Cultura y las Artes<\/em><\/p><\/div><\/div>\n\n\n\n<section id=\"gmd873ae4\" class=\"wp-block-gutentor-m2 section-gmd873ae4 gutentor-module gutentor-dynamic-columns\"><div class=\"grid-container\"><div class=\"grid-row\">\n<div id=\"col-gm18edec\" class=\"wp-block-gutentor-m2-col col-gm18edec gutentor-module gutentor-dynamic-single-column grid-lg-12 grid-md-4 grid-12\"><div id=\"section-gm18edec\" class=\"section-gm18edec gutentor-single-col has-color-bg has-custom-bg\">\n<div id=\"section-g0fc7c2\" class=\"wp-block-gutentor-e0 section-g0fc7c2 gutentor-element gutentor-element-advanced-text\"><div class=\"gutentor-text-wrap\"><p class=\"gutentor-text\"><strong>Rub\u00e9n L\u00f3pez Cano<\/strong> (Escola Superior de M\u00fasica de Catalunya)<\/p><\/div><\/div>\n<\/div><\/div>\n<\/div><\/div><\/section>\n\n\n\n<section id=\"gm9d7728c\" class=\"wp-block-gutentor-m2 section-gm9d7728c gutentor-module gutentor-dynamic-columns\"><div class=\"grid-container\"><div class=\"grid-row\">\n<div id=\"col-gmef2bab\" class=\"wp-block-gutentor-m2-col col-gmef2bab gutentor-module gutentor-dynamic-single-column grid-lg-6 grid-md-4 grid-12\"><div id=\"section-gmef2bab\" class=\"section-gmef2bab gutentor-single-col\">\n<div id=\"section-ga87b8f\" class=\"wp-block-gutentor-e6 section-ga87b8f gutentor-element gutentor-element-image gutentor-enabled-width\"><div class=\"gutentor-element-image-box\"><div class=\"gutentor-image-thumb\"><img decoding=\"async\" class=\"normal-image\" src=\"https:\/\/www.esmuc.cat\/wp-content\/uploads\/2021\/06\/portada-la-musica-cuenta.jpg\" alt=\"Portada del llibre La m\u00fasica cuenta\" \/><\/div><\/div><\/div>\n<\/div><\/div>\n\n\n\n<div id=\"col-gmff8123\" class=\"wp-block-gutentor-m2-col col-gmff8123 gutentor-module gutentor-dynamic-single-column grid-lg-6 grid-md-4 grid-12\"><div id=\"section-gmff8123\" class=\"section-gmff8123 gutentor-single-col\">\n<div id=\"section-g39feef\" class=\"wp-block-gutentor-e0 section-g39feef gutentor-element gutentor-element-advanced-text\"><div class=\"gutentor-text-wrap\"><p class=\"gutentor-text\">Music is not a collection of inert and passive sound objects. It is a way of navigating through time, through tensions and relaxations, retentions and propulsions, speed changes and accelerations, doubts, blows and outbursts, terrifying exclamations or cries of joy that emerge from its always-moving surface. All music seems to want to go somewhere by crossing different emotional zones. It often creates in our minds and hearts the feeling that listening to it is like going through intense states similar to those of theatrical dramas or literary narratives.<\/p><\/div><\/div>\n<\/div><\/div>\n<\/div><\/div><\/section>\n\n\n\n<div id=\"section-gfc4319\" class=\"wp-block-gutentor-e0 section-gfc4319 gutentor-element gutentor-element-advanced-text\"><div class=\"gutentor-text-wrap\"><p class=\"gutentor-text\"><em><strong>La m\u00fasica cuenta<\/strong><\/em> proposes strategies based on tools from rhetoric, semiotics and hermeneutics for the study of the expressive meaning of music. Rather than -or in addition to- the structures or macroformal configuration of the analysed pieces, it seeks to unravel the mechanisms that make each musical piece a small drama, an encapsulated piece of time that traps us with its internal conflicts.<\/p><\/div><\/div>\n\n\n\n<div id=\"section-g7c858f\" class=\"wp-block-gutentor-e0 section-g7c858f gutentor-element gutentor-element-advanced-text\"><div class=\"gutentor-text-wrap\"><p class=\"gutentor-text\">The book is especially dedicated to anyone involved in musical performance and seeks to offer tools to imagine musical performances that are intense, exciting and full of personalised expressive intent It aims to provide instruments for the analysis, artistic interpretation or performative analysis of music.<\/p><\/div><\/div>\n\n\n\n<div id=\"section-g08c58b\" class=\"wp-block-gutentor-e0 section-g08c58b gutentor-element gutentor-element-advanced-text\"><div class=\"gutentor-text-wrap\"><p class=\"gutentor-text\">The book and the research work on which it is based have been co-financed by the <strong>Escola Superior de M\u00fasica de Catalunya<\/strong> and the <strong>Fondo Nacional para la Cultura y las Artes de M\u00e9xico<\/strong><\/p><\/div><\/div>\n\n\n\n<div id=\"section-g3420f5\" class=\"wp-block-gutentor-e0 section-g3420f5 gutentor-element gutentor-element-advanced-text\"><div class=\"gutentor-text-wrap\"><p class=\"gutentor-text\"><a href=\"http:\/\/rlopezcano.blogspot.com\/2020\/05\/la-musica-cuenta-audiovisual.html\" target=\"_blank\" rel=\"noreferrer noopener\">Audio and video examples<\/a><\/p><\/div><\/div>\n\n\n\n<div id=\"section-gec3911\" class=\"wp-block-gutentor-e2 section-gec3911 gutentor-element gutentor-element-button\"><span class=\"gutentor-button-wrap\"><a class=\"gutentor-button gutentor-block-button gutentor-icon-hide\" href=\"https:\/\/www.dropbox.com\/sh\/6n0yawga6idkdwv\/AACqA3rVGHGlSoExXs2iMmfKa?dl=0\"><i class=\"gutentor-button-icon fas fa-book\"><\/i><span><strong>Download the book on PDF<\/strong><\/span><\/a><\/span><\/div>\n<\/div><\/div><\/div>\n\n\n\n<div id=\"95a589\" class=\"wp-block-gutentor-m6-item section-95a589 gutentor-module gutentor-module-accordion-item\"><div class=\"gutentor-module-accordion-panel g-a-panel-e44d43\"><div class=\"gm-ah-e44d43 gutentor-module-accordion-item-heading gutentor-module-icon-position-right\"><span class=\"gutentor-module-accordion-panel-handler\" role=\"button\"><span class=\"gutentor-module-accordion-panel-handler-label\">Actes del F\u00f2rum Educaci\u00f3 Musical al s. XXI (any 2021)<\/span><span class=\"gutentor-module-accordion-icon\"><i class=\"gm-aio-e44d43 gutentor-module-accordion-icon-open fas fa-plus\"><\/i><i class=\"gm-aic-e44d43 gutentor-module-accordion-icon-close fas fa-minus\"><\/i><\/span><\/span><\/div><div class=\"gm-ab-e44d43 gutentor-module-accordion-body\">\n<div id=\"section-gd6c534\" class=\"wp-block-gutentor-e0 section-gd6c534 gutentor-element gutentor-element-advanced-text\"><div class=\"gutentor-text-wrap\"><p class=\"gutentor-text\"><em>Actas del F\u00f3rum educaci\u00f3n musical en el siglo xxi: Innovaci\u00f3n y tecnolog\u00eda para la educaci\u00f3n musical<\/em> (5 and 6 July, 2021).<\/p><\/div><\/div>\n\n\n\n<section id=\"gm7c5b2a6\" class=\"wp-block-gutentor-m2 section-gm7c5b2a6 gutentor-module gutentor-dynamic-columns\"><div class=\"grid-container\"><div class=\"grid-row\">\n<div id=\"col-gmc5933f\" class=\"wp-block-gutentor-m2-col col-gmc5933f gutentor-module gutentor-dynamic-single-column grid-lg-6 grid-md-4 grid-12\"><div id=\"section-gmc5933f\" class=\"section-gmc5933f gutentor-single-col\">\n<figure class=\"wp-block-image size-full\"><img decoding=\"async\" width=\"609\" height=\"836\" src=\"https:\/\/www.esmuc.cat\/wp-content\/uploads\/2022\/06\/actas-forum-esmuc.png\" alt=\"Actas Forum Esmuc\" class=\"wp-image-48610\" srcset=\"https:\/\/www.esmuc.cat\/wp-content\/uploads\/2022\/06\/actas-forum-esmuc.png 609w, https:\/\/www.esmuc.cat\/wp-content\/uploads\/2022\/06\/actas-forum-esmuc-219x300.png 219w\" sizes=\"(max-width: 609px) 100vw, 609px\" \/><\/figure>\n<\/div><\/div>\n\n\n\n<div id=\"col-gm5db689\" class=\"wp-block-gutentor-m2-col col-gm5db689 gutentor-module gutentor-dynamic-single-column grid-lg-6 grid-md-4 grid-12\"><div id=\"section-gm5db689\" class=\"section-gm5db689 gutentor-single-col\"><\/div><\/div>\n\n\n\n<div id=\"col-gm725634\" class=\"wp-block-gutentor-m2-col col-gm725634 gutentor-module gutentor-dynamic-single-column grid-lg-6 grid-md-4 grid-12\"><div id=\"section-gm725634\" class=\"section-gm725634 gutentor-single-col\"><\/div><\/div>\n<\/div><\/div><\/section>\n<\/div><\/div><\/div>\n<\/div><\/section>\n<\/div>\n<\/div><\/div><\/div><\/section>\n<\/div>\n<\/div>\n","protected":false},"excerpt":{"rendered":"<p>ESMUC Publications<\/p>\n","protected":false},"author":35,"featured_media":0,"parent":0,"menu_order":0,"comment_status":"closed","ping_status":"closed","template":"","meta":{"_acf_changed":false,"_themeisle_gutenberg_block_has_review":false,"footnotes":""},"categories":[1596],"tags":[],"class_list":["post-75762","page","type-page","status-publish","hentry","category-research"],"acf":[],"publishpress_future_action":{"enabled":false,"date":"2026-04-16 18:21:12","action":"change-status","newStatus":"draft","terms":[],"taxonomy":"category","extraData":[]},"publishpress_future_workflow_manual_trigger":{"enabledWorkflows":[]},"_links":{"self":[{"href":"https:\/\/www.esmuc.cat\/en\/wp-json\/wp\/v2\/pages\/75762","targetHints":{"allow":["GET"]}}],"collection":[{"href":"https:\/\/www.esmuc.cat\/en\/wp-json\/wp\/v2\/pages"}],"about":[{"href":"https:\/\/www.esmuc.cat\/en\/wp-json\/wp\/v2\/types\/page"}],"author":[{"embeddable":true,"href":"https:\/\/www.esmuc.cat\/en\/wp-json\/wp\/v2\/users\/35"}],"replies":[{"embeddable":true,"href":"https:\/\/www.esmuc.cat\/en\/wp-json\/wp\/v2\/comments?post=75762"}],"version-history":[{"count":14,"href":"https:\/\/www.esmuc.cat\/en\/wp-json\/wp\/v2\/pages\/75762\/revisions"}],"predecessor-version":[{"id":101594,"href":"https:\/\/www.esmuc.cat\/en\/wp-json\/wp\/v2\/pages\/75762\/revisions\/101594"}],"wp:attachment":[{"href":"https:\/\/www.esmuc.cat\/en\/wp-json\/wp\/v2\/media?parent=75762"}],"wp:term":[{"taxonomy":"category","embeddable":true,"href":"https:\/\/www.esmuc.cat\/en\/wp-json\/wp\/v2\/categories?post=75762"},{"taxonomy":"post_tag","embeddable":true,"href":"https:\/\/www.esmuc.cat\/en\/wp-json\/wp\/v2\/tags?post=75762"}],"curies":[{"name":"wp","href":"https:\/\/api.w.org\/{rel}","templated":true}]}}