{"id":72158,"date":"2023-01-23T13:54:54","date_gmt":"2023-01-23T12:54:54","guid":{"rendered":"https:\/\/www.esmuc.cat\/?page_id=72158"},"modified":"2024-04-17T09:40:28","modified_gmt":"2024-04-17T07:40:28","slug":"i-want-to-do-an-erasmus-program-at-esmuc","status":"publish","type":"page","link":"https:\/\/www.esmuc.cat\/en\/estudis\/mobilitat-internacional\/i-want-to-do-an-erasmus-program-at-esmuc\/","title":{"rendered":"Study at ESMUC (Erasmus+)"},"content":{"rendered":"\n<div style=\"height:16px\" aria-hidden=\"true\" class=\"wp-block-spacer\"><\/div>\n\n\n\n<div class=\"wp-block-columns is-layout-flex wp-container-core-columns-is-layout-9d6595d7 wp-block-columns-is-layout-flex\">\n<div class=\"wp-block-column esmuc__Menu_Masters is-layout-flow wp-block-column-is-layout-flow\" style=\"flex-basis:33.33%\">\n\n<\/div>\n\n\n\n<div class=\"wp-block-column is-layout-flow wp-block-column-is-layout-flow\" style=\"flex-basis:66.66%\">\n<h1 class=\"wp-block-heading has-text-color\" id=\"biblioteca-crai\" style=\"color:#414141\">Study at ESMUC (Erasmus+)<\/h1>\n\n\n\n<div style=\"height:37px\" aria-hidden=\"true\" class=\"wp-block-spacer\"><\/div>\n\n\n<figure class=\"wp-block-post-featured-image\"><img decoding=\"async\" width=\"1000\" height=\"664\" src=\"https:\/\/www.esmuc.cat\/wp-content\/uploads\/2021\/06\/Aula-orquestra-5.jpg\" class=\"attachment-post-thumbnail size-post-thumbnail wp-post-image\" alt=\"Aula Orquestra 5\" style=\"object-fit:cover;\" title=\"Aula Orquestra 5\" \/><\/figure>\n\n\n<div style=\"height:10px\" aria-hidden=\"true\" class=\"wp-block-spacer\"><\/div>\n\n\n\n<div style=\"height:12px\" aria-hidden=\"true\" class=\"wp-block-spacer\"><\/div>\n\n\n\n<div id=\"section-g0f787a\" class=\"wp-block-gutentor-e1 section-g0f787a gutentor-element gutentor-element-advanced-text\"><div class=\"gutentor-text-wrap\"><p class=\"gutentor-text\">If you want to do half a year or an academic year in the ESMUC, you must first approach the International Relations Office of your institution and they will inform you about all the procedures to follow. By our side, notice that all the applications must be done through the MOBILITY System.&nbsp; Your institution will inform you whether you have been accepted.&nbsp;<br>&nbsp;<br>If there is no bilateral agreement established, the International Office of your institution will deal with the Erasmus application and other previous processes for establishing an agreement between both institutions.&nbsp;&nbsp;<\/p><\/div><\/div>\n\n\n\n<div id=\"section-g0028bf\" class=\"wp-block-gutentor-e2 section-g0028bf gutentor-element gutentor-element-button\"><span class=\"gutentor-button-wrap\"><a class=\"gutentor-button gutentor-block-button gutentor-icon-hide\" href=\"https:\/\/mobility.aec-music.eu\/\"><i class=\"gutentor-button-icon fas fa-book\"><\/i><span>Access to MOBILITY<\/span><\/a><\/span><\/div>\n\n\n\n<div id=\"section-ge1e32f\" class=\"wp-block-gutentor-e2 section-ge1e32f gutentor-element gutentor-element-button\"><span class=\"gutentor-button-wrap\"><a class=\"gutentor-button gutentor-block-button gutentor-icon-hide\" href=\"https:\/\/www.esmuc.cat\/en\/institutions-with-a-bilateral-agreement-with-the-esmuc\/\" target=\"_blank\" rel=\"institutions-with-a-bilateral-agreement-with-the-esmuc noopener noreferrer\"><i class=\"gutentor-button-icon fas fa-book\"><\/i><span>Institutions with bilateral agreement with the ESMUC<\/span><\/a><\/span><\/div>\n\n\n\n<div style=\"height:53px\" aria-hidden=\"true\" class=\"wp-block-spacer\"><\/div>\n\n\n\n<section id=\"878e48\" class=\"section-878e48 gutentor-module gutentor-module-accordion\"><div class=\"grid-container\">\n<div id=\"50e3b8\" class=\"wp-block-gutentor-m6-item section-50e3b8 gutentor-module gutentor-module-accordion-item\"><div class=\"gutentor-module-accordion-panel g-a-panel-878e48\"><div class=\"gm-ah-878e48 gutentor-module-accordion-item-heading gutentor-module-icon-position-right\"><span class=\"gutentor-module-accordion-panel-handler\" role=\"button\"><span class=\"gutentor-module-accordion-panel-handler-label\">Application Guidelines<\/span><span class=\"gutentor-module-accordion-icon\"><i class=\"gm-aio-878e48 gutentor-module-accordion-icon-open fas fa-plus\"><\/i><i class=\"gm-aic-878e48 gutentor-module-accordion-icon-close fas fa-minus\"><\/i><\/span><\/span><\/div><div class=\"gm-ab-878e48 gutentor-module-accordion-body\">\n<div id=\"section-gad4a20\" class=\"wp-block-gutentor-e0 section-gad4a20 gutentor-element gutentor-element-advanced-text\"><div class=\"gutentor-text-wrap\"><p class=\"gutentor-text\"><strong>Submit your application<\/strong><br>&nbsp;<br>All the applications must be submitted through <a href=\"https:\/\/mobility.aec-music.eu\/\" target=\"_blank\" rel=\"noreferrer noopener\">MOBILITY<\/a>.&nbsp;&nbsp;<br><br>When you make your application, you must consult the <strong>study plan <\/strong>to decide which subjects you want to do. It is important that you establish the subject and the period you are interested in. Later, it will be impossible to change individual subject decisions, and some collective subjects might be closed having reached the maximum number of students.&nbsp;&nbsp;<br><br>Consult the <a href=\"https:\/\/www.esmuc.cat\/en\/academic-calendar\/\">academic calendar<\/a> to find out about school periods.&nbsp;<br><br>The precise establishment of the subjects will be confirmed by approving or not approving the subjects requested in your Learning Agreement, which will be returned to you before the beginning of your stay. If any of the subjects has to be modified later, and it&nbsp;is possible, the modification must necessarily be reflected in the original Learning Agreement. Eventually,&nbsp;your original institution must also accept the changes.&nbsp;&nbsp;<\/p><\/div><\/div>\n\n\n\n<section id=\"gm76af324\" class=\"wp-block-gutentor-m3 section-gm76af324 gutentor-module gutentor-container-cover\"><div class=\"grid-container\">\n<h4 class=\"wp-block-heading\">Required documentation and files<\/h4>\n<\/div><\/section>\n\n\n\n<div id=\"section-g348278\" class=\"wp-block-gutentor-e7 section-g348278 gutentor-element gutentor-element-list\"><ul class=\"grid-row gutentor-grid-item-wrap list-indicator-icon\"><li class=\"gutentor-list-item grid-lg-12 grid-md-12 grid-12\"><span class=\"gutentor-single-item gutentor-single-item-0\"><span class=\"gutentor-list-item-wrap g-s-list-wrap\"><span class=\"gutentor-single-list-item-icon\"><i class=\"list-item-icon fas fa-angle-right\"><\/i><\/span><span class=\"gutentor-list-item\"><p class=\"gutentor-single-item-title\">Curriculum Vitae\u00a0<\/p><\/span><\/span><\/span><\/li><li class=\"gutentor-list-item grid-lg-12 grid-md-12 grid-12\"><span class=\"gutentor-single-item gutentor-single-item-1\"><span class=\"gutentor-list-item-wrap g-s-list-wrap\"><span class=\"gutentor-single-list-item-icon\"><i class=\"list-item-icon fas fa-angle-right\"><\/i><\/span><span class=\"gutentor-list-item\"><p class=\"gutentor-single-item-title\">Letter of motivation\u00a0<\/p><\/span><\/span><\/span><\/li><li class=\"gutentor-list-item grid-lg-12 grid-md-12 grid-12\"><span class=\"gutentor-single-item gutentor-single-item-2\"><span class=\"gutentor-list-item-wrap g-s-list-wrap\"><span class=\"gutentor-single-list-item-icon\"><i class=\"list-item-icon fas fa-angle-right\"><\/i><\/span><span class=\"gutentor-list-item\"><p class=\"gutentor-single-item-title\">Transcript of records and\/or a certificate of previous studies\u00a0<\/p><\/span><\/span><\/span><\/li><li class=\"gutentor-list-item grid-lg-12 grid-md-12 grid-12\"><span class=\"gutentor-single-item gutentor-single-item-3\"><span class=\"gutentor-list-item-wrap g-s-list-wrap\"><span class=\"gutentor-single-list-item-icon\"><i class=\"list-item-icon fas fa-angle-right\"><\/i><\/span><span class=\"gutentor-list-item\"><p class=\"gutentor-single-item-title\">A scanned copy of your passport\u2019s photo page\u00a0<\/p><\/span><\/span><\/span><\/li><li class=\"gutentor-list-item grid-lg-12 grid-md-12 grid-12\"><span class=\"gutentor-single-item gutentor-single-item-4\"><span class=\"gutentor-list-item-wrap g-s-list-wrap\"><span class=\"gutentor-single-list-item-icon\"><i class=\"list-item-icon fas fa-angle-right\"><\/i><\/span><span class=\"gutentor-list-item\"><p class=\"gutentor-single-item-title\">Portfolio, comprising video or audio files\u00a0\u00a0<\/p><\/span><\/span><\/span><\/li><\/ul><\/div>\n\n\n\n<section id=\"gm5b39ee2\" class=\"wp-block-gutentor-m3 section-gm5b39ee2 gutentor-module gutentor-container-cover\"><div class=\"grid-container\">\n<h4 class=\"wp-block-heading\">Application Deadline<\/h4>\n<\/div><\/section>\n\n\n\n<div id=\"section-g9bfde0\" class=\"wp-block-gutentor-e0 section-g9bfde0 gutentor-element gutentor-element-advanced-text\"><div class=\"gutentor-text-wrap\"><p class=\"gutentor-text\">Please check the deadline for ERASMUS applications at your International office. It might differ from the deadline set by the ESMUC which is <strong>February 28th<\/strong> for both the winter and summer semesters of the following academic year. &nbsp;<\/p><\/div><\/div>\n\n\n\n<section id=\"gm7dcdaa5\" class=\"wp-block-gutentor-m3 section-gm7dcdaa5 gutentor-module gutentor-container-cover\"><div class=\"grid-container\">\n<h4 class=\"wp-block-heading\">Evaluation and final decisions<\/h4>\n<\/div><\/section>\n\n\n\n<div id=\"section-g5048d0\" class=\"wp-block-gutentor-e0 section-g5048d0 gutentor-element gutentor-element-advanced-text\"><div class=\"gutentor-text-wrap\"><p class=\"gutentor-text\">Complete applications submitted through the online application system by the deadline will be sent for evaluation to the department in question. The final decision is made by the Head of the Department, and it is based on the quality of the application and the availability of study places and suitable teachers.\u00a0<\/p><\/div><\/div>\n<\/div><\/div><\/div>\n\n\n\n<div id=\"700a24\" class=\"wp-block-gutentor-m6-item section-700a24 gutentor-module gutentor-module-accordion-item\"><div class=\"gutentor-module-accordion-panel g-a-panel-878e48\"><div class=\"gm-ah-878e48 gutentor-module-accordion-item-heading gutentor-module-icon-position-right\"><span class=\"gutentor-module-accordion-panel-handler\" role=\"button\"><span class=\"gutentor-module-accordion-panel-handler-label\">Language of instruction<\/span><span class=\"gutentor-module-accordion-icon\"><i class=\"gm-aio-878e48 gutentor-module-accordion-icon-open fas fa-plus\"><\/i><i class=\"gm-aic-878e48 gutentor-module-accordion-icon-close fas fa-minus\"><\/i><\/span><\/span><\/div><div class=\"gm-ab-878e48 gutentor-module-accordion-body\">\n<div id=\"section-g3eac35\" class=\"wp-block-gutentor-e0 section-g3eac35 gutentor-element gutentor-element-advanced-text\"><div class=\"gutentor-text-wrap\"><p class=\"gutentor-text\">Catalan is the main teaching Language at the Escola Superior de M\u00fasica de Catalunya (ESMUC). In order to be able to follow all the classes correctly, we want to advance resources for students who do not know the language to make their integration easier. Check the ESMUC <a href=\"https:\/\/www.esmuc.cat\/en\/estudis\/altra-oferta-formativa\/catalan-course-and-linguistic-resources-for-students\/\" target=\"_blank\" rel=\"noreferrer noopener\">Catalan Course and Linguistic Resources.<\/a>&nbsp;<\/p><\/div><\/div>\n<\/div><\/div><\/div>\n\n\n\n<div id=\"b8dfca\" class=\"wp-block-gutentor-m6-item section-b8dfca gutentor-module gutentor-module-accordion-item\"><div class=\"gutentor-module-accordion-panel g-a-panel-878e48\"><div class=\"gm-ah-878e48 gutentor-module-accordion-item-heading gutentor-module-icon-position-right\"><span class=\"gutentor-module-accordion-panel-handler\" role=\"button\"><span class=\"gutentor-module-accordion-panel-handler-label\">Description of the grading system<\/span><span class=\"gutentor-module-accordion-icon\"><i class=\"gm-aio-878e48 gutentor-module-accordion-icon-open fas fa-plus\"><\/i><i class=\"gm-aic-878e48 gutentor-module-accordion-icon-close fas fa-minus\"><\/i><\/span><\/span><\/div><div class=\"gm-ab-878e48 gutentor-module-accordion-body\">\n<div id=\"section-g383b44\" class=\"wp-block-gutentor-e0 section-g383b44 gutentor-element gutentor-element-advanced-text\"><div class=\"gutentor-text-wrap\"><p class=\"gutentor-text\">At the ESMUC you will be performing exams and individual or group work (depending on the needs of each Course). The evaluation system will be described in detail in the Teaching Plan of each subject.&nbsp;&nbsp;<br><br>The student\u2019s performance is assessed using a 0 to 10 point grading scale, where 10 corresponds to 100% of the academic contents of the course.&nbsp; Marks go from 1 to 10. You need a 5 to pass any of the Courses.&nbsp;&nbsp;<\/p><\/div><\/div>\n\n\n\n<div id=\"section-g1802f6\" class=\"wp-block-gutentor-e7 section-g1802f6 gutentor-element gutentor-element-list\"><ul class=\"grid-row gutentor-grid-item-wrap list-indicator-icon\"><li class=\"gutentor-list-item grid-lg-12 grid-md-12 grid-12\"><span class=\"gutentor-single-item gutentor-single-item-0\"><span class=\"gutentor-list-item-wrap g-s-list-wrap\"><span class=\"gutentor-single-list-item-icon\"><i class=\"list-item-icon fas fa-angle-right\"><\/i><\/span><span class=\"gutentor-list-item\"><p class=\"gutentor-single-item-title\"><strong>Honours<\/strong>: special distinction (The number of students eligible for this grade is usually limited by statute to less than 5% for a given assessment, or, in small groups, to 1 student in 20.<\/p><\/span><\/span><\/span><\/li><li class=\"gutentor-list-item grid-lg-12 grid-md-12 grid-12\"><span class=\"gutentor-single-item gutentor-single-item-1\"><span class=\"gutentor-list-item-wrap g-s-list-wrap\"><span class=\"gutentor-single-list-item-icon\"><i class=\"list-item-icon fas fa-angle-right\"><\/i><\/span><span class=\"gutentor-list-item\"><p class=\"gutentor-single-item-title\"><strong>9\u201310 out of 10:<\/strong>\u00a0 Outstanding\u00a0<\/p><\/span><\/span><\/span><\/li><li class=\"gutentor-list-item grid-lg-12 grid-md-12 grid-12\"><span class=\"gutentor-single-item gutentor-single-item-2\"><span class=\"gutentor-list-item-wrap g-s-list-wrap\"><span class=\"gutentor-single-list-item-icon\"><i class=\"list-item-icon fas fa-angle-right\"><\/i><\/span><span class=\"gutentor-list-item\"><p class=\"gutentor-single-item-title\"><strong>7\u20138.9 out of 10<\/strong>:\u00a0 Remarkable\u00a0<\/p><\/span><\/span><\/span><\/li><li class=\"gutentor-list-item grid-lg-12 grid-md-12 grid-12\"><span class=\"gutentor-single-item gutentor-single-item-3\"><span class=\"gutentor-list-item-wrap g-s-list-wrap\"><span class=\"gutentor-single-list-item-icon\"><i class=\"list-item-icon fas fa-angle-right\"><\/i><\/span><span class=\"gutentor-list-item\"><p class=\"gutentor-single-item-title\"><strong>5\u20136.9 out of 10<\/strong>: Pass<\/p><\/span><\/span><\/span><\/li><li class=\"gutentor-list-item grid-lg-12 grid-md-12 grid-12\"><span class=\"gutentor-single-item gutentor-single-item-4\"><span class=\"gutentor-list-item-wrap g-s-list-wrap\"><span class=\"gutentor-single-list-item-icon\"><i class=\"list-item-icon fas fa-angle-right\"><\/i><\/span><span class=\"gutentor-list-item\"><p class=\"gutentor-single-item-title\"><strong>0\u20134.9 out of 10<\/strong>: Failed<\/p><\/span><\/span><\/span><\/li><\/ul><\/div>\n<\/div><\/div><\/div>\n\n\n\n<div id=\"11309d\" class=\"wp-block-gutentor-m6-item section-11309d gutentor-module gutentor-module-accordion-item\"><div class=\"gutentor-module-accordion-panel g-a-panel-878e48\"><div class=\"gm-ah-878e48 gutentor-module-accordion-item-heading gutentor-module-icon-position-right\"><span class=\"gutentor-module-accordion-panel-handler\" role=\"button\"><span class=\"gutentor-module-accordion-panel-handler-label\">Experiencing the ESMUC<\/span><span class=\"gutentor-module-accordion-icon\"><i class=\"gm-aio-878e48 gutentor-module-accordion-icon-open fas fa-plus\"><\/i><i class=\"gm-aic-878e48 gutentor-module-accordion-icon-close fas fa-minus\"><\/i><\/span><\/span><\/div><div class=\"gm-ab-878e48 gutentor-module-accordion-body\">\n<div id=\"section-gb488b5\" class=\"wp-block-gutentor-e0 section-gb488b5 gutentor-element gutentor-element-advanced-text\"><div class=\"gutentor-text-wrap\"><p class=\"gutentor-text\">From the&nbsp;moment the Erasmus Office has registered you as an ESMUC student, you will have access to the same services and activities as the other students.&nbsp;<\/p><\/div><\/div>\n\n\n\n<div id=\"section-g73e589\" class=\"wp-block-gutentor-e7 section-g73e589 gutentor-element gutentor-element-list\"><ul class=\"grid-row gutentor-grid-item-wrap list-indicator-icon\"><li class=\"gutentor-list-item grid-lg-12 grid-md-12 grid-12\"><span class=\"gutentor-single-item gutentor-single-item-0\"><span class=\"gutentor-list-item-wrap g-s-list-wrap\"><span class=\"gutentor-single-list-item-icon\"><i class=\"list-item-icon fas fa-angle-right\"><\/i><\/span><span class=\"gutentor-list-item\"><p class=\"gutentor-single-item-title\">Take part in the stable Institutional Groups (Symphonic Orchestra, <em>Cobla<\/em>, Big Band, Early Music ensemble, etc.) under the same conditions as the other students.\u00a0<\/p><\/span><\/span><\/span><\/li><li class=\"gutentor-list-item grid-lg-12 grid-md-12 grid-12\"><span class=\"gutentor-single-item gutentor-single-item-1\"><span class=\"gutentor-list-item-wrap g-s-list-wrap\"><span class=\"gutentor-single-list-item-icon\"><i class=\"list-item-icon fas fa-angle-right\"><\/i><\/span><span class=\"gutentor-list-item\"><p class=\"gutentor-single-item-title\">Take part in chamber groups if there is availability.\u00a0<\/p><\/span><\/span><\/span><\/li><li class=\"gutentor-list-item grid-lg-12 grid-md-12 grid-12\"><span class=\"gutentor-single-item gutentor-single-item-2\"><span class=\"gutentor-list-item-wrap g-s-list-wrap\"><span class=\"gutentor-single-list-item-icon\"><i class=\"list-item-icon fas fa-angle-right\"><\/i><\/span><span class=\"gutentor-list-item\"><p class=\"gutentor-single-item-title\">Use the services of the instrument stock, the library, and the audiovisual office.\u00a0<\/p><\/span><\/span><\/span><\/li><li class=\"gutentor-list-item grid-lg-12 grid-md-12 grid-12\"><span class=\"gutentor-single-item gutentor-single-item-3\"><span class=\"gutentor-list-item-wrap g-s-list-wrap\"><span class=\"gutentor-single-list-item-icon\"><i class=\"list-item-icon fas fa-angle-right\"><\/i><\/span><span class=\"gutentor-list-item\"><p class=\"gutentor-single-item-title\">Access <em>La meva Esmuc<\/em> (a web restricted to students).\u00a0<\/p><\/span><\/span><\/span><\/li><li class=\"gutentor-list-item grid-lg-12 grid-md-12 grid-12\"><span class=\"gutentor-single-item gutentor-single-item-4\"><span class=\"gutentor-list-item-wrap g-s-list-wrap\"><span class=\"gutentor-single-list-item-icon\"><i class=\"list-item-icon fas fa-angle-right\"><\/i><\/span><span class=\"gutentor-list-item\"><p class=\"gutentor-single-item-title\">Attend the programmed courses, talks, and masterclasses.\u00a0<\/p><\/span><\/span><\/span><\/li><li class=\"gutentor-list-item grid-lg-12 grid-md-12 grid-12\"><span class=\"gutentor-single-item gutentor-single-item-5\"><span class=\"gutentor-list-item-wrap g-s-list-wrap\"><span class=\"gutentor-single-list-item-icon\"><i class=\"list-item-icon fas fa-angle-right\"><\/i><\/span><span class=\"gutentor-list-item\"><p class=\"gutentor-single-item-title\">Request free or discounted tickets to concerts that offer this possibility to ESMUC students.\u00a0<\/p><\/span><\/span><\/span><\/li><li class=\"gutentor-list-item grid-lg-12 grid-md-12 grid-12\"><span class=\"gutentor-single-item gutentor-single-item-6\"><span class=\"gutentor-list-item-wrap g-s-list-wrap\"><span class=\"gutentor-single-list-item-icon\"><i class=\"list-item-icon fas fa-angle-right\"><\/i><\/span><span class=\"gutentor-list-item\"><p class=\"gutentor-single-item-title\">Book classrooms for studying, even on the weekends or\u00a0bank holidays.\u00a0<\/p><\/span><\/span><\/span><\/li><\/ul><\/div>\n<\/div><\/div><\/div>\n<\/div><\/section>\n\n\n\n<div style=\"height:23px\" aria-hidden=\"true\" class=\"wp-block-spacer\"><\/div>\n\n\n\n<div class=\"wp-block-columns is-layout-flex wp-container-core-columns-is-layout-9d6595d7 wp-block-columns-is-layout-flex\">\n<div class=\"wp-block-column is-layout-flow wp-block-column-is-layout-flow\" style=\"flex-basis:100%\">\n<h2 class=\"wp-block-heading\" id=\"coneix-nos\">Contact<\/h2>\n\n\n\n<div style=\"height:10px\" aria-hidden=\"true\" class=\"wp-block-spacer\"><\/div>\n\n\n\n<section id=\"gmc4ed1eb\" class=\"wp-block-gutentor-m3 section-gmc4ed1eb gutentor-module gutentor-container-cover\"><div class=\"grid-container\">\n<div id=\"section-gd38dc4\" class=\"wp-block-gutentor-e7 section-gd38dc4 gutentor-element gutentor-element-list\"><ul class=\"grid-row gutentor-grid-item-wrap list-indicator-icon\"><li class=\"gutentor-list-item grid-lg-12 grid-md-12 grid-12\"><span class=\"gutentor-single-item gutentor-single-item-0\"><span class=\"gutentor-list-item-wrap g-s-list-wrap\"><span class=\"gutentor-single-list-item-icon\"><i class=\"list-item-icon fas fa-envelope\"><\/i><\/span><span class=\"gutentor-list-item\"><p class=\"gutentor-single-item-title\"><a href=\"mailto:erasmus@esmuc.cat\">erasmus@esmuc.cat<\/a><\/p><\/span><\/span><\/span><\/li><\/ul><\/div>\n<\/div><\/section>\n\n\n\n<div style=\"height:10px\" aria-hidden=\"true\" class=\"wp-block-spacer\"><\/div>\n\n\n\n<h3 class=\"wp-block-heading\">More information about the Erasmus+ program&nbsp;<\/h3>\n\n\n\n<div style=\"height:10px\" aria-hidden=\"true\" class=\"wp-block-spacer\"><\/div>\n\n\n\n<div id=\"section-gd73686\" class=\"wp-block-gutentor-e7 section-gd73686 gutentor-element gutentor-element-list\"><ul class=\"grid-row gutentor-grid-item-wrap list-indicator-icon\"><li class=\"gutentor-list-item grid-lg-12 grid-md-12 grid-12\"><span class=\"gutentor-single-item gutentor-single-item-0\"><span class=\"gutentor-list-item-wrap g-s-list-wrap\"><span class=\"gutentor-single-list-item-icon\"><i class=\"list-item-icon fas fa-angle-right\"><\/i><\/span><span class=\"gutentor-list-item\"><p class=\"gutentor-single-item-title\"><a href=\"http:\/\/www.sepie.es\/\" target=\"_blank\" rel=\"noreferrer noopener\">SEPIE\u00a0<\/a>(Servicio Espa\u00f1ol para la Internacionalizaci\u00f3n de la Educaci\u00f3n)<\/p><\/span><\/span><\/span><\/li><li class=\"gutentor-list-item grid-lg-12 grid-md-12 grid-12\"><span class=\"gutentor-single-item gutentor-single-item-1\"><span class=\"gutentor-list-item-wrap g-s-list-wrap\"><span class=\"gutentor-single-list-item-icon\"><i class=\"list-item-icon fas fa-angle-right\"><\/i><\/span><span class=\"gutentor-list-item\"><p class=\"gutentor-single-item-title\"><a href=\"https:\/\/erasmus-plus.ec.europa.eu\/\">European Comission<\/a><\/p><\/span><\/span><\/span><\/li><\/ul><\/div>\n\n\n\n<div style=\"height:10px\" aria-hidden=\"true\" class=\"wp-block-spacer\"><\/div>\n\n\n\n<section id=\"gmb153f31\" class=\"wp-block-gutentor-m3 section-gmb153f31 gutentor-module gutentor-container-cover\"><div class=\"grid-container\">\n<div class=\"wp-block-columns is-layout-flex wp-container-core-columns-is-layout-9d6595d7 wp-block-columns-is-layout-flex\">\n<div class=\"wp-block-column is-layout-flow wp-block-column-is-layout-flow\">\n<div id=\"section-g974548\" class=\"wp-block-gutentor-e6 section-g974548 gutentor-element gutentor-element-image\"><div class=\"gutentor-element-image-box\"><div class=\"gutentor-image-thumb\"><img decoding=\"async\" class=\"normal-image\" src=\"https:\/\/www.esmuc.cat\/wp-content\/uploads\/2022\/11\/ue-comission-erasmus.svg\" alt=\"Ue Comission Erasmus\" \/><\/div><\/div><\/div>\n<\/div>\n\n\n\n<div class=\"wp-block-column is-layout-flow wp-block-column-is-layout-flow\"><\/div>\n<\/div>\n<\/div><\/section>\n\n\n\n<div style=\"height:10px\" aria-hidden=\"true\" class=\"wp-block-spacer\"><\/div>\n<\/div>\n<\/div>\n\n\n\n<div style=\"height:10px\" aria-hidden=\"true\" class=\"wp-block-spacer\"><\/div>\n\n\n\n<div style=\"height:10px\" aria-hidden=\"true\" class=\"wp-block-spacer\"><\/div>\n<\/div>\n<\/div>\n\n\n\n<p><\/p>\n","protected":false},"excerpt":{"rendered":"<p>Study at ESMUC (Erasmus+) Contact More information about the Erasmus+ program&nbsp;<\/p>\n","protected":false},"author":4,"featured_media":12585,"parent":11,"menu_order":0,"comment_status":"closed","ping_status":"closed","template":"","meta":{"_acf_changed":false,"_themeisle_gutenberg_block_has_review":false,"footnotes":""},"categories":[1611,1138],"tags":[],"class_list":["post-72158","page","type-page","status-publish","has-post-thumbnail","hentry","category-bachelors-degree","category-mobilitat-internacional-en"],"acf":[],"publishpress_future_action":{"enabled":false,"date":"2026-04-24 11:09:33","action":"change-status","newStatus":"draft","terms":[],"taxonomy":"category","extraData":[]},"publishpress_future_workflow_manual_trigger":{"enabledWorkflows":[]},"_links":{"self":[{"href":"https:\/\/www.esmuc.cat\/en\/wp-json\/wp\/v2\/pages\/72158","targetHints":{"allow":["GET"]}}],"collection":[{"href":"https:\/\/www.esmuc.cat\/en\/wp-json\/wp\/v2\/pages"}],"about":[{"href":"https:\/\/www.esmuc.cat\/en\/wp-json\/wp\/v2\/types\/page"}],"author":[{"embeddable":true,"href":"https:\/\/www.esmuc.cat\/en\/wp-json\/wp\/v2\/users\/4"}],"replies":[{"embeddable":true,"href":"https:\/\/www.esmuc.cat\/en\/wp-json\/wp\/v2\/comments?post=72158"}],"version-history":[{"count":19,"href":"https:\/\/www.esmuc.cat\/en\/wp-json\/wp\/v2\/pages\/72158\/revisions"}],"predecessor-version":[{"id":95029,"href":"https:\/\/www.esmuc.cat\/en\/wp-json\/wp\/v2\/pages\/72158\/revisions\/95029"}],"up":[{"embeddable":true,"href":"https:\/\/www.esmuc.cat\/en\/wp-json\/wp\/v2\/pages\/11"}],"wp:featuredmedia":[{"embeddable":true,"href":"https:\/\/www.esmuc.cat\/en\/wp-json\/wp\/v2\/media\/12585"}],"wp:attachment":[{"href":"https:\/\/www.esmuc.cat\/en\/wp-json\/wp\/v2\/media?parent=72158"}],"wp:term":[{"taxonomy":"category","embeddable":true,"href":"https:\/\/www.esmuc.cat\/en\/wp-json\/wp\/v2\/categories?post=72158"},{"taxonomy":"post_tag","embeddable":true,"href":"https:\/\/www.esmuc.cat\/en\/wp-json\/wp\/v2\/tags?post=72158"}],"curies":[{"name":"wp","href":"https:\/\/api.w.org\/{rel}","templated":true}]}}