{"id":67954,"date":"2022-11-17T13:07:55","date_gmt":"2022-11-17T12:07:55","guid":{"rendered":"https:\/\/www.esmuc.cat\/?page_id=67954"},"modified":"2025-12-03T12:42:25","modified_gmt":"2025-12-03T11:42:25","slug":"catalan-course-and-linguistic-resources-for-students","status":"publish","type":"page","link":"https:\/\/www.esmuc.cat\/en\/studies\/other-studies\/catalan-course-and-linguistic-resources-for-students\/","title":{"rendered":"Catalan course and linguistic resources for students"},"content":{"rendered":"\n<div class=\"wp-block-columns is-layout-flex wp-container-core-columns-is-layout-9d6595d7 wp-block-columns-is-layout-flex\">\n<div class=\"wp-block-column esmuc__Menu_Masters is-layout-flow wp-block-column-is-layout-flow\" style=\"flex-basis:33.33%\">\n\n\n\n\n<p><\/p>\n<\/div>\n\n\n\n<div class=\"wp-block-column is-layout-flow wp-block-column-is-layout-flow\" style=\"flex-basis:66.66%\">\n<div style=\"height:10px\" aria-hidden=\"true\" class=\"wp-block-spacer\"><\/div>\n\n\n\n<div class=\"wp-block-columns is-layout-flex wp-container-core-columns-is-layout-9d6595d7 wp-block-columns-is-layout-flex\">\n<div class=\"wp-block-column is-layout-flow wp-block-column-is-layout-flow\" style=\"flex-basis:66.66%\">\n<h2 class=\"wp-block-heading\">Catalan course and linguistic resources for students<\/h2>\n\n\n\n<div style=\"height:35px\" aria-hidden=\"true\" class=\"wp-block-spacer\"><\/div>\n\n\n\n<div id=\"section-g3edfd6\" class=\"wp-block-gutentor-e0 section-g3edfd6 gutentor-element gutentor-element-advanced-text\"><div class=\"gutentor-text-wrap\"><p class=\"gutentor-text\">Catalan is the main language of instruction at the Escola Superior de M\u00fasica de Catalunya. The centre offers resources to students who do not know the language so that they can follow all the classes correctly and facilitate their integration.<\/p><\/div><\/div>\n\n\n\n<div style=\"height:10px\" aria-hidden=\"true\" class=\"wp-block-spacer\"><\/div>\n<\/div>\n\n\n\n<div class=\"wp-block-column is-layout-flow wp-block-column-is-layout-flow\" style=\"flex-basis:33.33%\">\n<figure class=\"wp-block-image size-large\"><img decoding=\"async\" width=\"1024\" height=\"1024\" src=\"https:\/\/www.esmuc.cat\/wp-content\/uploads\/2022\/11\/c-imatgeLLIURE-1024x1024.jpg\" alt=\"C Imatgelliure\" class=\"wp-image-67921\" srcset=\"https:\/\/www.esmuc.cat\/wp-content\/uploads\/2022\/11\/c-imatgeLLIURE.jpg 1024w, https:\/\/www.esmuc.cat\/wp-content\/uploads\/2022\/11\/c-imatgeLLIURE-300x300.jpg 300w, https:\/\/www.esmuc.cat\/wp-content\/uploads\/2022\/11\/c-imatgeLLIURE-150x150.jpg 150w, https:\/\/www.esmuc.cat\/wp-content\/uploads\/2022\/11\/c-imatgeLLIURE-768x768.jpg 768w\" sizes=\"(max-width: 1024px) 100vw, 1024px\" \/><\/figure>\n<\/div>\n<\/div>\n\n\n\n<div style=\"height:10px\" aria-hidden=\"true\" class=\"wp-block-spacer\"><\/div>\n\n\n\n<h3 class=\"wp-block-heading\">Catalan course for new students (basic training)<\/h3>\n\n\n\n<div style=\"height:10px\" aria-hidden=\"true\" class=\"wp-block-spacer\"><\/div>\n\n\n\n<div id=\"section-gcd9216\" class=\"wp-block-gutentor-e0 section-gcd9216 gutentor-element gutentor-element-advanced-text\"><div class=\"gutentor-text-wrap\"><p class=\"gutentor-text\">The ESMUC organizes a free catalan course aimed at students who are starting their bachelor&#8217;s degree, master&#8217;s or an Erasmus mobility period and want to enjoy a basic training. The course is held every year from September to December.<br><br>Mandatory purchase book: <em>A punt 1. Curs de Catal\u00e0. Llibre de l\u2019alumne<\/em>. It can be bought from the same publisher: <a href=\"https:\/\/www.pamsa.cat\/\"><\/a><a href=\"https:\/\/www.pamsa.cat\/\">Publicacions de l\u2019Abadia de Montserrat<\/a> (C\/ Ausi\u00e0s March, 92-98, Barcelona).<\/p><\/div><\/div>\n\n\n\n<div style=\"height:72px\" aria-hidden=\"true\" class=\"wp-block-spacer\"><\/div>\n\n\n\n<div style=\"height:10px\" aria-hidden=\"true\" class=\"wp-block-spacer\"><\/div>\n\n\n\n<div id=\"section-gbdc1a3\" class=\"wp-block-gutentor-e2 section-gbdc1a3 gutentor-element gutentor-element-button button-align-center-desktop button-align-center-tablet button-align-center-mobile\"><span class=\"gutentor-button-wrap\"><a class=\"gutentor-button gutentor-block-button gutentor-icon-hide\" href=\"https:\/\/forms.office.com\/e\/hNBq5w9ymV\" target=\"_blank\" rel=\"noopener noreferrer\"><i class=\"gutentor-button-icon fas fa-book\"><\/i><span>Registration<\/span><\/a><\/span><\/div>\n\n\n\n<div style=\"height:72px\" aria-hidden=\"true\" class=\"wp-block-spacer\"><\/div>\n\n\n\n<h4 class=\"wp-block-heading\">Online linguistic resources<\/h4>\n\n\n\n<div style=\"height:10px\" aria-hidden=\"true\" class=\"wp-block-spacer\"><\/div>\n\n\n\n<div id=\"section-g11c557\" class=\"wp-block-gutentor-e0 section-g11c557 gutentor-element gutentor-element-advanced-text\"><div class=\"gutentor-text-wrap\"><p class=\"gutentor-text\">Here are some suggestions of websites and online resources for learning and using catalan.<\/p><\/div><\/div>\n\n\n\n<div style=\"height:10px\" aria-hidden=\"true\" class=\"wp-block-spacer\"><\/div>\n\n\n\n<section id=\"9d14f9\" class=\"section-9d14f9 gutentor-module gutentor-module-accordion\"><div class=\"grid-container\">\n<div id=\"64fff2\" class=\"wp-block-gutentor-m6-item section-64fff2 gutentor-module gutentor-module-accordion-item\"><div class=\"gutentor-module-accordion-panel g-a-panel-9d14f9\"><div class=\"gm-ah-9d14f9 gutentor-module-accordion-item-heading gutentor-module-icon-position-right\"><span class=\"gutentor-module-accordion-panel-handler\" role=\"button\"><span class=\"gutentor-module-accordion-panel-handler-label\">Generalitat de Catalunya<\/span><span class=\"gutentor-module-accordion-icon\"><i class=\"gm-aio-9d14f9 gutentor-module-accordion-icon-open fas fa-plus\"><\/i><i class=\"gm-aic-9d14f9 gutentor-module-accordion-icon-close fas fa-minus\"><\/i><\/span><\/span><\/div><div class=\"gm-ab-9d14f9 gutentor-module-accordion-body\">\n<div id=\"section-g64d23a\" class=\"wp-block-gutentor-e0 section-g64d23a gutentor-element gutentor-element-advanced-text\"><div class=\"gutentor-text-wrap\"><p class=\"gutentor-text\"><a href=\"https:\/\/llengua.gencat.cat\/ca\/serveis\/informacio_i_difusio\/publicacions_en_linia\/viure_a_catalunya_col\/viure_a_catalunya_comencem_a_parlar\/\">Generalitat de Catalunya<\/a><br><br>\u201cLiving in Catalonia. Le&#8217;s start talking&#8221;. Compilation of conversations on topics of daily life that start with a basic level and increase in difficulty. Official website of the Generalitat de Catalunya.<\/p><\/div><\/div>\n<\/div><\/div><\/div>\n\n\n\n<div id=\"ce4fde\" class=\"wp-block-gutentor-m6-item section-ce4fde gutentor-module gutentor-module-accordion-item\"><div class=\"gutentor-module-accordion-panel g-a-panel-9d14f9\"><div class=\"gm-ah-9d14f9 gutentor-module-accordion-item-heading gutentor-module-icon-position-right\"><span class=\"gutentor-module-accordion-panel-handler\" role=\"button\"><span class=\"gutentor-module-accordion-panel-handler-label\">Consorci per a la Normalitzaci\u00f3 Ling\u00fc\u00edstica<\/span><span class=\"gutentor-module-accordion-icon\"><i class=\"gm-aio-9d14f9 gutentor-module-accordion-icon-open fas fa-plus\"><\/i><i class=\"gm-aic-9d14f9 gutentor-module-accordion-icon-close fas fa-minus\"><\/i><\/span><\/span><\/div><div class=\"gm-ab-9d14f9 gutentor-module-accordion-body\">\n<div id=\"section-g1b5bb5\" class=\"wp-block-gutentor-e0 section-g1b5bb5 gutentor-element gutentor-element-advanced-text\"><div class=\"gutentor-text-wrap\"><p class=\"gutentor-text\"><a href=\"https:\/\/www.cpnl.cat\/cursos-de-catala\/cursos-generals-nivell-inicial\/\">Consorci per a la Normalitzaci\u00f3 Ling\u00fc\u00edstica<\/a><br><br>It the public institution that promotes the use of the catalan language. It offers free catalan courses both for beginners and for speakers with a basic or intermediate level.<\/p><\/div><\/div>\n<\/div><\/div><\/div>\n\n\n\n<div id=\"3c3b66\" class=\"wp-block-gutentor-m6-item section-3c3b66 gutentor-module gutentor-module-accordion-item\"><div class=\"gutentor-module-accordion-panel g-a-panel-9d14f9\"><div class=\"gm-ah-9d14f9 gutentor-module-accordion-item-heading gutentor-module-icon-position-right\"><span class=\"gutentor-module-accordion-panel-handler\" role=\"button\"><span class=\"gutentor-module-accordion-panel-handler-label\">Parla.cat<\/span><span class=\"gutentor-module-accordion-icon\"><i class=\"gm-aio-9d14f9 gutentor-module-accordion-icon-open fas fa-plus\"><\/i><i class=\"gm-aic-9d14f9 gutentor-module-accordion-icon-close fas fa-minus\"><\/i><\/span><\/span><\/div><div class=\"gm-ab-9d14f9 gutentor-module-accordion-body\">\n<div id=\"section-g552fb1\" class=\"wp-block-gutentor-e0 section-g552fb1 gutentor-element gutentor-element-advanced-text\"><div class=\"gutentor-text-wrap\"><p class=\"gutentor-text\"><a href=\"https:\/\/www.parla.cat\/pres_catalaenlinia\/AppPHP\/login\/index.php?lang=en\">Parla.cat<\/a><br><br>Here are some suggestions of websites and online resources for learning and using catalan.<\/p><\/div><\/div>\n<\/div><\/div><\/div>\n\n\n\n<div id=\"b19ab8\" class=\"wp-block-gutentor-m6-item section-b19ab8 gutentor-module gutentor-module-accordion-item\"><div class=\"gutentor-module-accordion-panel g-a-panel-9d14f9\"><div class=\"gm-ah-9d14f9 gutentor-module-accordion-item-heading gutentor-module-icon-position-right\"><span class=\"gutentor-module-accordion-panel-handler\" role=\"button\"><span class=\"gutentor-module-accordion-panel-handler-label\">Easy Languages<\/span><span class=\"gutentor-module-accordion-icon\"><i class=\"gm-aio-9d14f9 gutentor-module-accordion-icon-open fas fa-plus\"><\/i><i class=\"gm-aic-9d14f9 gutentor-module-accordion-icon-close fas fa-minus\"><\/i><\/span><\/span><\/div><div class=\"gm-ab-9d14f9 gutentor-module-accordion-body\">\n<div id=\"section-g123f8f\" class=\"wp-block-gutentor-e0 section-g123f8f gutentor-element gutentor-element-advanced-text\"><div class=\"gutentor-text-wrap\"><p class=\"gutentor-text\"><a href=\"https:\/\/www.easy-languages.org\/easy-catalan\">Easy Languages<\/a><br><br>Here are some suggestions of websites and online resources for learning and using catalan.<\/p><\/div><\/div>\n<\/div><\/div><\/div>\n\n\n\n<div id=\"d3770a\" class=\"wp-block-gutentor-m6-item section-d3770a gutentor-module gutentor-module-accordion-item\"><div class=\"gutentor-module-accordion-panel g-a-panel-9d14f9\"><div class=\"gm-ah-9d14f9 gutentor-module-accordion-item-heading gutentor-module-icon-position-right\"><span class=\"gutentor-module-accordion-panel-handler\" role=\"button\"><span class=\"gutentor-module-accordion-panel-handler-label\">Voluntariat per la llengua<\/span><span class=\"gutentor-module-accordion-icon\"><i class=\"gm-aio-9d14f9 gutentor-module-accordion-icon-open fas fa-plus\"><\/i><i class=\"gm-aic-9d14f9 gutentor-module-accordion-icon-close fas fa-minus\"><\/i><\/span><\/span><\/div><div class=\"gm-ab-9d14f9 gutentor-module-accordion-body\">\n<div id=\"section-g83ba6c\" class=\"wp-block-gutentor-e0 section-g83ba6c gutentor-element gutentor-element-advanced-text\"><div class=\"gutentor-text-wrap\"><p class=\"gutentor-text\"><a href=\"https:\/\/www.vxl.cat\/\">Voluntariat per la llengua<\/a><br><br>A programme for practising Catalan through conversation.<\/p><\/div><\/div>\n<\/div><\/div><\/div>\n\n\n\n<div id=\"4dfa93\" class=\"wp-block-gutentor-m6-item section-4dfa93 gutentor-module gutentor-module-accordion-item\"><div class=\"gutentor-module-accordion-panel g-a-panel-9d14f9\"><div class=\"gm-ah-9d14f9 gutentor-module-accordion-item-heading gutentor-module-icon-position-right\"><span class=\"gutentor-module-accordion-panel-handler\" role=\"button\"><span class=\"gutentor-module-accordion-panel-handler-label\">Couch Polyglot<\/span><span class=\"gutentor-module-accordion-icon\"><i class=\"gm-aio-9d14f9 gutentor-module-accordion-icon-open fas fa-plus\"><\/i><i class=\"gm-aic-9d14f9 gutentor-module-accordion-icon-close fas fa-minus\"><\/i><\/span><\/span><\/div><div class=\"gm-ab-9d14f9 gutentor-module-accordion-body\">\n<div id=\"section-gf7b008\" class=\"wp-block-gutentor-e0 section-gf7b008 gutentor-element gutentor-element-advanced-text\"><div class=\"gutentor-text-wrap\"><p class=\"gutentor-text\"><a href=\"https:\/\/www.youtube.com\/c\/couchpolyglot\">Couch Polyglot<\/a><br><br>Youtuber and Instagrammer that teaches basic catalan.<\/p><\/div><\/div>\n<\/div><\/div><\/div>\n<\/div><\/section>\n\n\n\n<div style=\"height:10px\" aria-hidden=\"true\" class=\"wp-block-spacer\"><\/div>\n<\/div>\n<\/div>\n","protected":false},"excerpt":{"rendered":"<p>Catalan course and linguistic resources for students Catalan course for new students (basic training) Online linguistic resources<\/p>\n","protected":false},"author":4,"featured_media":67920,"parent":84457,"menu_order":0,"comment_status":"closed","ping_status":"closed","template":"","meta":{"_acf_changed":false,"_themeisle_gutenberg_block_has_review":false,"footnotes":""},"categories":[611,1287],"tags":[1550,1245],"class_list":["post-67954","page","type-page","status-publish","has-post-thumbnail","hentry","category-altra-oferta-formativa","category-altra-oferta-formativa-en","tag-catala","tag-llengues"],"acf":[],"publishpress_future_action":{"enabled":false,"date":"2026-04-27 15:14:09","action":"change-status","newStatus":"draft","terms":[],"taxonomy":"category","extraData":[]},"publishpress_future_workflow_manual_trigger":{"enabledWorkflows":[]},"_links":{"self":[{"href":"https:\/\/www.esmuc.cat\/en\/wp-json\/wp\/v2\/pages\/67954","targetHints":{"allow":["GET"]}}],"collection":[{"href":"https:\/\/www.esmuc.cat\/en\/wp-json\/wp\/v2\/pages"}],"about":[{"href":"https:\/\/www.esmuc.cat\/en\/wp-json\/wp\/v2\/types\/page"}],"author":[{"embeddable":true,"href":"https:\/\/www.esmuc.cat\/en\/wp-json\/wp\/v2\/users\/4"}],"replies":[{"embeddable":true,"href":"https:\/\/www.esmuc.cat\/en\/wp-json\/wp\/v2\/comments?post=67954"}],"version-history":[{"count":13,"href":"https:\/\/www.esmuc.cat\/en\/wp-json\/wp\/v2\/pages\/67954\/revisions"}],"predecessor-version":[{"id":114653,"href":"https:\/\/www.esmuc.cat\/en\/wp-json\/wp\/v2\/pages\/67954\/revisions\/114653"}],"up":[{"embeddable":true,"href":"https:\/\/www.esmuc.cat\/en\/wp-json\/wp\/v2\/pages\/84457"}],"wp:featuredmedia":[{"embeddable":true,"href":"https:\/\/www.esmuc.cat\/en\/wp-json\/wp\/v2\/media\/67920"}],"wp:attachment":[{"href":"https:\/\/www.esmuc.cat\/en\/wp-json\/wp\/v2\/media?parent=67954"}],"wp:term":[{"taxonomy":"category","embeddable":true,"href":"https:\/\/www.esmuc.cat\/en\/wp-json\/wp\/v2\/categories?post=67954"},{"taxonomy":"post_tag","embeddable":true,"href":"https:\/\/www.esmuc.cat\/en\/wp-json\/wp\/v2\/tags?post=67954"}],"curies":[{"name":"wp","href":"https:\/\/api.w.org\/{rel}","templated":true}]}}