{"id":44535,"date":"2022-05-31T11:00:12","date_gmt":"2022-05-31T09:00:12","guid":{"rendered":"https:\/\/www.esmuc.cat\/?page_id=44535"},"modified":"2025-08-25T14:39:36","modified_gmt":"2025-08-25T12:39:36","slug":"subscription-newsletter","status":"publish","type":"page","link":"https:\/\/www.esmuc.cat\/en\/subscription-newsletter\/","title":{"rendered":"Subscription (Newsletter)"},"content":{"rendered":"\n<div class=\"wp-block-columns is-layout-flex wp-container-core-columns-is-layout-9d6595d7 wp-block-columns-is-layout-flex\">\n<div class=\"wp-block-column esmuc__Menu_Masters is-layout-flow wp-block-column-is-layout-flow\" style=\"flex-basis:33.33%\">\n\n<\/div>\n\n\n\n<div class=\"wp-block-column is-layout-flow wp-block-column-is-layout-flow\" style=\"flex-basis:66.66%\">\n<div style=\"height:10px\" aria-hidden=\"true\" class=\"wp-block-spacer\"><\/div>\n\n\n\n<h1 class=\"wp-block-heading\">Subscription (Newsletter)<\/h1>\n\n\n\n<div style=\"height:10px\" aria-hidden=\"true\" class=\"wp-block-spacer\"><\/div>\n\n\n\n<!-- Begin Mailchimp Signup Form -->\n<link href=\"\/\/cdn-images.mailchimp.com\/embedcode\/classic-10_7.css\" rel=\"stylesheet\" type=\"text\/css\">\n<style type=\"text\/css\">\n\t#mc_embed_signup{background:#fff; clear:left; font:14px Helvetica,Arial,sans-serif;  width:600px;}\n\t\/* Add your own Mailchimp form style overrides in your site stylesheet or in this style block.\n\t   We recommend moving this block and the preceding CSS link to the HEAD of your HTML file. *\/\n<\/style>\n<style type=\"text\/css\">\n\t#mc-embedded-subscribe-form input[type=checkbox]{display: inline; width: auto;margin-right: 10px;}\n\t#mergeRow-gdpr {margin-top: 20px;}\n\t#mergeRow-gdpr fieldset label {font-weight: normal;}\n\t#mc-embedded-subscribe-form .mc_fieldset{border:none;min-height: 0px;padding-bottom:0px;}\n<\/style>\n<div id=\"mc_embed_signup\">\n<form action=\"https:\/\/esmuc.us6.list-manage.com\/subscribe\/post?u=cfb2a3129e33f86b173560126&amp;id=bb3bad0039\" method=\"post\" id=\"mc-embedded-subscribe-form\" name=\"mc-embedded-subscribe-form\" class=\"validate\" target=\"_blank\" novalidate=\"\">\n    <div id=\"mc_embed_signup_scroll\">\n\t<h2>Subscriu-me \/ Suscr\u00edbeme \/ Subscribe<\/h2>\n<div class=\"indicates-required\"><span class=\"asterisk\">*<\/span> indicates required<\/div>\n<div class=\"mc-field-group\">\n\t<label for=\"mce-EMAIL\">E-mail  <span class=\"asterisk\">*<\/span>\n<\/label>\n\t<input type=\"email\" value=\"\" name=\"EMAIL\" class=\"required email\" id=\"mce-EMAIL\">\n<\/div>\n<div id=\"mergeRow-gdpr\" class=\"mergeRow gdpr-mergeRow content__gdprBlock mc-field-group\">\n    <div class=\"content__gdpr\">\n        <label>Consentiment \/ Consentimiento \/ Consent<\/label><p><\/p>\n        <p>L&#8217;ESMUC utilitzar\u00e0 les dades personals facilitades per enviar informaci\u00f3 sobre activitats, cursos i not\u00edcies relacionades amb l\u2019Escola. &#8212; ESMUC utilizar\u00e1 los datos personales facilitados para enviar informaci\u00f3n sobre actividades, cursos y noticias relacionadas con la Escuela. &#8212; ESMUC will use the personal data provided to send information about activities, courses and news related to the School. <\/p>\n        <fieldset class=\"mc_fieldset gdprRequired mc-field-group\" name=\"interestgroup_field\">\n\t\t<label class=\"checkbox subfield\" for=\"gdpr_2225\"><input type=\"checkbox\" id=\"gdpr_2225\" name=\"gdpr[2225]\" value=\"Y\" class=\"av-checkbox \"><span>Email<\/span> <\/label>\n        <\/fieldset>\n\t<div id=\"mce-responses\" class=\"clear\">\n\t\t<div class=\"response\" id=\"mce-error-response\" style=\"display:none\"><\/div>\n\t\t<div class=\"response\" id=\"mce-success-response\" style=\"display:none\"><\/div>\n\t<\/div>    <!-- real people should not fill this in and expect good things - do not remove this or risk form bot signups-->\n    <div style=\"position: absolute; left: -5000px;\" aria-hidden=\"true\"><input type=\"text\" name=\"b_cfb2a3129e33f86b173560126_bb3bad0039\" tabindex=\"-1\" value=\"\"><\/div>\n   <p><\/p> <div class=\"clear\"><input type=\"submit\" value=\"CLIC AQU\u00cd \/ CLICK HERE\" name=\"subscribe\" id=\"mc-embedded-subscribe\" class=\"button\"><\/div><p><\/p>\n    <\/div>\n<\/div>\n<script type=\"text\/javascript\" src=\"\/\/s3.amazonaws.com\/downloads.mailchimp.com\/js\/mc-validate.js\"><\/script><script type=\"text\/javascript\">(function($) {window.fnames = new Array(); window.ftypes = new Array();fnames[0]='EMAIL';ftypes[0]='email';fnames[5]='MMERGE5';ftypes[5]='text';fnames[6]='MMERGE6';ftypes[6]='text';fnames[7]='MMERGE7';ftypes[7]='text';fnames[8]='MMERGE8';ftypes[8]='text';fnames[9]='MMERGE9';ftypes[9]='text';fnames[11]='MMERGE11';ftypes[11]='text';fnames[14]='MMERGE14';ftypes[14]='text';fnames[15]='MMERGE15';ftypes[15]='text';fnames[1]='MMERGE1';ftypes[1]='phone';fnames[2]='MMERGE2';ftypes[2]='text';fnames[3]='MMERGE3';ftypes[3]='url'; \/*\n * Translated default messages for the jQuery validation plugin.\n * Locale: CA\n *\/\n$.extend($.validator.messages, {\n  required: \"Camp obligatori \/ Campo obligatorio \/ Obligatory field.\",\n  remote: \"Camp obligatori \/ Campo obligatorio \/ Obligatory field.\",\n  email: \"Camp obligatori \/ Campo obligatorio \/ Obligatory field.\",\n  url: \"Camp obligatori \/ Campo obligatorio \/ Obligatory field.\",\n  date: \"Camp obligatori \/ Campo obligatorio \/ Obligatory field.\",\n  dateISO: \"Si us plau, escriu una data (ISO) v\u00e0lida.\",\n  number: \"Si us plau, escriu un n\u00famero enter v\u00e0lid.\",\n  digits: \"Si us plau, escriu nom\u00e9s d\u00edgits.\",\n  creditcard: \"Si us plau, escriu un n\u00famero de tarjeta v\u00e0lid.\",\n  equalTo: \"Si us plau, escriu el maateix valor de nou.\",\n  accept: \"Si us plau, escriu un valor amb una extensi\u00f3 acceptada.\",\n  maxlength: $.validator.format(\"Si us plau, no escriguis m\u00e9s de {0} caracters.\"),\n  minlength: $.validator.format(\"Si us plau, no escriguis menys de {0} caracters.\"),\n  rangelength: $.validator.format(\"Si us plau, escriu un valor entre {0} i {1} caracters.\"),\n  range: $.validator.format(\"Si us plau, escriu un valor entre {0} i {1}.\"),\n  max: $.validator.format(\"Si us plau, escriu un valor menor o igual a {0}.\"),\n  min: $.validator.format(\"Si us plau, escriu un valor major o igual a {0}.\")\n});}(jQuery));var $mcj = jQuery.noConflict(true);<\/script>\n<!--End mc_embed_signup-->\n        <p>INFO LEGAL<p>El Responsable del tractament \u00e9s l\u2019Escola Superior de M\u00fasica de Catalunya (ESMUC) amb domicili a c\/ Padilla N. 155, Edifici de l\u2019Auditori, 08031, Barcelona, amb CIF G-6249329 i que el Delegat de Protecci\u00f3 de Dades \u00e9s CIPDI Tratamiento de la Informaci\u00f3n SL. La base jur\u00eddica del tractament de dades \u00e9s la relaci\u00f3 jur\u00eddica que mant\u00e9 amb l\u2019ESMUC i el consentiment que vau atorgar en el seu moment. Les dades es faran servir amb la finalitat de prestar els serveis que ens demaneu i per enviar-vos informaci\u00f3 de les nostres activitats. Els destinataris de la informaci\u00f3 s\u00f3n el personal del centre, les persones i entitats que col\u00b7laboren per donar compliment a les obligacions i l\u2019administraci\u00f3 p\u00fablica en l\u2019\u00e0mbit de les seves compet\u00e8ncies. Les vostres dades es conservaran mentre no ens comuniqueu el contrari. Podeu exercir els drets d\u2019acc\u00e9s, rectificaci\u00f3, cancel\u00b7laci\u00f3, oposici\u00f3, limitaci\u00f3, portabilitat i a no estar sotm\u00e8s a decisions individuals automatitzades dirigint-vos per escrit a l\u2019adre\u00e7a de responsable del tractament, al tel\u00e8fon 93 352 30 11, o contestant a aquest correu amb el text \u201cexercici de drets\u201d a l\u2019assumpte. L\u2019organisme competent per con\u00e8ixer dels conflictes derivats de l\u2019aplicaci\u00f3 d\u2019aquesta cl\u00e0usula \u00e9s l\u2019Autoritat Espanyola de Protecci\u00f3 de Dades amb domicili al carrer Jorge Juan n. 6 de Madrid. Correu electr\u00f2nic de contacte: info@esmuc.cat. &#8212; El Responsable del tratamiento es la Escuela Superior de M\u00fasica de Catalu\u00f1a (ESMUC) con domicilio en c\/ Padilla N. 155, Edificio del Auditorio, 08031, Barcelona, con CIF G-6249329 y que el Delegado de Protecci\u00f3n de Datos es CIPDI Tratamiento de la Informaci\u00f3n SL. La base jur\u00eddica del tratamiento de datos es la relaci\u00f3n jur\u00eddica que mantiene con la ESMUC y el consentimiento que otorg\u00f3 en su momento. Los datos se utilizar\u00e1n con la finalidad de prestar los servicios que nos solicite y para enviarle informaci\u00f3n de nuestras actividades. Los destinatarios de la informaci\u00f3n son el personal del centro, las personas y entidades que colaboran para dar cumplimiento a las obligaciones y la administraci\u00f3n p\u00fablica en el \u00e1mbito de sus competencias. Sus datos se conservar\u00e1n mientras no nos comunique lo contrario. Puede ejercer los derechos de acceso, rectificaci\u00f3n, cancelaci\u00f3n, oposici\u00f3n, limitaci\u00f3n, portabilidad ya no estar sometido a decisiones individuales automatizadas dirigi\u00e9ndose por escrito a la direcci\u00f3n de responsable del tratamiento, en el tel\u00e9fono 93 352 30 11, o contestando a este correo con el texto \u201cejercicio de derechos\u201d en el asunto. El organismo competente para conocer los conflictos derivados de la aplicaci\u00f3n de esta cl\u00e1usula es la Autoridad Espa\u00f1ola de Protecci\u00f3n de Datos con domicilio en la calle Jorge Juan n. 6 de Madrid. Correo electr\u00f3nico de contacto: info@esmuc.cat. &#8212; The Data Controller is the Escola Superior de M\u00fasica de Catalunya (ESMUC) with address ac \/ Padilla N. 155, Edifici de l&#8217;Auditori, 08031, Barcelona, with CIF G-6249329 and that the Data Protection Officer is CIPDI Information Processing SL. The legal basis for the processing of data is the legal relationship you have with the ESMUC and the consent you gave at the time. The data will be used in order to provide the services you request and to send you information about our activities. The recipients of the information are the staff of the center, the people and entities that collaborate to comply with the obligations and the public administration in the field of its competences. Your data will be kept until you tell us otherwise. You may exercise your rights of access, rectification, cancellation, opposition, limitation, portability and not be subject to automated individual decisions by writing to the address of the controller, telephone 93 352 30 11, or answering to this email with the text \u201cexercise of rights\u201d in the subject. The competent body to find out about conflicts arising from the application of this clause is the Spanish Data Protection Authority, domiciled at Calle Jorge Juan n. 6 of Madrid. Contact email: info@esmuc.cat<\/p>\n    <\/div><\/form>\n    <div class=\"content__gdprLegal\">\n    <\/div>\n<\/div>\n\n\n\n<div style=\"height:40px\" aria-hidden=\"true\" class=\"wp-block-spacer\"><\/div>\n<\/div>\n<\/div>\n","protected":false},"excerpt":{"rendered":"<p>Subscription (Newsletter) Subscriu-me \/ Suscr\u00edbeme \/ Subscribe * indicates required E-mail * Consentiment \/ Consentimiento \/ Consent L&#8217;ESMUC utilitzar\u00e0 les dades personals facilitades per enviar informaci\u00f3 sobre activitats, cursos i not\u00edcies relacionades amb l\u2019Escola. &#8212; ESMUC utilizar\u00e1 los datos personales facilitados para enviar informaci\u00f3n sobre actividades, cursos y noticias relacionadas con la Escuela. &#8212; ESMUC [&hellip;]<\/p>\n","protected":false},"author":4,"featured_media":0,"parent":0,"menu_order":0,"comment_status":"closed","ping_status":"closed","template":"","meta":{"_acf_changed":false,"_themeisle_gutenberg_block_has_review":false,"footnotes":""},"categories":[1096],"tags":[],"class_list":["post-44535","page","type-page","status-publish","hentry","category-contact-us"],"acf":[],"publishpress_future_action":{"enabled":false,"date":"2026-04-22 20:11:00","action":"change-status","newStatus":"draft","terms":[],"taxonomy":"category","extraData":[]},"publishpress_future_workflow_manual_trigger":{"enabledWorkflows":[]},"_links":{"self":[{"href":"https:\/\/www.esmuc.cat\/en\/wp-json\/wp\/v2\/pages\/44535","targetHints":{"allow":["GET"]}}],"collection":[{"href":"https:\/\/www.esmuc.cat\/en\/wp-json\/wp\/v2\/pages"}],"about":[{"href":"https:\/\/www.esmuc.cat\/en\/wp-json\/wp\/v2\/types\/page"}],"author":[{"embeddable":true,"href":"https:\/\/www.esmuc.cat\/en\/wp-json\/wp\/v2\/users\/4"}],"replies":[{"embeddable":true,"href":"https:\/\/www.esmuc.cat\/en\/wp-json\/wp\/v2\/comments?post=44535"}],"version-history":[{"count":4,"href":"https:\/\/www.esmuc.cat\/en\/wp-json\/wp\/v2\/pages\/44535\/revisions"}],"predecessor-version":[{"id":111541,"href":"https:\/\/www.esmuc.cat\/en\/wp-json\/wp\/v2\/pages\/44535\/revisions\/111541"}],"wp:attachment":[{"href":"https:\/\/www.esmuc.cat\/en\/wp-json\/wp\/v2\/media?parent=44535"}],"wp:term":[{"taxonomy":"category","embeddable":true,"href":"https:\/\/www.esmuc.cat\/en\/wp-json\/wp\/v2\/categories?post=44535"},{"taxonomy":"post_tag","embeddable":true,"href":"https:\/\/www.esmuc.cat\/en\/wp-json\/wp\/v2\/tags?post=44535"}],"curies":[{"name":"wp","href":"https:\/\/api.w.org\/{rel}","templated":true}]}}