{"id":32354,"date":"2021-03-15T14:51:48","date_gmt":"2021-03-15T13:51:48","guid":{"rendered":"https:\/\/www.esmuc.cat\/viure-a-barcelona\/"},"modified":"2023-04-12T14:38:26","modified_gmt":"2023-04-12T12:38:26","slug":"viure-a-barcelona","status":"publish","type":"page","link":"https:\/\/www.esmuc.cat\/en\/viure-a-barcelona\/","title":{"rendered":"Living in Barcelona"},"content":{"rendered":"\n<div class=\"wp-block-columns is-layout-flex wp-container-core-columns-is-layout-9d6595d7 wp-block-columns-is-layout-flex\">\n<div class=\"wp-block-column esmuc__Menu_Masters is-layout-flow wp-block-column-is-layout-flow\" style=\"flex-basis:33.33%\">\n\n\n\n\n<p><\/p>\n<\/div>\n\n\n\n<div class=\"wp-block-column is-layout-flow wp-block-column-is-layout-flow\" style=\"flex-basis:66.66%\">\n<h1 class=\"wp-block-heading\">Living in Barcelona<\/h1>\n\n\n\n<div style=\"height:10px\" aria-hidden=\"true\" class=\"wp-block-spacer\"><\/div>\n\n\n<figure class=\"wp-block-post-featured-image\"><img decoding=\"async\" width=\"2560\" height=\"1696\" src=\"https:\/\/www.esmuc.cat\/wp-content\/uploads\/2022\/10\/barcelona-imatgeLLIURE-1-scaled.jpg\" class=\"attachment-post-thumbnail size-post-thumbnail wp-post-image\" alt=\"barcelona-imatgeLLIURE (1)\" style=\"object-fit:cover;\" srcset=\"https:\/\/www.esmuc.cat\/wp-content\/uploads\/2022\/10\/barcelona-imatgeLLIURE-1-scaled.jpg 2560w, https:\/\/www.esmuc.cat\/wp-content\/uploads\/2022\/10\/barcelona-imatgeLLIURE-1-300x199.jpg 300w, https:\/\/www.esmuc.cat\/wp-content\/uploads\/2022\/10\/barcelona-imatgeLLIURE-1-1024x678.jpg 1024w, https:\/\/www.esmuc.cat\/wp-content\/uploads\/2022\/10\/barcelona-imatgeLLIURE-1-768x509.jpg 768w, https:\/\/www.esmuc.cat\/wp-content\/uploads\/2022\/10\/barcelona-imatgeLLIURE-1-1536x1017.jpg 1536w, https:\/\/www.esmuc.cat\/wp-content\/uploads\/2022\/10\/barcelona-imatgeLLIURE-1-2048x1356.jpg 2048w\" sizes=\"(max-width: 2560px) 100vw, 2560px\" title=\"barcelona-imatgeLLIURE (1)\" \/><\/figure>\n\n\n<div style=\"height:10px\" aria-hidden=\"true\" class=\"wp-block-spacer\"><\/div>\n\n\n\n<div id=\"section-g2c04d7\" class=\"wp-block-gutentor-e0 section-g2c04d7 gutentor-element gutentor-element-advanced-text\"><div class=\"gutentor-text-wrap\"><p class=\"gutentor-text\">The City of Barcelona is full of life, with cultural, commercial and sporting activity: music, theater, cinema, dance, opera, exhibitions, international fairs, shops and malls, art galleries, design centers, etc.&nbsp;In addition, Barcelona is always a sunny destination. Find out about Barcelona\u2019s cultural life on the <a href=\"https:\/\/www.barcelona.cat\/ca\/\" target=\"_blank\" rel=\"noreferrer noopener\">City Council\u2019s<\/a> website.<\/p><\/div><\/div>\n\n\n\n<div style=\"height:10px\" aria-hidden=\"true\" class=\"wp-block-spacer\"><\/div>\n\n\n\n<section id=\"d8a6d3\" class=\"section-d8a6d3 gutentor-module gutentor-module-accordion\"><div class=\"grid-container\">\n<div id=\"345690\" class=\"wp-block-gutentor-m6-item section-345690 gutentor-module gutentor-module-accordion-item\"><div class=\"gutentor-module-accordion-panel g-a-panel-d8a6d3\"><div class=\"gm-ah-d8a6d3 gutentor-module-accordion-item-heading gutentor-module-icon-position-right\"><span class=\"gutentor-module-accordion-panel-handler\" role=\"button\"><span class=\"gutentor-module-accordion-panel-handler-label\">More information about Barcelona<\/span><span class=\"gutentor-module-accordion-icon\"><i class=\"gm-aio-d8a6d3 gutentor-module-accordion-icon-open fas fa-plus\"><\/i><i class=\"gm-aic-d8a6d3 gutentor-module-accordion-icon-close fas fa-minus\"><\/i><\/span><\/span><\/div><div class=\"gm-ab-d8a6d3 gutentor-module-accordion-body\">\n<div id=\"section-ge1009d\" class=\"wp-block-gutentor-e0 section-ge1009d gutentor-element gutentor-element-advanced-text\"><div class=\"gutentor-text-wrap\"><p class=\"gutentor-text\">To know more about Barcino, with two thousand years of antiquity, you need to walk through the archeological excavations of the Roman city.<\/p><\/div><\/div>\n\n\n\n<div id=\"section-g24220a\" class=\"wp-block-gutentor-e0 section-g24220a gutentor-element gutentor-element-advanced-text\"><div class=\"gutentor-text-wrap\"><p class=\"gutentor-text\">If you get lost in the Gothic Quarter, you can relive the atmosphere of medieval Barcelona, \u200b\u200baround the cathedral, the Royal Palace and the buildings that are still the seat of government institutions today: the <a href=\"https:\/\/ajuntament.barcelona.cat\/en\/\" target=\"_blank\" rel=\"noreferrer noopener\">Barcelona City Council<\/a> and the <a href=\"https:\/\/catalangovernment.eu\/catalangovernment\/government\/palace-generalitat\" target=\"_blank\" rel=\"noreferrer noopener\">Palace of the Generalitat de Catalunya<\/a>. From here you can reach the Ribera neighborhood, where you will find the Picasso Museum and the Gothic basilica of Santa Mar\u00eda del Mar, the Ciutadella Park (with the headquarters of the Catalonia Parliament), the Zoo and various museums. Right there, by the sea, you will arribe to the Barceloneta, an 18th-century seaside neighborhood full of restaurants where you can taste seafood specialties.<\/p><\/div><\/div>\n\n\n\n<div id=\"section-g4e6faa\" class=\"wp-block-gutentor-e0 section-g4e6faa gutentor-element gutentor-element-advanced-text\"><div class=\"gutentor-text-wrap\"><p class=\"gutentor-text\">Walking along the Rambla you will see the <a href=\"https:\/\/www.liceubarcelona.cat\/en\/gran-teatre-del-liceu\" target=\"_blank\" rel=\"noreferrer noopener\">Gran Teatre del Liceu<\/a> and admire the parades of flowers, and the newsstands (you will find them from almost all over the world), magazines and books. Day and night, the Rambla retains a unique atmosphere and, if you have time, you will see that the people passing by change with the passing of the hours. Down the Rambla and in the side streets there are all kinds of restaurants.<\/p><\/div><\/div>\n\n\n\n<div id=\"section-gbc4bf5\" class=\"wp-block-gutentor-e0 section-gbc4bf5 gutentor-element gutentor-element-advanced-text\"><div class=\"gutentor-text-wrap\"><p class=\"gutentor-text\">In the 19th century, the city experienced a stage of growth, the result of industrialization then flourishing. The surrounding towns were united by the exemplary urban plan of Idelfons Cerd\u00e0 known as the Eixample, full of shops and art galleries. It is worth taking a walk along Paseo de Gracia, where you will admire the modernist houses at the intersection of Calle de Arag\u00f3 and the &#8220;Pedrera&#8221;, a house with an undulating fa\u00e7ade built by Gaud\u00ed. Eixample there you will find the Sagrada Familia, a grandiose and unusual temple also by Gaud\u00ed and the Park G\u00fcell, by the same architect, which you cannot miss.<\/p><\/div><\/div>\n\n\n\n<div id=\"section-gd30455\" class=\"wp-block-gutentor-e0 section-gd30455 gutentor-element gutentor-element-advanced-text\"><div class=\"gutentor-text-wrap\"><p class=\"gutentor-text\">The stately neighborhoods, such as Pedralbes, where there is a Gothic monastery enclosed by a small wall, occupy the foot of the Collserola mountain range, at the top of which -Tibidabo- there is an amusement park which is accessed by tram Blau, a relic of the past, and a funicular. On Montju\u00efc, the other mountain in the city, next to the sea, you will find among gardens interesting museums such as the Fundaci\u00f3 Mir\u00f3 and the National Art Museum of Catalonia, the great Olympic facilities &#8211; with the old stadium and the Palau Sant Jordi -, another park of attractions and the Poble Espanyol, with the reproduction of typical buildings from all over Spain. The old port has been renovated and has become one of the great civic recreational spaces, which continues, beyond Barceloneta, with the facilities of the Olympic port.<\/p><\/div><\/div>\n\n\n\n<div id=\"section-g15d4b5\" class=\"wp-block-gutentor-e0 section-g15d4b5 gutentor-element gutentor-element-advanced-text\"><div class=\"gutentor-text-wrap\"><h3 class=\"gutentor-text\">Catalonia<\/h3><\/div><\/div>\n\n\n\n<div id=\"section-g4bca21\" class=\"wp-block-gutentor-e0 section-g4bca21 gutentor-element gutentor-element-advanced-text\"><div class=\"gutentor-text-wrap\"><p class=\"gutentor-text\">Catalonia is a country with seven million inhabitants, a current area of \u200b\u200b32,000 km2, more than a thousand years of history and its own culture and language that have shaped its personality. We Catalans have always been open to everyone. We like to receive foreigners and show them our land. And we are pleased that they feel good, like at home.<\/p><\/div><\/div>\n\n\n\n<div id=\"section-gc75a96\" class=\"wp-block-gutentor-e0 section-gc75a96 gutentor-element gutentor-element-advanced-text\"><div class=\"gutentor-text-wrap\"><p class=\"gutentor-text\">More information on the website of the <a href=\"https:\/\/web.gencat.cat\/ca\/temes\/cultura\/\">Government of Catalunya<\/a>.<\/p><\/div><\/div>\n<\/div><\/div><\/div>\n\n\n\n<div id=\"bcffa9\" class=\"wp-block-gutentor-m6-item section-bcffa9 gutentor-module gutentor-module-accordion-item\"><div class=\"gutentor-module-accordion-panel g-a-panel-d8a6d3\"><div class=\"gm-ah-d8a6d3 gutentor-module-accordion-item-heading gutentor-module-icon-position-right\"><span class=\"gutentor-module-accordion-panel-handler\" role=\"button\"><span class=\"gutentor-module-accordion-panel-handler-label\">Get around town<\/span><span class=\"gutentor-module-accordion-icon\"><i class=\"gm-aio-d8a6d3 gutentor-module-accordion-icon-open fas fa-plus\"><\/i><i class=\"gm-aic-d8a6d3 gutentor-module-accordion-icon-close fas fa-minus\"><\/i><\/span><\/span><\/div><div class=\"gm-ab-d8a6d3 gutentor-module-accordion-body\">\n<div id=\"section-g1d3d14\" class=\"wp-block-gutentor-e0 section-g1d3d14 gutentor-element gutentor-element-advanced-text\"><div class=\"gutentor-text-wrap\"><p class=\"gutentor-text\">General information on metropolitan transport:&nbsp;<a href=\"http:\/\/www.tmb.net\/\">http:\/\/www.tmb.net<\/a><\/p><\/div><\/div>\n\n\n\n<div id=\"section-g0e3d68\" class=\"wp-block-gutentor-e7 section-g0e3d68 gutentor-element gutentor-element-list\"><ul class=\"grid-row gutentor-grid-item-wrap list-indicator-icon\"><li class=\"gutentor-list-item grid-lg-12 grid-md-12 grid-12\"><span class=\"gutentor-single-item gutentor-single-item-0\"><span class=\"gutentor-list-item-wrap g-s-list-wrap\"><span class=\"gutentor-single-list-item-icon\"><i class=\"list-item-icon fas fa-angle-right\"><\/i><\/span><span class=\"gutentor-list-item\"><p class=\"gutentor-single-item-title\">Metro and Railways of the Generalitat: Barcelona currently has six metro lines, covering a total of 86.6 kilometers through 123 stations. <a href=\"https:\/\/www.tmb.cat\/ca\/home\">More information on metro, buses and metropolitan transport.<\/a><\/p><\/span><\/span><\/span><\/li><li class=\"gutentor-list-item grid-lg-12 grid-md-12 grid-12\"><span class=\"gutentor-single-item gutentor-single-item-1\"><span class=\"gutentor-list-item-wrap g-s-list-wrap\"><span class=\"gutentor-single-list-item-icon\"><i class=\"list-item-icon fas fa-angle-right\"><\/i><\/span><span class=\"gutentor-list-item\"><p class=\"gutentor-single-item-title\">Bus: Barcelona has a fleet of more than 1,000 buses that cover more than 80 lines to reach any part of the city. <a href=\"https:\/\/www.tmb.cat\/ca\/home\">More information on metro, buses and metropolitan transport.<\/a><\/p><\/span><\/span><\/span><\/li><li class=\"gutentor-list-item grid-lg-12 grid-md-12 grid-12\"><span class=\"gutentor-single-item gutentor-single-item-2\"><span class=\"gutentor-list-item-wrap g-s-list-wrap\"><span class=\"gutentor-single-list-item-icon\"><i class=\"list-item-icon fas fa-angle-right\"><\/i><\/span><span class=\"gutentor-list-item\"><p class=\"gutentor-single-item-title\">Tram: Tram transport is developing in Barcelona. The four existing lines allow quick access to important industrial areas, shopping centers and residential areas. <a href=\"http:\/\/www.trambcn.com\/\">More information.<\/a><\/p><\/span><\/span><\/span><\/li><li class=\"gutentor-list-item grid-lg-12 grid-md-12 grid-12\"><span class=\"gutentor-single-item gutentor-single-item-3\"><span class=\"gutentor-list-item-wrap g-s-list-wrap\"><span class=\"gutentor-single-list-item-icon\"><i class=\"list-item-icon fas fa-angle-right\"><\/i><\/span><span class=\"gutentor-list-item\"><p class=\"gutentor-single-item-title\">Taxis: Barcelona has a fleet of eleven thousand taxis, easily identifiable by the colors yellow and black.<\/p><\/span><\/span><\/span><\/li><li class=\"gutentor-list-item grid-lg-12 grid-md-12 grid-12\"><span class=\"gutentor-single-item gutentor-single-item-4\"><span class=\"gutentor-list-item-wrap g-s-list-wrap\"><span class=\"gutentor-single-list-item-icon\"><i class=\"list-item-icon fas fa-angle-right\"><\/i><\/span><span class=\"gutentor-list-item\"><p class=\"gutentor-single-item-title\">Bicycles: The bicycle is a different means of getting around. The city has bike lanes and a public bicycle service, <a href=\"https:\/\/www.bicing.barcelona\/\">Bicing<\/a>, whose main purpose is to cover the small daily journeys that are made within the city.<\/p><\/span><\/span><\/span><\/li><\/ul><\/div>\n<\/div><\/div><\/div>\n\n\n\n<div id=\"ee262f\" class=\"wp-block-gutentor-m6-item section-ee262f gutentor-module gutentor-module-accordion-item\"><div class=\"gutentor-module-accordion-panel g-a-panel-d8a6d3\"><div class=\"gm-ah-d8a6d3 gutentor-module-accordion-item-heading gutentor-module-icon-position-right\"><span class=\"gutentor-module-accordion-panel-handler\" role=\"button\"><span class=\"gutentor-module-accordion-panel-handler-label\">Lodging<\/span><span class=\"gutentor-module-accordion-icon\"><i class=\"gm-aio-d8a6d3 gutentor-module-accordion-icon-open fas fa-plus\"><\/i><i class=\"gm-aic-d8a6d3 gutentor-module-accordion-icon-close fas fa-minus\"><\/i><\/span><\/span><\/div><div class=\"gm-ab-d8a6d3 gutentor-module-accordion-body\">\n<section id=\"gm87a9bce\" class=\"wp-block-gutentor-m3 section-gm87a9bce gutentor-module gutentor-container-cover\"><div class=\"grid-container\">\n<p align=\"justify\"><img decoding=\"async\" title=\"Barcelona Centre Universitari\" class=\"caption\" src=\"\/wp-content\/uploads\/2021\/07\/barcelonacentreuniversitari.png\" style=\"border-width: 0px;border-style: solid;margin: 5px;float: left\"> <a href=\"https:\/\/bcu.cat\/\">Barcelona Centre Universitari<\/a> (BCU) is an entity that has the objective of facilitating all those aspects of the extra-academic life of the university community.<\/p><p>People who come to the School to study or work can count on the services offered by the BCU. Among these services, the bag and accommodation management for the student, teaching staff and foreign researcher stand out. The BCU also has a service guide to fully enjoy the wide cultural leisure offer of BCN.<\/p>\n\n\n\n<hr class=\"wp-block-separator has-css-opacity\" \/>\n\n\n\n<p align=\"justify\"><img decoding=\"async\" title=\"Onix\" class=\"caption\" src=\"\/wp-content\/uploads\/2021\/07\/Onix.png\" style=\"border-width: 0px;border-style: solid;margin: 5px;float: left\"> <a href=\"https:\/\/www.residenciaonix.com\/ca\/\">Resid\u00e8ncia Onix<\/a> it is a few meters from Esmuc (C. Sardenya 101)<\/p><p>Bookings: frontdesk@residenciaonix.com \/ 932 666 100<\/p><p>Esmuc students who contract a stay of more than three months enjoy a 15% discount on the registration fee for accommodation that they have to pay in each case. For short stays, they have a 7% discount on the applicable official rate. In all cases, it is necessary that the reservation is made directly in the reservation center of the Onix Residence.<\/p>\n\n\n\n<hr class=\"wp-block-separator has-css-opacity\" \/>\n\n\n\n<p align=\"justify\"><img decoding=\"async\" title=\"The Student hotel\" class=\"caption\" src=\"\/wp-content\/uploads\/2021\/07\/The-Student-Hotel.jpg\" style=\"border-width: 0px;border-style: solid;margin: 5px;float: left\"> <a href=\"https:\/\/www.thestudenthotel.com\/barcelona-marina\/?gclid=Cj0KCQiAuefvBRDXARIsAFEOQ9EL-OUTWWFqvNUfcizBqLH7nz8mxjUVlRp04jaBClgy6r4So9KU9HcaAkJpEALw_wcB&amp;autolang=en\">The Student Hotel<\/a>has two lodgings in the city:<\/p><ul>\n  <li>TSH Campus Barcelona Marina &#8211; C. Sancho de \u00c1vila 22 <\/li>\n  <li>TSH Campus Barcelona Poble Sec &#8211; Av. Paral\u00b7lel 101<\/li>\n<\/ul><p>Bookings: reservations@thestudenthotel.com \/ 932 178 812<\/p><p>Esmuc students enjoy a 33% discount on accommodation fees. This amount ranges between \u20ac295 and \u20ac440, depending on the duration of the stay.<\/p>\n<\/div><\/section>\n<\/div><\/div><\/div>\n<\/div><\/section>\n<\/div>\n<\/div>\n","protected":false},"excerpt":{"rendered":"<p>Living in Barcelona<\/p>\n","protected":false},"author":4,"featured_media":64275,"parent":0,"menu_order":0,"comment_status":"closed","ping_status":"closed","template":"","meta":{"_acf_changed":false,"_themeisle_gutenberg_block_has_review":false,"footnotes":""},"categories":[1138],"tags":[],"class_list":["post-32354","page","type-page","status-publish","has-post-thumbnail","hentry","category-mobilitat-internacional-en"],"acf":[],"publishpress_future_action":{"enabled":false,"date":"2026-04-10 21:57:14","action":"change-status","newStatus":"draft","terms":[],"taxonomy":"category","extraData":[]},"publishpress_future_workflow_manual_trigger":{"enabledWorkflows":[]},"_links":{"self":[{"href":"https:\/\/www.esmuc.cat\/en\/wp-json\/wp\/v2\/pages\/32354","targetHints":{"allow":["GET"]}}],"collection":[{"href":"https:\/\/www.esmuc.cat\/en\/wp-json\/wp\/v2\/pages"}],"about":[{"href":"https:\/\/www.esmuc.cat\/en\/wp-json\/wp\/v2\/types\/page"}],"author":[{"embeddable":true,"href":"https:\/\/www.esmuc.cat\/en\/wp-json\/wp\/v2\/users\/4"}],"replies":[{"embeddable":true,"href":"https:\/\/www.esmuc.cat\/en\/wp-json\/wp\/v2\/comments?post=32354"}],"version-history":[{"count":9,"href":"https:\/\/www.esmuc.cat\/en\/wp-json\/wp\/v2\/pages\/32354\/revisions"}],"predecessor-version":[{"id":78420,"href":"https:\/\/www.esmuc.cat\/en\/wp-json\/wp\/v2\/pages\/32354\/revisions\/78420"}],"wp:featuredmedia":[{"embeddable":true,"href":"https:\/\/www.esmuc.cat\/en\/wp-json\/wp\/v2\/media\/64275"}],"wp:attachment":[{"href":"https:\/\/www.esmuc.cat\/en\/wp-json\/wp\/v2\/media?parent=32354"}],"wp:term":[{"taxonomy":"category","embeddable":true,"href":"https:\/\/www.esmuc.cat\/en\/wp-json\/wp\/v2\/categories?post=32354"},{"taxonomy":"post_tag","embeddable":true,"href":"https:\/\/www.esmuc.cat\/en\/wp-json\/wp\/v2\/tags?post=32354"}],"curies":[{"name":"wp","href":"https:\/\/api.w.org\/{rel}","templated":true}]}}