{"id":113902,"date":"2025-11-11T13:09:11","date_gmt":"2025-11-11T12:09:11","guid":{"rendered":"https:\/\/www.esmuc.cat\/actividades\/concerts\/marato-de-combos\/"},"modified":"2025-11-11T13:43:58","modified_gmt":"2025-11-11T12:43:58","slug":"marato-de-combos","status":"publish","type":"page","link":"https:\/\/www.esmuc.cat\/en\/actividades\/concerts\/marato-de-combos\/","title":{"rendered":"Combo Marathon"},"content":{"rendered":"<div class=\"breadcrumbs align  wp-block-bcn-breadcrumb-trail has-text-color has-background\" vocab=\"https:\/\/schema.org\/\" typeof=\"BreadcrumbList\">\n\t<span><\/span>\n\t<span property=\"itemListElement\" typeof=\"ListItem\"><a property=\"item\" typeof=\"WebPage\" title=\"Go to ESMUC.\" href=\"https:\/\/www.esmuc.cat\/en\/\" class=\"home\" ><span property=\"name\">ESMUC<\/span><\/a><meta property=\"position\" content=\"1\"><\/span> &gt; <span property=\"itemListElement\" typeof=\"ListItem\"><a property=\"item\" typeof=\"WebPage\" title=\"Go to Actividades.\" href=\"https:\/\/www.esmuc.cat\/en\/actividades\/\" class=\"post post-page\" ><span property=\"name\">Actividades<\/span><\/a><meta property=\"position\" content=\"2\"><\/span> &gt; <span property=\"itemListElement\" typeof=\"ListItem\"><a property=\"item\" typeof=\"WebPage\" title=\"Go to Concerts.\" href=\"https:\/\/www.esmuc.cat\/en\/actividades\/concerts\/\" class=\"post post-page\" ><span property=\"name\">Concerts<\/span><\/a><meta property=\"position\" content=\"3\"><\/span> &gt; <span property=\"itemListElement\" typeof=\"ListItem\"><span property=\"name\" class=\"post post-page current-item\">Combo Marathon<\/span><meta property=\"url\" content=\"https:\/\/www.esmuc.cat\/en\/actividades\/concerts\/marato-de-combos\/\"><meta property=\"position\" content=\"4\"><\/span><\/div>\n\n<div class=\"wp-block-columns is-layout-flex wp-container-core-columns-is-layout-9d6595d7 wp-block-columns-is-layout-flex\">\n<div class=\"wp-block-column is-layout-flow wp-block-column-is-layout-flow\" style=\"flex-basis:100%\">\n<h1 class=\"wp-block-heading\" id=\"esmuc-jam\">Combo Marathon<\/h1>\n\n\n\n<div style=\"height:30px\" aria-hidden=\"true\" class=\"wp-block-spacer\"><\/div>\n\n\n\n<div class=\"wp-block-columns is-layout-flex wp-container-core-columns-is-layout-9d6595d7 wp-block-columns-is-layout-flex\">\n<div class=\"wp-block-column is-layout-flow wp-block-column-is-layout-flow\">\n<div id=\"section-g97693a\" class=\"wp-block-gutentor-e0 section-g97693a gutentor-element gutentor-element-advanced-text\"><div class=\"gutentor-text-wrap\"><p class=\"gutentor-text\">The <strong>Combo Marathon<\/strong> is an activity organized by ESMUC\u2019s Department of Jazz, Flamenco, Modern and Roots Music, held <strong>twice during the academic year<\/strong>. Over several days, the different student combos perform concerts showcasing the work developed in their ensembles, offering the audience a display of <strong>musical diversity and creativity<\/strong>. <\/p><\/div><\/div>\n\n\n\n<section id=\"gm809500c\" class=\"wp-block-gutentor-m3 section-gm809500c gutentor-module gutentor-container-cover has-color-bg has-custom-bg\"><div class=\"grid-container\">\n<div id=\"section-g08bb8b\" class=\"wp-block-gutentor-e7 section-g08bb8b gutentor-element gutentor-element-list\"><ul class=\"grid-row gutentor-grid-item-wrap list-indicator-icon\"><li class=\"gutentor-list-item grid-lg-12 grid-md-12 grid-12\"><span class=\"gutentor-single-item gutentor-single-item-0\"><span class=\"gutentor-list-item-wrap g-s-list-wrap\"><span class=\"gutentor-single-list-item-icon\"><i class=\"list-item-icon fas fa-calendar-alt\"><\/i><\/span><span class=\"gutentor-list-item\"><p class=\"gutentor-single-item-title\">December-January | May-June<\/p><\/span><\/span><\/span><\/li><li class=\"gutentor-list-item grid-lg-12 grid-md-12 grid-12\"><span class=\"gutentor-single-item gutentor-single-item-1\"><span class=\"gutentor-list-item-wrap g-s-list-wrap g-s-list-i-icon\"><span class=\"gutentor-single-list-item-icon\"><i class=\"list-item-icon far fa-clock\"><\/i><\/span><span class=\"gutentor-list-item\"><p class=\"gutentor-single-item-title\">All day, different schedules<\/p><\/span><\/span><\/span><\/li><li class=\"gutentor-list-item grid-lg-12 grid-md-12 grid-12\"><span class=\"gutentor-single-item gutentor-single-item-2\"><span class=\"gutentor-list-item-wrap g-s-list-wrap g-s-list-i-icon\"><span class=\"gutentor-single-list-item-icon\"><i class=\"list-item-icon fas fa-map-marker-alt\"><\/i><\/span><span class=\"gutentor-list-item\"><p class=\"gutentor-single-item-title\">Sala 4 Alicia de Larrocha. Free entrance <\/p><\/span><\/span><\/span><\/li><\/ul><\/div>\n<\/div><\/section>\n<\/div>\n\n\n\n<div class=\"wp-block-column is-layout-flow wp-block-column-is-layout-flow\">\n<figure class=\"wp-block-image size-large is-resized\"><img decoding=\"async\" width=\"1024\" height=\"576\" src=\"https:\/\/www.esmuc.cat\/wp-content\/uploads\/2025\/11\/MDC-1024x576.jpg\" alt=\"Mdc\" class=\"wp-image-113891\" style=\"width:506px;height:auto\" srcset=\"https:\/\/www.esmuc.cat\/wp-content\/uploads\/2025\/11\/MDC-1024x576.jpg 1024w, https:\/\/www.esmuc.cat\/wp-content\/uploads\/2025\/11\/MDC-300x169.jpg 300w, https:\/\/www.esmuc.cat\/wp-content\/uploads\/2025\/11\/MDC-768x432.jpg 768w, https:\/\/www.esmuc.cat\/wp-content\/uploads\/2025\/11\/MDC-1536x864.jpg 1536w, https:\/\/www.esmuc.cat\/wp-content\/uploads\/2025\/11\/MDC.jpg 1920w\" sizes=\"(max-width: 1024px) 100vw, 1024px\" \/><\/figure>\n<\/div>\n<\/div>\n\n\n\n<h2 class=\"wp-block-heading\" id=\"programacio-2021-2022\">Programme <\/h2>\n\n\n\n<h3 class=\"wp-block-heading\">Academic Year 2025-2026<\/h3>\n\n\n\n<div style=\"height:30px\" aria-hidden=\"true\" class=\"wp-block-spacer\"><\/div>\n\n\n\n<section id=\"gm636ef69\" class=\"wp-block-gutentor-m3 section-gm636ef69 gutentor-module gutentor-container-cover\"><div class=\"grid-container\">\n<p>Coming soon<\/p>\n<\/div><\/section>\n<\/div>\n<\/div>\n\n<section id=\"g-55e3sl1\" class=\"section-g-55e3sl1 gutentor-module gutentor-module-accordion\"><div class=\"grid-container\">\n<div id=\"g-7fedvd3\" class=\"wp-block-gutentor-m6-item section-g-7fedvd3 gutentor-module gutentor-module-accordion-item\"><div class=\"gutentor-module-accordion-panel g-a-panel-g-55e3sl1\"><div class=\"gm-ah-g-55e3sl1 gutentor-module-accordion-item-heading gutentor-module-icon-position-right\"><span class=\"gutentor-module-accordion-panel-handler\" role=\"button\"><span class=\"gutentor-module-accordion-panel-handler-label\"> 2024 &#8211; 2025<\/span><span class=\"gutentor-module-accordion-icon\"><i class=\"gm-aio-g-55e3sl1 gutentor-module-accordion-icon-open fas fa-plus\"><\/i><i class=\"gm-aic-g-55e3sl1 gutentor-module-accordion-icon-close fas fa-minus\"><\/i><\/span><\/span><\/div><div class=\"gm-ab-g-55e3sl1 gutentor-module-accordion-body\">\n<p><strong>2nd Term<\/strong><\/p>\n\n\n\n<section id=\"g-7mqrlf2\" class=\"wp-block-gutentor-m3 section-g-7mqrlf2 gutentor-module gutentor-container-cover\"><div class=\"grid-container\">\n<figure class=\"wp-block-table is-style-regular\"><table><thead><tr><th>Scheduled dates<\/th><th>Schedule<\/th><\/tr><\/thead><tbody><tr><td>5\/05\/2025<\/td><td>11:00h \u2013 11:40h Louis Cole (Arecio Gonz\u00e1lez)<br \/>12:00h \u2013 12:40h Combo IS (Irene Reig)<br \/>13:00h \u2013 13:40h Joe Henderson (Joan D\u00edaz)<br \/>14:00h \u2013 14:40h Neo Soul (Xavier Ib\u00e1\u00f1ez)<br \/>16:30h \u2013 17:10h Chet Baker (Matthew Simon)<br \/>17:30h \u2013 18:10h Wayne Shorter (Llu\u00eds Vidal)<br \/>18:30h \u2013 19:10h Flamenco jazz (Ismael Alcina)<\/td><\/tr><tr><td>6\/05\/2025<\/td><td>10:00h \u2013 10:40h Jazz 2A (Joan Monn\u00e9)<br \/>11:00h \u2013 11:40h John Coltrane (Joan Monn\u00e9)<br \/>12:30h \u2013 13:10h Yellow Jackets (Xavier Ib\u00e1\u00f1ez)<br \/>13:30h \u2013 14:10h Combo veus (Irene Reig)<br \/>16:00h \u2013 16:40h MM2A (Ignasi Zamora)<br \/>17:00h \u2013 17:40h Michael Pipoquinha (Ismael Alcina)<br \/>18:00h \u2013 18:40h Steps Ahead (Ignasi Zamora)<br \/>19:00h \u2013 19:40h Chaka Khan (Ignasi Zamora)<\/td><\/tr><tr><td>7\/05\/2025<\/td><td>10:00h \u2013 10:40h Jazz 2B (Joan Monn\u00e9)<br \/>11:00h \u2013 11:10h Freddie Hubbard (Joan Monn\u00e9)<br \/>12:00h \u2013 12:40h John Scofield (Dani P\u00e9rez)<br \/>13:30h \u2013 14:10h Avishai Cohen (Andreu Pitarch)<\/td><\/tr><tr><td>8\/05\/2025<\/td><td>10:00h \u2013 10:40h Gary Willis (David G\u00f3mez)<br \/>11:00h \u2013 11:40h Combo M\u00e0ster 1<br \/>12:00h \u2013 12:40h Combo M\u00e0ster 2<br \/>13:00h \u2013 13:40h Hard bop (Eladio Rein\u00f3n)<br \/>15:30h \u2013 16:10h Masada (David Xirgu)<br \/>16:30h \u2013 17:10h Thundercat (Ignasi Zamora)<br \/>17:30h \u2013 18:10h Huntertones (Ignasi Zamora)<\/td><\/tr><\/tbody><\/table><\/figure>\n<\/div><\/section>\n\n\n\n<p><strong>1st Term<\/strong><\/p>\n\n\n\n<section id=\"g-jtcx2sx\" class=\"wp-block-gutentor-m3 section-g-jtcx2sx gutentor-module gutentor-container-cover\"><div class=\"grid-container\">\n<figure class=\"wp-block-table\"><table><thead><tr><th>Scheduled dates<\/th><th>Schedule<\/th><\/tr><\/thead><tbody><tr><td>13\/01\/2025<\/td><td>10:00 \u2013 10:40 Francesc Capella \u2013 Horace Silver<br \/>11:00 \u2013 11:40 Arecio Gonz\u00e1lez \u2013 Jamiroquai<br \/>12:00 \u2013 12:40 Joan D\u00edaz \u2013 Esperanza Spalding<br \/>13:00 \u2013 13:40 Irene Reig \u2013 Kenny Garrett<br \/>14:00 \u2013 14:40 Lluc Casares \u2013 Originals<br \/>16:00 \u2013 16:40 Lluc Casares \u2013 Oliver Nelson<br \/>17:00 \u2013 17:40 Llu\u00eds Vidal \u2013 Carla Bley<br \/>18:00 \u2013 18:40 Carme Canela \u2013 Boleros<\/td><\/tr><tr><td>14\/01\/2025<\/td><td>10:00 \u2013 10:40 Joan Monn\u00e9 \u2013 Bill Evans<br \/>11:00 \u2013 11:40 Andreu Pitarch \u2013 NY Flamenco Reunion<br \/>12:00 \u2013 12:40 Dani P\u00e9rez \u2013 Pat Metheny<br \/>13:00 \u2013 13:40 Xavi Ib\u00e1\u00f1ez \u2013 Funky Acid Jazz<br \/>15:00 \u2013 15:40 Apel\u00b7les Carod \u2013 Jazz Manouche<br \/>16:00 \u2013 16:40 Ignasi Zamora \u2013 MM1A<br \/>17:00 \u2013 17:40 Ismael Alcina \u2013 Marc Anthony<br \/>18:00 \u2013 18:40 Ignasi Zamora \u2013 Steely Dan<br \/>19:00 \u2013 19:40 Ignasi Zamora \u2013 Chick Corea Electric Band<\/td><\/tr><tr><td>15\/01\/2025<\/td><td>10:00 \u2013 10:40 David G\u00f3mez \u2013 Head Hunters<br \/>11:00 \u2013 11:40 Joan Monn\u00e9 \u2013 Thelonious Monk<br \/>12:00 \u2013 12:40 Eladio Rein\u00f3n \u2013 Jazz 1A<br \/>13:00 \u2013 13:40 Eladio Rein\u00f3n \u2013 Jazz 1B<br \/>14:00 \u2013 14:40 N\u00e9stor Gim\u00e9nez \u2013 Amy Winehouse<br \/>17:00 \u2013 17:40 Edu Tancredi \u2013 Latin<br \/>18:00 \u2013 18:40 Albert Bover \u2013 Jackie Mclean<\/td><\/tr><tr><td>16\/01\/2025<\/td><td>10:30 \u2013 11:00 N\u00e9stor Gim\u00e9nez \u2013 Combo M\u00e0ster<br \/>11:30 \u2013 12:00 N\u00e9stor Gim\u00e9nez &amp; Llu\u00eds Vidal \u2013 Biel Jorba<br \/>16:00 \u2013 16:40 Ignasi Zamora \u2013 Silk Sonic<br \/>17:00 \u2013 17:40 Dani Forcada \u2013 M\u00fasica Afrollatina<br \/>18:00 \u2013 18:40 Oriol Sa\u00f1a \u2013 Turtle Island<br \/>19:00 \u2013 19:40 Edu Tancredi \u2013 Salsa<\/td><\/tr><\/tbody><\/table><\/figure>\n<\/div><\/section>\n<\/div><\/div><\/div>\n<\/div><\/section>\n","protected":false},"excerpt":{"rendered":"<p>Combo Marathon Programme Academic Year 2025-2026<\/p>\n","protected":false},"author":49,"featured_media":113892,"parent":56242,"menu_order":0,"comment_status":"closed","ping_status":"closed","template":"","meta":{"_acf_changed":false,"_themeisle_gutenberg_block_has_review":false,"footnotes":""},"categories":[1094,1888,1095],"tags":[1526,1464],"class_list":["post-113902","page","type-page","status-publish","has-post-thumbnail","hentry","category-communication","category-marato-de-combos","category-school","tag-concerts-en-2","tag-jazz-en"],"acf":[],"publishpress_future_action":{"enabled":false,"date":"2026-04-13 18:37:24","action":"change-status","newStatus":"draft","terms":[],"taxonomy":"category","extraData":[]},"publishpress_future_workflow_manual_trigger":{"enabledWorkflows":[]},"_links":{"self":[{"href":"https:\/\/www.esmuc.cat\/en\/wp-json\/wp\/v2\/pages\/113902","targetHints":{"allow":["GET"]}}],"collection":[{"href":"https:\/\/www.esmuc.cat\/en\/wp-json\/wp\/v2\/pages"}],"about":[{"href":"https:\/\/www.esmuc.cat\/en\/wp-json\/wp\/v2\/types\/page"}],"author":[{"embeddable":true,"href":"https:\/\/www.esmuc.cat\/en\/wp-json\/wp\/v2\/users\/49"}],"replies":[{"embeddable":true,"href":"https:\/\/www.esmuc.cat\/en\/wp-json\/wp\/v2\/comments?post=113902"}],"version-history":[{"count":2,"href":"https:\/\/www.esmuc.cat\/en\/wp-json\/wp\/v2\/pages\/113902\/revisions"}],"predecessor-version":[{"id":113909,"href":"https:\/\/www.esmuc.cat\/en\/wp-json\/wp\/v2\/pages\/113902\/revisions\/113909"}],"up":[{"embeddable":true,"href":"https:\/\/www.esmuc.cat\/en\/wp-json\/wp\/v2\/pages\/56242"}],"wp:featuredmedia":[{"embeddable":true,"href":"https:\/\/www.esmuc.cat\/en\/wp-json\/wp\/v2\/media\/113892"}],"wp:attachment":[{"href":"https:\/\/www.esmuc.cat\/en\/wp-json\/wp\/v2\/media?parent=113902"}],"wp:term":[{"taxonomy":"category","embeddable":true,"href":"https:\/\/www.esmuc.cat\/en\/wp-json\/wp\/v2\/categories?post=113902"},{"taxonomy":"post_tag","embeddable":true,"href":"https:\/\/www.esmuc.cat\/en\/wp-json\/wp\/v2\/tags?post=113902"}],"curies":[{"name":"wp","href":"https:\/\/api.w.org\/{rel}","templated":true}]}}