{"id":111407,"date":"2021-04-08T07:36:42","date_gmt":"2021-04-08T05:36:42","guid":{"rendered":"https:\/\/www.esmuc.cat\/about-esmuc\/transparency-portal\/preus-publics\/"},"modified":"2025-08-25T11:09:31","modified_gmt":"2025-08-25T09:09:31","slug":"preus-publics","status":"publish","type":"page","link":"https:\/\/www.esmuc.cat\/en\/about-esmuc\/transparency-portal\/preus-publics\/","title":{"rendered":"Public prices"},"content":{"rendered":"\n<div class=\"wp-block-columns is-layout-flex wp-container-core-columns-is-layout-9d6595d7 wp-block-columns-is-layout-flex\">\n<div class=\"wp-block-column esmuc__Menu_Masters is-layout-flow wp-block-column-is-layout-flow\" style=\"flex-basis:33.33%\">\n\n\n\n\n<p><\/p>\n<\/div>\n\n\n\n<div class=\"wp-block-column is-layout-flow wp-block-column-is-layout-flow\" style=\"flex-basis:66.66%\"><div class=\"breadcrumbs align  wp-block-bcn-breadcrumb-trail has-text-color has-background\" vocab=\"https:\/\/schema.org\/\" typeof=\"BreadcrumbList\">\n\t<span><\/span>\n\t<span property=\"itemListElement\" typeof=\"ListItem\"><a property=\"item\" typeof=\"WebPage\" title=\"Go to ESMUC.\" href=\"https:\/\/www.esmuc.cat\/en\/\" class=\"home\" ><span property=\"name\">ESMUC<\/span><\/a><meta property=\"position\" content=\"1\"><\/span> &gt; <span property=\"itemListElement\" typeof=\"ListItem\"><a property=\"item\" typeof=\"WebPage\" title=\"Go to About ESMUC.\" href=\"https:\/\/www.esmuc.cat\/en\/about-esmuc\/\" class=\"post post-page\" ><span property=\"name\">About ESMUC<\/span><\/a><meta property=\"position\" content=\"2\"><\/span> &gt; <span property=\"itemListElement\" typeof=\"ListItem\"><a property=\"item\" typeof=\"WebPage\" title=\"Go to Transparency Portal.\" href=\"https:\/\/www.esmuc.cat\/en\/about-esmuc\/transparency-portal\/\" class=\"post post-page\" ><span property=\"name\">Transparency Portal<\/span><\/a><meta property=\"position\" content=\"3\"><\/span> &gt; <span property=\"itemListElement\" typeof=\"ListItem\"><span property=\"name\" class=\"post post-page current-item\">Public prices<\/span><meta property=\"url\" content=\"https:\/\/www.esmuc.cat\/en\/about-esmuc\/transparency-portal\/preus-publics\/\"><meta property=\"position\" content=\"4\"><\/span><\/div>\n\n\n\n<h1 class=\"wp-block-heading\">Fees and Public Prices<\/h1>\n\n\n\n<section id=\"gm58b2243\" class=\"wp-block-gutentor-m3 section-gm58b2243 gutentor-module gutentor-container-cover\"><div class=\"grid-container\">\n<p>The public fees of the Escola Superior de M\u00fasica de Catalunya are subject to annual review and approval by the Foundation\u2019s Board of Trustees.<\/p>\n<\/div><\/section>\n\n\n\n<section id=\"120768\" class=\"section-120768 gutentor-module gutentor-module-tabs gutentor-tabs-layout-horizontal gutentor-tabs-pos-top\"><div class=\"grid-container gutentor-rm-ct-space-d\"><div class=\"gutentor-module-tabs-wrap gutentor-tabs-style-outline\" data-id=\"120768\"><div class=\"gutentor-module-tabs-nav text-align-left-desktop\"><span class=\"gutentor-module-tabs-item gm-tt-120768 gutentor-tabs-nav-active\"><span class=\"gutentor-module-tabs-title\">Grau<\/span><\/span><span class=\"gutentor-module-tabs-item gm-tt-120768\"><span class=\"gutentor-module-tabs-title\">M\u00e0sters i Postgrau<\/span><\/span><span class=\"gutentor-module-tabs-item gm-tt-120768\"><span class=\"gutentor-module-tabs-title\">Serveis i Productes<\/span><\/span><\/div><div class=\"gutentor-module-tabs-body\">\n<div class=\"wp-block-gutentor-m7-tab gutentor-module-tabs-content gm-tc-120768 gutentor-tabs-content-active\">\n<table id=\"tablepress-30\" class=\"tablepress tablepress-id-30 tbody-has-connected-cells\">\n<tbody class=\"row-hover\">\n<tr class=\"row-1\">\n\t<td colspan=\"2\" class=\"column-1\"><b>Matr\u00edcula<\/b><br \/>\n  <\/td>\n<\/tr>\n<tr class=\"row-2\">\n\t<td class=\"column-1\">  Preu per cr\u00e8dit ECTS per estudis de grau<br \/>\n  <\/td><td class=\"column-2\">25,04 \u20ac<br \/>\n  <\/td>\n<\/tr>\n<tr class=\"row-3\">\n\t<td class=\"column-1\"><b>Proves d'acc\u00e9s<\/b><br \/>\n  <\/td><td class=\"column-2\">  \u00a0<br \/>\n  <\/td>\n<\/tr>\n<tr class=\"row-4\">\n\t<td class=\"column-1\">  Prova d'acc\u00e9s<br \/>\n  <\/td><td class=\"column-2\">  80,00 \u20ac<br \/>\n  <\/td>\n<\/tr>\n<tr class=\"row-5\">\n\t<td class=\"column-1\">  Test orientatiu part A<br \/>\n  <\/td><td class=\"column-2\">  80,00 \u20ac<br \/>\n  <\/td>\n<\/tr>\n<tr class=\"row-6\">\n\t<td class=\"column-1\">  Test orientatiu part A + part B<br \/>\n  <\/td><td class=\"column-2\">  100,00 \u20ac<br \/>\n  <\/td>\n<\/tr>\n<tr class=\"row-7\">\n\t<td class=\"column-1\">  Curs d'orientaci\u00f3 a les proves d'acc\u00e9s\u00a0<br \/>\n  <\/td><td class=\"column-2\">  80,00 \u20ac<br \/>\n  <\/td>\n<\/tr>\n<tr class=\"row-8\">\n\t<td class=\"column-1\">  Curs d'orientaci\u00f3 a les proves d'acc\u00e9s havent fet el test orientatiu<br \/>\n  <\/td><td class=\"column-2\">  60,00 \u20ac<br \/>\n  <\/td>\n<\/tr>\n<tr class=\"row-9\">\n\t<td class=\"column-1\">Repertoristes proves d'acc\u00e9s<\/td><td class=\"column-2\">150,00 \u20ac<\/td>\n<\/tr>\n<tr class=\"row-10\">\n\t<td colspan=\"2\" class=\"column-1\"><b>Altres conceptes<\/b><br \/>\n  <\/td>\n<\/tr>\n<tr class=\"row-11\">\n\t<td class=\"column-1\">  Asseguran\u00e7a escolar obligat\u00f2ria menors de 28 anys<br \/>\n  <\/td><td class=\"column-2\">  1,12 \u20ac<br \/>\n  <\/td>\n<\/tr>\n<tr class=\"row-12\">\n\t<td class=\"column-1\">  Asseguran\u00e7a escolar obligat\u00f2ria majors de 28 anys<br \/>\n  <\/td><td class=\"column-2\">  22,00 \u20ac<br \/>\n  <\/td>\n<\/tr>\n<tr class=\"row-13\">\n\t<td class=\"column-1\">  Material divers<br \/>\n  <\/td><td class=\"column-2\">  11,00 \u20ac<br \/>\n  <\/td>\n<\/tr>\n<tr class=\"row-14\">\n\t<td class=\"column-1\">  Certificaci\u00f3 acad\u00e8mica<br \/>\n  <\/td><td class=\"column-2\">  11,00 \u20ac<br \/>\n  <\/td>\n<\/tr>\n<tr class=\"row-15\">\n\t<td class=\"column-1\">  Altres certificacions<br \/>\n  <\/td><td class=\"column-2\">  11,00 \u20ac<br \/>\n  <\/td>\n<\/tr>\n<tr class=\"row-16\">\n\t<td class=\"column-1\">  Trasllat d'expedient acad\u00e8mic<br \/>\n  <\/td><td class=\"column-2\">  47,00 \u20ac<br \/>\n  <\/td>\n<\/tr>\n<tr class=\"row-17\">\n\t<td colspan=\"2\" class=\"column-1\"><b>Validaci\u00f3, reconeixement i transfer\u00e8ncia de cr\u00e8dits<\/b><br \/>\n  <\/td>\n<\/tr>\n<tr class=\"row-18\">\n\t<td class=\"column-1\">  Cost per cr\u00e8dit validat, reconegut i transferit<br \/>\n  <\/td><td class=\"column-2\">  25% del preu del cr\u00e8dit<br \/>\n  <\/td>\n<\/tr>\n<tr class=\"row-19\">\n\t<td class=\"column-1\">  Sol\u00b7licitud de validaci\u00f3 i reconeixement<br \/>\n  <\/td><td class=\"column-2\">  47,00 \u20ac<br \/>\n  <\/td>\n<\/tr>\n<tr class=\"row-20\">\n\t<td class=\"column-1\">  Cost per\u00a0cr\u00e8dits de participaci\u00f3 en activitats culturals, esportives, de representaci\u00f3 estudiantil, solid\u00e0ries i de cooperaci\u00f3<br \/>\n  <\/td><td class=\"column-2\">  25% del preu del cr\u00e8dit<br \/>\n  <\/td>\n<\/tr>\n<tr class=\"row-21\">\n\t<td colspan=\"2\" class=\"column-1\">  <b>Segones i successives matr\u00edcules<\/b><br \/>\n  <\/td>\n<\/tr>\n<tr class=\"row-22\">\n\t<td colspan=\"2\" class=\"column-1\">  <p>Quan un\/a estudiant es matricula per segon cop d'un mateix cr\u00e8dit, l'import d'aquest cr\u00e8dit s'incrementa en un 50% en les assignatures col\u00b7lectives i un 100% en les individuals.<\/p><p>A partir de la tercera vegada, inclosa aquesta, que es matricula del mateix cr\u00e8dit, l'increment del preu \u00e9s del 150% en les assignatures col\u00b7lectives i del 200% en les individuals.<\/p><br \/>\n  <\/td>\n<\/tr>\n<tr class=\"row-23\">\n\t<td colspan=\"2\" class=\"column-1\">  <b>Segons i successius ensenyaments<\/b><br \/>\n  <\/td>\n<\/tr>\n<tr class=\"row-24\">\n\t<td colspan=\"2\" class=\"column-1\">  S'aplica un rec\u00e0rrec del 40% dels preus per cr\u00e8dit a cursar a estudiants que tinguin un o m\u00e9s t\u00edtols de grau en m\u00fasica per iniciar un altre estudi que condueixi a l'obtenci\u00f3 d'un altre t\u00edtol oficial de grau a l'Esmuc.<br \/>\n  <\/td>\n<\/tr>\n<tr class=\"row-25\">\n\t<td colspan=\"2\" class=\"column-1\">  <b>Reduccions, exempcions i bonificacions<\/b><br \/>\n  <\/td>\n<\/tr>\n<tr class=\"row-26\">\n\t<td class=\"column-1\">  Reducci\u00f3 fam\u00edlia nombrosa categoria general o fam\u00edlia monoparental<br \/>\n  <\/td><td class=\"column-2\">  50% del preu del cr\u00e8dit<br \/>\n  <\/td>\n<\/tr>\n<tr class=\"row-27\">\n\t<td class=\"column-1\">  Reducci\u00f3 fam\u00edlia nombrosa categoria especial<br \/>\n  <\/td><td class=\"column-2\">  100% del preu del cr\u00e8dit<br \/>\n  <\/td>\n<\/tr>\n<tr class=\"row-28\">\n\t<td class=\"column-1\">  Exempci\u00f3 matr\u00edcula honor o premi extraordinari batxillerat<br \/>\n  <\/td><td class=\"column-2\">  100% dels preus de tots els cr\u00e8dits matriculats el primer curs, sempre que no es realitzi matr\u00edcula a cap altre estudi superior, al mateix temps<br \/>\n  <\/td>\n<\/tr>\n<tr class=\"row-29\">\n\t<td class=\"column-1\">  Bonificaci\u00f3 matr\u00edcula honor d'assignatures<br \/>\n  <\/td><td class=\"column-2\">  100% de l'import del nombre de cr\u00e8dits equivalent al que s'ha obtingut aquesta qualificaci\u00f3, en la matr\u00edcula del curs seg\u00fcent<br \/>\n  <\/td>\n<\/tr>\n<tr class=\"row-30\">\n\t<td class=\"column-1\">  Exempci\u00f3 persones amb grau de discapacitat igual o superior al 33%<br \/>\n  <\/td><td class=\"column-2\">  100% dels preus p\u00fablics<br \/>\n  <\/td>\n<\/tr>\n<tr class=\"row-31\">\n\t<td class=\"column-1\">  Exempci\u00f3 estudiants de 65 anys o m\u00e9s sense t\u00edtol universitari oficial<br \/>\n  <\/td><td class=\"column-2\">  100% de l'import dels cr\u00e8dits quan es matriculin per primera vegada dels conceptes corresponents<br \/>\n  <\/td>\n<\/tr>\n<tr class=\"row-32\">\n\t<td class=\"column-1\">  Exempci\u00f3 v\u00edctimes d'actes terroristes, el seu\/la seva c\u00f2njuge i els seus fills o filles<br \/>\n  <\/td><td class=\"column-2\">  100% del preu dels cr\u00e8dits<br \/>\n  <\/td>\n<\/tr>\n<tr class=\"row-33\">\n\t<td class=\"column-1\">  Exempci\u00f3 v\u00edctimes de viol\u00e8ncia de g\u00e8nere i els seus fills i filles dependents<br \/>\n  <\/td><td class=\"column-2\">  100% del preu dels cr\u00e8dits<br \/>\n  <\/td>\n<\/tr>\n<\/tbody>\n<\/table>\n<!-- #tablepress-30 from cache -->\n<\/div>\n\n\n\n<div class=\"wp-block-gutentor-m7-tab gutentor-module-tabs-content gm-tc-120768\">\n<table id=\"tablepress-43\" class=\"tablepress tablepress-id-43 tbody-has-connected-cells\">\n<tbody class=\"row-hover\">\n<tr class=\"row-1\">\n\t<td colspan=\"2\" class=\"column-1\"><b>Matr\u00edcula (preu per cr\u00e8dit)<\/b><br \/>\n  <\/td>\n<\/tr>\n<tr class=\"row-2\">\n\t<td class=\"column-1\">M\u00e0ster en Ensenyaments Art\u00edstics Superiors d'Estudis Avan\u00e7ats en interpretaci\u00f3 de la m\u00fasica cl\u00e0ssica i contempor\u00e0nia  <\/td><td class=\"column-2\">65,25 \u20ac *<br \/>\n  <\/td>\n<\/tr>\n<tr class=\"row-3\">\n\t<td class=\"column-1\">M\u00e0ster en Ensenyaments Art\u00edstics Superiors d'Estudis Avan\u00e7ats en Interpretaci\u00f3 i Composici\u00f3 Musical de Jazz i M\u00fasica Moderna \u201cBarcelona Jazz M\u00e0ster\u201d<\/td><td class=\"column-2\">68,95 \u20ac * <\/td>\n<\/tr>\n<tr class=\"row-4\">\n\t<td class=\"column-1\">M\u00e0ster en Ensenyaments Art\u00edstics d'Estudis Avan\u00e7ats en Flamencologia<\/td><td class=\"column-2\">41,15 \u20ac * <\/td>\n<\/tr>\n<tr class=\"row-5\">\n\t<td class=\"column-1\">M\u00e0ster en Ensenyaments Art\u00edstics Superiors d'Estudis Avan\u00e7ats a Flamenco<\/td><td class=\"column-2\">68,95 \u20ac * <\/td>\n<\/tr>\n<tr class=\"row-6\">\n\t<td class=\"column-1\">M\u00e0ster en Pedagogia Musical<\/td><td class=\"column-2\">48,45 \u20ac<\/td>\n<\/tr>\n<tr class=\"row-7\">\n\t<td class=\"column-1\">M\u00e0ster Musicoter\u00e0pia<\/td><td class=\"column-2\">52,50 \u20ac<\/td>\n<\/tr>\n<tr class=\"row-8\">\n\t<td class=\"column-1\">M\u00e0ster en Composici\u00f3 musical amb tecnolog\u00edes<\/td><td class=\"column-2\">94,45 \u20ac<\/td>\n<\/tr>\n<tr class=\"row-9\">\n\t<td class=\"column-1\">M\u00e0ster en Ensenyaments Art\u00edstics Superiors d'Estudis Avan\u00e7ats en Interpretaci\u00f3: Lied, Can\u00e7\u00f3 Espanyola i Can\u00e7\u00f3 Catalana (\u00abVictoria de los \u00c1ngeles\u00bb)<\/td><td class=\"column-2\">61,25 \u20ac * <\/td>\n<\/tr>\n<tr class=\"row-10\">\n\t<td class=\"column-1\">M\u00e0ster de composici\u00f3 de bandes sonores i m\u00fasica per a mitjans audiovisuals<\/td><td class=\"column-2\">111,12 \u20ac<\/td>\n<\/tr>\n<tr class=\"row-11\">\n\t<td class=\"column-1\">M\u00e0ster en T\u00e8cniques de la m\u00fasica contempor\u00e0nea<br \/>\n<\/td><td class=\"column-2\">86,05 \u20ac<\/td>\n<\/tr>\n<tr class=\"row-12\">\n\t<td class=\"column-1\">M\u00e0ster en Management i producci\u00f3 musical<\/td><td class=\"column-2\">78,20 \u20ac<\/td>\n<\/tr>\n<tr class=\"row-13\">\n\t<td class=\"column-1\">M\u00e0ster d'Ensenyaments Art\u00edstics en Investigaci\u00f3 Musical (MEAIM)<\/td><td class=\"column-2\">62,67 \u20ac * <\/td>\n<\/tr>\n<tr class=\"row-14\">\n\t<td class=\"column-1\">M\u00e0ster de direcci\u00f3 i gesti\u00f3 de centres educatius art\u00edstics<\/td><td class=\"column-2\">71,70 \u20ac<\/td>\n<\/tr>\n<tr class=\"row-15\">\n\t<td colspan=\"2\" class=\"column-1\"><b>Altres conceptes<\/b><br \/>\n  <\/td>\n<\/tr>\n<tr class=\"row-16\">\n\t<td class=\"column-1\">Preinscripci\u00f3 al M\u00e0ster<\/td><td class=\"column-2\">30,00 \u20ac<\/td>\n<\/tr>\n<tr class=\"row-17\">\n\t<td class=\"column-1\">  Asseguran\u00e7a escolar M\u00e0ster<br \/>\n  <\/td><td class=\"column-2\">  22,00 \u20ac<br \/>\n  <\/td>\n<\/tr>\n<tr class=\"row-18\">\n\t<td class=\"column-1\">  Material divers (bossa, carpeta i lanyard)<br \/>\n  <\/td><td class=\"column-2\">  11,00 \u20ac<br \/>\n  <\/td>\n<\/tr>\n<tr class=\"row-19\">\n\t<td class=\"column-1\">  Certificaci\u00f3 acad\u00e8mica M\u00e0ster<\/td><td class=\"column-2\">  11,00 \u20ac<br \/>\n  <\/td>\n<\/tr>\n<tr class=\"row-20\">\n\t<td class=\"column-1\">  Altres certificacions M\u00e0ster<br \/>\n  <\/td><td class=\"column-2\">  11,00 \u20ac<br \/>\n  <\/td>\n<\/tr>\n<tr class=\"row-21\">\n\t<td class=\"column-1\">Tramesa de t\u00edtols oficials<br \/>\n  <\/td><td class=\"column-2\">  11,00 \u20ac<br \/>\n  <\/td>\n<\/tr>\n<tr class=\"row-22\">\n\t<td class=\"column-1\">Taxa de tramitaci\u00f3 de t\u00edtol de m\u00e0sters propis<br \/>\n  <\/td><td class=\"column-2\">98,05 \u20ac<br \/>\n  <\/td>\n<\/tr>\n<tr class=\"row-23\">\n\t<td colspan=\"2\" class=\"column-1\"><b>Validaci\u00f3, reconeixement i transfer\u00e8ncia de cr\u00e8dits<\/b><br \/>\n  <\/td>\n<\/tr>\n<tr class=\"row-24\">\n\t<td class=\"column-1\">Validaci\u00f3, reconeixement i transfer\u00e8ncia de cr\u00e8dits als estudis de M\u00e0ster. Equiparaci\u00f3 al preu p\u00fablic dels estudis de grau<br \/>\n<br \/>\n  <\/td><td class=\"column-2\">  25% del preu del cr\u00e8dit<br \/>\n  <\/td>\n<\/tr>\n<tr class=\"row-25\">\n\t<td colspan=\"2\" class=\"column-1\">  <b>Segones i successives matr\u00edcules<\/b><br \/>\n  <\/td>\n<\/tr>\n<tr class=\"row-26\">\n\t<td colspan=\"2\" class=\"column-1\">  <p>Quan un\/a estudiant es matricula per segon cop d\u2019un mateix cr\u00e8dit, l\u2019import d\u2019aquest cr\u00e8dit s\u2019incrementa en un 50% en les assignatures col\u00b7lectives i un 100% en les individuals.<\/p><p>Quan un\/a estudiant es matricula per segon cop d\u2019un mateix cr\u00e8dit, l\u2019import d\u2019aquest cr\u00e8dit s\u2019incrementa en un 50% en les assignatures col\u00b7lectives i un 100% en les individuals.<\/p><br \/>\n  <\/td>\n<\/tr>\n<tr class=\"row-27\">\n\t<td colspan=\"2\" class=\"column-1\">  <b>Reduccions, exempcions i bonificacions<\/b><br \/>\n  <\/td>\n<\/tr>\n<tr class=\"row-28\">\n\t<td class=\"column-1\">Bonificaci\u00f3 matr\u00edcula honor d'assignatures de quart curs de T\u00edtol superior<br \/>\n<br \/>\n  <\/td><td class=\"column-2\">100%<\/td>\n<\/tr>\n<tr class=\"row-29\">\n\t<td class=\"column-1\">Bonificaci\u00f3 matr\u00edcula honor d'assignatures de M\u00e0ster i Postgrau<br \/>\n  <\/td><td class=\"column-2\">100%<\/td>\n<\/tr>\n<\/tbody>\n<\/table>\n<!-- #tablepress-43 from cache -->\n\n\n\n<div id=\"section-gf2bd59\" class=\"wp-block-gutentor-e0 section-gf2bd59 gutentor-element gutentor-element-advanced-text\"><div class=\"gutentor-text-wrap\"><p class=\"gutentor-text\"><strong>The price of official master\u2019s degrees already includes a 40% discount, covered by the <a href=\"https:\/\/educacio.gencat.cat\/\" target=\"_blank\" rel=\"noreferrer noopener\">Department of Education<\/a>.<\/strong><\/p><\/div><\/div>\n<\/div>\n\n\n\n<div class=\"wp-block-gutentor-m7-tab gutentor-module-tabs-content gm-tc-120768\">\n<li><a class=\"list-group-item\" href=\"https:\/\/www.esmuc.cat\/en\/about-esmuc\/transparency-portal\/preus-publics\/rates-and-service-prices-space-rentals\/\">Space rental<\/a><\/li>\n<li><a class=\"list-group-item\" href=\"https:\/\/www.esmuc.cat\/en\/about-esmuc\/transparency-portal\/preus-publics\/rates-and-service-prices-instrument-rental\/\">Instrument Rental<\/a><\/li>\n<li><a class=\"list-group-item\" href=\"https:\/\/www.esmuc.cat\/en\/about-esmuc\/transparency-portal\/preus-publics\/rates-and-service-prices-audio-visual-services\/\">Audiovisual Services<\/a><\/li>\n<li><a class=\"list-group-item\" href=\"https:\/\/www.esmuc.cat\/en\/about-esmuc\/transparency-portal\/preus-publics\/rates-and-service-prices-library\/\">Library<\/a><\/li>\n<li><a class=\"list-group-item\" href=\"https:\/\/www.esmuc.cat\/en\/about-esmuc\/transparency-portal\/preus-publics\/rates-and-service-prices-communication\/\">Communication<\/a><\/li>\n<li><a class=\"list-group-item\" href=\"https:\/\/www.esmuc.cat\/en\/about-esmuc\/transparency-portal\/preus-publics\/rates-and-service-prices-merchandising\/\">Merchandising<\/a><\/li>\n<li><a class=\"list-group-item\" href=\"https:\/\/www.esmuc.cat\/en\/about-esmuc\/transparency-portal\/preus-publics\/rates-and-service-prices-information-technology\/\">Information Technology (IT)<\/a><\/li>\n<li><a class=\"list-group-item\" href=\"https:\/\/www.esmuc.cat\/en\/about-esmuc\/transparency-portal\/preus-publics\/rates-and-service-prices-maintenance-and-general-services\/\">Maintenance and General Services<\/a><\/li>\n<li><a class=\"list-group-item\" href=\"https:\/\/www.esmuc.cat\/en\/about-esmuc\/transparency-portal\/preus-publics\/services-spaces-and-equipment-packages\/\">Service, Space, and Equipment Packages<\/a><\/li>\n<li><a class=\"list-group-item\" href=\"https:\/\/www.esmuc.cat\/en\/about-esmuc\/transparency-portal\/preus-publics\/rates-and-service-prices-external-and-internal-personnel-services\/\">External and Internal Personnel Services<\/a><\/li>\n<li><a class=\"list-group-item\" href=\"https:\/\/www.esmuc.cat\/en\/about-esmuc\/transparency-portal\/preus-publics\/service-rates-and-prices-reprography-and-printing\/\">Reprography and Printing<\/a><\/li>\n<\/div>\n<\/div><\/div><\/div><\/section>\n<\/div>\n<\/div>\n\n<p><\/p>\n","protected":false},"excerpt":{"rendered":"<p>Fees and Public Prices<\/p>\n","protected":false},"author":4,"featured_media":0,"parent":80291,"menu_order":0,"comment_status":"closed","ping_status":"closed","template":"","meta":{"_acf_changed":false,"_themeisle_gutenberg_block_has_review":false,"footnotes":""},"categories":[1097],"tags":[1866,1867],"class_list":["post-111407","page","type-page","status-publish","hentry","category-transparency-portal","tag-taxes-en","tag-transparencia-en"],"acf":[],"publishpress_future_action":{"enabled":false,"date":"2026-04-17 16:20:21","action":"change-status","newStatus":"draft","terms":[],"taxonomy":"category","extraData":[]},"publishpress_future_workflow_manual_trigger":{"enabledWorkflows":[]},"_links":{"self":[{"href":"https:\/\/www.esmuc.cat\/en\/wp-json\/wp\/v2\/pages\/111407","targetHints":{"allow":["GET"]}}],"collection":[{"href":"https:\/\/www.esmuc.cat\/en\/wp-json\/wp\/v2\/pages"}],"about":[{"href":"https:\/\/www.esmuc.cat\/en\/wp-json\/wp\/v2\/types\/page"}],"author":[{"embeddable":true,"href":"https:\/\/www.esmuc.cat\/en\/wp-json\/wp\/v2\/users\/4"}],"replies":[{"embeddable":true,"href":"https:\/\/www.esmuc.cat\/en\/wp-json\/wp\/v2\/comments?post=111407"}],"version-history":[{"count":2,"href":"https:\/\/www.esmuc.cat\/en\/wp-json\/wp\/v2\/pages\/111407\/revisions"}],"predecessor-version":[{"id":111409,"href":"https:\/\/www.esmuc.cat\/en\/wp-json\/wp\/v2\/pages\/111407\/revisions\/111409"}],"up":[{"embeddable":true,"href":"https:\/\/www.esmuc.cat\/en\/wp-json\/wp\/v2\/pages\/80291"}],"wp:attachment":[{"href":"https:\/\/www.esmuc.cat\/en\/wp-json\/wp\/v2\/media?parent=111407"}],"wp:term":[{"taxonomy":"category","embeddable":true,"href":"https:\/\/www.esmuc.cat\/en\/wp-json\/wp\/v2\/categories?post=111407"},{"taxonomy":"post_tag","embeddable":true,"href":"https:\/\/www.esmuc.cat\/en\/wp-json\/wp\/v2\/tags?post=111407"}],"curies":[{"name":"wp","href":"https:\/\/api.w.org\/{rel}","templated":true}]}}